{"id":14541,"date":"2024-07-17T05:46:15","date_gmt":"2024-07-17T05:46:15","guid":{"rendered":"https:\/\/www.sunnyplants.com\/?post_type=product&#038;p=14541"},"modified":"2026-04-14T13:10:32","modified_gmt":"2026-04-14T13:10:32","slug":"dioscorea-elephantipes-pied-delephant-plantes","status":"publish","type":"product","link":"https:\/\/www.sunnyplants.com\/fr\/shop\/dioscorea-elephantipes-pied-delephant-plantes","title":{"rendered":"Dioscorea elephantipes &#8211; Pied d&rsquo;\u00e9l\u00e9phant &#8211; Plantes"},"content":{"rendered":"<p>Dioscorea elephantipes (Testudinaria elephantipes), commun\u00e9ment appel\u00e9 pain hottentot ou pied d&rsquo;\u00e9l\u00e9phant. Une belle plante type caudex qui forme une bulbe en bois au fil du temps. Ces plantes peuvent devenir tr\u00e8s vieilles et le caudex en bois peut atteindre des diam\u00e8tres de pr\u00e8s de 1 m\u00e8tre.<\/p>\n<p>La plante pousse bien dans le sol ordinaire de Succulent. Plantez le bulbe de 0,5 \u00e0 1 cm de profondeur dans le sol. Donnez-lui de l&rsquo;ombre (nous les cultivons sur les \u00e9tag\u00e8res inf\u00e9rieures de la serre). Il a besoin d&rsquo;un bon arrosage lorsque la plante pousse activement et montre des feuilles. C&rsquo;est g\u00e9n\u00e9ralement au printemps et en automne. R\u00e9duire les arrosages lorsque la plante a laiss\u00e9 tomber ses feuilles. Dioscorea elephantipes a tendance \u00e0 laisser tomber ses feuilles pendant les mois d&rsquo;\u00e9t\u00e9 chauds et secs et en hiver. Ne vous inqui\u00e9tez pas si la tige de la feuille se brise. Il peut en former un nouveau.<\/p>\n<h3>Pots Succulentes pour vos plantes Dioscorea elephantipes<\/h3>\n<p>Il y a tellement de pots de Succulentes disponibles en ligne qui pourraient convenir \u00e0 vos Pied d&rsquo;\u00e9l\u00e9phant. Pots Dioscorea elephantipes en C\u00e9ramique, pots Succulentes en Pierre, pots en B\u00e9ton, pots Dioscorea en Verre et pots Pied d&rsquo;\u00e9l\u00e9phant en Bois. Il existe une grande s\u00e9lection de toutes sortes de <strong><a href=\"https:\/\/amzn.to\/38LwqLI\" target=\"_blank\" rel=\"noopener\">Pots Succulentes sur Amazon.fr<\/a><\/strong>.<\/p>\n<h3>Lampes de Culture Succulentes pour vos plantes Dioscorea elephantipes<\/h3>\n<p>Toutes les Succulentes ont besoin d&rsquo;une lumi\u00e8re vive pour bien pousser. Ils resteront plus compacts et obtiendront des couleurs plus vives. Un bon \u00e9clairage est \u00e9galement important pour la sant\u00e9 des plantes et pour la photosynth\u00e8se. Dans une serre ou sur un rebord de fen\u00eatre orient\u00e9 au sud, ce n&rsquo;est g\u00e9n\u00e9ralement pas un probl\u00e8me. Si vous ne pouvez pas offrir une lumi\u00e8re vive pour votre collection de plantes Dioscorea elephantipes, nous vous recommandons d&rsquo;utiliser des lampes de culture Succulentes. Il existe une grande s\u00e9lection de diff\u00e9rents types de <strong><a href=\"https:\/\/amzn.to\/3vTyBVu\" target=\"_blank\" rel=\"noopener\">Lampes de Culture Succulentes sur Amazon.fr<\/a><\/strong>.<\/p>\n","protected":false},"excerpt":{"rendered":"<p>Dioscorea elephantipes (Pied d&rsquo;\u00e9l\u00e9phant) bulbes. Vous obtenez une plante avec des feuilles si possible. Cela d\u00e9pend de la p\u00e9riode de l&rsquo;ann\u00e9e et de la croissance de la plante.<\/p>\n","protected":false},"featured_media":5680,"comment_status":"open","ping_status":"closed","template":"","meta":[],"product_brand":[],"product_cat":[250,233,1834],"product_tag":[912,832],"class_list":{"0":"post-14541","1":"product","2":"type-product","3":"status-publish","4":"has-post-thumbnail","6":"product_cat-bulbes-plantes-caudex","7":"product_cat-plantes","8":"product_cat-plantes-tropicales","9":"product_tag-caudex-fr","10":"product_tag-plantes-dinterieur","11":"product_shipping_class-cuttings-small-plants-fr","12":"pa_family-dioscoreaceae-fr","13":"pa_product-type-plantes","14":"pa_quantity-1-bulbe","15":"pa_size-05-1-cm-fr","16":"pa_size-1-2-cm-fr","17":"pa_size-2-3-cm-fr","19":"first","20":"instock","21":"taxable","22":"shipping-taxable","23":"purchasable","24":"product-type-variable","25":"has-default-attributes"},"yoast_head":"<!-- This site is optimized with the Yoast SEO plugin v27.6 - https:\/\/yoast.com\/product\/yoast-seo-wordpress\/ -->\n<title>Dioscorea elephantipes - Pied d&#039;\u00e9l\u00e9phant - Plantes - Sunnyplants.com<\/title>\n<meta name=\"description\" content=\"Dioscorea elephantipes (Testudinaria elephantipes), commun\u00e9ment appel\u00e9 pain hottentot ou pied d&#039;\u00e9l\u00e9phant. Une belle plante type caudex.\" \/>\n<meta name=\"robots\" content=\"index, follow, max-snippet:-1, max-image-preview:large, max-video-preview:-1\" \/>\n<link rel=\"canonical\" href=\"https:\/\/www.sunnyplants.com\/fr\/shop\/dioscorea-elephantipes-pied-delephant-plantes\" \/>\n<meta property=\"og:locale\" content=\"fr_FR\" \/>\n<meta property=\"og:type\" content=\"article\" \/>\n<meta property=\"og:title\" content=\"Dioscorea elephantipes - Pied d&#039;\u00e9l\u00e9phant - Plantes - Sunnyplants.com\" \/>\n<meta property=\"og:description\" content=\"Dioscorea elephantipes (Testudinaria elephantipes), commun\u00e9ment appel\u00e9 pain hottentot ou pied d&#039;\u00e9l\u00e9phant. Une belle plante type caudex.\" \/>\n<meta property=\"og:url\" content=\"https:\/\/www.sunnyplants.com\/fr\/shop\/dioscorea-elephantipes-pied-delephant-plantes\" \/>\n<meta property=\"og:site_name\" content=\"Sunnyplants.com\" \/>\n<meta property=\"article:publisher\" content=\"https:\/\/nl-nl.facebook.com\/pages\/category\/Internet-Company\/Sunnyplantscom-1835401900058481\/\" \/>\n<meta property=\"article:modified_time\" content=\"2026-04-14T13:10:32+00:00\" \/>\n<meta property=\"og:image\" content=\"https:\/\/www.sunnyplants.com\/wp-content\/uploads\/2016\/12\/dioscorea-e.jpg\" \/>\n\t<meta property=\"og:image:width\" content=\"425\" \/>\n\t<meta property=\"og:image:height\" content=\"425\" \/>\n\t<meta property=\"og:image:type\" content=\"image\/jpeg\" \/>\n<meta name=\"twitter:card\" content=\"summary_large_image\" \/>\n<meta name=\"twitter:label1\" content=\"Dur\u00e9e de lecture estim\u00e9e\" \/>\n\t<meta name=\"twitter:data1\" content=\"2 minutes\" \/>\n<script type=\"application\/ld+json\" class=\"yoast-schema-graph\">{\"@context\":\"https:\\\/\\\/schema.org\",\"@graph\":[{\"@type\":\"WebPage\",\"@id\":\"https:\\\/\\\/www.sunnyplants.com\\\/fr\\\/shop\\\/dioscorea-elephantipes-pied-delephant-plantes\",\"url\":\"https:\\\/\\\/www.sunnyplants.com\\\/fr\\\/shop\\\/dioscorea-elephantipes-pied-delephant-plantes\",\"name\":\"Dioscorea elephantipes - Pied d'\u00e9l\u00e9phant - Plantes - Sunnyplants.com\",\"isPartOf\":{\"@id\":\"https:\\\/\\\/www.sunnyplants.com\\\/fr#website\"},\"primaryImageOfPage\":{\"@id\":\"https:\\\/\\\/www.sunnyplants.com\\\/fr\\\/shop\\\/dioscorea-elephantipes-pied-delephant-plantes#primaryimage\"},\"image\":{\"@id\":\"https:\\\/\\\/www.sunnyplants.com\\\/fr\\\/shop\\\/dioscorea-elephantipes-pied-delephant-plantes#primaryimage\"},\"thumbnailUrl\":\"https:\\\/\\\/www.sunnyplants.com\\\/wp-content\\\/uploads\\\/2016\\\/12\\\/dioscorea-e.jpg\",\"datePublished\":\"2024-07-17T05:46:15+00:00\",\"dateModified\":\"2026-04-14T13:10:32+00:00\",\"description\":\"Dioscorea elephantipes (Testudinaria elephantipes), commun\u00e9ment appel\u00e9 pain hottentot ou pied d'\u00e9l\u00e9phant. Une belle plante type caudex.\",\"breadcrumb\":{\"@id\":\"https:\\\/\\\/www.sunnyplants.com\\\/fr\\\/shop\\\/dioscorea-elephantipes-pied-delephant-plantes#breadcrumb\"},\"inLanguage\":\"fr-FR\",\"potentialAction\":[{\"@type\":\"ReadAction\",\"target\":[\"https:\\\/\\\/www.sunnyplants.com\\\/fr\\\/shop\\\/dioscorea-elephantipes-pied-delephant-plantes\"]}]},{\"@type\":\"ImageObject\",\"inLanguage\":\"fr-FR\",\"@id\":\"https:\\\/\\\/www.sunnyplants.com\\\/fr\\\/shop\\\/dioscorea-elephantipes-pied-delephant-plantes#primaryimage\",\"url\":\"https:\\\/\\\/www.sunnyplants.com\\\/wp-content\\\/uploads\\\/2016\\\/12\\\/dioscorea-e.jpg\",\"contentUrl\":\"https:\\\/\\\/www.sunnyplants.com\\\/wp-content\\\/uploads\\\/2016\\\/12\\\/dioscorea-e.jpg\",\"width\":425,\"height\":425},{\"@type\":\"BreadcrumbList\",\"@id\":\"https:\\\/\\\/www.sunnyplants.com\\\/fr\\\/shop\\\/dioscorea-elephantipes-pied-delephant-plantes#breadcrumb\",\"itemListElement\":[{\"@type\":\"ListItem\",\"position\":1,\"name\":\"Home\",\"item\":\"https:\\\/\\\/www.sunnyplants.com\\\/fr\\\/sunnyplants-fr\"},{\"@type\":\"ListItem\",\"position\":2,\"name\":\"Boutique\",\"item\":\"https:\\\/\\\/www.sunnyplants.com\\\/fr\\\/boutique\"},{\"@type\":\"ListItem\",\"position\":3,\"name\":\"Dioscorea elephantipes &#8211; Pied d&#8217;\u00e9l\u00e9phant &#8211; Plantes\"}]},{\"@type\":\"WebSite\",\"@id\":\"https:\\\/\\\/www.sunnyplants.com\\\/fr#website\",\"url\":\"https:\\\/\\\/www.sunnyplants.com\\\/fr\",\"name\":\"Sunnyplants.com\",\"description\":\"Lithops, Conophytums and other Mesembs &amp; Succulents\",\"potentialAction\":[{\"@type\":\"SearchAction\",\"target\":{\"@type\":\"EntryPoint\",\"urlTemplate\":\"https:\\\/\\\/www.sunnyplants.com\\\/fr?s={search_term_string}\"},\"query-input\":{\"@type\":\"PropertyValueSpecification\",\"valueRequired\":true,\"valueName\":\"search_term_string\"}}],\"inLanguage\":\"fr-FR\"}]}<\/script>\n<!-- \/ Yoast SEO plugin. -->","yoast_head_json":{"title":"Dioscorea elephantipes - Pied d'\u00e9l\u00e9phant - Plantes - Sunnyplants.com","description":"Dioscorea elephantipes (Testudinaria elephantipes), commun\u00e9ment appel\u00e9 pain hottentot ou pied d'\u00e9l\u00e9phant. Une belle plante type caudex.","robots":{"index":"index","follow":"follow","max-snippet":"max-snippet:-1","max-image-preview":"max-image-preview:large","max-video-preview":"max-video-preview:-1"},"canonical":"https:\/\/www.sunnyplants.com\/fr\/shop\/dioscorea-elephantipes-pied-delephant-plantes","og_locale":"fr_FR","og_type":"article","og_title":"Dioscorea elephantipes - Pied d'\u00e9l\u00e9phant - Plantes - Sunnyplants.com","og_description":"Dioscorea elephantipes (Testudinaria elephantipes), commun\u00e9ment appel\u00e9 pain hottentot ou pied d'\u00e9l\u00e9phant. Une belle plante type caudex.","og_url":"https:\/\/www.sunnyplants.com\/fr\/shop\/dioscorea-elephantipes-pied-delephant-plantes","og_site_name":"Sunnyplants.com","article_publisher":"https:\/\/nl-nl.facebook.com\/pages\/category\/Internet-Company\/Sunnyplantscom-1835401900058481\/","article_modified_time":"2026-04-14T13:10:32+00:00","og_image":[{"width":425,"height":425,"url":"https:\/\/www.sunnyplants.com\/wp-content\/uploads\/2016\/12\/dioscorea-e.jpg","type":"image\/jpeg"}],"twitter_card":"summary_large_image","twitter_misc":{"Dur\u00e9e de lecture estim\u00e9e":"2 minutes"},"schema":{"@context":"https:\/\/schema.org","@graph":[{"@type":"WebPage","@id":"https:\/\/www.sunnyplants.com\/fr\/shop\/dioscorea-elephantipes-pied-delephant-plantes","url":"https:\/\/www.sunnyplants.com\/fr\/shop\/dioscorea-elephantipes-pied-delephant-plantes","name":"Dioscorea elephantipes - Pied d'\u00e9l\u00e9phant - Plantes - Sunnyplants.com","isPartOf":{"@id":"https:\/\/www.sunnyplants.com\/fr#website"},"primaryImageOfPage":{"@id":"https:\/\/www.sunnyplants.com\/fr\/shop\/dioscorea-elephantipes-pied-delephant-plantes#primaryimage"},"image":{"@id":"https:\/\/www.sunnyplants.com\/fr\/shop\/dioscorea-elephantipes-pied-delephant-plantes#primaryimage"},"thumbnailUrl":"https:\/\/www.sunnyplants.com\/wp-content\/uploads\/2016\/12\/dioscorea-e.jpg","datePublished":"2024-07-17T05:46:15+00:00","dateModified":"2026-04-14T13:10:32+00:00","description":"Dioscorea elephantipes (Testudinaria elephantipes), commun\u00e9ment appel\u00e9 pain hottentot ou pied d'\u00e9l\u00e9phant. Une belle plante type caudex.","breadcrumb":{"@id":"https:\/\/www.sunnyplants.com\/fr\/shop\/dioscorea-elephantipes-pied-delephant-plantes#breadcrumb"},"inLanguage":"fr-FR","potentialAction":[{"@type":"ReadAction","target":["https:\/\/www.sunnyplants.com\/fr\/shop\/dioscorea-elephantipes-pied-delephant-plantes"]}]},{"@type":"ImageObject","inLanguage":"fr-FR","@id":"https:\/\/www.sunnyplants.com\/fr\/shop\/dioscorea-elephantipes-pied-delephant-plantes#primaryimage","url":"https:\/\/www.sunnyplants.com\/wp-content\/uploads\/2016\/12\/dioscorea-e.jpg","contentUrl":"https:\/\/www.sunnyplants.com\/wp-content\/uploads\/2016\/12\/dioscorea-e.jpg","width":425,"height":425},{"@type":"BreadcrumbList","@id":"https:\/\/www.sunnyplants.com\/fr\/shop\/dioscorea-elephantipes-pied-delephant-plantes#breadcrumb","itemListElement":[{"@type":"ListItem","position":1,"name":"Home","item":"https:\/\/www.sunnyplants.com\/fr\/sunnyplants-fr"},{"@type":"ListItem","position":2,"name":"Boutique","item":"https:\/\/www.sunnyplants.com\/fr\/boutique"},{"@type":"ListItem","position":3,"name":"Dioscorea elephantipes &#8211; Pied d&#8217;\u00e9l\u00e9phant &#8211; Plantes"}]},{"@type":"WebSite","@id":"https:\/\/www.sunnyplants.com\/fr#website","url":"https:\/\/www.sunnyplants.com\/fr","name":"Sunnyplants.com","description":"Lithops, Conophytums and other Mesembs &amp; Succulents","potentialAction":[{"@type":"SearchAction","target":{"@type":"EntryPoint","urlTemplate":"https:\/\/www.sunnyplants.com\/fr?s={search_term_string}"},"query-input":{"@type":"PropertyValueSpecification","valueRequired":true,"valueName":"search_term_string"}}],"inLanguage":"fr-FR"}]}},"jetpack_sharing_enabled":true,"_links":{"self":[{"href":"https:\/\/www.sunnyplants.com\/fr\/wp-json\/wp\/v2\/product\/14541","targetHints":{"allow":["GET"]}}],"collection":[{"href":"https:\/\/www.sunnyplants.com\/fr\/wp-json\/wp\/v2\/product"}],"about":[{"href":"https:\/\/www.sunnyplants.com\/fr\/wp-json\/wp\/v2\/types\/product"}],"replies":[{"embeddable":true,"href":"https:\/\/www.sunnyplants.com\/fr\/wp-json\/wp\/v2\/comments?post=14541"}],"wp:featuredmedia":[{"embeddable":true,"href":"https:\/\/www.sunnyplants.com\/fr\/wp-json\/wp\/v2\/media\/5680"}],"wp:attachment":[{"href":"https:\/\/www.sunnyplants.com\/fr\/wp-json\/wp\/v2\/media?parent=14541"}],"wp:term":[{"taxonomy":"product_brand","embeddable":true,"href":"https:\/\/www.sunnyplants.com\/fr\/wp-json\/wp\/v2\/product_brand?post=14541"},{"taxonomy":"product_cat","embeddable":true,"href":"https:\/\/www.sunnyplants.com\/fr\/wp-json\/wp\/v2\/product_cat?post=14541"},{"taxonomy":"product_tag","embeddable":true,"href":"https:\/\/www.sunnyplants.com\/fr\/wp-json\/wp\/v2\/product_tag?post=14541"}],"curies":[{"name":"wp","href":"https:\/\/api.w.org\/{rel}","templated":true}]}}