{"id":14627,"date":"2026-03-10T10:41:53","date_gmt":"2026-03-10T10:41:53","guid":{"rendered":"https:\/\/www.sunnyplants.com\/?post_type=product&#038;p=14627"},"modified":"2026-03-10T17:24:48","modified_gmt":"2026-03-10T17:24:48","slug":"othonna-capensis-boutures","status":"publish","type":"product","link":"https:\/\/www.sunnyplants.com\/fr\/shop\/othonna-capensis-boutures","title":{"rendered":"Othonna capensis &#8211; Ruby Necklace &#8211; Boutures"},"content":{"rendered":"<p>Othonna capensis &#8211; Petites Cornichons, Ruby Necklace &#8211; Boutures \u00e0 vendre. Cette plante a de belles feuilles pourpres. Il est \u00e9galement appel\u00e9 Ruby Necklace. Othonna capensis (syn. Senecio herreianus Purple Flush) provient de l&rsquo;Afrique du Sud. Un Terreau pour Cactus et plantes Succulentes conviennent. Nous gardons cette esp\u00e8ce entre 12 et 15 \u00b0 C en hiver et l&rsquo;eau l\u00e9g\u00e8rement durant cette p\u00e9riode. En \u00e9t\u00e9, vous pouvez arroser plus souvent.<\/p>\n","protected":false},"excerpt":{"rendered":"<p>Beau type rampant de succulente. Les feuilles sont plus courtes et deviennent plus violettes quand vous donnez beaucoup de lumi\u00e8re et r\u00e9duisez les arrosages. Coupez souvent pour garder de belles plantes compactes.<\/p>\n","protected":false},"featured_media":28396,"comment_status":"open","ping_status":"closed","template":"","meta":[],"product_brand":[],"product_cat":[279,1622,329],"product_tag":[842,832],"class_list":{"0":"post-14627","1":"product","2":"type-product","3":"status-publish","4":"has-post-thumbnail","6":"product_cat-boutures","7":"product_cat-boutures-othonna","8":"product_cat-boutures-succulentes","9":"product_tag-boutures","10":"product_tag-plantes-dinterieur","11":"product_shipping_class-cuttings-small-plants-fr","12":"pa_family-asteraceae-fr","13":"pa_leaf-color-violet","14":"pa_product-type-boutures-de-tiges","15":"pa_quantity-1-bouture","16":"pa_size-4-6-cm-fr","18":"first","19":"instock","20":"taxable","21":"shipping-taxable","22":"purchasable","23":"product-type-simple"},"yoast_head":"<!-- This site is optimized with the Yoast SEO plugin v27.5 - https:\/\/yoast.com\/product\/yoast-seo-wordpress\/ -->\n<title>Othonna capensis - Ruby Necklace - Boutures - Sunnyplants.com<\/title>\n<meta name=\"description\" content=\"Othonna capensis - Petites Cornichons - Boutures \u00e0 vendre. Cette plante a de belles feuilles pourpres. Il est \u00e9galement appel\u00e9 Ruby Necklace. Othonna capensis provient de l&#039;Afrique du Sud.\" \/>\n<meta name=\"robots\" content=\"index, follow, max-snippet:-1, max-image-preview:large, max-video-preview:-1\" \/>\n<link rel=\"canonical\" href=\"https:\/\/www.sunnyplants.com\/fr\/shop\/othonna-capensis-boutures\" \/>\n<meta property=\"og:locale\" content=\"fr_FR\" \/>\n<meta property=\"og:type\" content=\"article\" \/>\n<meta property=\"og:title\" content=\"Othonna capensis - Ruby Necklace - Boutures - Sunnyplants.com\" \/>\n<meta property=\"og:description\" content=\"Othonna capensis - Petites Cornichons - Boutures \u00e0 vendre. Cette plante a de belles feuilles pourpres. Il est \u00e9galement appel\u00e9 Ruby Necklace. Othonna capensis provient de l&#039;Afrique du Sud.\" \/>\n<meta property=\"og:url\" content=\"https:\/\/www.sunnyplants.com\/fr\/shop\/othonna-capensis-boutures\" \/>\n<meta property=\"og:site_name\" content=\"Sunnyplants.com\" \/>\n<meta property=\"article:publisher\" content=\"https:\/\/nl-nl.facebook.com\/pages\/category\/Internet-Company\/Sunnyplantscom-1835401900058481\/\" \/>\n<meta property=\"article:modified_time\" content=\"2026-03-10T17:24:48+00:00\" \/>\n<meta property=\"og:image\" content=\"https:\/\/www.sunnyplants.com\/wp-content\/uploads\/othonna-capensis-ruby-necklace-2.jpg\" \/>\n\t<meta property=\"og:image:width\" content=\"900\" \/>\n\t<meta property=\"og:image:height\" content=\"900\" \/>\n\t<meta property=\"og:image:type\" content=\"image\/jpeg\" \/>\n<meta name=\"twitter:card\" content=\"summary_large_image\" \/>\n<script type=\"application\/ld+json\" class=\"yoast-schema-graph\">{\"@context\":\"https:\\\/\\\/schema.org\",\"@graph\":[{\"@type\":\"WebPage\",\"@id\":\"https:\\\/\\\/www.sunnyplants.com\\\/fr\\\/shop\\\/othonna-capensis-boutures\",\"url\":\"https:\\\/\\\/www.sunnyplants.com\\\/fr\\\/shop\\\/othonna-capensis-boutures\",\"name\":\"Othonna capensis - Ruby Necklace - Boutures - Sunnyplants.com\",\"isPartOf\":{\"@id\":\"https:\\\/\\\/www.sunnyplants.com\\\/fr#website\"},\"primaryImageOfPage\":{\"@id\":\"https:\\\/\\\/www.sunnyplants.com\\\/fr\\\/shop\\\/othonna-capensis-boutures#primaryimage\"},\"image\":{\"@id\":\"https:\\\/\\\/www.sunnyplants.com\\\/fr\\\/shop\\\/othonna-capensis-boutures#primaryimage\"},\"thumbnailUrl\":\"https:\\\/\\\/www.sunnyplants.com\\\/wp-content\\\/uploads\\\/othonna-capensis-ruby-necklace-2.jpg\",\"datePublished\":\"2026-03-10T10:41:53+00:00\",\"dateModified\":\"2026-03-10T17:24:48+00:00\",\"description\":\"Othonna capensis - Petites Cornichons - Boutures \u00e0 vendre. Cette plante a de belles feuilles pourpres. Il est \u00e9galement appel\u00e9 Ruby Necklace. Othonna capensis provient de l'Afrique du Sud.\",\"breadcrumb\":{\"@id\":\"https:\\\/\\\/www.sunnyplants.com\\\/fr\\\/shop\\\/othonna-capensis-boutures#breadcrumb\"},\"inLanguage\":\"fr-FR\",\"potentialAction\":[{\"@type\":\"ReadAction\",\"target\":[\"https:\\\/\\\/www.sunnyplants.com\\\/fr\\\/shop\\\/othonna-capensis-boutures\"]}]},{\"@type\":\"ImageObject\",\"inLanguage\":\"fr-FR\",\"@id\":\"https:\\\/\\\/www.sunnyplants.com\\\/fr\\\/shop\\\/othonna-capensis-boutures#primaryimage\",\"url\":\"https:\\\/\\\/www.sunnyplants.com\\\/wp-content\\\/uploads\\\/othonna-capensis-ruby-necklace-2.jpg\",\"contentUrl\":\"https:\\\/\\\/www.sunnyplants.com\\\/wp-content\\\/uploads\\\/othonna-capensis-ruby-necklace-2.jpg\",\"width\":900,\"height\":900},{\"@type\":\"BreadcrumbList\",\"@id\":\"https:\\\/\\\/www.sunnyplants.com\\\/fr\\\/shop\\\/othonna-capensis-boutures#breadcrumb\",\"itemListElement\":[{\"@type\":\"ListItem\",\"position\":1,\"name\":\"Home\",\"item\":\"https:\\\/\\\/www.sunnyplants.com\\\/fr\\\/sunnyplants-fr\"},{\"@type\":\"ListItem\",\"position\":2,\"name\":\"Boutique\",\"item\":\"https:\\\/\\\/www.sunnyplants.com\\\/fr\\\/boutique\"},{\"@type\":\"ListItem\",\"position\":3,\"name\":\"Othonna capensis &#8211; Ruby Necklace &#8211; Boutures\"}]},{\"@type\":\"WebSite\",\"@id\":\"https:\\\/\\\/www.sunnyplants.com\\\/fr#website\",\"url\":\"https:\\\/\\\/www.sunnyplants.com\\\/fr\",\"name\":\"Sunnyplants.com\",\"description\":\"Lithops, Conophytums and other Mesembs &amp; Succulents\",\"potentialAction\":[{\"@type\":\"SearchAction\",\"target\":{\"@type\":\"EntryPoint\",\"urlTemplate\":\"https:\\\/\\\/www.sunnyplants.com\\\/fr?s={search_term_string}\"},\"query-input\":{\"@type\":\"PropertyValueSpecification\",\"valueRequired\":true,\"valueName\":\"search_term_string\"}}],\"inLanguage\":\"fr-FR\"}]}<\/script>\n<!-- \/ Yoast SEO plugin. -->","yoast_head_json":{"title":"Othonna capensis - Ruby Necklace - Boutures - Sunnyplants.com","description":"Othonna capensis - Petites Cornichons - Boutures \u00e0 vendre. Cette plante a de belles feuilles pourpres. Il est \u00e9galement appel\u00e9 Ruby Necklace. Othonna capensis provient de l'Afrique du Sud.","robots":{"index":"index","follow":"follow","max-snippet":"max-snippet:-1","max-image-preview":"max-image-preview:large","max-video-preview":"max-video-preview:-1"},"canonical":"https:\/\/www.sunnyplants.com\/fr\/shop\/othonna-capensis-boutures","og_locale":"fr_FR","og_type":"article","og_title":"Othonna capensis - Ruby Necklace - Boutures - Sunnyplants.com","og_description":"Othonna capensis - Petites Cornichons - Boutures \u00e0 vendre. Cette plante a de belles feuilles pourpres. Il est \u00e9galement appel\u00e9 Ruby Necklace. Othonna capensis provient de l'Afrique du Sud.","og_url":"https:\/\/www.sunnyplants.com\/fr\/shop\/othonna-capensis-boutures","og_site_name":"Sunnyplants.com","article_publisher":"https:\/\/nl-nl.facebook.com\/pages\/category\/Internet-Company\/Sunnyplantscom-1835401900058481\/","article_modified_time":"2026-03-10T17:24:48+00:00","og_image":[{"width":900,"height":900,"url":"https:\/\/www.sunnyplants.com\/wp-content\/uploads\/othonna-capensis-ruby-necklace-2.jpg","type":"image\/jpeg"}],"twitter_card":"summary_large_image","schema":{"@context":"https:\/\/schema.org","@graph":[{"@type":"WebPage","@id":"https:\/\/www.sunnyplants.com\/fr\/shop\/othonna-capensis-boutures","url":"https:\/\/www.sunnyplants.com\/fr\/shop\/othonna-capensis-boutures","name":"Othonna capensis - Ruby Necklace - Boutures - Sunnyplants.com","isPartOf":{"@id":"https:\/\/www.sunnyplants.com\/fr#website"},"primaryImageOfPage":{"@id":"https:\/\/www.sunnyplants.com\/fr\/shop\/othonna-capensis-boutures#primaryimage"},"image":{"@id":"https:\/\/www.sunnyplants.com\/fr\/shop\/othonna-capensis-boutures#primaryimage"},"thumbnailUrl":"https:\/\/www.sunnyplants.com\/wp-content\/uploads\/othonna-capensis-ruby-necklace-2.jpg","datePublished":"2026-03-10T10:41:53+00:00","dateModified":"2026-03-10T17:24:48+00:00","description":"Othonna capensis - Petites Cornichons - Boutures \u00e0 vendre. Cette plante a de belles feuilles pourpres. Il est \u00e9galement appel\u00e9 Ruby Necklace. Othonna capensis provient de l'Afrique du Sud.","breadcrumb":{"@id":"https:\/\/www.sunnyplants.com\/fr\/shop\/othonna-capensis-boutures#breadcrumb"},"inLanguage":"fr-FR","potentialAction":[{"@type":"ReadAction","target":["https:\/\/www.sunnyplants.com\/fr\/shop\/othonna-capensis-boutures"]}]},{"@type":"ImageObject","inLanguage":"fr-FR","@id":"https:\/\/www.sunnyplants.com\/fr\/shop\/othonna-capensis-boutures#primaryimage","url":"https:\/\/www.sunnyplants.com\/wp-content\/uploads\/othonna-capensis-ruby-necklace-2.jpg","contentUrl":"https:\/\/www.sunnyplants.com\/wp-content\/uploads\/othonna-capensis-ruby-necklace-2.jpg","width":900,"height":900},{"@type":"BreadcrumbList","@id":"https:\/\/www.sunnyplants.com\/fr\/shop\/othonna-capensis-boutures#breadcrumb","itemListElement":[{"@type":"ListItem","position":1,"name":"Home","item":"https:\/\/www.sunnyplants.com\/fr\/sunnyplants-fr"},{"@type":"ListItem","position":2,"name":"Boutique","item":"https:\/\/www.sunnyplants.com\/fr\/boutique"},{"@type":"ListItem","position":3,"name":"Othonna capensis &#8211; Ruby Necklace &#8211; Boutures"}]},{"@type":"WebSite","@id":"https:\/\/www.sunnyplants.com\/fr#website","url":"https:\/\/www.sunnyplants.com\/fr","name":"Sunnyplants.com","description":"Lithops, Conophytums and other Mesembs &amp; Succulents","potentialAction":[{"@type":"SearchAction","target":{"@type":"EntryPoint","urlTemplate":"https:\/\/www.sunnyplants.com\/fr?s={search_term_string}"},"query-input":{"@type":"PropertyValueSpecification","valueRequired":true,"valueName":"search_term_string"}}],"inLanguage":"fr-FR"}]}},"jetpack_sharing_enabled":true,"_links":{"self":[{"href":"https:\/\/www.sunnyplants.com\/fr\/wp-json\/wp\/v2\/product\/14627","targetHints":{"allow":["GET"]}}],"collection":[{"href":"https:\/\/www.sunnyplants.com\/fr\/wp-json\/wp\/v2\/product"}],"about":[{"href":"https:\/\/www.sunnyplants.com\/fr\/wp-json\/wp\/v2\/types\/product"}],"replies":[{"embeddable":true,"href":"https:\/\/www.sunnyplants.com\/fr\/wp-json\/wp\/v2\/comments?post=14627"}],"wp:featuredmedia":[{"embeddable":true,"href":"https:\/\/www.sunnyplants.com\/fr\/wp-json\/wp\/v2\/media\/28396"}],"wp:attachment":[{"href":"https:\/\/www.sunnyplants.com\/fr\/wp-json\/wp\/v2\/media?parent=14627"}],"wp:term":[{"taxonomy":"product_brand","embeddable":true,"href":"https:\/\/www.sunnyplants.com\/fr\/wp-json\/wp\/v2\/product_brand?post=14627"},{"taxonomy":"product_cat","embeddable":true,"href":"https:\/\/www.sunnyplants.com\/fr\/wp-json\/wp\/v2\/product_cat?post=14627"},{"taxonomy":"product_tag","embeddable":true,"href":"https:\/\/www.sunnyplants.com\/fr\/wp-json\/wp\/v2\/product_tag?post=14627"}],"curies":[{"name":"wp","href":"https:\/\/api.w.org\/{rel}","templated":true}]}}