{"id":15258,"date":"2025-03-04T07:14:26","date_gmt":"2018-08-30T07:14:28","guid":{"rendered":"https:\/\/www.sunnyplants.com\/?post_type=product&#038;p=15258"},"modified":"2026-04-11T06:19:41","modified_gmt":"2026-04-11T06:19:41","slug":"sinningia-leucotricha-bulbes","status":"publish","type":"product","link":"https:\/\/www.sunnyplants.com\/fr\/shop\/sinningia-leucotricha-bulbes","title":{"rendered":"Sinningia leucotricha &#8211; Bulbes"},"content":{"rendered":"<p>Sinningia leucotricha (Rechsteineria) bulbes \u00e0 vendre. Garder au sec pour s\u00e9cher presque en hiver \u00e0 une temp\u00e9rature minimale de 10-12C. Vous pouvez utiliser un terreau r\u00e9gulier \u00e0 base de tourbe. Ajouter de la pierre ponce, du sable ou du sable grossier pour le drainage. Veuillez noter que les feuilles argent\u00e9es apparaissent g\u00e9n\u00e9ralement lorsque les plantes sont un peu plus \u00e2g\u00e9es. Les plantes plus jeunes peuvent avoir plus de vert.<\/p>\n","protected":false},"excerpt":{"rendered":"<p>De beaux bulbes de Sinningia (Rechsteineria) leucotricha de 1 cm avec ou sans feuilles selon la saison. De nouvelles feuilles se forment peu apr\u00e8s l&rsquo;arrosage. N.B. Les jeunes plants peuvent avoir plus de feuilles vertes au d\u00e9but.<\/p>\n","protected":false},"featured_media":15262,"comment_status":"open","ping_status":"closed","template":"","meta":[],"product_brand":[],"product_cat":[250,233,1846,1834,242],"product_tag":[912,832],"class_list":{"0":"post-15258","1":"product","2":"type-product","3":"status-publish","4":"has-post-thumbnail","6":"product_cat-bulbes-plantes-caudex","7":"product_cat-plantes","8":"product_cat-plantes-sinningia-gloxinia","9":"product_cat-plantes-tropicales","10":"product_cat-succulentes","11":"product_tag-caudex-fr","12":"product_tag-plantes-dinterieur","13":"product_shipping_class-plants-collections-fr","14":"pa_family-gesneriaceae-fr","15":"pa_product-type-bulbes","16":"pa_quantity-1-bulbe","17":"pa_size-1-cm-fr","19":"first","20":"instock","21":"taxable","22":"shipping-taxable","23":"purchasable","24":"product-type-simple"},"yoast_head":"<!-- This site is optimized with the Yoast SEO plugin v27.4 - https:\/\/yoast.com\/product\/yoast-seo-wordpress\/ -->\n<title>Sinningia leucotricha - Bulbes - Sunnyplants.com<\/title>\n<meta name=\"description\" content=\"De beaux bulbes de Sinningia (Rechsteineria) leucotricha de 1 cm avec ou sans feuilles selon la saison. De nouvelles feuilles se forment peu apr\u00e8s l&#039;arrosage. N.B. Les jeunes plants peuvent avoir plus de feuilles vertes au d\u00e9but.\" \/>\n<meta name=\"robots\" content=\"index, follow, max-snippet:-1, max-image-preview:large, max-video-preview:-1\" \/>\n<link rel=\"canonical\" href=\"https:\/\/www.sunnyplants.com\/fr\/shop\/sinningia-leucotricha-bulbes\" \/>\n<meta property=\"og:locale\" content=\"fr_FR\" \/>\n<meta property=\"og:type\" content=\"article\" \/>\n<meta property=\"og:title\" content=\"Sinningia leucotricha - Bulbes - Sunnyplants.com\" \/>\n<meta property=\"og:description\" content=\"De beaux bulbes de Sinningia (Rechsteineria) leucotricha de 1 cm avec ou sans feuilles selon la saison. De nouvelles feuilles se forment peu apr\u00e8s l&#039;arrosage. N.B. Les jeunes plants peuvent avoir plus de feuilles vertes au d\u00e9but.\" \/>\n<meta property=\"og:url\" content=\"https:\/\/www.sunnyplants.com\/fr\/shop\/sinningia-leucotricha-bulbes\" \/>\n<meta property=\"og:site_name\" content=\"Sunnyplants.com\" \/>\n<meta property=\"article:publisher\" content=\"https:\/\/nl-nl.facebook.com\/pages\/category\/Internet-Company\/Sunnyplantscom-1835401900058481\/\" \/>\n<meta property=\"article:modified_time\" content=\"2026-04-11T06:19:41+00:00\" \/>\n<meta property=\"og:image\" content=\"https:\/\/www.sunnyplants.com\/wp-content\/uploads\/sinningia-leucotricha.jpg\" \/>\n\t<meta property=\"og:image:width\" content=\"900\" \/>\n\t<meta property=\"og:image:height\" content=\"900\" \/>\n\t<meta property=\"og:image:type\" content=\"image\/jpeg\" \/>\n<meta name=\"twitter:card\" content=\"summary_large_image\" \/>\n<script type=\"application\/ld+json\" class=\"yoast-schema-graph\">{\"@context\":\"https:\\\/\\\/schema.org\",\"@graph\":[{\"@type\":\"WebPage\",\"@id\":\"https:\\\/\\\/www.sunnyplants.com\\\/fr\\\/shop\\\/sinningia-leucotricha-bulbes\",\"url\":\"https:\\\/\\\/www.sunnyplants.com\\\/fr\\\/shop\\\/sinningia-leucotricha-bulbes\",\"name\":\"Sinningia leucotricha - Bulbes - Sunnyplants.com\",\"isPartOf\":{\"@id\":\"https:\\\/\\\/www.sunnyplants.com\\\/fr#website\"},\"primaryImageOfPage\":{\"@id\":\"https:\\\/\\\/www.sunnyplants.com\\\/fr\\\/shop\\\/sinningia-leucotricha-bulbes#primaryimage\"},\"image\":{\"@id\":\"https:\\\/\\\/www.sunnyplants.com\\\/fr\\\/shop\\\/sinningia-leucotricha-bulbes#primaryimage\"},\"thumbnailUrl\":\"https:\\\/\\\/www.sunnyplants.com\\\/wp-content\\\/uploads\\\/sinningia-leucotricha.jpg\",\"datePublished\":\"2018-08-30T07:14:28+00:00\",\"dateModified\":\"2026-04-11T06:19:41+00:00\",\"description\":\"De beaux bulbes de Sinningia (Rechsteineria) leucotricha de 1 cm avec ou sans feuilles selon la saison. De nouvelles feuilles se forment peu apr\u00e8s l'arrosage. N.B. Les jeunes plants peuvent avoir plus de feuilles vertes au d\u00e9but.\",\"breadcrumb\":{\"@id\":\"https:\\\/\\\/www.sunnyplants.com\\\/fr\\\/shop\\\/sinningia-leucotricha-bulbes#breadcrumb\"},\"inLanguage\":\"fr-FR\",\"potentialAction\":[{\"@type\":\"ReadAction\",\"target\":[\"https:\\\/\\\/www.sunnyplants.com\\\/fr\\\/shop\\\/sinningia-leucotricha-bulbes\"]}]},{\"@type\":\"ImageObject\",\"inLanguage\":\"fr-FR\",\"@id\":\"https:\\\/\\\/www.sunnyplants.com\\\/fr\\\/shop\\\/sinningia-leucotricha-bulbes#primaryimage\",\"url\":\"https:\\\/\\\/www.sunnyplants.com\\\/wp-content\\\/uploads\\\/sinningia-leucotricha.jpg\",\"contentUrl\":\"https:\\\/\\\/www.sunnyplants.com\\\/wp-content\\\/uploads\\\/sinningia-leucotricha.jpg\",\"width\":900,\"height\":900},{\"@type\":\"BreadcrumbList\",\"@id\":\"https:\\\/\\\/www.sunnyplants.com\\\/fr\\\/shop\\\/sinningia-leucotricha-bulbes#breadcrumb\",\"itemListElement\":[{\"@type\":\"ListItem\",\"position\":1,\"name\":\"Home\",\"item\":\"https:\\\/\\\/www.sunnyplants.com\\\/fr\\\/sunnyplants-fr\"},{\"@type\":\"ListItem\",\"position\":2,\"name\":\"Boutique\",\"item\":\"https:\\\/\\\/www.sunnyplants.com\\\/fr\\\/boutique\"},{\"@type\":\"ListItem\",\"position\":3,\"name\":\"Sinningia leucotricha &#8211; Bulbes\"}]},{\"@type\":\"WebSite\",\"@id\":\"https:\\\/\\\/www.sunnyplants.com\\\/fr#website\",\"url\":\"https:\\\/\\\/www.sunnyplants.com\\\/fr\",\"name\":\"Sunnyplants.com\",\"description\":\"Lithops, Conophytums and other Mesembs &amp; Succulents\",\"potentialAction\":[{\"@type\":\"SearchAction\",\"target\":{\"@type\":\"EntryPoint\",\"urlTemplate\":\"https:\\\/\\\/www.sunnyplants.com\\\/fr?s={search_term_string}\"},\"query-input\":{\"@type\":\"PropertyValueSpecification\",\"valueRequired\":true,\"valueName\":\"search_term_string\"}}],\"inLanguage\":\"fr-FR\"}]}<\/script>\n<!-- \/ Yoast SEO plugin. -->","yoast_head_json":{"title":"Sinningia leucotricha - Bulbes - Sunnyplants.com","description":"De beaux bulbes de Sinningia (Rechsteineria) leucotricha de 1 cm avec ou sans feuilles selon la saison. De nouvelles feuilles se forment peu apr\u00e8s l'arrosage. N.B. Les jeunes plants peuvent avoir plus de feuilles vertes au d\u00e9but.","robots":{"index":"index","follow":"follow","max-snippet":"max-snippet:-1","max-image-preview":"max-image-preview:large","max-video-preview":"max-video-preview:-1"},"canonical":"https:\/\/www.sunnyplants.com\/fr\/shop\/sinningia-leucotricha-bulbes","og_locale":"fr_FR","og_type":"article","og_title":"Sinningia leucotricha - Bulbes - Sunnyplants.com","og_description":"De beaux bulbes de Sinningia (Rechsteineria) leucotricha de 1 cm avec ou sans feuilles selon la saison. De nouvelles feuilles se forment peu apr\u00e8s l'arrosage. N.B. Les jeunes plants peuvent avoir plus de feuilles vertes au d\u00e9but.","og_url":"https:\/\/www.sunnyplants.com\/fr\/shop\/sinningia-leucotricha-bulbes","og_site_name":"Sunnyplants.com","article_publisher":"https:\/\/nl-nl.facebook.com\/pages\/category\/Internet-Company\/Sunnyplantscom-1835401900058481\/","article_modified_time":"2026-04-11T06:19:41+00:00","og_image":[{"width":900,"height":900,"url":"https:\/\/www.sunnyplants.com\/wp-content\/uploads\/sinningia-leucotricha.jpg","type":"image\/jpeg"}],"twitter_card":"summary_large_image","schema":{"@context":"https:\/\/schema.org","@graph":[{"@type":"WebPage","@id":"https:\/\/www.sunnyplants.com\/fr\/shop\/sinningia-leucotricha-bulbes","url":"https:\/\/www.sunnyplants.com\/fr\/shop\/sinningia-leucotricha-bulbes","name":"Sinningia leucotricha - Bulbes - Sunnyplants.com","isPartOf":{"@id":"https:\/\/www.sunnyplants.com\/fr#website"},"primaryImageOfPage":{"@id":"https:\/\/www.sunnyplants.com\/fr\/shop\/sinningia-leucotricha-bulbes#primaryimage"},"image":{"@id":"https:\/\/www.sunnyplants.com\/fr\/shop\/sinningia-leucotricha-bulbes#primaryimage"},"thumbnailUrl":"https:\/\/www.sunnyplants.com\/wp-content\/uploads\/sinningia-leucotricha.jpg","datePublished":"2018-08-30T07:14:28+00:00","dateModified":"2026-04-11T06:19:41+00:00","description":"De beaux bulbes de Sinningia (Rechsteineria) leucotricha de 1 cm avec ou sans feuilles selon la saison. De nouvelles feuilles se forment peu apr\u00e8s l'arrosage. N.B. Les jeunes plants peuvent avoir plus de feuilles vertes au d\u00e9but.","breadcrumb":{"@id":"https:\/\/www.sunnyplants.com\/fr\/shop\/sinningia-leucotricha-bulbes#breadcrumb"},"inLanguage":"fr-FR","potentialAction":[{"@type":"ReadAction","target":["https:\/\/www.sunnyplants.com\/fr\/shop\/sinningia-leucotricha-bulbes"]}]},{"@type":"ImageObject","inLanguage":"fr-FR","@id":"https:\/\/www.sunnyplants.com\/fr\/shop\/sinningia-leucotricha-bulbes#primaryimage","url":"https:\/\/www.sunnyplants.com\/wp-content\/uploads\/sinningia-leucotricha.jpg","contentUrl":"https:\/\/www.sunnyplants.com\/wp-content\/uploads\/sinningia-leucotricha.jpg","width":900,"height":900},{"@type":"BreadcrumbList","@id":"https:\/\/www.sunnyplants.com\/fr\/shop\/sinningia-leucotricha-bulbes#breadcrumb","itemListElement":[{"@type":"ListItem","position":1,"name":"Home","item":"https:\/\/www.sunnyplants.com\/fr\/sunnyplants-fr"},{"@type":"ListItem","position":2,"name":"Boutique","item":"https:\/\/www.sunnyplants.com\/fr\/boutique"},{"@type":"ListItem","position":3,"name":"Sinningia leucotricha &#8211; Bulbes"}]},{"@type":"WebSite","@id":"https:\/\/www.sunnyplants.com\/fr#website","url":"https:\/\/www.sunnyplants.com\/fr","name":"Sunnyplants.com","description":"Lithops, Conophytums and other Mesembs &amp; Succulents","potentialAction":[{"@type":"SearchAction","target":{"@type":"EntryPoint","urlTemplate":"https:\/\/www.sunnyplants.com\/fr?s={search_term_string}"},"query-input":{"@type":"PropertyValueSpecification","valueRequired":true,"valueName":"search_term_string"}}],"inLanguage":"fr-FR"}]}},"jetpack_sharing_enabled":true,"_links":{"self":[{"href":"https:\/\/www.sunnyplants.com\/fr\/wp-json\/wp\/v2\/product\/15258","targetHints":{"allow":["GET"]}}],"collection":[{"href":"https:\/\/www.sunnyplants.com\/fr\/wp-json\/wp\/v2\/product"}],"about":[{"href":"https:\/\/www.sunnyplants.com\/fr\/wp-json\/wp\/v2\/types\/product"}],"replies":[{"embeddable":true,"href":"https:\/\/www.sunnyplants.com\/fr\/wp-json\/wp\/v2\/comments?post=15258"}],"wp:featuredmedia":[{"embeddable":true,"href":"https:\/\/www.sunnyplants.com\/fr\/wp-json\/wp\/v2\/media\/15262"}],"wp:attachment":[{"href":"https:\/\/www.sunnyplants.com\/fr\/wp-json\/wp\/v2\/media?parent=15258"}],"wp:term":[{"taxonomy":"product_brand","embeddable":true,"href":"https:\/\/www.sunnyplants.com\/fr\/wp-json\/wp\/v2\/product_brand?post=15258"},{"taxonomy":"product_cat","embeddable":true,"href":"https:\/\/www.sunnyplants.com\/fr\/wp-json\/wp\/v2\/product_cat?post=15258"},{"taxonomy":"product_tag","embeddable":true,"href":"https:\/\/www.sunnyplants.com\/fr\/wp-json\/wp\/v2\/product_tag?post=15258"}],"curies":[{"name":"wp","href":"https:\/\/api.w.org\/{rel}","templated":true}]}}