{"id":15481,"date":"2020-11-21T11:49:43","date_gmt":"2018-09-15T11:49:45","guid":{"rendered":"https:\/\/www.sunnyplants.com\/?post_type=product&#038;p=15481"},"modified":"2026-03-19T18:46:13","modified_gmt":"2026-03-19T18:46:13","slug":"senecio-peregrinus-dolphin-necklace-boutures","status":"publish","type":"product","link":"https:\/\/www.sunnyplants.com\/fr\/shop\/senecio-peregrinus-dolphin-necklace-boutures","title":{"rendered":"Senecio Peregrinus &#8211; Dolphin Necklace &#8211; Boutures"},"content":{"rendered":"<p>Senecio Peregrinus est un hybride entre Senecio rowleyanus et Senecio articulatus. Les feuilles ressemblent \u00e0 de jolis petits dauphins sauteurs. Il n&rsquo;est pas si commun de trouver cette esp\u00e8ce. Heureusement, cette belle plante peut \u00eatre cultiv\u00e9e assez facilement \u00e0 partir de boutures. Vous devez utiliser des boutures de tige. Les dauphins s\u00e9par\u00e9s (feuilles) ne s&rsquo;enracinent pas et ne forment pas de nouvelles plantes.<\/p>\n<h2>Entretien de Senecio peregrinus<\/h2>\n<p>La plante a besoin d&rsquo;une lumi\u00e8re vive mais filtr\u00e9e et d&rsquo;une temp\u00e9rature minimale de 15 \u00b0 C. Senecio Peregrinus se d\u00e9veloppe principalement au printemps et en automne. R\u00e9duisez les arrosages lorsque la croissance est faible, g\u00e9n\u00e9ralement pendant les p\u00e9riodes froides (hiver) et tr\u00e8s chaudes (\u00e9t\u00e9). La meilleure fa\u00e7on d\u2019enraciner les boutures de Senecio Peregrinus est de les placer \u00e0 plat sur un <a href=\"https:\/\/www.sunnyplants.com\/fr\/shop\/terreau-pour-cactus-et-plantes-succulentes\">sol pour plantes succulentes<\/a> bien drain\u00e9. Assurez-vous que la tige des boutures est bien en contact avec le sol. Mist avec de l&rsquo;eau tous les deux jours pour pr\u00e9venir la d\u00e9shydratation. Donnez plus d&rsquo;eau lorsque les racines se sont form\u00e9es en 2-3 semaines.<\/p>\n","protected":false},"excerpt":{"rendered":"<p>Belles boutures de Senecio Peregrinus \u00e0 vendre. Chaque coupe est soigneusement emball\u00e9e dans du papier et vient avec une \u00e9tiquette et des instructions de croissance g\u00e9n\u00e9rales. Lorsque disponibles, nous essaierons toujours de vous envoyer une bouture qui a d\u00e9j\u00e0 des racines. Parfois, nous ajoutons m\u00eame un bonus de coupe pour vous.<\/p>\n","protected":false},"featured_media":15489,"comment_status":"open","ping_status":"closed","template":"","meta":[],"product_brand":[],"product_cat":[279,915,329],"product_tag":[842,855,832,833],"class_list":{"0":"post-15481","1":"product","2":"type-product","3":"status-publish","4":"has-post-thumbnail","6":"product_cat-boutures","7":"product_cat-boutures-senecio","8":"product_cat-boutures-succulentes","9":"product_tag-boutures","10":"product_tag-boutures-de-tiges","11":"product_tag-plantes-dinterieur","12":"product_tag-plantes-de-jungle","13":"product_shipping_class-cuttings-small-plants-fr","14":"pa_family-asteraceae-fr","15":"pa_product-type-boutures-de-tiges","16":"pa_quantity-1-bouture-avec-racines","17":"pa_size-4-6-cm-fr","19":"first","20":"instock","21":"taxable","22":"shipping-taxable","23":"purchasable","24":"product-type-simple"},"yoast_head":"<!-- This site is optimized with the Yoast SEO plugin v27.5 - https:\/\/yoast.com\/product\/yoast-seo-wordpress\/ -->\n<title>Senecio Peregrinus - Dolphin Necklace - Boutures - Sunnyplants.com<\/title>\n<meta name=\"description\" content=\"Belles boutures de Senecio Peregrinus \u00e0 vendre. Chaque coupe est soigneusement emball\u00e9e dans du papier et vient avec une \u00e9tiquette et des instructions de croissance g\u00e9n\u00e9rales. Lorsque disponibles, nous essaierons toujours de vous envoyer une bouture qui a d\u00e9j\u00e0 des racines. Parfois, nous ajoutons m\u00eame un bonus de coupe pour vous.\" \/>\n<meta name=\"robots\" content=\"index, follow, max-snippet:-1, max-image-preview:large, max-video-preview:-1\" \/>\n<link rel=\"canonical\" href=\"https:\/\/www.sunnyplants.com\/fr\/shop\/senecio-peregrinus-dolphin-necklace-boutures\" \/>\n<meta property=\"og:locale\" content=\"fr_FR\" \/>\n<meta property=\"og:type\" content=\"article\" \/>\n<meta property=\"og:title\" content=\"Senecio Peregrinus - Dolphin Necklace - Boutures - Sunnyplants.com\" \/>\n<meta property=\"og:description\" content=\"Belles boutures de Senecio Peregrinus \u00e0 vendre. Chaque coupe est soigneusement emball\u00e9e dans du papier et vient avec une \u00e9tiquette et des instructions de croissance g\u00e9n\u00e9rales. Lorsque disponibles, nous essaierons toujours de vous envoyer une bouture qui a d\u00e9j\u00e0 des racines. Parfois, nous ajoutons m\u00eame un bonus de coupe pour vous.\" \/>\n<meta property=\"og:url\" content=\"https:\/\/www.sunnyplants.com\/fr\/shop\/senecio-peregrinus-dolphin-necklace-boutures\" \/>\n<meta property=\"og:site_name\" content=\"Sunnyplants.com\" \/>\n<meta property=\"article:publisher\" content=\"https:\/\/nl-nl.facebook.com\/pages\/category\/Internet-Company\/Sunnyplantscom-1835401900058481\/\" \/>\n<meta property=\"article:modified_time\" content=\"2026-03-19T18:46:13+00:00\" \/>\n<meta property=\"og:image\" content=\"https:\/\/www.sunnyplants.com\/wp-content\/uploads\/senecio-peregrinus-dolphin-necklace-2.jpg\" \/>\n\t<meta property=\"og:image:width\" content=\"2306\" \/>\n\t<meta property=\"og:image:height\" content=\"2306\" \/>\n\t<meta property=\"og:image:type\" content=\"image\/jpeg\" \/>\n<meta name=\"twitter:card\" content=\"summary_large_image\" \/>\n<meta name=\"twitter:label1\" content=\"Dur\u00e9e de lecture estim\u00e9e\" \/>\n\t<meta name=\"twitter:data1\" content=\"1 minute\" \/>\n<script type=\"application\/ld+json\" class=\"yoast-schema-graph\">{\"@context\":\"https:\\\/\\\/schema.org\",\"@graph\":[{\"@type\":\"WebPage\",\"@id\":\"https:\\\/\\\/www.sunnyplants.com\\\/fr\\\/shop\\\/senecio-peregrinus-dolphin-necklace-boutures\",\"url\":\"https:\\\/\\\/www.sunnyplants.com\\\/fr\\\/shop\\\/senecio-peregrinus-dolphin-necklace-boutures\",\"name\":\"Senecio Peregrinus - Dolphin Necklace - Boutures - Sunnyplants.com\",\"isPartOf\":{\"@id\":\"https:\\\/\\\/www.sunnyplants.com\\\/fr#website\"},\"primaryImageOfPage\":{\"@id\":\"https:\\\/\\\/www.sunnyplants.com\\\/fr\\\/shop\\\/senecio-peregrinus-dolphin-necklace-boutures#primaryimage\"},\"image\":{\"@id\":\"https:\\\/\\\/www.sunnyplants.com\\\/fr\\\/shop\\\/senecio-peregrinus-dolphin-necklace-boutures#primaryimage\"},\"thumbnailUrl\":\"https:\\\/\\\/www.sunnyplants.com\\\/wp-content\\\/uploads\\\/senecio-peregrinus-dolphin-necklace.jpg\",\"datePublished\":\"2018-09-15T11:49:45+00:00\",\"dateModified\":\"2026-03-19T18:46:13+00:00\",\"description\":\"Belles boutures de Senecio Peregrinus \u00e0 vendre. Chaque coupe est soigneusement emball\u00e9e dans du papier et vient avec une \u00e9tiquette et des instructions de croissance g\u00e9n\u00e9rales. Lorsque disponibles, nous essaierons toujours de vous envoyer une bouture qui a d\u00e9j\u00e0 des racines. Parfois, nous ajoutons m\u00eame un bonus de coupe pour vous.\",\"breadcrumb\":{\"@id\":\"https:\\\/\\\/www.sunnyplants.com\\\/fr\\\/shop\\\/senecio-peregrinus-dolphin-necklace-boutures#breadcrumb\"},\"inLanguage\":\"fr-FR\",\"potentialAction\":[{\"@type\":\"ReadAction\",\"target\":[\"https:\\\/\\\/www.sunnyplants.com\\\/fr\\\/shop\\\/senecio-peregrinus-dolphin-necklace-boutures\"]}]},{\"@type\":\"ImageObject\",\"inLanguage\":\"fr-FR\",\"@id\":\"https:\\\/\\\/www.sunnyplants.com\\\/fr\\\/shop\\\/senecio-peregrinus-dolphin-necklace-boutures#primaryimage\",\"url\":\"https:\\\/\\\/www.sunnyplants.com\\\/wp-content\\\/uploads\\\/senecio-peregrinus-dolphin-necklace.jpg\",\"contentUrl\":\"https:\\\/\\\/www.sunnyplants.com\\\/wp-content\\\/uploads\\\/senecio-peregrinus-dolphin-necklace.jpg\",\"width\":900,\"height\":900,\"caption\":\"Senecio Peregrinus - Dolphin Necklace - Cuttings\"},{\"@type\":\"BreadcrumbList\",\"@id\":\"https:\\\/\\\/www.sunnyplants.com\\\/fr\\\/shop\\\/senecio-peregrinus-dolphin-necklace-boutures#breadcrumb\",\"itemListElement\":[{\"@type\":\"ListItem\",\"position\":1,\"name\":\"Home\",\"item\":\"https:\\\/\\\/www.sunnyplants.com\\\/fr\\\/sunnyplants-fr\"},{\"@type\":\"ListItem\",\"position\":2,\"name\":\"Boutique\",\"item\":\"https:\\\/\\\/www.sunnyplants.com\\\/fr\\\/boutique\"},{\"@type\":\"ListItem\",\"position\":3,\"name\":\"Senecio Peregrinus &#8211; Dolphin Necklace &#8211; Boutures\"}]},{\"@type\":\"WebSite\",\"@id\":\"https:\\\/\\\/www.sunnyplants.com\\\/fr#website\",\"url\":\"https:\\\/\\\/www.sunnyplants.com\\\/fr\",\"name\":\"Sunnyplants.com\",\"description\":\"Lithops, Conophytums and other Mesembs &amp; Succulents\",\"potentialAction\":[{\"@type\":\"SearchAction\",\"target\":{\"@type\":\"EntryPoint\",\"urlTemplate\":\"https:\\\/\\\/www.sunnyplants.com\\\/fr?s={search_term_string}\"},\"query-input\":{\"@type\":\"PropertyValueSpecification\",\"valueRequired\":true,\"valueName\":\"search_term_string\"}}],\"inLanguage\":\"fr-FR\"}]}<\/script>\n<!-- \/ Yoast SEO plugin. -->","yoast_head_json":{"title":"Senecio Peregrinus - Dolphin Necklace - Boutures - Sunnyplants.com","description":"Belles boutures de Senecio Peregrinus \u00e0 vendre. Chaque coupe est soigneusement emball\u00e9e dans du papier et vient avec une \u00e9tiquette et des instructions de croissance g\u00e9n\u00e9rales. Lorsque disponibles, nous essaierons toujours de vous envoyer une bouture qui a d\u00e9j\u00e0 des racines. Parfois, nous ajoutons m\u00eame un bonus de coupe pour vous.","robots":{"index":"index","follow":"follow","max-snippet":"max-snippet:-1","max-image-preview":"max-image-preview:large","max-video-preview":"max-video-preview:-1"},"canonical":"https:\/\/www.sunnyplants.com\/fr\/shop\/senecio-peregrinus-dolphin-necklace-boutures","og_locale":"fr_FR","og_type":"article","og_title":"Senecio Peregrinus - Dolphin Necklace - Boutures - Sunnyplants.com","og_description":"Belles boutures de Senecio Peregrinus \u00e0 vendre. Chaque coupe est soigneusement emball\u00e9e dans du papier et vient avec une \u00e9tiquette et des instructions de croissance g\u00e9n\u00e9rales. Lorsque disponibles, nous essaierons toujours de vous envoyer une bouture qui a d\u00e9j\u00e0 des racines. Parfois, nous ajoutons m\u00eame un bonus de coupe pour vous.","og_url":"https:\/\/www.sunnyplants.com\/fr\/shop\/senecio-peregrinus-dolphin-necklace-boutures","og_site_name":"Sunnyplants.com","article_publisher":"https:\/\/nl-nl.facebook.com\/pages\/category\/Internet-Company\/Sunnyplantscom-1835401900058481\/","article_modified_time":"2026-03-19T18:46:13+00:00","og_image":[{"width":2306,"height":2306,"url":"https:\/\/www.sunnyplants.com\/wp-content\/uploads\/senecio-peregrinus-dolphin-necklace-2.jpg","type":"image\/jpeg"}],"twitter_card":"summary_large_image","twitter_misc":{"Dur\u00e9e de lecture estim\u00e9e":"1 minute"},"schema":{"@context":"https:\/\/schema.org","@graph":[{"@type":"WebPage","@id":"https:\/\/www.sunnyplants.com\/fr\/shop\/senecio-peregrinus-dolphin-necklace-boutures","url":"https:\/\/www.sunnyplants.com\/fr\/shop\/senecio-peregrinus-dolphin-necklace-boutures","name":"Senecio Peregrinus - Dolphin Necklace - Boutures - Sunnyplants.com","isPartOf":{"@id":"https:\/\/www.sunnyplants.com\/fr#website"},"primaryImageOfPage":{"@id":"https:\/\/www.sunnyplants.com\/fr\/shop\/senecio-peregrinus-dolphin-necklace-boutures#primaryimage"},"image":{"@id":"https:\/\/www.sunnyplants.com\/fr\/shop\/senecio-peregrinus-dolphin-necklace-boutures#primaryimage"},"thumbnailUrl":"https:\/\/www.sunnyplants.com\/wp-content\/uploads\/senecio-peregrinus-dolphin-necklace.jpg","datePublished":"2018-09-15T11:49:45+00:00","dateModified":"2026-03-19T18:46:13+00:00","description":"Belles boutures de Senecio Peregrinus \u00e0 vendre. Chaque coupe est soigneusement emball\u00e9e dans du papier et vient avec une \u00e9tiquette et des instructions de croissance g\u00e9n\u00e9rales. Lorsque disponibles, nous essaierons toujours de vous envoyer une bouture qui a d\u00e9j\u00e0 des racines. Parfois, nous ajoutons m\u00eame un bonus de coupe pour vous.","breadcrumb":{"@id":"https:\/\/www.sunnyplants.com\/fr\/shop\/senecio-peregrinus-dolphin-necklace-boutures#breadcrumb"},"inLanguage":"fr-FR","potentialAction":[{"@type":"ReadAction","target":["https:\/\/www.sunnyplants.com\/fr\/shop\/senecio-peregrinus-dolphin-necklace-boutures"]}]},{"@type":"ImageObject","inLanguage":"fr-FR","@id":"https:\/\/www.sunnyplants.com\/fr\/shop\/senecio-peregrinus-dolphin-necklace-boutures#primaryimage","url":"https:\/\/www.sunnyplants.com\/wp-content\/uploads\/senecio-peregrinus-dolphin-necklace.jpg","contentUrl":"https:\/\/www.sunnyplants.com\/wp-content\/uploads\/senecio-peregrinus-dolphin-necklace.jpg","width":900,"height":900,"caption":"Senecio Peregrinus - Dolphin Necklace - Cuttings"},{"@type":"BreadcrumbList","@id":"https:\/\/www.sunnyplants.com\/fr\/shop\/senecio-peregrinus-dolphin-necklace-boutures#breadcrumb","itemListElement":[{"@type":"ListItem","position":1,"name":"Home","item":"https:\/\/www.sunnyplants.com\/fr\/sunnyplants-fr"},{"@type":"ListItem","position":2,"name":"Boutique","item":"https:\/\/www.sunnyplants.com\/fr\/boutique"},{"@type":"ListItem","position":3,"name":"Senecio Peregrinus &#8211; Dolphin Necklace &#8211; Boutures"}]},{"@type":"WebSite","@id":"https:\/\/www.sunnyplants.com\/fr#website","url":"https:\/\/www.sunnyplants.com\/fr","name":"Sunnyplants.com","description":"Lithops, Conophytums and other Mesembs &amp; Succulents","potentialAction":[{"@type":"SearchAction","target":{"@type":"EntryPoint","urlTemplate":"https:\/\/www.sunnyplants.com\/fr?s={search_term_string}"},"query-input":{"@type":"PropertyValueSpecification","valueRequired":true,"valueName":"search_term_string"}}],"inLanguage":"fr-FR"}]}},"jetpack_sharing_enabled":true,"_links":{"self":[{"href":"https:\/\/www.sunnyplants.com\/fr\/wp-json\/wp\/v2\/product\/15481","targetHints":{"allow":["GET"]}}],"collection":[{"href":"https:\/\/www.sunnyplants.com\/fr\/wp-json\/wp\/v2\/product"}],"about":[{"href":"https:\/\/www.sunnyplants.com\/fr\/wp-json\/wp\/v2\/types\/product"}],"replies":[{"embeddable":true,"href":"https:\/\/www.sunnyplants.com\/fr\/wp-json\/wp\/v2\/comments?post=15481"}],"wp:featuredmedia":[{"embeddable":true,"href":"https:\/\/www.sunnyplants.com\/fr\/wp-json\/wp\/v2\/media\/15489"}],"wp:attachment":[{"href":"https:\/\/www.sunnyplants.com\/fr\/wp-json\/wp\/v2\/media?parent=15481"}],"wp:term":[{"taxonomy":"product_brand","embeddable":true,"href":"https:\/\/www.sunnyplants.com\/fr\/wp-json\/wp\/v2\/product_brand?post=15481"},{"taxonomy":"product_cat","embeddable":true,"href":"https:\/\/www.sunnyplants.com\/fr\/wp-json\/wp\/v2\/product_cat?post=15481"},{"taxonomy":"product_tag","embeddable":true,"href":"https:\/\/www.sunnyplants.com\/fr\/wp-json\/wp\/v2\/product_tag?post=15481"}],"curies":[{"name":"wp","href":"https:\/\/api.w.org\/{rel}","templated":true}]}}