{"id":17605,"date":"2024-07-21T17:56:24","date_gmt":"2024-07-21T17:56:24","guid":{"rendered":"https:\/\/www.sunnyplants.com\/?post_type=product&#038;p=17605"},"modified":"2026-03-09T10:47:54","modified_gmt":"2026-03-09T10:47:54","slug":"ceropegia-woodii-variegata-chaine-des-coeurs-bulbes","status":"publish","type":"product","link":"https:\/\/www.sunnyplants.com\/fr\/shop\/ceropegia-woodii-variegata-chaine-des-coeurs-bulbes","title":{"rendered":"Ceropegia woodii variegata &#8211; Cha\u00eene des Coeurs &#8211; Bulbes"},"content":{"rendered":"<p>Ceropegia woodii variegata &#8211; Cha\u00eene des Coeurs &#8211; Bulbes \u00e0 vendre.<\/p>\n<h3>Pots Succulentes pour vos Ceropegia woodii variegata<\/h3>\n<p>Il y a tellement de pots de Succulentes disponibles en ligne qui pourraient convenir \u00e0 vos Cha\u00eene des Coeurs plantes. Pots en C\u00e9ramique, pots en Pierre, pots Ceropegia en B\u00e9ton, pots Ceropegia woodii variegata en Verre et pots en Bois. Il existe une grande s\u00e9lection de toutes sortes de <strong><a href=\"https:\/\/amzn.to\/38LwqLI\" target=\"_blank\" rel=\"noopener\">Pots Succulentes sur Amazon.fr<\/a><\/strong>.<\/p>\n<h3>Lampes de Culture Succulentes pour vos Ceropegia woodii variegata<\/h3>\n<p>Toutes les Succulentes ont besoin d&rsquo;une lumi\u00e8re vive pour bien pousser. Ils resteront plus compacts et obtiendront des couleurs plus vives. Un bon \u00e9clairage est \u00e9galement important pour la sant\u00e9 des plantes et pour la photosynth\u00e8se. Dans une serre ou sur un rebord de fen\u00eatre orient\u00e9 au sud, ce n&rsquo;est g\u00e9n\u00e9ralement pas un probl\u00e8me. Si vous ne pouvez pas offrir une lumi\u00e8re vive pour votre plantes Ceropegia woodii variegata, nous vous recommandons d&rsquo;utiliser des lampes de culture Succulentes. Il existe une grande s\u00e9lection de diff\u00e9rents types de <strong><a href=\"https:\/\/amzn.to\/3vTyBVu\" target=\"_blank\" rel=\"noopener\">Lampes de Culture Succulentes sur Amazon.fr<\/a><\/strong>.<\/p>\n","protected":false},"excerpt":{"rendered":"<p>Ceropegia woodii variegata &#8211; Cha\u00eene des Coeurs &#8211; Bulbes<\/p>\n","protected":false},"featured_media":17609,"comment_status":"open","ping_status":"closed","template":"","meta":[],"product_brand":[],"product_cat":[250,233,1011,1834],"product_tag":[912,832],"class_list":{"0":"post-17605","1":"product","2":"type-product","3":"status-publish","4":"has-post-thumbnail","6":"product_cat-bulbes-plantes-caudex","7":"product_cat-plantes","8":"product_cat-plantes-ceropegia","9":"product_cat-plantes-tropicales","10":"product_tag-caudex-fr","11":"product_tag-plantes-dinterieur","12":"product_shipping_class-cuttings-small-plants-fr","13":"pa_family-apocynaceae-fr","14":"pa_leaf-color-panache","15":"pa_product-type-bulbes","16":"pa_quantity-1-bulbe","17":"pa_size-1-2-cm-fr","19":"first","20":"instock","21":"taxable","22":"shipping-taxable","23":"purchasable","24":"product-type-simple"},"yoast_head":"<!-- This site is optimized with the Yoast SEO plugin v27.3 - https:\/\/yoast.com\/product\/yoast-seo-wordpress\/ -->\n<title>Ceropegia woodii variegata - Cha\u00eene des Coeurs - Bulbes - Sunnyplants.com<\/title>\n<meta name=\"description\" content=\"Ceropegia woodii variegata - Cha\u00eene des Coeurs - Bulbes\" \/>\n<meta name=\"robots\" content=\"index, follow, max-snippet:-1, max-image-preview:large, max-video-preview:-1\" \/>\n<link rel=\"canonical\" href=\"https:\/\/www.sunnyplants.com\/fr\/shop\/ceropegia-woodii-variegata-chaine-des-coeurs-bulbes\" \/>\n<meta property=\"og:locale\" content=\"fr_FR\" \/>\n<meta property=\"og:type\" content=\"article\" \/>\n<meta property=\"og:title\" content=\"Ceropegia woodii variegata - Cha\u00eene des Coeurs - Bulbes - Sunnyplants.com\" \/>\n<meta property=\"og:description\" content=\"Ceropegia woodii variegata - Cha\u00eene des Coeurs - Bulbes\" \/>\n<meta property=\"og:url\" content=\"https:\/\/www.sunnyplants.com\/fr\/shop\/ceropegia-woodii-variegata-chaine-des-coeurs-bulbes\" \/>\n<meta property=\"og:site_name\" content=\"Sunnyplants.com\" \/>\n<meta property=\"article:publisher\" content=\"https:\/\/nl-nl.facebook.com\/pages\/category\/Internet-Company\/Sunnyplantscom-1835401900058481\/\" \/>\n<meta property=\"article:modified_time\" content=\"2026-03-09T10:47:54+00:00\" \/>\n<meta property=\"og:image\" content=\"https:\/\/www.sunnyplants.com\/wp-content\/uploads\/ceropegia-woodii-variegata.jpg\" \/>\n\t<meta property=\"og:image:width\" content=\"900\" \/>\n\t<meta property=\"og:image:height\" content=\"900\" \/>\n\t<meta property=\"og:image:type\" content=\"image\/jpeg\" \/>\n<meta name=\"twitter:card\" content=\"summary_large_image\" \/>\n<meta name=\"twitter:label1\" content=\"Dur\u00e9e de lecture estim\u00e9e\" \/>\n\t<meta name=\"twitter:data1\" content=\"1 minute\" \/>\n<script type=\"application\/ld+json\" class=\"yoast-schema-graph\">{\"@context\":\"https:\\\/\\\/schema.org\",\"@graph\":[{\"@type\":\"WebPage\",\"@id\":\"https:\\\/\\\/www.sunnyplants.com\\\/fr\\\/shop\\\/ceropegia-woodii-variegata-chaine-des-coeurs-bulbes\",\"url\":\"https:\\\/\\\/www.sunnyplants.com\\\/fr\\\/shop\\\/ceropegia-woodii-variegata-chaine-des-coeurs-bulbes\",\"name\":\"Ceropegia woodii variegata - Cha\u00eene des Coeurs - Bulbes - Sunnyplants.com\",\"isPartOf\":{\"@id\":\"https:\\\/\\\/www.sunnyplants.com\\\/fr#website\"},\"primaryImageOfPage\":{\"@id\":\"https:\\\/\\\/www.sunnyplants.com\\\/fr\\\/shop\\\/ceropegia-woodii-variegata-chaine-des-coeurs-bulbes#primaryimage\"},\"image\":{\"@id\":\"https:\\\/\\\/www.sunnyplants.com\\\/fr\\\/shop\\\/ceropegia-woodii-variegata-chaine-des-coeurs-bulbes#primaryimage\"},\"thumbnailUrl\":\"https:\\\/\\\/www.sunnyplants.com\\\/wp-content\\\/uploads\\\/ceropegia-woodii-variegata.jpg\",\"datePublished\":\"2024-07-21T17:56:24+00:00\",\"dateModified\":\"2026-03-09T10:47:54+00:00\",\"description\":\"Ceropegia woodii variegata - Cha\u00eene des Coeurs - Bulbes\",\"breadcrumb\":{\"@id\":\"https:\\\/\\\/www.sunnyplants.com\\\/fr\\\/shop\\\/ceropegia-woodii-variegata-chaine-des-coeurs-bulbes#breadcrumb\"},\"inLanguage\":\"fr-FR\",\"potentialAction\":[{\"@type\":\"ReadAction\",\"target\":[\"https:\\\/\\\/www.sunnyplants.com\\\/fr\\\/shop\\\/ceropegia-woodii-variegata-chaine-des-coeurs-bulbes\"]}]},{\"@type\":\"ImageObject\",\"inLanguage\":\"fr-FR\",\"@id\":\"https:\\\/\\\/www.sunnyplants.com\\\/fr\\\/shop\\\/ceropegia-woodii-variegata-chaine-des-coeurs-bulbes#primaryimage\",\"url\":\"https:\\\/\\\/www.sunnyplants.com\\\/wp-content\\\/uploads\\\/ceropegia-woodii-variegata.jpg\",\"contentUrl\":\"https:\\\/\\\/www.sunnyplants.com\\\/wp-content\\\/uploads\\\/ceropegia-woodii-variegata.jpg\",\"width\":900,\"height\":900},{\"@type\":\"BreadcrumbList\",\"@id\":\"https:\\\/\\\/www.sunnyplants.com\\\/fr\\\/shop\\\/ceropegia-woodii-variegata-chaine-des-coeurs-bulbes#breadcrumb\",\"itemListElement\":[{\"@type\":\"ListItem\",\"position\":1,\"name\":\"Home\",\"item\":\"https:\\\/\\\/www.sunnyplants.com\\\/fr\\\/sunnyplants-fr\"},{\"@type\":\"ListItem\",\"position\":2,\"name\":\"Boutique\",\"item\":\"https:\\\/\\\/www.sunnyplants.com\\\/fr\\\/boutique\"},{\"@type\":\"ListItem\",\"position\":3,\"name\":\"Ceropegia woodii variegata &#8211; Cha\u00eene des Coeurs &#8211; Bulbes\"}]},{\"@type\":\"WebSite\",\"@id\":\"https:\\\/\\\/www.sunnyplants.com\\\/fr#website\",\"url\":\"https:\\\/\\\/www.sunnyplants.com\\\/fr\",\"name\":\"Sunnyplants.com\",\"description\":\"Lithops, Conophytums and other Mesembs &amp; Succulents\",\"potentialAction\":[{\"@type\":\"SearchAction\",\"target\":{\"@type\":\"EntryPoint\",\"urlTemplate\":\"https:\\\/\\\/www.sunnyplants.com\\\/fr?s={search_term_string}\"},\"query-input\":{\"@type\":\"PropertyValueSpecification\",\"valueRequired\":true,\"valueName\":\"search_term_string\"}}],\"inLanguage\":\"fr-FR\"}]}<\/script>\n<!-- \/ Yoast SEO plugin. -->","yoast_head_json":{"title":"Ceropegia woodii variegata - Cha\u00eene des Coeurs - Bulbes - Sunnyplants.com","description":"Ceropegia woodii variegata - Cha\u00eene des Coeurs - Bulbes","robots":{"index":"index","follow":"follow","max-snippet":"max-snippet:-1","max-image-preview":"max-image-preview:large","max-video-preview":"max-video-preview:-1"},"canonical":"https:\/\/www.sunnyplants.com\/fr\/shop\/ceropegia-woodii-variegata-chaine-des-coeurs-bulbes","og_locale":"fr_FR","og_type":"article","og_title":"Ceropegia woodii variegata - Cha\u00eene des Coeurs - Bulbes - Sunnyplants.com","og_description":"Ceropegia woodii variegata - Cha\u00eene des Coeurs - Bulbes","og_url":"https:\/\/www.sunnyplants.com\/fr\/shop\/ceropegia-woodii-variegata-chaine-des-coeurs-bulbes","og_site_name":"Sunnyplants.com","article_publisher":"https:\/\/nl-nl.facebook.com\/pages\/category\/Internet-Company\/Sunnyplantscom-1835401900058481\/","article_modified_time":"2026-03-09T10:47:54+00:00","og_image":[{"width":900,"height":900,"url":"https:\/\/www.sunnyplants.com\/wp-content\/uploads\/ceropegia-woodii-variegata.jpg","type":"image\/jpeg"}],"twitter_card":"summary_large_image","twitter_misc":{"Dur\u00e9e de lecture estim\u00e9e":"1 minute"},"schema":{"@context":"https:\/\/schema.org","@graph":[{"@type":"WebPage","@id":"https:\/\/www.sunnyplants.com\/fr\/shop\/ceropegia-woodii-variegata-chaine-des-coeurs-bulbes","url":"https:\/\/www.sunnyplants.com\/fr\/shop\/ceropegia-woodii-variegata-chaine-des-coeurs-bulbes","name":"Ceropegia woodii variegata - Cha\u00eene des Coeurs - Bulbes - Sunnyplants.com","isPartOf":{"@id":"https:\/\/www.sunnyplants.com\/fr#website"},"primaryImageOfPage":{"@id":"https:\/\/www.sunnyplants.com\/fr\/shop\/ceropegia-woodii-variegata-chaine-des-coeurs-bulbes#primaryimage"},"image":{"@id":"https:\/\/www.sunnyplants.com\/fr\/shop\/ceropegia-woodii-variegata-chaine-des-coeurs-bulbes#primaryimage"},"thumbnailUrl":"https:\/\/www.sunnyplants.com\/wp-content\/uploads\/ceropegia-woodii-variegata.jpg","datePublished":"2024-07-21T17:56:24+00:00","dateModified":"2026-03-09T10:47:54+00:00","description":"Ceropegia woodii variegata - Cha\u00eene des Coeurs - Bulbes","breadcrumb":{"@id":"https:\/\/www.sunnyplants.com\/fr\/shop\/ceropegia-woodii-variegata-chaine-des-coeurs-bulbes#breadcrumb"},"inLanguage":"fr-FR","potentialAction":[{"@type":"ReadAction","target":["https:\/\/www.sunnyplants.com\/fr\/shop\/ceropegia-woodii-variegata-chaine-des-coeurs-bulbes"]}]},{"@type":"ImageObject","inLanguage":"fr-FR","@id":"https:\/\/www.sunnyplants.com\/fr\/shop\/ceropegia-woodii-variegata-chaine-des-coeurs-bulbes#primaryimage","url":"https:\/\/www.sunnyplants.com\/wp-content\/uploads\/ceropegia-woodii-variegata.jpg","contentUrl":"https:\/\/www.sunnyplants.com\/wp-content\/uploads\/ceropegia-woodii-variegata.jpg","width":900,"height":900},{"@type":"BreadcrumbList","@id":"https:\/\/www.sunnyplants.com\/fr\/shop\/ceropegia-woodii-variegata-chaine-des-coeurs-bulbes#breadcrumb","itemListElement":[{"@type":"ListItem","position":1,"name":"Home","item":"https:\/\/www.sunnyplants.com\/fr\/sunnyplants-fr"},{"@type":"ListItem","position":2,"name":"Boutique","item":"https:\/\/www.sunnyplants.com\/fr\/boutique"},{"@type":"ListItem","position":3,"name":"Ceropegia woodii variegata &#8211; Cha\u00eene des Coeurs &#8211; Bulbes"}]},{"@type":"WebSite","@id":"https:\/\/www.sunnyplants.com\/fr#website","url":"https:\/\/www.sunnyplants.com\/fr","name":"Sunnyplants.com","description":"Lithops, Conophytums and other Mesembs &amp; Succulents","potentialAction":[{"@type":"SearchAction","target":{"@type":"EntryPoint","urlTemplate":"https:\/\/www.sunnyplants.com\/fr?s={search_term_string}"},"query-input":{"@type":"PropertyValueSpecification","valueRequired":true,"valueName":"search_term_string"}}],"inLanguage":"fr-FR"}]}},"jetpack_sharing_enabled":true,"_links":{"self":[{"href":"https:\/\/www.sunnyplants.com\/fr\/wp-json\/wp\/v2\/product\/17605","targetHints":{"allow":["GET"]}}],"collection":[{"href":"https:\/\/www.sunnyplants.com\/fr\/wp-json\/wp\/v2\/product"}],"about":[{"href":"https:\/\/www.sunnyplants.com\/fr\/wp-json\/wp\/v2\/types\/product"}],"replies":[{"embeddable":true,"href":"https:\/\/www.sunnyplants.com\/fr\/wp-json\/wp\/v2\/comments?post=17605"}],"wp:featuredmedia":[{"embeddable":true,"href":"https:\/\/www.sunnyplants.com\/fr\/wp-json\/wp\/v2\/media\/17609"}],"wp:attachment":[{"href":"https:\/\/www.sunnyplants.com\/fr\/wp-json\/wp\/v2\/media?parent=17605"}],"wp:term":[{"taxonomy":"product_brand","embeddable":true,"href":"https:\/\/www.sunnyplants.com\/fr\/wp-json\/wp\/v2\/product_brand?post=17605"},{"taxonomy":"product_cat","embeddable":true,"href":"https:\/\/www.sunnyplants.com\/fr\/wp-json\/wp\/v2\/product_cat?post=17605"},{"taxonomy":"product_tag","embeddable":true,"href":"https:\/\/www.sunnyplants.com\/fr\/wp-json\/wp\/v2\/product_tag?post=17605"}],"curies":[{"name":"wp","href":"https:\/\/api.w.org\/{rel}","templated":true}]}}