{"id":18181,"date":"2021-03-12T17:47:21","date_gmt":"2019-04-16T17:47:25","guid":{"rendered":"https:\/\/www.sunnyplants.com\/?post_type=product&#038;p=18181"},"modified":"2024-03-24T08:58:05","modified_gmt":"2024-03-24T08:58:05","slug":"echeveria-rainbow-plantes","status":"publish","type":"product","link":"https:\/\/www.sunnyplants.com\/fr\/shop\/echeveria-rainbow-plantes","title":{"rendered":"Echeveria Rainbow &#8211; Plantes"},"content":{"rendered":"<p>Belle forme panach\u00e9e d&rsquo;Echeveria. <strong> Les plantes sur les images sont des exemples. Chaque plante de Echeveria Rainbow est diff\u00e9rente <\/strong>. Les plantes mesurent environ 5 \u00e0 8 cm de largeur et 3 \u00e0 4 cm de hauteur. Utilisez un sol succulent bien drainant. Arrosez seulement quand le sol est compl\u00e8tement sec. Ces plantes ont besoin d&rsquo;une lumi\u00e8re vive, mais \u00e9vitent les rayons directs du soleil.<\/p>\n","protected":false},"excerpt":{"rendered":"<p>Vente de plantes rares d&rsquo;Echeveria Rainbow. <strong> Veuillez noter que les plantes sur les images sont des exemples. Chaque plante panach\u00e9e est diff\u00e9rente. <\/strong> Les plantes mesurent environ 5 \u00e0 8 cm de largeur et 3 \u00e0 4 cm de hauteur.<\/p>\n","protected":false},"featured_media":22008,"comment_status":"open","ping_status":"closed","template":"","meta":[],"product_brand":[],"product_cat":[279,331,329,233,270,242],"product_tag":[943,1313],"class_list":{"0":"post-18181","1":"product","2":"type-product","3":"status-publish","4":"has-post-thumbnail","6":"product_cat-boutures","7":"product_cat-boutures-echeveria","8":"product_cat-boutures-succulentes","9":"product_cat-plantes","10":"product_cat-plantes-echeveria","11":"product_cat-succulentes","12":"product_tag-succulentes","13":"product_tag-variegata-fr","14":"product_shipping_class-plants-collections-fr","15":"pa_family-crassulaceae-fr","16":"pa_leaf-color-panache","17":"pa_product-type-plantes","18":"pa_quantity-1-plante","19":"pa_size-4-6-cm-fr","21":"first","22":"outofstock","23":"taxable","24":"shipping-taxable","25":"purchasable","26":"product-type-simple"},"yoast_head":"<!-- This site is optimized with the Yoast SEO plugin v27.4 - https:\/\/yoast.com\/product\/yoast-seo-wordpress\/ -->\n<title>Echeveria Rainbow - Plantes - Sunnyplants.com<\/title>\n<meta name=\"description\" content=\"Vente de plantes rares d&#039;Echeveria Rainbow. Veuillez noter que les plantes sur les images sont des exemples. Chaque plante panach\u00e9e est diff\u00e9rente. Les plantes mesurent environ 5 \u00e0 8 cm de largeur et 3 \u00e0 4 cm de hauteur.\" \/>\n<meta name=\"robots\" content=\"index, follow, max-snippet:-1, max-image-preview:large, max-video-preview:-1\" \/>\n<link rel=\"canonical\" href=\"https:\/\/www.sunnyplants.com\/fr\/shop\/echeveria-rainbow-plantes\" \/>\n<meta property=\"og:locale\" content=\"fr_FR\" \/>\n<meta property=\"og:type\" content=\"article\" \/>\n<meta property=\"og:title\" content=\"Echeveria Rainbow - Plantes - Sunnyplants.com\" \/>\n<meta property=\"og:description\" content=\"Vente de plantes rares d&#039;Echeveria Rainbow. Veuillez noter que les plantes sur les images sont des exemples. Chaque plante panach\u00e9e est diff\u00e9rente. Les plantes mesurent environ 5 \u00e0 8 cm de largeur et 3 \u00e0 4 cm de hauteur.\" \/>\n<meta property=\"og:url\" content=\"https:\/\/www.sunnyplants.com\/fr\/shop\/echeveria-rainbow-plantes\" \/>\n<meta property=\"og:site_name\" content=\"Sunnyplants.com\" \/>\n<meta property=\"article:publisher\" content=\"https:\/\/nl-nl.facebook.com\/pages\/category\/Internet-Company\/Sunnyplantscom-1835401900058481\/\" \/>\n<meta property=\"article:modified_time\" content=\"2024-03-24T08:58:05+00:00\" \/>\n<meta property=\"og:image\" content=\"https:\/\/www.sunnyplants.com\/wp-content\/uploads\/echeveria-rainbow-2-1.jpg\" \/>\n\t<meta property=\"og:image:width\" content=\"900\" \/>\n\t<meta property=\"og:image:height\" content=\"900\" \/>\n\t<meta property=\"og:image:type\" content=\"image\/jpeg\" \/>\n<meta name=\"twitter:card\" content=\"summary_large_image\" \/>\n<script type=\"application\/ld+json\" class=\"yoast-schema-graph\">{\"@context\":\"https:\\\/\\\/schema.org\",\"@graph\":[{\"@type\":\"WebPage\",\"@id\":\"https:\\\/\\\/www.sunnyplants.com\\\/fr\\\/shop\\\/echeveria-rainbow-plantes\",\"url\":\"https:\\\/\\\/www.sunnyplants.com\\\/fr\\\/shop\\\/echeveria-rainbow-plantes\",\"name\":\"Echeveria Rainbow - Plantes - Sunnyplants.com\",\"isPartOf\":{\"@id\":\"https:\\\/\\\/www.sunnyplants.com\\\/fr#website\"},\"primaryImageOfPage\":{\"@id\":\"https:\\\/\\\/www.sunnyplants.com\\\/fr\\\/shop\\\/echeveria-rainbow-plantes#primaryimage\"},\"image\":{\"@id\":\"https:\\\/\\\/www.sunnyplants.com\\\/fr\\\/shop\\\/echeveria-rainbow-plantes#primaryimage\"},\"thumbnailUrl\":\"https:\\\/\\\/www.sunnyplants.com\\\/wp-content\\\/uploads\\\/echeveria-rainbow-2-1.jpg\",\"datePublished\":\"2019-04-16T17:47:25+00:00\",\"dateModified\":\"2024-03-24T08:58:05+00:00\",\"description\":\"Vente de plantes rares d'Echeveria Rainbow. Veuillez noter que les plantes sur les images sont des exemples. Chaque plante panach\u00e9e est diff\u00e9rente. Les plantes mesurent environ 5 \u00e0 8 cm de largeur et 3 \u00e0 4 cm de hauteur.\",\"breadcrumb\":{\"@id\":\"https:\\\/\\\/www.sunnyplants.com\\\/fr\\\/shop\\\/echeveria-rainbow-plantes#breadcrumb\"},\"inLanguage\":\"fr-FR\",\"potentialAction\":[{\"@type\":\"ReadAction\",\"target\":[\"https:\\\/\\\/www.sunnyplants.com\\\/fr\\\/shop\\\/echeveria-rainbow-plantes\"]}]},{\"@type\":\"ImageObject\",\"inLanguage\":\"fr-FR\",\"@id\":\"https:\\\/\\\/www.sunnyplants.com\\\/fr\\\/shop\\\/echeveria-rainbow-plantes#primaryimage\",\"url\":\"https:\\\/\\\/www.sunnyplants.com\\\/wp-content\\\/uploads\\\/echeveria-rainbow-2-1.jpg\",\"contentUrl\":\"https:\\\/\\\/www.sunnyplants.com\\\/wp-content\\\/uploads\\\/echeveria-rainbow-2-1.jpg\",\"width\":900,\"height\":900},{\"@type\":\"BreadcrumbList\",\"@id\":\"https:\\\/\\\/www.sunnyplants.com\\\/fr\\\/shop\\\/echeveria-rainbow-plantes#breadcrumb\",\"itemListElement\":[{\"@type\":\"ListItem\",\"position\":1,\"name\":\"Home\",\"item\":\"https:\\\/\\\/www.sunnyplants.com\\\/fr\\\/sunnyplants-fr\"},{\"@type\":\"ListItem\",\"position\":2,\"name\":\"Boutique\",\"item\":\"https:\\\/\\\/www.sunnyplants.com\\\/fr\\\/boutique\"},{\"@type\":\"ListItem\",\"position\":3,\"name\":\"Echeveria Rainbow &#8211; Plantes\"}]},{\"@type\":\"WebSite\",\"@id\":\"https:\\\/\\\/www.sunnyplants.com\\\/fr#website\",\"url\":\"https:\\\/\\\/www.sunnyplants.com\\\/fr\",\"name\":\"Sunnyplants.com\",\"description\":\"Lithops, Conophytums and other Mesembs &amp; Succulents\",\"potentialAction\":[{\"@type\":\"SearchAction\",\"target\":{\"@type\":\"EntryPoint\",\"urlTemplate\":\"https:\\\/\\\/www.sunnyplants.com\\\/fr?s={search_term_string}\"},\"query-input\":{\"@type\":\"PropertyValueSpecification\",\"valueRequired\":true,\"valueName\":\"search_term_string\"}}],\"inLanguage\":\"fr-FR\"}]}<\/script>\n<!-- \/ Yoast SEO plugin. -->","yoast_head_json":{"title":"Echeveria Rainbow - Plantes - Sunnyplants.com","description":"Vente de plantes rares d'Echeveria Rainbow. Veuillez noter que les plantes sur les images sont des exemples. Chaque plante panach\u00e9e est diff\u00e9rente. Les plantes mesurent environ 5 \u00e0 8 cm de largeur et 3 \u00e0 4 cm de hauteur.","robots":{"index":"index","follow":"follow","max-snippet":"max-snippet:-1","max-image-preview":"max-image-preview:large","max-video-preview":"max-video-preview:-1"},"canonical":"https:\/\/www.sunnyplants.com\/fr\/shop\/echeveria-rainbow-plantes","og_locale":"fr_FR","og_type":"article","og_title":"Echeveria Rainbow - Plantes - Sunnyplants.com","og_description":"Vente de plantes rares d'Echeveria Rainbow. Veuillez noter que les plantes sur les images sont des exemples. Chaque plante panach\u00e9e est diff\u00e9rente. Les plantes mesurent environ 5 \u00e0 8 cm de largeur et 3 \u00e0 4 cm de hauteur.","og_url":"https:\/\/www.sunnyplants.com\/fr\/shop\/echeveria-rainbow-plantes","og_site_name":"Sunnyplants.com","article_publisher":"https:\/\/nl-nl.facebook.com\/pages\/category\/Internet-Company\/Sunnyplantscom-1835401900058481\/","article_modified_time":"2024-03-24T08:58:05+00:00","og_image":[{"width":900,"height":900,"url":"https:\/\/www.sunnyplants.com\/wp-content\/uploads\/echeveria-rainbow-2-1.jpg","type":"image\/jpeg"}],"twitter_card":"summary_large_image","schema":{"@context":"https:\/\/schema.org","@graph":[{"@type":"WebPage","@id":"https:\/\/www.sunnyplants.com\/fr\/shop\/echeveria-rainbow-plantes","url":"https:\/\/www.sunnyplants.com\/fr\/shop\/echeveria-rainbow-plantes","name":"Echeveria Rainbow - Plantes - Sunnyplants.com","isPartOf":{"@id":"https:\/\/www.sunnyplants.com\/fr#website"},"primaryImageOfPage":{"@id":"https:\/\/www.sunnyplants.com\/fr\/shop\/echeveria-rainbow-plantes#primaryimage"},"image":{"@id":"https:\/\/www.sunnyplants.com\/fr\/shop\/echeveria-rainbow-plantes#primaryimage"},"thumbnailUrl":"https:\/\/www.sunnyplants.com\/wp-content\/uploads\/echeveria-rainbow-2-1.jpg","datePublished":"2019-04-16T17:47:25+00:00","dateModified":"2024-03-24T08:58:05+00:00","description":"Vente de plantes rares d'Echeveria Rainbow. Veuillez noter que les plantes sur les images sont des exemples. Chaque plante panach\u00e9e est diff\u00e9rente. Les plantes mesurent environ 5 \u00e0 8 cm de largeur et 3 \u00e0 4 cm de hauteur.","breadcrumb":{"@id":"https:\/\/www.sunnyplants.com\/fr\/shop\/echeveria-rainbow-plantes#breadcrumb"},"inLanguage":"fr-FR","potentialAction":[{"@type":"ReadAction","target":["https:\/\/www.sunnyplants.com\/fr\/shop\/echeveria-rainbow-plantes"]}]},{"@type":"ImageObject","inLanguage":"fr-FR","@id":"https:\/\/www.sunnyplants.com\/fr\/shop\/echeveria-rainbow-plantes#primaryimage","url":"https:\/\/www.sunnyplants.com\/wp-content\/uploads\/echeveria-rainbow-2-1.jpg","contentUrl":"https:\/\/www.sunnyplants.com\/wp-content\/uploads\/echeveria-rainbow-2-1.jpg","width":900,"height":900},{"@type":"BreadcrumbList","@id":"https:\/\/www.sunnyplants.com\/fr\/shop\/echeveria-rainbow-plantes#breadcrumb","itemListElement":[{"@type":"ListItem","position":1,"name":"Home","item":"https:\/\/www.sunnyplants.com\/fr\/sunnyplants-fr"},{"@type":"ListItem","position":2,"name":"Boutique","item":"https:\/\/www.sunnyplants.com\/fr\/boutique"},{"@type":"ListItem","position":3,"name":"Echeveria Rainbow &#8211; Plantes"}]},{"@type":"WebSite","@id":"https:\/\/www.sunnyplants.com\/fr#website","url":"https:\/\/www.sunnyplants.com\/fr","name":"Sunnyplants.com","description":"Lithops, Conophytums and other Mesembs &amp; Succulents","potentialAction":[{"@type":"SearchAction","target":{"@type":"EntryPoint","urlTemplate":"https:\/\/www.sunnyplants.com\/fr?s={search_term_string}"},"query-input":{"@type":"PropertyValueSpecification","valueRequired":true,"valueName":"search_term_string"}}],"inLanguage":"fr-FR"}]}},"jetpack_sharing_enabled":true,"_links":{"self":[{"href":"https:\/\/www.sunnyplants.com\/fr\/wp-json\/wp\/v2\/product\/18181","targetHints":{"allow":["GET"]}}],"collection":[{"href":"https:\/\/www.sunnyplants.com\/fr\/wp-json\/wp\/v2\/product"}],"about":[{"href":"https:\/\/www.sunnyplants.com\/fr\/wp-json\/wp\/v2\/types\/product"}],"replies":[{"embeddable":true,"href":"https:\/\/www.sunnyplants.com\/fr\/wp-json\/wp\/v2\/comments?post=18181"}],"wp:featuredmedia":[{"embeddable":true,"href":"https:\/\/www.sunnyplants.com\/fr\/wp-json\/wp\/v2\/media\/22008"}],"wp:attachment":[{"href":"https:\/\/www.sunnyplants.com\/fr\/wp-json\/wp\/v2\/media?parent=18181"}],"wp:term":[{"taxonomy":"product_brand","embeddable":true,"href":"https:\/\/www.sunnyplants.com\/fr\/wp-json\/wp\/v2\/product_brand?post=18181"},{"taxonomy":"product_cat","embeddable":true,"href":"https:\/\/www.sunnyplants.com\/fr\/wp-json\/wp\/v2\/product_cat?post=18181"},{"taxonomy":"product_tag","embeddable":true,"href":"https:\/\/www.sunnyplants.com\/fr\/wp-json\/wp\/v2\/product_tag?post=18181"}],"curies":[{"name":"wp","href":"https:\/\/api.w.org\/{rel}","templated":true}]}}