{"id":19234,"date":"2024-07-03T03:39:34","date_gmt":"2019-06-17T03:39:34","guid":{"rendered":"https:\/\/www.sunnyplants.com\/shop\/mini-succulentes-mix-10-boutures"},"modified":"2026-04-01T06:55:17","modified_gmt":"2026-04-01T06:55:17","slug":"mini-succulentes-mix-10-boutures","status":"publish","type":"product","link":"https:\/\/www.sunnyplants.com\/fr\/shop\/mini-succulentes-mix-10-boutures","title":{"rendered":"Mini Succulentes &#8211; Mix &#8211; 10 Boutures"},"content":{"rendered":"<p>Ce groupe mixte de Mini Succulentes est un beau cadeau pour tout ami v\u00e9g\u00e9tal. Vous obtiendrez une belle combinaison de boutures et de plantes non \u00e9tiquet\u00e9es, enracin\u00e9es et non racin\u00e9es. Un large \u00e9ventail de succulentes b\u00e9b\u00e9 peut \u00eatre inclus, dont Crassula, Echeveria, Lithops, Pachyphytum et Kalanchoe.<\/p>\n<p>Lorsque vous recevez vos Mini Succulentes, placez-les simplement dans un sol (succulent) bien drain\u00e9. Les racines vont commencer \u00e0 pousser dans environ 2-3 semaines. Prot\u00e9gez les plantes de la lumi\u00e8re intense et n\u2019arrosez pas jusqu\u2019\u00e0 ce que les racines se soient form\u00e9es. Commencez \u00e0 arroser avec soin et augmentez l&rsquo;\u00e9clairage lorsque les racines poussent.<\/p>\n<p>Pour que vos Mini Succulentes restent compactes et color\u00e9es, donnez-leur toujours une lumi\u00e8re vive et un engrais minimal (uniquement au printemps). Utilisez un m\u00e9lange de sol succulent compos\u00e9 d&rsquo;environ 60 \u00e0 80% de ponce (Bims) ou d&rsquo;un autre mat\u00e9riau de drainage. Arrosez un peu toutes les 1-2 semaines, en fonction du temps.<\/p>\n<p>Ces succulentes b\u00e9b\u00e9 et la plupart des succulentes que nous vendons peuvent \u00eatre cultiv\u00e9es \u00e0 l&rsquo;ext\u00e9rieur. Vous devriez les prendre \u00e0 l&rsquo;int\u00e9rieur pour les prot\u00e9ger du gel cependant. Les temp\u00e9ratures minimales qu\u2019ils peuvent supporter se situent autour de 5 \u00b0 C. Veillez \u00e0 utiliser un sol extr\u00eamement bien drainant (80% de pierre ponce ou Bims) et prot\u00e9gez-vous un peu des fortes pluies lorsque cela est possible.<\/p>\n<h3>Pots Succulentes pour vos Mini Succulentes<\/h3>\n<p>Il y a tellement de pots de Succulentes disponibles en ligne qui pourraient convenir \u00e0 vos Mini Succulentes. Pots Mini Succulentes en C\u00e9ramique, pots en Pierre, pots en B\u00e9ton, pots Mini Succulentes en Verre et pots en Bois. Il existe une grande s\u00e9lection de toutes sortes de <strong><a href=\"https:\/\/amzn.to\/38LwqLI\" target=\"_blank\" rel=\"noopener\">Pots Succulentes sur Amazon.fr<\/a><\/strong>.<\/p>\n<h3>Lampes de Culture Succulentes pour vos Mini Succulentes<\/h3>\n<p>Toutes les Succulentes ont besoin d&rsquo;une lumi\u00e8re vive pour bien pousser. Ils resteront plus compacts et obtiendront des couleurs plus vives. Un bon \u00e9clairage est \u00e9galement important pour la sant\u00e9 des plantes et pour la photosynth\u00e8se. Dans une serre ou sur un rebord de fen\u00eatre orient\u00e9 au sud, ce n&rsquo;est g\u00e9n\u00e9ralement pas un probl\u00e8me. Si vous ne pouvez pas offrir une lumi\u00e8re vive pour votre Mini Succulentes, nous vous recommandons d&rsquo;utiliser des lampes de culture Succulentes. Il existe une grande s\u00e9lection de diff\u00e9rents types de <strong><a href=\"https:\/\/amzn.to\/3vTyBVu\" target=\"_blank\" rel=\"noopener\">Lampes de Culture Succulentes sur Amazon.fr<\/a><\/strong>.<\/p>\n","protected":false},"excerpt":{"rendered":"<p>Vous obtiendrez 10 diff\u00e9rentes Mini Succulentes de diff\u00e9rentes tailles (1-2 cm) et de diff\u00e9rentes couleurs. Ces Mini Succulentes sont livr\u00e9es sans \u00e9tiquette et soigneusement emball\u00e9es dans du papier de soie. Les boutures succulentes ne sont pas enracin\u00e9es, mais nous vous ferons parvenir les succulentes racines si elles sont disponibles. L&rsquo;enracinement est facile et prend g\u00e9n\u00e9ralement 2-3 semaines.<\/p>\n","protected":false},"featured_media":19206,"comment_status":"open","ping_status":"closed","template":"","meta":[],"product_brand":[],"product_cat":[279,329,290,1701,233,242],"product_tag":[],"class_list":{"0":"post-19234","1":"product","2":"type-product","3":"status-publish","4":"has-post-thumbnail","6":"product_cat-boutures","7":"product_cat-boutures-succulentes","8":"product_cat-collections-fr","9":"product_cat-mini-succulentes","10":"product_cat-plantes","11":"product_cat-succulentes","12":"product_shipping_class-cuttings-small-plants-fr","13":"pa_product-type-boutures-de-tiges","14":"pa_product-type-plantes","15":"pa_quantity-10-boutures","16":"pa_size-1-2-cm-fr","18":"first","19":"instock","20":"taxable","21":"shipping-taxable","22":"purchasable","23":"product-type-simple"},"yoast_head":"<!-- This site is optimized with the Yoast SEO plugin v27.3 - https:\/\/yoast.com\/product\/yoast-seo-wordpress\/ -->\n<title>Mini Succulentes - Mix - 10 Boutures - Sunnyplants.com<\/title>\n<meta name=\"description\" content=\"Vous obtiendrez 10 diff\u00e9rentes Mini Succulentes de diff\u00e9rentes tailles (1-2 cm) et de diff\u00e9rentes couleurs. Ces Mini Succulentes sont livr\u00e9es sans \u00e9tiquette et soigneusement emball\u00e9es dans du papier de soie. Les boutures succulentes ne sont pas enracin\u00e9es, mais nous vous ferons parvenir les succulentes racines si elles sont disponibles. L&#039;enracinement est facile et prend g\u00e9n\u00e9ralement 2-3 semaines.\" \/>\n<meta name=\"robots\" content=\"index, follow, max-snippet:-1, max-image-preview:large, max-video-preview:-1\" \/>\n<link rel=\"canonical\" href=\"https:\/\/www.sunnyplants.com\/fr\/shop\/mini-succulentes-mix-10-boutures\" \/>\n<meta property=\"og:locale\" content=\"fr_FR\" \/>\n<meta property=\"og:type\" content=\"article\" \/>\n<meta property=\"og:title\" content=\"Mini Succulentes - Mix - 10 Boutures - Sunnyplants.com\" \/>\n<meta property=\"og:description\" content=\"Vous obtiendrez 10 diff\u00e9rentes Mini Succulentes de diff\u00e9rentes tailles (1-2 cm) et de diff\u00e9rentes couleurs. Ces Mini Succulentes sont livr\u00e9es sans \u00e9tiquette et soigneusement emball\u00e9es dans du papier de soie. Les boutures succulentes ne sont pas enracin\u00e9es, mais nous vous ferons parvenir les succulentes racines si elles sont disponibles. L&#039;enracinement est facile et prend g\u00e9n\u00e9ralement 2-3 semaines.\" \/>\n<meta property=\"og:url\" content=\"https:\/\/www.sunnyplants.com\/fr\/shop\/mini-succulentes-mix-10-boutures\" \/>\n<meta property=\"og:site_name\" content=\"Sunnyplants.com\" \/>\n<meta property=\"article:publisher\" content=\"https:\/\/nl-nl.facebook.com\/pages\/category\/Internet-Company\/Sunnyplantscom-1835401900058481\/\" \/>\n<meta property=\"article:modified_time\" content=\"2026-04-01T06:55:17+00:00\" \/>\n<meta property=\"og:image\" content=\"https:\/\/www.sunnyplants.com\/wp-content\/uploads\/mini-succulents.jpg\" \/>\n\t<meta property=\"og:image:width\" content=\"900\" \/>\n\t<meta property=\"og:image:height\" content=\"900\" \/>\n\t<meta property=\"og:image:type\" content=\"image\/jpeg\" \/>\n<meta name=\"twitter:card\" content=\"summary_large_image\" \/>\n<meta name=\"twitter:label1\" content=\"Dur\u00e9e de lecture estim\u00e9e\" \/>\n\t<meta name=\"twitter:data1\" content=\"2 minutes\" \/>\n<script type=\"application\/ld+json\" class=\"yoast-schema-graph\">{\"@context\":\"https:\\\/\\\/schema.org\",\"@graph\":[{\"@type\":\"WebPage\",\"@id\":\"https:\\\/\\\/www.sunnyplants.com\\\/fr\\\/shop\\\/mini-succulentes-mix-10-boutures\",\"url\":\"https:\\\/\\\/www.sunnyplants.com\\\/fr\\\/shop\\\/mini-succulentes-mix-10-boutures\",\"name\":\"Mini Succulentes - Mix - 10 Boutures - Sunnyplants.com\",\"isPartOf\":{\"@id\":\"https:\\\/\\\/www.sunnyplants.com\\\/fr#website\"},\"primaryImageOfPage\":{\"@id\":\"https:\\\/\\\/www.sunnyplants.com\\\/fr\\\/shop\\\/mini-succulentes-mix-10-boutures#primaryimage\"},\"image\":{\"@id\":\"https:\\\/\\\/www.sunnyplants.com\\\/fr\\\/shop\\\/mini-succulentes-mix-10-boutures#primaryimage\"},\"thumbnailUrl\":\"https:\\\/\\\/www.sunnyplants.com\\\/wp-content\\\/uploads\\\/mini-succulents.jpg\",\"datePublished\":\"2019-06-17T03:39:34+00:00\",\"dateModified\":\"2026-04-01T06:55:17+00:00\",\"description\":\"Vous obtiendrez 10 diff\u00e9rentes Mini Succulentes de diff\u00e9rentes tailles (1-2 cm) et de diff\u00e9rentes couleurs. Ces Mini Succulentes sont livr\u00e9es sans \u00e9tiquette et soigneusement emball\u00e9es dans du papier de soie. Les boutures succulentes ne sont pas enracin\u00e9es, mais nous vous ferons parvenir les succulentes racines si elles sont disponibles. L'enracinement est facile et prend g\u00e9n\u00e9ralement 2-3 semaines.\",\"breadcrumb\":{\"@id\":\"https:\\\/\\\/www.sunnyplants.com\\\/fr\\\/shop\\\/mini-succulentes-mix-10-boutures#breadcrumb\"},\"inLanguage\":\"fr-FR\",\"potentialAction\":[{\"@type\":\"ReadAction\",\"target\":[\"https:\\\/\\\/www.sunnyplants.com\\\/fr\\\/shop\\\/mini-succulentes-mix-10-boutures\"]}]},{\"@type\":\"ImageObject\",\"inLanguage\":\"fr-FR\",\"@id\":\"https:\\\/\\\/www.sunnyplants.com\\\/fr\\\/shop\\\/mini-succulentes-mix-10-boutures#primaryimage\",\"url\":\"https:\\\/\\\/www.sunnyplants.com\\\/wp-content\\\/uploads\\\/mini-succulents.jpg\",\"contentUrl\":\"https:\\\/\\\/www.sunnyplants.com\\\/wp-content\\\/uploads\\\/mini-succulents.jpg\",\"width\":900,\"height\":900},{\"@type\":\"BreadcrumbList\",\"@id\":\"https:\\\/\\\/www.sunnyplants.com\\\/fr\\\/shop\\\/mini-succulentes-mix-10-boutures#breadcrumb\",\"itemListElement\":[{\"@type\":\"ListItem\",\"position\":1,\"name\":\"Home\",\"item\":\"https:\\\/\\\/www.sunnyplants.com\\\/fr\\\/sunnyplants-fr\"},{\"@type\":\"ListItem\",\"position\":2,\"name\":\"Boutique\",\"item\":\"https:\\\/\\\/www.sunnyplants.com\\\/fr\\\/boutique\"},{\"@type\":\"ListItem\",\"position\":3,\"name\":\"Mini Succulentes &#8211; Mix &#8211; 10 Boutures\"}]},{\"@type\":\"WebSite\",\"@id\":\"https:\\\/\\\/www.sunnyplants.com\\\/fr#website\",\"url\":\"https:\\\/\\\/www.sunnyplants.com\\\/fr\",\"name\":\"Sunnyplants.com\",\"description\":\"Lithops, Conophytums and other Mesembs &amp; Succulents\",\"potentialAction\":[{\"@type\":\"SearchAction\",\"target\":{\"@type\":\"EntryPoint\",\"urlTemplate\":\"https:\\\/\\\/www.sunnyplants.com\\\/fr?s={search_term_string}\"},\"query-input\":{\"@type\":\"PropertyValueSpecification\",\"valueRequired\":true,\"valueName\":\"search_term_string\"}}],\"inLanguage\":\"fr-FR\"}]}<\/script>\n<!-- \/ Yoast SEO plugin. -->","yoast_head_json":{"title":"Mini Succulentes - Mix - 10 Boutures - Sunnyplants.com","description":"Vous obtiendrez 10 diff\u00e9rentes Mini Succulentes de diff\u00e9rentes tailles (1-2 cm) et de diff\u00e9rentes couleurs. Ces Mini Succulentes sont livr\u00e9es sans \u00e9tiquette et soigneusement emball\u00e9es dans du papier de soie. Les boutures succulentes ne sont pas enracin\u00e9es, mais nous vous ferons parvenir les succulentes racines si elles sont disponibles. L'enracinement est facile et prend g\u00e9n\u00e9ralement 2-3 semaines.","robots":{"index":"index","follow":"follow","max-snippet":"max-snippet:-1","max-image-preview":"max-image-preview:large","max-video-preview":"max-video-preview:-1"},"canonical":"https:\/\/www.sunnyplants.com\/fr\/shop\/mini-succulentes-mix-10-boutures","og_locale":"fr_FR","og_type":"article","og_title":"Mini Succulentes - Mix - 10 Boutures - Sunnyplants.com","og_description":"Vous obtiendrez 10 diff\u00e9rentes Mini Succulentes de diff\u00e9rentes tailles (1-2 cm) et de diff\u00e9rentes couleurs. Ces Mini Succulentes sont livr\u00e9es sans \u00e9tiquette et soigneusement emball\u00e9es dans du papier de soie. Les boutures succulentes ne sont pas enracin\u00e9es, mais nous vous ferons parvenir les succulentes racines si elles sont disponibles. L'enracinement est facile et prend g\u00e9n\u00e9ralement 2-3 semaines.","og_url":"https:\/\/www.sunnyplants.com\/fr\/shop\/mini-succulentes-mix-10-boutures","og_site_name":"Sunnyplants.com","article_publisher":"https:\/\/nl-nl.facebook.com\/pages\/category\/Internet-Company\/Sunnyplantscom-1835401900058481\/","article_modified_time":"2026-04-01T06:55:17+00:00","og_image":[{"width":900,"height":900,"url":"https:\/\/www.sunnyplants.com\/wp-content\/uploads\/mini-succulents.jpg","type":"image\/jpeg"}],"twitter_card":"summary_large_image","twitter_misc":{"Dur\u00e9e de lecture estim\u00e9e":"2 minutes"},"schema":{"@context":"https:\/\/schema.org","@graph":[{"@type":"WebPage","@id":"https:\/\/www.sunnyplants.com\/fr\/shop\/mini-succulentes-mix-10-boutures","url":"https:\/\/www.sunnyplants.com\/fr\/shop\/mini-succulentes-mix-10-boutures","name":"Mini Succulentes - Mix - 10 Boutures - Sunnyplants.com","isPartOf":{"@id":"https:\/\/www.sunnyplants.com\/fr#website"},"primaryImageOfPage":{"@id":"https:\/\/www.sunnyplants.com\/fr\/shop\/mini-succulentes-mix-10-boutures#primaryimage"},"image":{"@id":"https:\/\/www.sunnyplants.com\/fr\/shop\/mini-succulentes-mix-10-boutures#primaryimage"},"thumbnailUrl":"https:\/\/www.sunnyplants.com\/wp-content\/uploads\/mini-succulents.jpg","datePublished":"2019-06-17T03:39:34+00:00","dateModified":"2026-04-01T06:55:17+00:00","description":"Vous obtiendrez 10 diff\u00e9rentes Mini Succulentes de diff\u00e9rentes tailles (1-2 cm) et de diff\u00e9rentes couleurs. Ces Mini Succulentes sont livr\u00e9es sans \u00e9tiquette et soigneusement emball\u00e9es dans du papier de soie. Les boutures succulentes ne sont pas enracin\u00e9es, mais nous vous ferons parvenir les succulentes racines si elles sont disponibles. L'enracinement est facile et prend g\u00e9n\u00e9ralement 2-3 semaines.","breadcrumb":{"@id":"https:\/\/www.sunnyplants.com\/fr\/shop\/mini-succulentes-mix-10-boutures#breadcrumb"},"inLanguage":"fr-FR","potentialAction":[{"@type":"ReadAction","target":["https:\/\/www.sunnyplants.com\/fr\/shop\/mini-succulentes-mix-10-boutures"]}]},{"@type":"ImageObject","inLanguage":"fr-FR","@id":"https:\/\/www.sunnyplants.com\/fr\/shop\/mini-succulentes-mix-10-boutures#primaryimage","url":"https:\/\/www.sunnyplants.com\/wp-content\/uploads\/mini-succulents.jpg","contentUrl":"https:\/\/www.sunnyplants.com\/wp-content\/uploads\/mini-succulents.jpg","width":900,"height":900},{"@type":"BreadcrumbList","@id":"https:\/\/www.sunnyplants.com\/fr\/shop\/mini-succulentes-mix-10-boutures#breadcrumb","itemListElement":[{"@type":"ListItem","position":1,"name":"Home","item":"https:\/\/www.sunnyplants.com\/fr\/sunnyplants-fr"},{"@type":"ListItem","position":2,"name":"Boutique","item":"https:\/\/www.sunnyplants.com\/fr\/boutique"},{"@type":"ListItem","position":3,"name":"Mini Succulentes &#8211; Mix &#8211; 10 Boutures"}]},{"@type":"WebSite","@id":"https:\/\/www.sunnyplants.com\/fr#website","url":"https:\/\/www.sunnyplants.com\/fr","name":"Sunnyplants.com","description":"Lithops, Conophytums and other Mesembs &amp; Succulents","potentialAction":[{"@type":"SearchAction","target":{"@type":"EntryPoint","urlTemplate":"https:\/\/www.sunnyplants.com\/fr?s={search_term_string}"},"query-input":{"@type":"PropertyValueSpecification","valueRequired":true,"valueName":"search_term_string"}}],"inLanguage":"fr-FR"}]}},"jetpack_sharing_enabled":true,"_links":{"self":[{"href":"https:\/\/www.sunnyplants.com\/fr\/wp-json\/wp\/v2\/product\/19234","targetHints":{"allow":["GET"]}}],"collection":[{"href":"https:\/\/www.sunnyplants.com\/fr\/wp-json\/wp\/v2\/product"}],"about":[{"href":"https:\/\/www.sunnyplants.com\/fr\/wp-json\/wp\/v2\/types\/product"}],"replies":[{"embeddable":true,"href":"https:\/\/www.sunnyplants.com\/fr\/wp-json\/wp\/v2\/comments?post=19234"}],"wp:featuredmedia":[{"embeddable":true,"href":"https:\/\/www.sunnyplants.com\/fr\/wp-json\/wp\/v2\/media\/19206"}],"wp:attachment":[{"href":"https:\/\/www.sunnyplants.com\/fr\/wp-json\/wp\/v2\/media?parent=19234"}],"wp:term":[{"taxonomy":"product_brand","embeddable":true,"href":"https:\/\/www.sunnyplants.com\/fr\/wp-json\/wp\/v2\/product_brand?post=19234"},{"taxonomy":"product_cat","embeddable":true,"href":"https:\/\/www.sunnyplants.com\/fr\/wp-json\/wp\/v2\/product_cat?post=19234"},{"taxonomy":"product_tag","embeddable":true,"href":"https:\/\/www.sunnyplants.com\/fr\/wp-json\/wp\/v2\/product_tag?post=19234"}],"curies":[{"name":"wp","href":"https:\/\/api.w.org\/{rel}","templated":true}]}}