{"id":21097,"date":"2024-07-03T17:49:16","date_gmt":"2019-10-23T17:49:17","guid":{"rendered":"https:\/\/www.sunnyplants.com\/?post_type=product&#038;p=21097"},"modified":"2026-04-01T06:56:11","modified_gmt":"2026-04-01T06:56:11","slug":"pack-de-boutures-succulentes-12-boutures-de-feuilles","status":"publish","type":"product","link":"https:\/\/www.sunnyplants.com\/fr\/shop\/pack-de-boutures-succulentes-12-boutures-de-feuilles","title":{"rendered":"Pack de Boutures Succulentes &#8211; 12 Boutures de Feuilles"},"content":{"rendered":"<p>Les boutures de feuilles succulentes sont un moyen amusant d&rsquo;obtenir de nouvelles plantes succulentes. Ces feuilles s&rsquo;enracinent facilement et forment des b\u00e9b\u00e9s \u00e0 la base des feuilles. Les esp\u00e8ces que nous avons choisies pour vous conviennent aux d\u00e9butants et aux amateurs de plantes succulentes plus avanc\u00e9s.<\/p>\n<h2>Entretien des Boutures de Feuilles<\/h2>\n<p>Placez vos boutures de feuilles succulentes sur un endroit l\u00e9g\u00e8rement ombrag\u00e9. Nous essaierons de vous envoyer des feuilles enracin\u00e9es ou des feuilles avec des b\u00e9b\u00e9s succulents lorsque nous les aurons. Plantez-les dans un sol sec additionn\u00e9 de pierre ponce, ou utilisez notre <a href=\"https:\/\/www.sunnyplants.com\/fr\/shop\/terreau-pour-cactus-et-plantes-succulentes\">M\u00e9lange de Sol Professionnel Succulent<\/a>. Les feuilles qui n&rsquo;ont pas encore de racines peuvent \u00eatre plac\u00e9es \u00e0 plat sur le sol ou bien coll\u00e9es sous un l\u00e9ger angle. Assurez-vous de toujours utiliser des pots et des jardini\u00e8res avec des trous pour que l&rsquo;exc\u00e8s d&rsquo;eau puisse s&rsquo;\u00e9chapper. Commencez \u00e0 les arroser soigneusement apr\u00e8s 2-3 semaines, lorsque les racines se forment. Laissez le sol s\u00e9cher compl\u00e8tement entre les arrosages. Donner de l&rsquo;eau toutes les deux semaines devrait normalement aller.<\/p>\n<p>Vous pouvez emmener vos plantes grasses \u00e0 l&rsquo;ext\u00e9rieur en \u00e9t\u00e9. Ici aux Pays-Bas, nous les pla\u00e7ons \u00e0 l&rsquo;ext\u00e9rieur de Juni jusqu&rsquo;au d\u00e9but du mois de septembre. Assurez-vous de les rentrer quand il fait froid ou quand il pleut beaucoup. Ils pr\u00e9f\u00e8rent des temp\u00e9ratures minimales de 10-12 \u00b0 C. Ils ne peuvent pas supporter le gel.<\/p>\n","protected":false},"excerpt":{"rendered":"<p>Vous obtiendrez 12 boutures de feuilles succulentes diff\u00e9rentes de diff\u00e9rentes tailles et couleurs. Ces boutures succulentes sont choisies au hasard par nos soins et viennent sans \u00e9tiquette. Ils sont soigneusement emball\u00e9s dans du papier de soie. Les boutures succulentes ne sont pas enracin\u00e9es, mais nous vous ferons parvenir des plantes succulentes enracin\u00e9es ou des boutures de feuilles avec d\u00e9j\u00e0 <strong>un b\u00e9b\u00e9 attach\u00e9 lorsque disponible<\/strong>. L&rsquo;enracinement est facile et prend g\u00e9n\u00e9ralement 2-3 semaines.<\/p>\n","protected":false},"featured_media":21101,"comment_status":"open","ping_status":"closed","template":"","meta":[],"product_brand":[],"product_cat":[279,329,290,1701],"product_tag":[832],"class_list":{"0":"post-21097","1":"product","2":"type-product","3":"status-publish","4":"has-post-thumbnail","6":"product_cat-boutures","7":"product_cat-boutures-succulentes","8":"product_cat-collections-fr","9":"product_cat-mini-succulentes","10":"product_tag-plantes-dinterieur","11":"product_shipping_class-plants-collections-fr","12":"pa_product-type-boutures-de-feuilles","13":"pa_quantity-12-boutures","14":"pa_size-2-4-cm-fr","16":"first","17":"instock","18":"taxable","19":"shipping-taxable","20":"purchasable","21":"product-type-simple"},"yoast_head":"<!-- This site is optimized with the Yoast SEO plugin v27.5 - https:\/\/yoast.com\/product\/yoast-seo-wordpress\/ -->\n<title>Pack de Boutures Succulentes - 12 Boutures de Feuilles - Sunnyplants.com<\/title>\n<meta name=\"description\" content=\"Vous obtiendrez 12 boutures de feuilles succulentes diff\u00e9rentes de diff\u00e9rentes tailles et couleurs. Ces boutures succulentes sont choisies au hasard par nos soins et viennent sans \u00e9tiquette. Ils sont soigneusement emball\u00e9s dans du papier de soie. Les boutures succulentes ne sont pas enracin\u00e9es, mais nous vous ferons parvenir des plantes succulentes enracin\u00e9es ou des boutures de feuilles avec d\u00e9j\u00e0 un b\u00e9b\u00e9 attach\u00e9 lorsque disponible. L&#039;enracinement est facile et prend g\u00e9n\u00e9ralement 2-3 semaines.\" \/>\n<meta name=\"robots\" content=\"index, follow, max-snippet:-1, max-image-preview:large, max-video-preview:-1\" \/>\n<link rel=\"canonical\" href=\"https:\/\/www.sunnyplants.com\/fr\/shop\/pack-de-boutures-succulentes-12-boutures-de-feuilles\" \/>\n<meta property=\"og:locale\" content=\"fr_FR\" \/>\n<meta property=\"og:type\" content=\"article\" \/>\n<meta property=\"og:title\" content=\"Pack de Boutures Succulentes - 12 Boutures de Feuilles - Sunnyplants.com\" \/>\n<meta property=\"og:description\" content=\"Vous obtiendrez 12 boutures de feuilles succulentes diff\u00e9rentes de diff\u00e9rentes tailles et couleurs. Ces boutures succulentes sont choisies au hasard par nos soins et viennent sans \u00e9tiquette. Ils sont soigneusement emball\u00e9s dans du papier de soie. Les boutures succulentes ne sont pas enracin\u00e9es, mais nous vous ferons parvenir des plantes succulentes enracin\u00e9es ou des boutures de feuilles avec d\u00e9j\u00e0 un b\u00e9b\u00e9 attach\u00e9 lorsque disponible. L&#039;enracinement est facile et prend g\u00e9n\u00e9ralement 2-3 semaines.\" \/>\n<meta property=\"og:url\" content=\"https:\/\/www.sunnyplants.com\/fr\/shop\/pack-de-boutures-succulentes-12-boutures-de-feuilles\" \/>\n<meta property=\"og:site_name\" content=\"Sunnyplants.com\" \/>\n<meta property=\"article:publisher\" content=\"https:\/\/nl-nl.facebook.com\/pages\/category\/Internet-Company\/Sunnyplantscom-1835401900058481\/\" \/>\n<meta property=\"article:modified_time\" content=\"2026-04-01T06:56:11+00:00\" \/>\n<meta property=\"og:image\" content=\"https:\/\/www.sunnyplants.com\/wp-content\/uploads\/leaf-cuttings-pack.jpg\" \/>\n\t<meta property=\"og:image:width\" content=\"900\" \/>\n\t<meta property=\"og:image:height\" content=\"900\" \/>\n\t<meta property=\"og:image:type\" content=\"image\/jpeg\" \/>\n<meta name=\"twitter:card\" content=\"summary_large_image\" \/>\n<meta name=\"twitter:label1\" content=\"Dur\u00e9e de lecture estim\u00e9e\" \/>\n\t<meta name=\"twitter:data1\" content=\"1 minute\" \/>\n<script type=\"application\/ld+json\" class=\"yoast-schema-graph\">{\"@context\":\"https:\\\/\\\/schema.org\",\"@graph\":[{\"@type\":\"WebPage\",\"@id\":\"https:\\\/\\\/www.sunnyplants.com\\\/fr\\\/shop\\\/pack-de-boutures-succulentes-12-boutures-de-feuilles\",\"url\":\"https:\\\/\\\/www.sunnyplants.com\\\/fr\\\/shop\\\/pack-de-boutures-succulentes-12-boutures-de-feuilles\",\"name\":\"Pack de Boutures Succulentes - 12 Boutures de Feuilles - Sunnyplants.com\",\"isPartOf\":{\"@id\":\"https:\\\/\\\/www.sunnyplants.com\\\/fr#website\"},\"primaryImageOfPage\":{\"@id\":\"https:\\\/\\\/www.sunnyplants.com\\\/fr\\\/shop\\\/pack-de-boutures-succulentes-12-boutures-de-feuilles#primaryimage\"},\"image\":{\"@id\":\"https:\\\/\\\/www.sunnyplants.com\\\/fr\\\/shop\\\/pack-de-boutures-succulentes-12-boutures-de-feuilles#primaryimage\"},\"thumbnailUrl\":\"https:\\\/\\\/www.sunnyplants.com\\\/wp-content\\\/uploads\\\/leaf-cuttings-pack.jpg\",\"datePublished\":\"2019-10-23T17:49:17+00:00\",\"dateModified\":\"2026-04-01T06:56:11+00:00\",\"description\":\"Vous obtiendrez 12 boutures de feuilles succulentes diff\u00e9rentes de diff\u00e9rentes tailles et couleurs. Ces boutures succulentes sont choisies au hasard par nos soins et viennent sans \u00e9tiquette. Ils sont soigneusement emball\u00e9s dans du papier de soie. Les boutures succulentes ne sont pas enracin\u00e9es, mais nous vous ferons parvenir des plantes succulentes enracin\u00e9es ou des boutures de feuilles avec d\u00e9j\u00e0 un b\u00e9b\u00e9 attach\u00e9 lorsque disponible. L'enracinement est facile et prend g\u00e9n\u00e9ralement 2-3 semaines.\",\"breadcrumb\":{\"@id\":\"https:\\\/\\\/www.sunnyplants.com\\\/fr\\\/shop\\\/pack-de-boutures-succulentes-12-boutures-de-feuilles#breadcrumb\"},\"inLanguage\":\"fr-FR\",\"potentialAction\":[{\"@type\":\"ReadAction\",\"target\":[\"https:\\\/\\\/www.sunnyplants.com\\\/fr\\\/shop\\\/pack-de-boutures-succulentes-12-boutures-de-feuilles\"]}]},{\"@type\":\"ImageObject\",\"inLanguage\":\"fr-FR\",\"@id\":\"https:\\\/\\\/www.sunnyplants.com\\\/fr\\\/shop\\\/pack-de-boutures-succulentes-12-boutures-de-feuilles#primaryimage\",\"url\":\"https:\\\/\\\/www.sunnyplants.com\\\/wp-content\\\/uploads\\\/leaf-cuttings-pack.jpg\",\"contentUrl\":\"https:\\\/\\\/www.sunnyplants.com\\\/wp-content\\\/uploads\\\/leaf-cuttings-pack.jpg\",\"width\":900,\"height\":900},{\"@type\":\"BreadcrumbList\",\"@id\":\"https:\\\/\\\/www.sunnyplants.com\\\/fr\\\/shop\\\/pack-de-boutures-succulentes-12-boutures-de-feuilles#breadcrumb\",\"itemListElement\":[{\"@type\":\"ListItem\",\"position\":1,\"name\":\"Home\",\"item\":\"https:\\\/\\\/www.sunnyplants.com\\\/fr\\\/sunnyplants-fr\"},{\"@type\":\"ListItem\",\"position\":2,\"name\":\"Boutique\",\"item\":\"https:\\\/\\\/www.sunnyplants.com\\\/fr\\\/boutique\"},{\"@type\":\"ListItem\",\"position\":3,\"name\":\"Pack de Boutures Succulentes &#8211; 12 Boutures de Feuilles\"}]},{\"@type\":\"WebSite\",\"@id\":\"https:\\\/\\\/www.sunnyplants.com\\\/fr#website\",\"url\":\"https:\\\/\\\/www.sunnyplants.com\\\/fr\",\"name\":\"Sunnyplants.com\",\"description\":\"Lithops, Conophytums and other Mesembs &amp; Succulents\",\"potentialAction\":[{\"@type\":\"SearchAction\",\"target\":{\"@type\":\"EntryPoint\",\"urlTemplate\":\"https:\\\/\\\/www.sunnyplants.com\\\/fr?s={search_term_string}\"},\"query-input\":{\"@type\":\"PropertyValueSpecification\",\"valueRequired\":true,\"valueName\":\"search_term_string\"}}],\"inLanguage\":\"fr-FR\"}]}<\/script>\n<!-- \/ Yoast SEO plugin. -->","yoast_head_json":{"title":"Pack de Boutures Succulentes - 12 Boutures de Feuilles - Sunnyplants.com","description":"Vous obtiendrez 12 boutures de feuilles succulentes diff\u00e9rentes de diff\u00e9rentes tailles et couleurs. Ces boutures succulentes sont choisies au hasard par nos soins et viennent sans \u00e9tiquette. Ils sont soigneusement emball\u00e9s dans du papier de soie. Les boutures succulentes ne sont pas enracin\u00e9es, mais nous vous ferons parvenir des plantes succulentes enracin\u00e9es ou des boutures de feuilles avec d\u00e9j\u00e0 un b\u00e9b\u00e9 attach\u00e9 lorsque disponible. L'enracinement est facile et prend g\u00e9n\u00e9ralement 2-3 semaines.","robots":{"index":"index","follow":"follow","max-snippet":"max-snippet:-1","max-image-preview":"max-image-preview:large","max-video-preview":"max-video-preview:-1"},"canonical":"https:\/\/www.sunnyplants.com\/fr\/shop\/pack-de-boutures-succulentes-12-boutures-de-feuilles","og_locale":"fr_FR","og_type":"article","og_title":"Pack de Boutures Succulentes - 12 Boutures de Feuilles - Sunnyplants.com","og_description":"Vous obtiendrez 12 boutures de feuilles succulentes diff\u00e9rentes de diff\u00e9rentes tailles et couleurs. Ces boutures succulentes sont choisies au hasard par nos soins et viennent sans \u00e9tiquette. Ils sont soigneusement emball\u00e9s dans du papier de soie. Les boutures succulentes ne sont pas enracin\u00e9es, mais nous vous ferons parvenir des plantes succulentes enracin\u00e9es ou des boutures de feuilles avec d\u00e9j\u00e0 un b\u00e9b\u00e9 attach\u00e9 lorsque disponible. L'enracinement est facile et prend g\u00e9n\u00e9ralement 2-3 semaines.","og_url":"https:\/\/www.sunnyplants.com\/fr\/shop\/pack-de-boutures-succulentes-12-boutures-de-feuilles","og_site_name":"Sunnyplants.com","article_publisher":"https:\/\/nl-nl.facebook.com\/pages\/category\/Internet-Company\/Sunnyplantscom-1835401900058481\/","article_modified_time":"2026-04-01T06:56:11+00:00","og_image":[{"width":900,"height":900,"url":"https:\/\/www.sunnyplants.com\/wp-content\/uploads\/leaf-cuttings-pack.jpg","type":"image\/jpeg"}],"twitter_card":"summary_large_image","twitter_misc":{"Dur\u00e9e de lecture estim\u00e9e":"1 minute"},"schema":{"@context":"https:\/\/schema.org","@graph":[{"@type":"WebPage","@id":"https:\/\/www.sunnyplants.com\/fr\/shop\/pack-de-boutures-succulentes-12-boutures-de-feuilles","url":"https:\/\/www.sunnyplants.com\/fr\/shop\/pack-de-boutures-succulentes-12-boutures-de-feuilles","name":"Pack de Boutures Succulentes - 12 Boutures de Feuilles - Sunnyplants.com","isPartOf":{"@id":"https:\/\/www.sunnyplants.com\/fr#website"},"primaryImageOfPage":{"@id":"https:\/\/www.sunnyplants.com\/fr\/shop\/pack-de-boutures-succulentes-12-boutures-de-feuilles#primaryimage"},"image":{"@id":"https:\/\/www.sunnyplants.com\/fr\/shop\/pack-de-boutures-succulentes-12-boutures-de-feuilles#primaryimage"},"thumbnailUrl":"https:\/\/www.sunnyplants.com\/wp-content\/uploads\/leaf-cuttings-pack.jpg","datePublished":"2019-10-23T17:49:17+00:00","dateModified":"2026-04-01T06:56:11+00:00","description":"Vous obtiendrez 12 boutures de feuilles succulentes diff\u00e9rentes de diff\u00e9rentes tailles et couleurs. Ces boutures succulentes sont choisies au hasard par nos soins et viennent sans \u00e9tiquette. Ils sont soigneusement emball\u00e9s dans du papier de soie. Les boutures succulentes ne sont pas enracin\u00e9es, mais nous vous ferons parvenir des plantes succulentes enracin\u00e9es ou des boutures de feuilles avec d\u00e9j\u00e0 un b\u00e9b\u00e9 attach\u00e9 lorsque disponible. L'enracinement est facile et prend g\u00e9n\u00e9ralement 2-3 semaines.","breadcrumb":{"@id":"https:\/\/www.sunnyplants.com\/fr\/shop\/pack-de-boutures-succulentes-12-boutures-de-feuilles#breadcrumb"},"inLanguage":"fr-FR","potentialAction":[{"@type":"ReadAction","target":["https:\/\/www.sunnyplants.com\/fr\/shop\/pack-de-boutures-succulentes-12-boutures-de-feuilles"]}]},{"@type":"ImageObject","inLanguage":"fr-FR","@id":"https:\/\/www.sunnyplants.com\/fr\/shop\/pack-de-boutures-succulentes-12-boutures-de-feuilles#primaryimage","url":"https:\/\/www.sunnyplants.com\/wp-content\/uploads\/leaf-cuttings-pack.jpg","contentUrl":"https:\/\/www.sunnyplants.com\/wp-content\/uploads\/leaf-cuttings-pack.jpg","width":900,"height":900},{"@type":"BreadcrumbList","@id":"https:\/\/www.sunnyplants.com\/fr\/shop\/pack-de-boutures-succulentes-12-boutures-de-feuilles#breadcrumb","itemListElement":[{"@type":"ListItem","position":1,"name":"Home","item":"https:\/\/www.sunnyplants.com\/fr\/sunnyplants-fr"},{"@type":"ListItem","position":2,"name":"Boutique","item":"https:\/\/www.sunnyplants.com\/fr\/boutique"},{"@type":"ListItem","position":3,"name":"Pack de Boutures Succulentes &#8211; 12 Boutures de Feuilles"}]},{"@type":"WebSite","@id":"https:\/\/www.sunnyplants.com\/fr#website","url":"https:\/\/www.sunnyplants.com\/fr","name":"Sunnyplants.com","description":"Lithops, Conophytums and other Mesembs &amp; Succulents","potentialAction":[{"@type":"SearchAction","target":{"@type":"EntryPoint","urlTemplate":"https:\/\/www.sunnyplants.com\/fr?s={search_term_string}"},"query-input":{"@type":"PropertyValueSpecification","valueRequired":true,"valueName":"search_term_string"}}],"inLanguage":"fr-FR"}]}},"jetpack_sharing_enabled":true,"_links":{"self":[{"href":"https:\/\/www.sunnyplants.com\/fr\/wp-json\/wp\/v2\/product\/21097","targetHints":{"allow":["GET"]}}],"collection":[{"href":"https:\/\/www.sunnyplants.com\/fr\/wp-json\/wp\/v2\/product"}],"about":[{"href":"https:\/\/www.sunnyplants.com\/fr\/wp-json\/wp\/v2\/types\/product"}],"replies":[{"embeddable":true,"href":"https:\/\/www.sunnyplants.com\/fr\/wp-json\/wp\/v2\/comments?post=21097"}],"wp:featuredmedia":[{"embeddable":true,"href":"https:\/\/www.sunnyplants.com\/fr\/wp-json\/wp\/v2\/media\/21101"}],"wp:attachment":[{"href":"https:\/\/www.sunnyplants.com\/fr\/wp-json\/wp\/v2\/media?parent=21097"}],"wp:term":[{"taxonomy":"product_brand","embeddable":true,"href":"https:\/\/www.sunnyplants.com\/fr\/wp-json\/wp\/v2\/product_brand?post=21097"},{"taxonomy":"product_cat","embeddable":true,"href":"https:\/\/www.sunnyplants.com\/fr\/wp-json\/wp\/v2\/product_cat?post=21097"},{"taxonomy":"product_tag","embeddable":true,"href":"https:\/\/www.sunnyplants.com\/fr\/wp-json\/wp\/v2\/product_tag?post=21097"}],"curies":[{"name":"wp","href":"https:\/\/api.w.org\/{rel}","templated":true}]}}