{"id":21537,"date":"2019-12-07T17:16:58","date_gmt":"2019-11-22T14:19:30","guid":{"rendered":"https:\/\/www.sunnyplants.com\/?post_type=product&#038;p=21537"},"modified":"2024-03-06T16:24:16","modified_gmt":"2024-03-06T16:24:16","slug":"mini-pots-en-argile-fait-main-plantes-succulentes","status":"publish","type":"product","link":"https:\/\/www.sunnyplants.com\/fr\/shop\/mini-pots-en-argile-fait-main-plantes-succulentes","title":{"rendered":"Mini Pots en Argile Faits \u00e0 la Main pour Plantes Succulentes"},"content":{"rendered":"<p>Ces mini pots magnifiques et feel-good pour plantes Succulentes sont fabriqu\u00e9s en argile. Ils sont faits \u00e0 la main et peints \u00e0 la main. L&rsquo;effet visuel est excellent en combinaison avec un joli petit Succulent ou un Cactus. Les pots sont de diff\u00e9rentes couleurs et formes. Chaque pot est l\u00e9g\u00e8rement diff\u00e9rent. Ils ont une largeur de 3,5 &#8211; 5 cm et une hauteur de 3,5 cm &#8211; 5,5 cm. Les pots en argile ont chacun un trou de drainage d&rsquo;environ 1 cm de diam\u00e8tre. Vous pouvez utiliser un filtre \u00e0 caf\u00e9, du papier ou un chiffon pour couvrir les orifices de drainage. De cette fa\u00e7on, l&rsquo;eau peut passer \u00e0 travers et le sol reste dans le pot.<\/p>\n","protected":false},"excerpt":{"rendered":"<p>Mini pots en argile faits \u00e0 la main sp\u00e9cialement con\u00e7us pour les plantes Succulentes et les Cactus. Les pots ont des trous de drainage et sont disponibles en diff\u00e9rentes couleurs et formes. <strong>Les tailles mesurent environ 3,5 cm &#8211; 5 cm de largeur et 3,5 cm &#8211; 5,5 cm de hauteur<\/strong>. Veuillez noter que les couleurs r\u00e9elles des pots peuvent varier l\u00e9g\u00e8rement car elles sont peintes \u00e0 la main (la couleur des \u00e9crans d\u2019ordinateur diff\u00e8re \u00e9galement). Les plantes ne sont pas incluses.<\/p>\n","protected":false},"featured_media":21421,"comment_status":"open","ping_status":"closed","template":"","meta":[],"product_brand":[],"product_cat":[1362,279,282,329,250,244,233,1545,242,1586],"product_tag":[],"class_list":{"0":"post-21537","1":"product","2":"type-product","3":"status-publish","4":"has-post-thumbnail","6":"product_cat-accessoires","7":"product_cat-boutures","8":"product_cat-boutures-cactus","9":"product_cat-boutures-succulentes","10":"product_cat-bulbes-plantes-caudex","11":"product_cat-lithops-pierres-vivantes","12":"product_cat-plantes","13":"product_cat-cactus-succulentes-pots","14":"product_cat-succulentes","15":"product_cat-succulentes-rustiques","16":"product_shipping_class-plants-collections-fr","18":"first","19":"outofstock","20":"sold-individually","21":"taxable","22":"shipping-taxable","23":"purchasable","24":"product-type-variable"},"yoast_head":"<!-- This site is optimized with the Yoast SEO plugin v27.5 - https:\/\/yoast.com\/product\/yoast-seo-wordpress\/ -->\n<title>Mini Pots en Argile Faits \u00e0 la Main pour Plantes Succulentes - Sunnyplants.com<\/title>\n<meta name=\"description\" content=\"Mini pots en argile faits \u00e0 la main sp\u00e9cialement con\u00e7us pour les plantes Succulentes et les Cactus. Les pots ont des trous de drainage et sont disponibles en diff\u00e9rentes couleurs et formes.\" \/>\n<meta name=\"robots\" content=\"index, follow, max-snippet:-1, max-image-preview:large, max-video-preview:-1\" \/>\n<link rel=\"canonical\" href=\"https:\/\/www.sunnyplants.com\/fr\/shop\/mini-pots-en-argile-fait-main-plantes-succulentes\" \/>\n<meta property=\"og:locale\" content=\"fr_FR\" \/>\n<meta property=\"og:type\" content=\"article\" \/>\n<meta property=\"og:title\" content=\"Mini Pots en Argile Faits \u00e0 la Main pour Plantes Succulentes - Sunnyplants.com\" \/>\n<meta property=\"og:description\" content=\"Mini pots en argile faits \u00e0 la main sp\u00e9cialement con\u00e7us pour les plantes Succulentes et les Cactus. Les pots ont des trous de drainage et sont disponibles en diff\u00e9rentes couleurs et formes.\" \/>\n<meta property=\"og:url\" content=\"https:\/\/www.sunnyplants.com\/fr\/shop\/mini-pots-en-argile-fait-main-plantes-succulentes\" \/>\n<meta property=\"og:site_name\" content=\"Sunnyplants.com\" \/>\n<meta property=\"article:publisher\" content=\"https:\/\/nl-nl.facebook.com\/pages\/category\/Internet-Company\/Sunnyplantscom-1835401900058481\/\" \/>\n<meta property=\"article:modified_time\" content=\"2024-03-06T16:24:16+00:00\" \/>\n<meta property=\"og:image\" content=\"https:\/\/www.sunnyplants.com\/wp-content\/uploads\/succulent-pots-4.jpg\" \/>\n\t<meta property=\"og:image:width\" content=\"900\" \/>\n\t<meta property=\"og:image:height\" content=\"900\" \/>\n\t<meta property=\"og:image:type\" content=\"image\/jpeg\" \/>\n<meta name=\"twitter:card\" content=\"summary_large_image\" \/>\n<meta name=\"twitter:label1\" content=\"Dur\u00e9e de lecture estim\u00e9e\" \/>\n\t<meta name=\"twitter:data1\" content=\"1 minute\" \/>\n<script type=\"application\/ld+json\" class=\"yoast-schema-graph\">{\"@context\":\"https:\\\/\\\/schema.org\",\"@graph\":[{\"@type\":\"WebPage\",\"@id\":\"https:\\\/\\\/www.sunnyplants.com\\\/fr\\\/shop\\\/mini-pots-en-argile-fait-main-plantes-succulentes\",\"url\":\"https:\\\/\\\/www.sunnyplants.com\\\/fr\\\/shop\\\/mini-pots-en-argile-fait-main-plantes-succulentes\",\"name\":\"Mini Pots en Argile Faits \u00e0 la Main pour Plantes Succulentes - Sunnyplants.com\",\"isPartOf\":{\"@id\":\"https:\\\/\\\/www.sunnyplants.com\\\/fr#website\"},\"primaryImageOfPage\":{\"@id\":\"https:\\\/\\\/www.sunnyplants.com\\\/fr\\\/shop\\\/mini-pots-en-argile-fait-main-plantes-succulentes#primaryimage\"},\"image\":{\"@id\":\"https:\\\/\\\/www.sunnyplants.com\\\/fr\\\/shop\\\/mini-pots-en-argile-fait-main-plantes-succulentes#primaryimage\"},\"thumbnailUrl\":\"https:\\\/\\\/www.sunnyplants.com\\\/wp-content\\\/uploads\\\/succulent-pots-4.jpg\",\"datePublished\":\"2019-11-22T14:19:30+00:00\",\"dateModified\":\"2024-03-06T16:24:16+00:00\",\"description\":\"Mini pots en argile faits \u00e0 la main sp\u00e9cialement con\u00e7us pour les plantes Succulentes et les Cactus. Les pots ont des trous de drainage et sont disponibles en diff\u00e9rentes couleurs et formes.\",\"breadcrumb\":{\"@id\":\"https:\\\/\\\/www.sunnyplants.com\\\/fr\\\/shop\\\/mini-pots-en-argile-fait-main-plantes-succulentes#breadcrumb\"},\"inLanguage\":\"fr-FR\",\"potentialAction\":[{\"@type\":\"ReadAction\",\"target\":[\"https:\\\/\\\/www.sunnyplants.com\\\/fr\\\/shop\\\/mini-pots-en-argile-fait-main-plantes-succulentes\"]}]},{\"@type\":\"ImageObject\",\"inLanguage\":\"fr-FR\",\"@id\":\"https:\\\/\\\/www.sunnyplants.com\\\/fr\\\/shop\\\/mini-pots-en-argile-fait-main-plantes-succulentes#primaryimage\",\"url\":\"https:\\\/\\\/www.sunnyplants.com\\\/wp-content\\\/uploads\\\/succulent-pots-4.jpg\",\"contentUrl\":\"https:\\\/\\\/www.sunnyplants.com\\\/wp-content\\\/uploads\\\/succulent-pots-4.jpg\",\"width\":900,\"height\":900},{\"@type\":\"BreadcrumbList\",\"@id\":\"https:\\\/\\\/www.sunnyplants.com\\\/fr\\\/shop\\\/mini-pots-en-argile-fait-main-plantes-succulentes#breadcrumb\",\"itemListElement\":[{\"@type\":\"ListItem\",\"position\":1,\"name\":\"Home\",\"item\":\"https:\\\/\\\/www.sunnyplants.com\\\/fr\\\/sunnyplants-fr\"},{\"@type\":\"ListItem\",\"position\":2,\"name\":\"Boutique\",\"item\":\"https:\\\/\\\/www.sunnyplants.com\\\/fr\\\/boutique\"},{\"@type\":\"ListItem\",\"position\":3,\"name\":\"Mini Pots en Argile Faits \u00e0 la Main pour Plantes Succulentes\"}]},{\"@type\":\"WebSite\",\"@id\":\"https:\\\/\\\/www.sunnyplants.com\\\/fr#website\",\"url\":\"https:\\\/\\\/www.sunnyplants.com\\\/fr\",\"name\":\"Sunnyplants.com\",\"description\":\"Lithops, Conophytums and other Mesembs &amp; Succulents\",\"potentialAction\":[{\"@type\":\"SearchAction\",\"target\":{\"@type\":\"EntryPoint\",\"urlTemplate\":\"https:\\\/\\\/www.sunnyplants.com\\\/fr?s={search_term_string}\"},\"query-input\":{\"@type\":\"PropertyValueSpecification\",\"valueRequired\":true,\"valueName\":\"search_term_string\"}}],\"inLanguage\":\"fr-FR\"}]}<\/script>\n<!-- \/ Yoast SEO plugin. -->","yoast_head_json":{"title":"Mini Pots en Argile Faits \u00e0 la Main pour Plantes Succulentes - Sunnyplants.com","description":"Mini pots en argile faits \u00e0 la main sp\u00e9cialement con\u00e7us pour les plantes Succulentes et les Cactus. Les pots ont des trous de drainage et sont disponibles en diff\u00e9rentes couleurs et formes.","robots":{"index":"index","follow":"follow","max-snippet":"max-snippet:-1","max-image-preview":"max-image-preview:large","max-video-preview":"max-video-preview:-1"},"canonical":"https:\/\/www.sunnyplants.com\/fr\/shop\/mini-pots-en-argile-fait-main-plantes-succulentes","og_locale":"fr_FR","og_type":"article","og_title":"Mini Pots en Argile Faits \u00e0 la Main pour Plantes Succulentes - Sunnyplants.com","og_description":"Mini pots en argile faits \u00e0 la main sp\u00e9cialement con\u00e7us pour les plantes Succulentes et les Cactus. Les pots ont des trous de drainage et sont disponibles en diff\u00e9rentes couleurs et formes.","og_url":"https:\/\/www.sunnyplants.com\/fr\/shop\/mini-pots-en-argile-fait-main-plantes-succulentes","og_site_name":"Sunnyplants.com","article_publisher":"https:\/\/nl-nl.facebook.com\/pages\/category\/Internet-Company\/Sunnyplantscom-1835401900058481\/","article_modified_time":"2024-03-06T16:24:16+00:00","og_image":[{"width":900,"height":900,"url":"https:\/\/www.sunnyplants.com\/wp-content\/uploads\/succulent-pots-4.jpg","type":"image\/jpeg"}],"twitter_card":"summary_large_image","twitter_misc":{"Dur\u00e9e de lecture estim\u00e9e":"1 minute"},"schema":{"@context":"https:\/\/schema.org","@graph":[{"@type":"WebPage","@id":"https:\/\/www.sunnyplants.com\/fr\/shop\/mini-pots-en-argile-fait-main-plantes-succulentes","url":"https:\/\/www.sunnyplants.com\/fr\/shop\/mini-pots-en-argile-fait-main-plantes-succulentes","name":"Mini Pots en Argile Faits \u00e0 la Main pour Plantes Succulentes - Sunnyplants.com","isPartOf":{"@id":"https:\/\/www.sunnyplants.com\/fr#website"},"primaryImageOfPage":{"@id":"https:\/\/www.sunnyplants.com\/fr\/shop\/mini-pots-en-argile-fait-main-plantes-succulentes#primaryimage"},"image":{"@id":"https:\/\/www.sunnyplants.com\/fr\/shop\/mini-pots-en-argile-fait-main-plantes-succulentes#primaryimage"},"thumbnailUrl":"https:\/\/www.sunnyplants.com\/wp-content\/uploads\/succulent-pots-4.jpg","datePublished":"2019-11-22T14:19:30+00:00","dateModified":"2024-03-06T16:24:16+00:00","description":"Mini pots en argile faits \u00e0 la main sp\u00e9cialement con\u00e7us pour les plantes Succulentes et les Cactus. Les pots ont des trous de drainage et sont disponibles en diff\u00e9rentes couleurs et formes.","breadcrumb":{"@id":"https:\/\/www.sunnyplants.com\/fr\/shop\/mini-pots-en-argile-fait-main-plantes-succulentes#breadcrumb"},"inLanguage":"fr-FR","potentialAction":[{"@type":"ReadAction","target":["https:\/\/www.sunnyplants.com\/fr\/shop\/mini-pots-en-argile-fait-main-plantes-succulentes"]}]},{"@type":"ImageObject","inLanguage":"fr-FR","@id":"https:\/\/www.sunnyplants.com\/fr\/shop\/mini-pots-en-argile-fait-main-plantes-succulentes#primaryimage","url":"https:\/\/www.sunnyplants.com\/wp-content\/uploads\/succulent-pots-4.jpg","contentUrl":"https:\/\/www.sunnyplants.com\/wp-content\/uploads\/succulent-pots-4.jpg","width":900,"height":900},{"@type":"BreadcrumbList","@id":"https:\/\/www.sunnyplants.com\/fr\/shop\/mini-pots-en-argile-fait-main-plantes-succulentes#breadcrumb","itemListElement":[{"@type":"ListItem","position":1,"name":"Home","item":"https:\/\/www.sunnyplants.com\/fr\/sunnyplants-fr"},{"@type":"ListItem","position":2,"name":"Boutique","item":"https:\/\/www.sunnyplants.com\/fr\/boutique"},{"@type":"ListItem","position":3,"name":"Mini Pots en Argile Faits \u00e0 la Main pour Plantes Succulentes"}]},{"@type":"WebSite","@id":"https:\/\/www.sunnyplants.com\/fr#website","url":"https:\/\/www.sunnyplants.com\/fr","name":"Sunnyplants.com","description":"Lithops, Conophytums and other Mesembs &amp; Succulents","potentialAction":[{"@type":"SearchAction","target":{"@type":"EntryPoint","urlTemplate":"https:\/\/www.sunnyplants.com\/fr?s={search_term_string}"},"query-input":{"@type":"PropertyValueSpecification","valueRequired":true,"valueName":"search_term_string"}}],"inLanguage":"fr-FR"}]}},"jetpack_sharing_enabled":true,"_links":{"self":[{"href":"https:\/\/www.sunnyplants.com\/fr\/wp-json\/wp\/v2\/product\/21537","targetHints":{"allow":["GET"]}}],"collection":[{"href":"https:\/\/www.sunnyplants.com\/fr\/wp-json\/wp\/v2\/product"}],"about":[{"href":"https:\/\/www.sunnyplants.com\/fr\/wp-json\/wp\/v2\/types\/product"}],"replies":[{"embeddable":true,"href":"https:\/\/www.sunnyplants.com\/fr\/wp-json\/wp\/v2\/comments?post=21537"}],"wp:featuredmedia":[{"embeddable":true,"href":"https:\/\/www.sunnyplants.com\/fr\/wp-json\/wp\/v2\/media\/21421"}],"wp:attachment":[{"href":"https:\/\/www.sunnyplants.com\/fr\/wp-json\/wp\/v2\/media?parent=21537"}],"wp:term":[{"taxonomy":"product_brand","embeddable":true,"href":"https:\/\/www.sunnyplants.com\/fr\/wp-json\/wp\/v2\/product_brand?post=21537"},{"taxonomy":"product_cat","embeddable":true,"href":"https:\/\/www.sunnyplants.com\/fr\/wp-json\/wp\/v2\/product_cat?post=21537"},{"taxonomy":"product_tag","embeddable":true,"href":"https:\/\/www.sunnyplants.com\/fr\/wp-json\/wp\/v2\/product_tag?post=21537"}],"curies":[{"name":"wp","href":"https:\/\/api.w.org\/{rel}","templated":true}]}}