{"id":25217,"date":"2020-05-07T07:23:18","date_gmt":"2020-05-07T07:23:19","guid":{"rendered":"https:\/\/www.sunnyplants.com\/?post_type=product&#038;p=25217"},"modified":"2024-10-11T18:06:09","modified_gmt":"2024-10-11T18:06:09","slug":"sol-germination-graines-cactus-succulentes","status":"publish","type":"product","link":"https:\/\/www.sunnyplants.com\/fr\/shop\/sol-germination-graines-cactus-succulentes","title":{"rendered":"Sol de Germination de Graines Cactus et Succulentes (500 ml)"},"content":{"rendered":"<p>Sol de Germination de Graines Cactus et Succulentes (500 ml) \u00e0 vendre.<\/p>\n","protected":false},"excerpt":{"rendered":"<p>Notre sol de germination de graines cactus et succulentes a une structure de particules tr\u00e8s fines. Cela le rend tr\u00e8s appropri\u00e9 pour la germination des graines. Notre m\u00e9thode avec de tr\u00e8s petites graines est de remplir un r\u00e9cipient avec cette terre. Ajoutez ensuite une fine couche sup\u00e9rieure de <a href=\"https:\/\/www.sunnyplants.com\/fr\/shop\/pierre-ponce-bims\">Bims (pierre ponce)<\/a>. R\u00e9partissez les graines sur les Bims et lavez-les avec de l&rsquo;eau.<\/p>\n","protected":false},"featured_media":25221,"comment_status":"open","ping_status":"closed","template":"","meta":[],"product_brand":[],"product_cat":[1362,1365],"product_tag":[],"class_list":{"0":"post-25217","1":"product","2":"type-product","3":"status-publish","4":"has-post-thumbnail","6":"product_cat-accessoires","7":"product_cat-terreaux-nutrition","8":"product_shipping_class-soil-fr","9":"pa_quantity-500-ml-fr","11":"first","12":"instock","13":"taxable","14":"shipping-taxable","15":"purchasable","16":"product-type-simple"},"yoast_head":"<!-- This site is optimized with the Yoast SEO plugin v27.4 - https:\/\/yoast.com\/product\/yoast-seo-wordpress\/ -->\n<title>Sol de Germination de Graines Cactus et Succulentes (500 ml) - Sunnyplants.com<\/title>\n<meta name=\"description\" content=\"Notre sol de germination de graines cactus et succulentes a une structure de particules tr\u00e8s fines. Cela le rend tr\u00e8s appropri\u00e9 pour la germination des graines. Notre m\u00e9thode avec de tr\u00e8s petites graines est de remplir un r\u00e9cipient avec cette terre. Ajoutez ensuite une fine couche sup\u00e9rieure de Bims (pierre ponce). R\u00e9partissez les graines sur les Bims et lavez-les avec de l&#039;eau.\" \/>\n<meta name=\"robots\" content=\"index, follow, max-snippet:-1, max-image-preview:large, max-video-preview:-1\" \/>\n<link rel=\"canonical\" href=\"https:\/\/www.sunnyplants.com\/fr\/shop\/sol-germination-graines-cactus-succulentes\" \/>\n<meta property=\"og:locale\" content=\"fr_FR\" \/>\n<meta property=\"og:type\" content=\"article\" \/>\n<meta property=\"og:title\" content=\"Sol de Germination de Graines Cactus et Succulentes (500 ml) - Sunnyplants.com\" \/>\n<meta property=\"og:description\" content=\"Notre sol de germination de graines cactus et succulentes a une structure de particules tr\u00e8s fines. Cela le rend tr\u00e8s appropri\u00e9 pour la germination des graines. Notre m\u00e9thode avec de tr\u00e8s petites graines est de remplir un r\u00e9cipient avec cette terre. Ajoutez ensuite une fine couche sup\u00e9rieure de Bims (pierre ponce). R\u00e9partissez les graines sur les Bims et lavez-les avec de l&#039;eau.\" \/>\n<meta property=\"og:url\" content=\"https:\/\/www.sunnyplants.com\/fr\/shop\/sol-germination-graines-cactus-succulentes\" \/>\n<meta property=\"og:site_name\" content=\"Sunnyplants.com\" \/>\n<meta property=\"article:publisher\" content=\"https:\/\/nl-nl.facebook.com\/pages\/category\/Internet-Company\/Sunnyplantscom-1835401900058481\/\" \/>\n<meta property=\"article:modified_time\" content=\"2024-10-11T18:06:09+00:00\" \/>\n<meta property=\"og:image\" content=\"https:\/\/www.sunnyplants.com\/wp-content\/uploads\/cactus-succulent-seed-germination-soil.jpg\" \/>\n\t<meta property=\"og:image:width\" content=\"900\" \/>\n\t<meta property=\"og:image:height\" content=\"900\" \/>\n\t<meta property=\"og:image:type\" content=\"image\/jpeg\" \/>\n<meta name=\"twitter:card\" content=\"summary_large_image\" \/>\n<script type=\"application\/ld+json\" class=\"yoast-schema-graph\">{\"@context\":\"https:\\\/\\\/schema.org\",\"@graph\":[{\"@type\":\"WebPage\",\"@id\":\"https:\\\/\\\/www.sunnyplants.com\\\/fr\\\/shop\\\/sol-germination-graines-cactus-succulentes\",\"url\":\"https:\\\/\\\/www.sunnyplants.com\\\/fr\\\/shop\\\/sol-germination-graines-cactus-succulentes\",\"name\":\"Sol de Germination de Graines Cactus et Succulentes (500 ml) - Sunnyplants.com\",\"isPartOf\":{\"@id\":\"https:\\\/\\\/www.sunnyplants.com\\\/fr#website\"},\"primaryImageOfPage\":{\"@id\":\"https:\\\/\\\/www.sunnyplants.com\\\/fr\\\/shop\\\/sol-germination-graines-cactus-succulentes#primaryimage\"},\"image\":{\"@id\":\"https:\\\/\\\/www.sunnyplants.com\\\/fr\\\/shop\\\/sol-germination-graines-cactus-succulentes#primaryimage\"},\"thumbnailUrl\":\"https:\\\/\\\/www.sunnyplants.com\\\/wp-content\\\/uploads\\\/cactus-succulent-seed-germination-soil.jpg\",\"datePublished\":\"2020-05-07T07:23:19+00:00\",\"dateModified\":\"2024-10-11T18:06:09+00:00\",\"description\":\"Notre sol de germination de graines cactus et succulentes a une structure de particules tr\u00e8s fines. Cela le rend tr\u00e8s appropri\u00e9 pour la germination des graines. Notre m\u00e9thode avec de tr\u00e8s petites graines est de remplir un r\u00e9cipient avec cette terre. Ajoutez ensuite une fine couche sup\u00e9rieure de Bims (pierre ponce). R\u00e9partissez les graines sur les Bims et lavez-les avec de l'eau.\",\"breadcrumb\":{\"@id\":\"https:\\\/\\\/www.sunnyplants.com\\\/fr\\\/shop\\\/sol-germination-graines-cactus-succulentes#breadcrumb\"},\"inLanguage\":\"fr-FR\",\"potentialAction\":[{\"@type\":\"ReadAction\",\"target\":[\"https:\\\/\\\/www.sunnyplants.com\\\/fr\\\/shop\\\/sol-germination-graines-cactus-succulentes\"]}]},{\"@type\":\"ImageObject\",\"inLanguage\":\"fr-FR\",\"@id\":\"https:\\\/\\\/www.sunnyplants.com\\\/fr\\\/shop\\\/sol-germination-graines-cactus-succulentes#primaryimage\",\"url\":\"https:\\\/\\\/www.sunnyplants.com\\\/wp-content\\\/uploads\\\/cactus-succulent-seed-germination-soil.jpg\",\"contentUrl\":\"https:\\\/\\\/www.sunnyplants.com\\\/wp-content\\\/uploads\\\/cactus-succulent-seed-germination-soil.jpg\",\"width\":900,\"height\":900},{\"@type\":\"BreadcrumbList\",\"@id\":\"https:\\\/\\\/www.sunnyplants.com\\\/fr\\\/shop\\\/sol-germination-graines-cactus-succulentes#breadcrumb\",\"itemListElement\":[{\"@type\":\"ListItem\",\"position\":1,\"name\":\"Home\",\"item\":\"https:\\\/\\\/www.sunnyplants.com\\\/fr\\\/sunnyplants-fr\"},{\"@type\":\"ListItem\",\"position\":2,\"name\":\"Boutique\",\"item\":\"https:\\\/\\\/www.sunnyplants.com\\\/fr\\\/boutique\"},{\"@type\":\"ListItem\",\"position\":3,\"name\":\"Sol de Germination de Graines Cactus et Succulentes (500 ml)\"}]},{\"@type\":\"WebSite\",\"@id\":\"https:\\\/\\\/www.sunnyplants.com\\\/fr#website\",\"url\":\"https:\\\/\\\/www.sunnyplants.com\\\/fr\",\"name\":\"Sunnyplants.com\",\"description\":\"Lithops, Conophytums and other Mesembs &amp; Succulents\",\"potentialAction\":[{\"@type\":\"SearchAction\",\"target\":{\"@type\":\"EntryPoint\",\"urlTemplate\":\"https:\\\/\\\/www.sunnyplants.com\\\/fr?s={search_term_string}\"},\"query-input\":{\"@type\":\"PropertyValueSpecification\",\"valueRequired\":true,\"valueName\":\"search_term_string\"}}],\"inLanguage\":\"fr-FR\"}]}<\/script>\n<!-- \/ Yoast SEO plugin. -->","yoast_head_json":{"title":"Sol de Germination de Graines Cactus et Succulentes (500 ml) - Sunnyplants.com","description":"Notre sol de germination de graines cactus et succulentes a une structure de particules tr\u00e8s fines. Cela le rend tr\u00e8s appropri\u00e9 pour la germination des graines. Notre m\u00e9thode avec de tr\u00e8s petites graines est de remplir un r\u00e9cipient avec cette terre. Ajoutez ensuite une fine couche sup\u00e9rieure de Bims (pierre ponce). R\u00e9partissez les graines sur les Bims et lavez-les avec de l'eau.","robots":{"index":"index","follow":"follow","max-snippet":"max-snippet:-1","max-image-preview":"max-image-preview:large","max-video-preview":"max-video-preview:-1"},"canonical":"https:\/\/www.sunnyplants.com\/fr\/shop\/sol-germination-graines-cactus-succulentes","og_locale":"fr_FR","og_type":"article","og_title":"Sol de Germination de Graines Cactus et Succulentes (500 ml) - Sunnyplants.com","og_description":"Notre sol de germination de graines cactus et succulentes a une structure de particules tr\u00e8s fines. Cela le rend tr\u00e8s appropri\u00e9 pour la germination des graines. Notre m\u00e9thode avec de tr\u00e8s petites graines est de remplir un r\u00e9cipient avec cette terre. Ajoutez ensuite une fine couche sup\u00e9rieure de Bims (pierre ponce). R\u00e9partissez les graines sur les Bims et lavez-les avec de l'eau.","og_url":"https:\/\/www.sunnyplants.com\/fr\/shop\/sol-germination-graines-cactus-succulentes","og_site_name":"Sunnyplants.com","article_publisher":"https:\/\/nl-nl.facebook.com\/pages\/category\/Internet-Company\/Sunnyplantscom-1835401900058481\/","article_modified_time":"2024-10-11T18:06:09+00:00","og_image":[{"width":900,"height":900,"url":"https:\/\/www.sunnyplants.com\/wp-content\/uploads\/cactus-succulent-seed-germination-soil.jpg","type":"image\/jpeg"}],"twitter_card":"summary_large_image","schema":{"@context":"https:\/\/schema.org","@graph":[{"@type":"WebPage","@id":"https:\/\/www.sunnyplants.com\/fr\/shop\/sol-germination-graines-cactus-succulentes","url":"https:\/\/www.sunnyplants.com\/fr\/shop\/sol-germination-graines-cactus-succulentes","name":"Sol de Germination de Graines Cactus et Succulentes (500 ml) - Sunnyplants.com","isPartOf":{"@id":"https:\/\/www.sunnyplants.com\/fr#website"},"primaryImageOfPage":{"@id":"https:\/\/www.sunnyplants.com\/fr\/shop\/sol-germination-graines-cactus-succulentes#primaryimage"},"image":{"@id":"https:\/\/www.sunnyplants.com\/fr\/shop\/sol-germination-graines-cactus-succulentes#primaryimage"},"thumbnailUrl":"https:\/\/www.sunnyplants.com\/wp-content\/uploads\/cactus-succulent-seed-germination-soil.jpg","datePublished":"2020-05-07T07:23:19+00:00","dateModified":"2024-10-11T18:06:09+00:00","description":"Notre sol de germination de graines cactus et succulentes a une structure de particules tr\u00e8s fines. Cela le rend tr\u00e8s appropri\u00e9 pour la germination des graines. Notre m\u00e9thode avec de tr\u00e8s petites graines est de remplir un r\u00e9cipient avec cette terre. Ajoutez ensuite une fine couche sup\u00e9rieure de Bims (pierre ponce). R\u00e9partissez les graines sur les Bims et lavez-les avec de l'eau.","breadcrumb":{"@id":"https:\/\/www.sunnyplants.com\/fr\/shop\/sol-germination-graines-cactus-succulentes#breadcrumb"},"inLanguage":"fr-FR","potentialAction":[{"@type":"ReadAction","target":["https:\/\/www.sunnyplants.com\/fr\/shop\/sol-germination-graines-cactus-succulentes"]}]},{"@type":"ImageObject","inLanguage":"fr-FR","@id":"https:\/\/www.sunnyplants.com\/fr\/shop\/sol-germination-graines-cactus-succulentes#primaryimage","url":"https:\/\/www.sunnyplants.com\/wp-content\/uploads\/cactus-succulent-seed-germination-soil.jpg","contentUrl":"https:\/\/www.sunnyplants.com\/wp-content\/uploads\/cactus-succulent-seed-germination-soil.jpg","width":900,"height":900},{"@type":"BreadcrumbList","@id":"https:\/\/www.sunnyplants.com\/fr\/shop\/sol-germination-graines-cactus-succulentes#breadcrumb","itemListElement":[{"@type":"ListItem","position":1,"name":"Home","item":"https:\/\/www.sunnyplants.com\/fr\/sunnyplants-fr"},{"@type":"ListItem","position":2,"name":"Boutique","item":"https:\/\/www.sunnyplants.com\/fr\/boutique"},{"@type":"ListItem","position":3,"name":"Sol de Germination de Graines Cactus et Succulentes (500 ml)"}]},{"@type":"WebSite","@id":"https:\/\/www.sunnyplants.com\/fr#website","url":"https:\/\/www.sunnyplants.com\/fr","name":"Sunnyplants.com","description":"Lithops, Conophytums and other Mesembs &amp; Succulents","potentialAction":[{"@type":"SearchAction","target":{"@type":"EntryPoint","urlTemplate":"https:\/\/www.sunnyplants.com\/fr?s={search_term_string}"},"query-input":{"@type":"PropertyValueSpecification","valueRequired":true,"valueName":"search_term_string"}}],"inLanguage":"fr-FR"}]}},"jetpack_sharing_enabled":true,"_links":{"self":[{"href":"https:\/\/www.sunnyplants.com\/fr\/wp-json\/wp\/v2\/product\/25217","targetHints":{"allow":["GET"]}}],"collection":[{"href":"https:\/\/www.sunnyplants.com\/fr\/wp-json\/wp\/v2\/product"}],"about":[{"href":"https:\/\/www.sunnyplants.com\/fr\/wp-json\/wp\/v2\/types\/product"}],"replies":[{"embeddable":true,"href":"https:\/\/www.sunnyplants.com\/fr\/wp-json\/wp\/v2\/comments?post=25217"}],"wp:featuredmedia":[{"embeddable":true,"href":"https:\/\/www.sunnyplants.com\/fr\/wp-json\/wp\/v2\/media\/25221"}],"wp:attachment":[{"href":"https:\/\/www.sunnyplants.com\/fr\/wp-json\/wp\/v2\/media?parent=25217"}],"wp:term":[{"taxonomy":"product_brand","embeddable":true,"href":"https:\/\/www.sunnyplants.com\/fr\/wp-json\/wp\/v2\/product_brand?post=25217"},{"taxonomy":"product_cat","embeddable":true,"href":"https:\/\/www.sunnyplants.com\/fr\/wp-json\/wp\/v2\/product_cat?post=25217"},{"taxonomy":"product_tag","embeddable":true,"href":"https:\/\/www.sunnyplants.com\/fr\/wp-json\/wp\/v2\/product_tag?post=25217"}],"curies":[{"name":"wp","href":"https:\/\/api.w.org\/{rel}","templated":true}]}}