{"id":27113,"date":"2020-07-20T08:00:58","date_gmt":"2020-07-20T08:00:59","guid":{"rendered":"https:\/\/www.sunnyplants.com\/?post_type=product&#038;p=27113"},"modified":"2023-02-21T19:48:55","modified_gmt":"2023-02-21T19:48:55","slug":"moonstones-pack-boutures","status":"publish","type":"product","link":"https:\/\/www.sunnyplants.com\/fr\/shop\/moonstones-pack-boutures","title":{"rendered":"Moonstones Pack &#8211; 3 Boutures"},"content":{"rendered":"<p>Beau et facile \u00e0 cultiver. Ces boutures Moonstones sont un bon ajout \u00e0 chaque collection de Succulent. Convient aux d\u00e9butants et aux amateurs de plantes succulentes plus avanc\u00e9s.<\/p>\n<h2>Entretien des Boutures Moonstone<\/h2>\n<p>Lorsque vous recevez vos boutures de Moonstones, laissez-les s\u00e9cher pendant 3 \u00e0 4 jours dans un endroit l\u00e9g\u00e8rement ombrag\u00e9. Certaines plantes Moonstones seront fra\u00eechement coup\u00e9es et les plaies doivent cicatriser. Placez-les dans un sol sec additionn\u00e9 de pierre ponce pour faciliter le drainage ou utilisez notre <a href=\"https:\/\/www.sunnyplants.com\/fr\/shop\/terreau-pour-cactus-et-plantes-succulentes\">m\u00e9lange de sol professionnel succulent<\/a>. Assurez-vous que vous utilisez des pots et des jardini\u00e8res avec des trous afin que l&rsquo;exc\u00e8s d&rsquo;eau puisse s&rsquo;\u00e9chapper. Commencez \u00e0 les arroser soigneusement apr\u00e8s 2-3 semaines, lorsque les racines se forment. Laissez le sol s\u00e9cher compl\u00e8tement entre les arrosages. Donner de l&rsquo;eau toutes les deux semaines devrait normalement aller.<\/p>\n<p>Vous pouvez emmener vos plantes Moonstones \u00e0 l&rsquo;ext\u00e9rieur en \u00e9t\u00e9. Ici aux Pays-Bas, nous les pla\u00e7ons \u00e0 l&rsquo;ext\u00e9rieur de Juni jusqu&rsquo;au d\u00e9but du mois de septembre. Assurez-vous de les rentrer quand il fait froid ou quand il pleut beaucoup. Ils pr\u00e9f\u00e8rent des temp\u00e9ratures minimales de 10-12 \u00b0 C. Ils ne peuvent pas supporter le gel.<\/p>\n","protected":false},"excerpt":{"rendered":"<p>Vous obtiendrez 3 boutures diff\u00e9rentes de Moonstones de diff\u00e9rentes tailles et couleurs. Ces boutures succulentes sont choisies au hasard par nos soins et viennent sans \u00e9tiquette. Ils sont soigneusement emball\u00e9s dans du papier de soie. Les boutures succulentes ne sont pas enracin\u00e9es, mais nous vous enverrons des plantes succulentes lorsqu&rsquo;elles sont disponibles. L&rsquo;enracinement est facile et prend g\u00e9n\u00e9ralement 2-3 semaines.<\/p>\n","protected":false},"featured_media":27117,"comment_status":"open","ping_status":"closed","template":"","meta":[],"product_brand":[],"product_cat":[279,329,290],"product_tag":[832],"class_list":{"0":"post-27113","1":"product","2":"type-product","3":"status-publish","4":"has-post-thumbnail","6":"product_cat-boutures","7":"product_cat-boutures-succulentes","8":"product_cat-collections-fr","9":"product_tag-plantes-dinterieur","10":"product_shipping_class-plants-collections-fr","11":"pa_product-type-boutures-de-tiges","12":"pa_quantity-3-boutures","13":"pa_size-3-6-cm-fr","15":"first","16":"outofstock","17":"taxable","18":"shipping-taxable","19":"purchasable","20":"product-type-simple"},"yoast_head":"<!-- This site is optimized with the Yoast SEO plugin v27.4 - https:\/\/yoast.com\/product\/yoast-seo-wordpress\/ -->\n<title>Moonstones Pack - 3 Boutures - Sunnyplants.com<\/title>\n<meta name=\"description\" content=\"Vous obtiendrez 3 boutures diff\u00e9rentes de Moonstones de diff\u00e9rentes tailles et couleurs. Ces boutures succulentes sont choisies au hasard par nos soins et viennent sans \u00e9tiquette. Ils sont soigneusement emball\u00e9s dans du papier de soie. Les boutures succulentes ne sont pas enracin\u00e9es, mais nous vous enverrons des plantes succulentes lorsqu&#039;elles sont disponibles. L&#039;enracinement est facile et prend g\u00e9n\u00e9ralement 2-3 semaines.\" \/>\n<meta name=\"robots\" content=\"index, follow, max-snippet:-1, max-image-preview:large, max-video-preview:-1\" \/>\n<link rel=\"canonical\" href=\"https:\/\/www.sunnyplants.com\/fr\/shop\/moonstones-pack-boutures\" \/>\n<meta property=\"og:locale\" content=\"fr_FR\" \/>\n<meta property=\"og:type\" content=\"article\" \/>\n<meta property=\"og:title\" content=\"Moonstones Pack - 3 Boutures - Sunnyplants.com\" \/>\n<meta property=\"og:description\" content=\"Vous obtiendrez 3 boutures diff\u00e9rentes de Moonstones de diff\u00e9rentes tailles et couleurs. Ces boutures succulentes sont choisies au hasard par nos soins et viennent sans \u00e9tiquette. Ils sont soigneusement emball\u00e9s dans du papier de soie. Les boutures succulentes ne sont pas enracin\u00e9es, mais nous vous enverrons des plantes succulentes lorsqu&#039;elles sont disponibles. L&#039;enracinement est facile et prend g\u00e9n\u00e9ralement 2-3 semaines.\" \/>\n<meta property=\"og:url\" content=\"https:\/\/www.sunnyplants.com\/fr\/shop\/moonstones-pack-boutures\" \/>\n<meta property=\"og:site_name\" content=\"Sunnyplants.com\" \/>\n<meta property=\"article:publisher\" content=\"https:\/\/nl-nl.facebook.com\/pages\/category\/Internet-Company\/Sunnyplantscom-1835401900058481\/\" \/>\n<meta property=\"article:modified_time\" content=\"2023-02-21T19:48:55+00:00\" \/>\n<meta property=\"og:image\" content=\"https:\/\/www.sunnyplants.com\/wp-content\/uploads\/Moonstone-pack.jpg\" \/>\n\t<meta property=\"og:image:width\" content=\"900\" \/>\n\t<meta property=\"og:image:height\" content=\"900\" \/>\n\t<meta property=\"og:image:type\" content=\"image\/jpeg\" \/>\n<meta name=\"twitter:card\" content=\"summary_large_image\" \/>\n<meta name=\"twitter:label1\" content=\"Dur\u00e9e de lecture estim\u00e9e\" \/>\n\t<meta name=\"twitter:data1\" content=\"1 minute\" \/>\n<script type=\"application\/ld+json\" class=\"yoast-schema-graph\">{\"@context\":\"https:\\\/\\\/schema.org\",\"@graph\":[{\"@type\":\"WebPage\",\"@id\":\"https:\\\/\\\/www.sunnyplants.com\\\/fr\\\/shop\\\/moonstones-pack-boutures\",\"url\":\"https:\\\/\\\/www.sunnyplants.com\\\/fr\\\/shop\\\/moonstones-pack-boutures\",\"name\":\"Moonstones Pack - 3 Boutures - Sunnyplants.com\",\"isPartOf\":{\"@id\":\"https:\\\/\\\/www.sunnyplants.com\\\/fr#website\"},\"primaryImageOfPage\":{\"@id\":\"https:\\\/\\\/www.sunnyplants.com\\\/fr\\\/shop\\\/moonstones-pack-boutures#primaryimage\"},\"image\":{\"@id\":\"https:\\\/\\\/www.sunnyplants.com\\\/fr\\\/shop\\\/moonstones-pack-boutures#primaryimage\"},\"thumbnailUrl\":\"https:\\\/\\\/www.sunnyplants.com\\\/wp-content\\\/uploads\\\/Moonstone-pack.jpg\",\"datePublished\":\"2020-07-20T08:00:59+00:00\",\"dateModified\":\"2023-02-21T19:48:55+00:00\",\"description\":\"Vous obtiendrez 3 boutures diff\u00e9rentes de Moonstones de diff\u00e9rentes tailles et couleurs. Ces boutures succulentes sont choisies au hasard par nos soins et viennent sans \u00e9tiquette. Ils sont soigneusement emball\u00e9s dans du papier de soie. Les boutures succulentes ne sont pas enracin\u00e9es, mais nous vous enverrons des plantes succulentes lorsqu'elles sont disponibles. L'enracinement est facile et prend g\u00e9n\u00e9ralement 2-3 semaines.\",\"breadcrumb\":{\"@id\":\"https:\\\/\\\/www.sunnyplants.com\\\/fr\\\/shop\\\/moonstones-pack-boutures#breadcrumb\"},\"inLanguage\":\"fr-FR\",\"potentialAction\":[{\"@type\":\"ReadAction\",\"target\":[\"https:\\\/\\\/www.sunnyplants.com\\\/fr\\\/shop\\\/moonstones-pack-boutures\"]}]},{\"@type\":\"ImageObject\",\"inLanguage\":\"fr-FR\",\"@id\":\"https:\\\/\\\/www.sunnyplants.com\\\/fr\\\/shop\\\/moonstones-pack-boutures#primaryimage\",\"url\":\"https:\\\/\\\/www.sunnyplants.com\\\/wp-content\\\/uploads\\\/Moonstone-pack.jpg\",\"contentUrl\":\"https:\\\/\\\/www.sunnyplants.com\\\/wp-content\\\/uploads\\\/Moonstone-pack.jpg\",\"width\":900,\"height\":900},{\"@type\":\"BreadcrumbList\",\"@id\":\"https:\\\/\\\/www.sunnyplants.com\\\/fr\\\/shop\\\/moonstones-pack-boutures#breadcrumb\",\"itemListElement\":[{\"@type\":\"ListItem\",\"position\":1,\"name\":\"Home\",\"item\":\"https:\\\/\\\/www.sunnyplants.com\\\/fr\\\/sunnyplants-fr\"},{\"@type\":\"ListItem\",\"position\":2,\"name\":\"Boutique\",\"item\":\"https:\\\/\\\/www.sunnyplants.com\\\/fr\\\/boutique\"},{\"@type\":\"ListItem\",\"position\":3,\"name\":\"Moonstones Pack &#8211; 3 Boutures\"}]},{\"@type\":\"WebSite\",\"@id\":\"https:\\\/\\\/www.sunnyplants.com\\\/fr#website\",\"url\":\"https:\\\/\\\/www.sunnyplants.com\\\/fr\",\"name\":\"Sunnyplants.com\",\"description\":\"Lithops, Conophytums and other Mesembs &amp; Succulents\",\"potentialAction\":[{\"@type\":\"SearchAction\",\"target\":{\"@type\":\"EntryPoint\",\"urlTemplate\":\"https:\\\/\\\/www.sunnyplants.com\\\/fr?s={search_term_string}\"},\"query-input\":{\"@type\":\"PropertyValueSpecification\",\"valueRequired\":true,\"valueName\":\"search_term_string\"}}],\"inLanguage\":\"fr-FR\"}]}<\/script>\n<!-- \/ Yoast SEO plugin. -->","yoast_head_json":{"title":"Moonstones Pack - 3 Boutures - Sunnyplants.com","description":"Vous obtiendrez 3 boutures diff\u00e9rentes de Moonstones de diff\u00e9rentes tailles et couleurs. Ces boutures succulentes sont choisies au hasard par nos soins et viennent sans \u00e9tiquette. Ils sont soigneusement emball\u00e9s dans du papier de soie. Les boutures succulentes ne sont pas enracin\u00e9es, mais nous vous enverrons des plantes succulentes lorsqu'elles sont disponibles. L'enracinement est facile et prend g\u00e9n\u00e9ralement 2-3 semaines.","robots":{"index":"index","follow":"follow","max-snippet":"max-snippet:-1","max-image-preview":"max-image-preview:large","max-video-preview":"max-video-preview:-1"},"canonical":"https:\/\/www.sunnyplants.com\/fr\/shop\/moonstones-pack-boutures","og_locale":"fr_FR","og_type":"article","og_title":"Moonstones Pack - 3 Boutures - Sunnyplants.com","og_description":"Vous obtiendrez 3 boutures diff\u00e9rentes de Moonstones de diff\u00e9rentes tailles et couleurs. Ces boutures succulentes sont choisies au hasard par nos soins et viennent sans \u00e9tiquette. Ils sont soigneusement emball\u00e9s dans du papier de soie. Les boutures succulentes ne sont pas enracin\u00e9es, mais nous vous enverrons des plantes succulentes lorsqu'elles sont disponibles. L'enracinement est facile et prend g\u00e9n\u00e9ralement 2-3 semaines.","og_url":"https:\/\/www.sunnyplants.com\/fr\/shop\/moonstones-pack-boutures","og_site_name":"Sunnyplants.com","article_publisher":"https:\/\/nl-nl.facebook.com\/pages\/category\/Internet-Company\/Sunnyplantscom-1835401900058481\/","article_modified_time":"2023-02-21T19:48:55+00:00","og_image":[{"width":900,"height":900,"url":"https:\/\/www.sunnyplants.com\/wp-content\/uploads\/Moonstone-pack.jpg","type":"image\/jpeg"}],"twitter_card":"summary_large_image","twitter_misc":{"Dur\u00e9e de lecture estim\u00e9e":"1 minute"},"schema":{"@context":"https:\/\/schema.org","@graph":[{"@type":"WebPage","@id":"https:\/\/www.sunnyplants.com\/fr\/shop\/moonstones-pack-boutures","url":"https:\/\/www.sunnyplants.com\/fr\/shop\/moonstones-pack-boutures","name":"Moonstones Pack - 3 Boutures - Sunnyplants.com","isPartOf":{"@id":"https:\/\/www.sunnyplants.com\/fr#website"},"primaryImageOfPage":{"@id":"https:\/\/www.sunnyplants.com\/fr\/shop\/moonstones-pack-boutures#primaryimage"},"image":{"@id":"https:\/\/www.sunnyplants.com\/fr\/shop\/moonstones-pack-boutures#primaryimage"},"thumbnailUrl":"https:\/\/www.sunnyplants.com\/wp-content\/uploads\/Moonstone-pack.jpg","datePublished":"2020-07-20T08:00:59+00:00","dateModified":"2023-02-21T19:48:55+00:00","description":"Vous obtiendrez 3 boutures diff\u00e9rentes de Moonstones de diff\u00e9rentes tailles et couleurs. Ces boutures succulentes sont choisies au hasard par nos soins et viennent sans \u00e9tiquette. Ils sont soigneusement emball\u00e9s dans du papier de soie. Les boutures succulentes ne sont pas enracin\u00e9es, mais nous vous enverrons des plantes succulentes lorsqu'elles sont disponibles. L'enracinement est facile et prend g\u00e9n\u00e9ralement 2-3 semaines.","breadcrumb":{"@id":"https:\/\/www.sunnyplants.com\/fr\/shop\/moonstones-pack-boutures#breadcrumb"},"inLanguage":"fr-FR","potentialAction":[{"@type":"ReadAction","target":["https:\/\/www.sunnyplants.com\/fr\/shop\/moonstones-pack-boutures"]}]},{"@type":"ImageObject","inLanguage":"fr-FR","@id":"https:\/\/www.sunnyplants.com\/fr\/shop\/moonstones-pack-boutures#primaryimage","url":"https:\/\/www.sunnyplants.com\/wp-content\/uploads\/Moonstone-pack.jpg","contentUrl":"https:\/\/www.sunnyplants.com\/wp-content\/uploads\/Moonstone-pack.jpg","width":900,"height":900},{"@type":"BreadcrumbList","@id":"https:\/\/www.sunnyplants.com\/fr\/shop\/moonstones-pack-boutures#breadcrumb","itemListElement":[{"@type":"ListItem","position":1,"name":"Home","item":"https:\/\/www.sunnyplants.com\/fr\/sunnyplants-fr"},{"@type":"ListItem","position":2,"name":"Boutique","item":"https:\/\/www.sunnyplants.com\/fr\/boutique"},{"@type":"ListItem","position":3,"name":"Moonstones Pack &#8211; 3 Boutures"}]},{"@type":"WebSite","@id":"https:\/\/www.sunnyplants.com\/fr#website","url":"https:\/\/www.sunnyplants.com\/fr","name":"Sunnyplants.com","description":"Lithops, Conophytums and other Mesembs &amp; Succulents","potentialAction":[{"@type":"SearchAction","target":{"@type":"EntryPoint","urlTemplate":"https:\/\/www.sunnyplants.com\/fr?s={search_term_string}"},"query-input":{"@type":"PropertyValueSpecification","valueRequired":true,"valueName":"search_term_string"}}],"inLanguage":"fr-FR"}]}},"jetpack_sharing_enabled":true,"_links":{"self":[{"href":"https:\/\/www.sunnyplants.com\/fr\/wp-json\/wp\/v2\/product\/27113","targetHints":{"allow":["GET"]}}],"collection":[{"href":"https:\/\/www.sunnyplants.com\/fr\/wp-json\/wp\/v2\/product"}],"about":[{"href":"https:\/\/www.sunnyplants.com\/fr\/wp-json\/wp\/v2\/types\/product"}],"replies":[{"embeddable":true,"href":"https:\/\/www.sunnyplants.com\/fr\/wp-json\/wp\/v2\/comments?post=27113"}],"wp:featuredmedia":[{"embeddable":true,"href":"https:\/\/www.sunnyplants.com\/fr\/wp-json\/wp\/v2\/media\/27117"}],"wp:attachment":[{"href":"https:\/\/www.sunnyplants.com\/fr\/wp-json\/wp\/v2\/media?parent=27113"}],"wp:term":[{"taxonomy":"product_brand","embeddable":true,"href":"https:\/\/www.sunnyplants.com\/fr\/wp-json\/wp\/v2\/product_brand?post=27113"},{"taxonomy":"product_cat","embeddable":true,"href":"https:\/\/www.sunnyplants.com\/fr\/wp-json\/wp\/v2\/product_cat?post=27113"},{"taxonomy":"product_tag","embeddable":true,"href":"https:\/\/www.sunnyplants.com\/fr\/wp-json\/wp\/v2\/product_tag?post=27113"}],"curies":[{"name":"wp","href":"https:\/\/api.w.org\/{rel}","templated":true}]}}