{"id":28431,"date":"2020-12-26T12:26:27","date_gmt":"2020-10-02T12:26:28","guid":{"rendered":"https:\/\/www.sunnyplants.com\/?post_type=product&#038;p=28431"},"modified":"2023-05-02T18:49:14","modified_gmt":"2023-05-02T18:49:14","slug":"senecio-radicans-string-of-bananas-boutures","status":"publish","type":"product","link":"https:\/\/www.sunnyplants.com\/fr\/shop\/senecio-radicans-string-of-bananas-boutures","title":{"rendered":"Senecio radicans &#8211; String of Bananas &#8211; Boutures"},"content":{"rendered":"<p>Senecio radicans String of Bananas est une belle esp\u00e8ce de Senecio. Les feuilles ressemblent \u00e0 de petites bananes. Ces plantes poussent le plus activement au printemps et en automne lorsque les temp\u00e9ratures avoisinent les 15-20 \u00b0 C. C&rsquo;est l&rsquo;\u00e9t\u00e9 dormant.<\/p>\n","protected":false},"excerpt":{"rendered":"<p>Senecio radicans &#8211; String of Bananas &#8211; Est un Senecio tra\u00eenant. Les feuilles ressemblent \u00e0 de petites bananes.<\/p>\n","protected":false},"featured_media":29154,"comment_status":"open","ping_status":"closed","template":"","meta":[],"product_brand":[],"product_cat":[279,915,329],"product_tag":[842,855,832,833],"class_list":{"0":"post-28431","1":"product","2":"type-product","3":"status-publish","4":"has-post-thumbnail","6":"product_cat-boutures","7":"product_cat-boutures-senecio","8":"product_cat-boutures-succulentes","9":"product_tag-boutures","10":"product_tag-boutures-de-tiges","11":"product_tag-plantes-dinterieur","12":"product_tag-plantes-de-jungle","13":"product_shipping_class-cuttings-small-plants-fr","14":"pa_family-asteraceae-fr","15":"pa_leaf-color-vert","16":"pa_product-type-boutures-de-tiges","17":"pa_quantity-1-bouture-avec-racines","18":"pa_size-4-6-cm-fr","20":"first","21":"outofstock","22":"featured","23":"taxable","24":"shipping-taxable","25":"purchasable","26":"product-type-simple"},"yoast_head":"<!-- This site is optimized with the Yoast SEO plugin v27.4 - https:\/\/yoast.com\/product\/yoast-seo-wordpress\/ -->\n<title>Senecio radicans - String of Bananas - Boutures - Sunnyplants.com<\/title>\n<meta name=\"description\" content=\"Senecio radicans - String of Bananas - Est un Senecio tra\u00eenant. Les feuilles ressemblent \u00e0 de petites bananes.\" \/>\n<meta name=\"robots\" content=\"index, follow, max-snippet:-1, max-image-preview:large, max-video-preview:-1\" \/>\n<link rel=\"canonical\" href=\"https:\/\/www.sunnyplants.com\/fr\/shop\/senecio-radicans-string-of-bananas-boutures\" \/>\n<meta property=\"og:locale\" content=\"fr_FR\" \/>\n<meta property=\"og:type\" content=\"article\" \/>\n<meta property=\"og:title\" content=\"Senecio radicans - String of Bananas - Boutures - Sunnyplants.com\" \/>\n<meta property=\"og:description\" content=\"Senecio radicans - String of Bananas - Est un Senecio tra\u00eenant. Les feuilles ressemblent \u00e0 de petites bananes.\" \/>\n<meta property=\"og:url\" content=\"https:\/\/www.sunnyplants.com\/fr\/shop\/senecio-radicans-string-of-bananas-boutures\" \/>\n<meta property=\"og:site_name\" content=\"Sunnyplants.com\" \/>\n<meta property=\"article:publisher\" content=\"https:\/\/nl-nl.facebook.com\/pages\/category\/Internet-Company\/Sunnyplantscom-1835401900058481\/\" \/>\n<meta property=\"article:modified_time\" content=\"2023-05-02T18:49:14+00:00\" \/>\n<meta property=\"og:image\" content=\"https:\/\/www.sunnyplants.com\/wp-content\/uploads\/senecio-radicans-string-of-bananas-4.jpg\" \/>\n\t<meta property=\"og:image:width\" content=\"2063\" \/>\n\t<meta property=\"og:image:height\" content=\"2063\" \/>\n\t<meta property=\"og:image:type\" content=\"image\/jpeg\" \/>\n<meta name=\"twitter:card\" content=\"summary_large_image\" \/>\n<script type=\"application\/ld+json\" class=\"yoast-schema-graph\">{\"@context\":\"https:\\\/\\\/schema.org\",\"@graph\":[{\"@type\":\"WebPage\",\"@id\":\"https:\\\/\\\/www.sunnyplants.com\\\/fr\\\/shop\\\/senecio-radicans-string-of-bananas-boutures\",\"url\":\"https:\\\/\\\/www.sunnyplants.com\\\/fr\\\/shop\\\/senecio-radicans-string-of-bananas-boutures\",\"name\":\"Senecio radicans - String of Bananas - Boutures - Sunnyplants.com\",\"isPartOf\":{\"@id\":\"https:\\\/\\\/www.sunnyplants.com\\\/fr#website\"},\"primaryImageOfPage\":{\"@id\":\"https:\\\/\\\/www.sunnyplants.com\\\/fr\\\/shop\\\/senecio-radicans-string-of-bananas-boutures#primaryimage\"},\"image\":{\"@id\":\"https:\\\/\\\/www.sunnyplants.com\\\/fr\\\/shop\\\/senecio-radicans-string-of-bananas-boutures#primaryimage\"},\"thumbnailUrl\":\"https:\\\/\\\/www.sunnyplants.com\\\/wp-content\\\/uploads\\\/senecio-radicans-string-of-bananas-4.jpg\",\"datePublished\":\"2020-10-02T12:26:28+00:00\",\"dateModified\":\"2023-05-02T18:49:14+00:00\",\"description\":\"Senecio radicans - String of Bananas - Est un Senecio tra\u00eenant. Les feuilles ressemblent \u00e0 de petites bananes.\",\"breadcrumb\":{\"@id\":\"https:\\\/\\\/www.sunnyplants.com\\\/fr\\\/shop\\\/senecio-radicans-string-of-bananas-boutures#breadcrumb\"},\"inLanguage\":\"fr-FR\",\"potentialAction\":[{\"@type\":\"ReadAction\",\"target\":[\"https:\\\/\\\/www.sunnyplants.com\\\/fr\\\/shop\\\/senecio-radicans-string-of-bananas-boutures\"]}]},{\"@type\":\"ImageObject\",\"inLanguage\":\"fr-FR\",\"@id\":\"https:\\\/\\\/www.sunnyplants.com\\\/fr\\\/shop\\\/senecio-radicans-string-of-bananas-boutures#primaryimage\",\"url\":\"https:\\\/\\\/www.sunnyplants.com\\\/wp-content\\\/uploads\\\/senecio-radicans-string-of-bananas-4.jpg\",\"contentUrl\":\"https:\\\/\\\/www.sunnyplants.com\\\/wp-content\\\/uploads\\\/senecio-radicans-string-of-bananas-4.jpg\",\"width\":2063,\"height\":2063},{\"@type\":\"BreadcrumbList\",\"@id\":\"https:\\\/\\\/www.sunnyplants.com\\\/fr\\\/shop\\\/senecio-radicans-string-of-bananas-boutures#breadcrumb\",\"itemListElement\":[{\"@type\":\"ListItem\",\"position\":1,\"name\":\"Home\",\"item\":\"https:\\\/\\\/www.sunnyplants.com\\\/fr\\\/sunnyplants-fr\"},{\"@type\":\"ListItem\",\"position\":2,\"name\":\"Boutique\",\"item\":\"https:\\\/\\\/www.sunnyplants.com\\\/fr\\\/boutique\"},{\"@type\":\"ListItem\",\"position\":3,\"name\":\"Senecio radicans &#8211; String of Bananas &#8211; Boutures\"}]},{\"@type\":\"WebSite\",\"@id\":\"https:\\\/\\\/www.sunnyplants.com\\\/fr#website\",\"url\":\"https:\\\/\\\/www.sunnyplants.com\\\/fr\",\"name\":\"Sunnyplants.com\",\"description\":\"Lithops, Conophytums and other Mesembs &amp; Succulents\",\"potentialAction\":[{\"@type\":\"SearchAction\",\"target\":{\"@type\":\"EntryPoint\",\"urlTemplate\":\"https:\\\/\\\/www.sunnyplants.com\\\/fr?s={search_term_string}\"},\"query-input\":{\"@type\":\"PropertyValueSpecification\",\"valueRequired\":true,\"valueName\":\"search_term_string\"}}],\"inLanguage\":\"fr-FR\"}]}<\/script>\n<!-- \/ Yoast SEO plugin. -->","yoast_head_json":{"title":"Senecio radicans - String of Bananas - Boutures - Sunnyplants.com","description":"Senecio radicans - String of Bananas - Est un Senecio tra\u00eenant. Les feuilles ressemblent \u00e0 de petites bananes.","robots":{"index":"index","follow":"follow","max-snippet":"max-snippet:-1","max-image-preview":"max-image-preview:large","max-video-preview":"max-video-preview:-1"},"canonical":"https:\/\/www.sunnyplants.com\/fr\/shop\/senecio-radicans-string-of-bananas-boutures","og_locale":"fr_FR","og_type":"article","og_title":"Senecio radicans - String of Bananas - Boutures - Sunnyplants.com","og_description":"Senecio radicans - String of Bananas - Est un Senecio tra\u00eenant. Les feuilles ressemblent \u00e0 de petites bananes.","og_url":"https:\/\/www.sunnyplants.com\/fr\/shop\/senecio-radicans-string-of-bananas-boutures","og_site_name":"Sunnyplants.com","article_publisher":"https:\/\/nl-nl.facebook.com\/pages\/category\/Internet-Company\/Sunnyplantscom-1835401900058481\/","article_modified_time":"2023-05-02T18:49:14+00:00","og_image":[{"width":2063,"height":2063,"url":"https:\/\/www.sunnyplants.com\/wp-content\/uploads\/senecio-radicans-string-of-bananas-4.jpg","type":"image\/jpeg"}],"twitter_card":"summary_large_image","schema":{"@context":"https:\/\/schema.org","@graph":[{"@type":"WebPage","@id":"https:\/\/www.sunnyplants.com\/fr\/shop\/senecio-radicans-string-of-bananas-boutures","url":"https:\/\/www.sunnyplants.com\/fr\/shop\/senecio-radicans-string-of-bananas-boutures","name":"Senecio radicans - String of Bananas - Boutures - Sunnyplants.com","isPartOf":{"@id":"https:\/\/www.sunnyplants.com\/fr#website"},"primaryImageOfPage":{"@id":"https:\/\/www.sunnyplants.com\/fr\/shop\/senecio-radicans-string-of-bananas-boutures#primaryimage"},"image":{"@id":"https:\/\/www.sunnyplants.com\/fr\/shop\/senecio-radicans-string-of-bananas-boutures#primaryimage"},"thumbnailUrl":"https:\/\/www.sunnyplants.com\/wp-content\/uploads\/senecio-radicans-string-of-bananas-4.jpg","datePublished":"2020-10-02T12:26:28+00:00","dateModified":"2023-05-02T18:49:14+00:00","description":"Senecio radicans - String of Bananas - Est un Senecio tra\u00eenant. Les feuilles ressemblent \u00e0 de petites bananes.","breadcrumb":{"@id":"https:\/\/www.sunnyplants.com\/fr\/shop\/senecio-radicans-string-of-bananas-boutures#breadcrumb"},"inLanguage":"fr-FR","potentialAction":[{"@type":"ReadAction","target":["https:\/\/www.sunnyplants.com\/fr\/shop\/senecio-radicans-string-of-bananas-boutures"]}]},{"@type":"ImageObject","inLanguage":"fr-FR","@id":"https:\/\/www.sunnyplants.com\/fr\/shop\/senecio-radicans-string-of-bananas-boutures#primaryimage","url":"https:\/\/www.sunnyplants.com\/wp-content\/uploads\/senecio-radicans-string-of-bananas-4.jpg","contentUrl":"https:\/\/www.sunnyplants.com\/wp-content\/uploads\/senecio-radicans-string-of-bananas-4.jpg","width":2063,"height":2063},{"@type":"BreadcrumbList","@id":"https:\/\/www.sunnyplants.com\/fr\/shop\/senecio-radicans-string-of-bananas-boutures#breadcrumb","itemListElement":[{"@type":"ListItem","position":1,"name":"Home","item":"https:\/\/www.sunnyplants.com\/fr\/sunnyplants-fr"},{"@type":"ListItem","position":2,"name":"Boutique","item":"https:\/\/www.sunnyplants.com\/fr\/boutique"},{"@type":"ListItem","position":3,"name":"Senecio radicans &#8211; String of Bananas &#8211; Boutures"}]},{"@type":"WebSite","@id":"https:\/\/www.sunnyplants.com\/fr#website","url":"https:\/\/www.sunnyplants.com\/fr","name":"Sunnyplants.com","description":"Lithops, Conophytums and other Mesembs &amp; Succulents","potentialAction":[{"@type":"SearchAction","target":{"@type":"EntryPoint","urlTemplate":"https:\/\/www.sunnyplants.com\/fr?s={search_term_string}"},"query-input":{"@type":"PropertyValueSpecification","valueRequired":true,"valueName":"search_term_string"}}],"inLanguage":"fr-FR"}]}},"jetpack_sharing_enabled":true,"_links":{"self":[{"href":"https:\/\/www.sunnyplants.com\/fr\/wp-json\/wp\/v2\/product\/28431","targetHints":{"allow":["GET"]}}],"collection":[{"href":"https:\/\/www.sunnyplants.com\/fr\/wp-json\/wp\/v2\/product"}],"about":[{"href":"https:\/\/www.sunnyplants.com\/fr\/wp-json\/wp\/v2\/types\/product"}],"replies":[{"embeddable":true,"href":"https:\/\/www.sunnyplants.com\/fr\/wp-json\/wp\/v2\/comments?post=28431"}],"wp:featuredmedia":[{"embeddable":true,"href":"https:\/\/www.sunnyplants.com\/fr\/wp-json\/wp\/v2\/media\/29154"}],"wp:attachment":[{"href":"https:\/\/www.sunnyplants.com\/fr\/wp-json\/wp\/v2\/media?parent=28431"}],"wp:term":[{"taxonomy":"product_brand","embeddable":true,"href":"https:\/\/www.sunnyplants.com\/fr\/wp-json\/wp\/v2\/product_brand?post=28431"},{"taxonomy":"product_cat","embeddable":true,"href":"https:\/\/www.sunnyplants.com\/fr\/wp-json\/wp\/v2\/product_cat?post=28431"},{"taxonomy":"product_tag","embeddable":true,"href":"https:\/\/www.sunnyplants.com\/fr\/wp-json\/wp\/v2\/product_tag?post=28431"}],"curies":[{"name":"wp","href":"https:\/\/api.w.org\/{rel}","templated":true}]}}