{"id":28953,"date":"2020-10-28T14:39:03","date_gmt":"2020-10-28T14:39:04","guid":{"rendered":"https:\/\/www.sunnyplants.com\/?post_type=product&#038;p=28953"},"modified":"2023-10-24T11:24:13","modified_gmt":"2023-10-24T11:24:13","slug":"mini-pot-plantes","status":"publish","type":"product","link":"https:\/\/www.sunnyplants.com\/fr\/shop\/mini-pot-plantes","title":{"rendered":"Mini Pot Plantes"},"content":{"rendered":"<p>Petit pot rond adapt\u00e9 \u00e0 tous les types de plantes comme les lithops, les cactus et les plantes succulentes. C&rsquo;est un bon pot polyvalent avec des trous de drainage. Ces pots ont une taille de 5 x 5,5 cm (hauteur x largeur). Les pots peuvent \u00eatre nettoy\u00e9s facilement avec de l&rsquo;eau et r\u00e9utilis\u00e9s.<\/p>\n","protected":false},"excerpt":{"rendered":"<p>Bon mini pot de plantes polyvalent. Taille 5 x 5,5 cm (hauteur x largeur).<\/p>\n","protected":false},"featured_media":28957,"comment_status":"open","ping_status":"closed","template":"","meta":[],"product_brand":[],"product_cat":[1362,1545],"product_tag":[],"class_list":{"0":"post-28953","1":"product","2":"type-product","3":"status-publish","4":"has-post-thumbnail","6":"product_cat-accessoires","7":"product_cat-cactus-succulentes-pots","8":"product_shipping_class-plants-collections-fr","9":"pa_quantity-1-pot-fr","10":"pa_size-5-x-55-cm-fr","12":"first","13":"outofstock","14":"taxable","15":"shipping-taxable","16":"purchasable","17":"product-type-simple"},"yoast_head":"<!-- This site is optimized with the Yoast SEO plugin v27.5 - https:\/\/yoast.com\/product\/yoast-seo-wordpress\/ -->\n<title>Mini Pot Plantes - Sunnyplants.com<\/title>\n<meta name=\"description\" content=\"Petit pot rond adapt\u00e9 \u00e0 tous les types de plantes comme les lithops, les cactus et les plantes succulentes. C&#039;est un bon pot polyvalent avec des trous de drainage.\" \/>\n<meta name=\"robots\" content=\"index, follow, max-snippet:-1, max-image-preview:large, max-video-preview:-1\" \/>\n<link rel=\"canonical\" href=\"https:\/\/www.sunnyplants.com\/fr\/shop\/mini-pot-plantes\" \/>\n<meta property=\"og:locale\" content=\"fr_FR\" \/>\n<meta property=\"og:type\" content=\"article\" \/>\n<meta property=\"og:title\" content=\"Mini Pot Plantes - Sunnyplants.com\" \/>\n<meta property=\"og:description\" content=\"Petit pot rond adapt\u00e9 \u00e0 tous les types de plantes comme les lithops, les cactus et les plantes succulentes. C&#039;est un bon pot polyvalent avec des trous de drainage.\" \/>\n<meta property=\"og:url\" content=\"https:\/\/www.sunnyplants.com\/fr\/shop\/mini-pot-plantes\" \/>\n<meta property=\"og:site_name\" content=\"Sunnyplants.com\" \/>\n<meta property=\"article:publisher\" content=\"https:\/\/nl-nl.facebook.com\/pages\/category\/Internet-Company\/Sunnyplantscom-1835401900058481\/\" \/>\n<meta property=\"article:modified_time\" content=\"2023-10-24T11:24:13+00:00\" \/>\n<meta property=\"og:image\" content=\"https:\/\/www.sunnyplants.com\/wp-content\/uploads\/mini-plant-pot.jpg\" \/>\n\t<meta property=\"og:image:width\" content=\"900\" \/>\n\t<meta property=\"og:image:height\" content=\"900\" \/>\n\t<meta property=\"og:image:type\" content=\"image\/jpeg\" \/>\n<meta name=\"twitter:card\" content=\"summary_large_image\" \/>\n<script type=\"application\/ld+json\" class=\"yoast-schema-graph\">{\"@context\":\"https:\\\/\\\/schema.org\",\"@graph\":[{\"@type\":\"WebPage\",\"@id\":\"https:\\\/\\\/www.sunnyplants.com\\\/fr\\\/shop\\\/mini-pot-plantes\",\"url\":\"https:\\\/\\\/www.sunnyplants.com\\\/fr\\\/shop\\\/mini-pot-plantes\",\"name\":\"Mini Pot Plantes - Sunnyplants.com\",\"isPartOf\":{\"@id\":\"https:\\\/\\\/www.sunnyplants.com\\\/fr#website\"},\"primaryImageOfPage\":{\"@id\":\"https:\\\/\\\/www.sunnyplants.com\\\/fr\\\/shop\\\/mini-pot-plantes#primaryimage\"},\"image\":{\"@id\":\"https:\\\/\\\/www.sunnyplants.com\\\/fr\\\/shop\\\/mini-pot-plantes#primaryimage\"},\"thumbnailUrl\":\"https:\\\/\\\/www.sunnyplants.com\\\/wp-content\\\/uploads\\\/mini-plant-pot.jpg\",\"datePublished\":\"2020-10-28T14:39:04+00:00\",\"dateModified\":\"2023-10-24T11:24:13+00:00\",\"description\":\"Petit pot rond adapt\u00e9 \u00e0 tous les types de plantes comme les lithops, les cactus et les plantes succulentes. C'est un bon pot polyvalent avec des trous de drainage.\",\"breadcrumb\":{\"@id\":\"https:\\\/\\\/www.sunnyplants.com\\\/fr\\\/shop\\\/mini-pot-plantes#breadcrumb\"},\"inLanguage\":\"fr-FR\",\"potentialAction\":[{\"@type\":\"ReadAction\",\"target\":[\"https:\\\/\\\/www.sunnyplants.com\\\/fr\\\/shop\\\/mini-pot-plantes\"]}]},{\"@type\":\"ImageObject\",\"inLanguage\":\"fr-FR\",\"@id\":\"https:\\\/\\\/www.sunnyplants.com\\\/fr\\\/shop\\\/mini-pot-plantes#primaryimage\",\"url\":\"https:\\\/\\\/www.sunnyplants.com\\\/wp-content\\\/uploads\\\/mini-plant-pot.jpg\",\"contentUrl\":\"https:\\\/\\\/www.sunnyplants.com\\\/wp-content\\\/uploads\\\/mini-plant-pot.jpg\",\"width\":900,\"height\":900},{\"@type\":\"BreadcrumbList\",\"@id\":\"https:\\\/\\\/www.sunnyplants.com\\\/fr\\\/shop\\\/mini-pot-plantes#breadcrumb\",\"itemListElement\":[{\"@type\":\"ListItem\",\"position\":1,\"name\":\"Home\",\"item\":\"https:\\\/\\\/www.sunnyplants.com\\\/fr\\\/sunnyplants-fr\"},{\"@type\":\"ListItem\",\"position\":2,\"name\":\"Boutique\",\"item\":\"https:\\\/\\\/www.sunnyplants.com\\\/fr\\\/boutique\"},{\"@type\":\"ListItem\",\"position\":3,\"name\":\"Mini Pot Plantes\"}]},{\"@type\":\"WebSite\",\"@id\":\"https:\\\/\\\/www.sunnyplants.com\\\/fr#website\",\"url\":\"https:\\\/\\\/www.sunnyplants.com\\\/fr\",\"name\":\"Sunnyplants.com\",\"description\":\"Lithops, Conophytums and other Mesembs &amp; Succulents\",\"potentialAction\":[{\"@type\":\"SearchAction\",\"target\":{\"@type\":\"EntryPoint\",\"urlTemplate\":\"https:\\\/\\\/www.sunnyplants.com\\\/fr?s={search_term_string}\"},\"query-input\":{\"@type\":\"PropertyValueSpecification\",\"valueRequired\":true,\"valueName\":\"search_term_string\"}}],\"inLanguage\":\"fr-FR\"}]}<\/script>\n<!-- \/ Yoast SEO plugin. -->","yoast_head_json":{"title":"Mini Pot Plantes - Sunnyplants.com","description":"Petit pot rond adapt\u00e9 \u00e0 tous les types de plantes comme les lithops, les cactus et les plantes succulentes. C'est un bon pot polyvalent avec des trous de drainage.","robots":{"index":"index","follow":"follow","max-snippet":"max-snippet:-1","max-image-preview":"max-image-preview:large","max-video-preview":"max-video-preview:-1"},"canonical":"https:\/\/www.sunnyplants.com\/fr\/shop\/mini-pot-plantes","og_locale":"fr_FR","og_type":"article","og_title":"Mini Pot Plantes - Sunnyplants.com","og_description":"Petit pot rond adapt\u00e9 \u00e0 tous les types de plantes comme les lithops, les cactus et les plantes succulentes. C'est un bon pot polyvalent avec des trous de drainage.","og_url":"https:\/\/www.sunnyplants.com\/fr\/shop\/mini-pot-plantes","og_site_name":"Sunnyplants.com","article_publisher":"https:\/\/nl-nl.facebook.com\/pages\/category\/Internet-Company\/Sunnyplantscom-1835401900058481\/","article_modified_time":"2023-10-24T11:24:13+00:00","og_image":[{"width":900,"height":900,"url":"https:\/\/www.sunnyplants.com\/wp-content\/uploads\/mini-plant-pot.jpg","type":"image\/jpeg"}],"twitter_card":"summary_large_image","schema":{"@context":"https:\/\/schema.org","@graph":[{"@type":"WebPage","@id":"https:\/\/www.sunnyplants.com\/fr\/shop\/mini-pot-plantes","url":"https:\/\/www.sunnyplants.com\/fr\/shop\/mini-pot-plantes","name":"Mini Pot Plantes - Sunnyplants.com","isPartOf":{"@id":"https:\/\/www.sunnyplants.com\/fr#website"},"primaryImageOfPage":{"@id":"https:\/\/www.sunnyplants.com\/fr\/shop\/mini-pot-plantes#primaryimage"},"image":{"@id":"https:\/\/www.sunnyplants.com\/fr\/shop\/mini-pot-plantes#primaryimage"},"thumbnailUrl":"https:\/\/www.sunnyplants.com\/wp-content\/uploads\/mini-plant-pot.jpg","datePublished":"2020-10-28T14:39:04+00:00","dateModified":"2023-10-24T11:24:13+00:00","description":"Petit pot rond adapt\u00e9 \u00e0 tous les types de plantes comme les lithops, les cactus et les plantes succulentes. C'est un bon pot polyvalent avec des trous de drainage.","breadcrumb":{"@id":"https:\/\/www.sunnyplants.com\/fr\/shop\/mini-pot-plantes#breadcrumb"},"inLanguage":"fr-FR","potentialAction":[{"@type":"ReadAction","target":["https:\/\/www.sunnyplants.com\/fr\/shop\/mini-pot-plantes"]}]},{"@type":"ImageObject","inLanguage":"fr-FR","@id":"https:\/\/www.sunnyplants.com\/fr\/shop\/mini-pot-plantes#primaryimage","url":"https:\/\/www.sunnyplants.com\/wp-content\/uploads\/mini-plant-pot.jpg","contentUrl":"https:\/\/www.sunnyplants.com\/wp-content\/uploads\/mini-plant-pot.jpg","width":900,"height":900},{"@type":"BreadcrumbList","@id":"https:\/\/www.sunnyplants.com\/fr\/shop\/mini-pot-plantes#breadcrumb","itemListElement":[{"@type":"ListItem","position":1,"name":"Home","item":"https:\/\/www.sunnyplants.com\/fr\/sunnyplants-fr"},{"@type":"ListItem","position":2,"name":"Boutique","item":"https:\/\/www.sunnyplants.com\/fr\/boutique"},{"@type":"ListItem","position":3,"name":"Mini Pot Plantes"}]},{"@type":"WebSite","@id":"https:\/\/www.sunnyplants.com\/fr#website","url":"https:\/\/www.sunnyplants.com\/fr","name":"Sunnyplants.com","description":"Lithops, Conophytums and other Mesembs &amp; Succulents","potentialAction":[{"@type":"SearchAction","target":{"@type":"EntryPoint","urlTemplate":"https:\/\/www.sunnyplants.com\/fr?s={search_term_string}"},"query-input":{"@type":"PropertyValueSpecification","valueRequired":true,"valueName":"search_term_string"}}],"inLanguage":"fr-FR"}]}},"jetpack_sharing_enabled":true,"_links":{"self":[{"href":"https:\/\/www.sunnyplants.com\/fr\/wp-json\/wp\/v2\/product\/28953","targetHints":{"allow":["GET"]}}],"collection":[{"href":"https:\/\/www.sunnyplants.com\/fr\/wp-json\/wp\/v2\/product"}],"about":[{"href":"https:\/\/www.sunnyplants.com\/fr\/wp-json\/wp\/v2\/types\/product"}],"replies":[{"embeddable":true,"href":"https:\/\/www.sunnyplants.com\/fr\/wp-json\/wp\/v2\/comments?post=28953"}],"wp:featuredmedia":[{"embeddable":true,"href":"https:\/\/www.sunnyplants.com\/fr\/wp-json\/wp\/v2\/media\/28957"}],"wp:attachment":[{"href":"https:\/\/www.sunnyplants.com\/fr\/wp-json\/wp\/v2\/media?parent=28953"}],"wp:term":[{"taxonomy":"product_brand","embeddable":true,"href":"https:\/\/www.sunnyplants.com\/fr\/wp-json\/wp\/v2\/product_brand?post=28953"},{"taxonomy":"product_cat","embeddable":true,"href":"https:\/\/www.sunnyplants.com\/fr\/wp-json\/wp\/v2\/product_cat?post=28953"},{"taxonomy":"product_tag","embeddable":true,"href":"https:\/\/www.sunnyplants.com\/fr\/wp-json\/wp\/v2\/product_tag?post=28953"}],"curies":[{"name":"wp","href":"https:\/\/api.w.org\/{rel}","templated":true}]}}