{"id":29057,"date":"2020-10-31T07:07:56","date_gmt":"2020-10-31T07:07:56","guid":{"rendered":"https:\/\/www.sunnyplants.com\/?post_type=product&#038;p=29057"},"modified":"2021-04-07T14:24:38","modified_gmt":"2021-04-07T14:24:38","slug":"tourbe-de-sphaigne","status":"publish","type":"product","link":"https:\/\/www.sunnyplants.com\/fr\/shop\/tourbe-de-sphaigne","title":{"rendered":"Tourbe de Sphaigne (500 ml)"},"content":{"rendered":"<p>La mousse de tourbe de sphaigne (500 ml) est un produit naturel utilis\u00e9 pour de nombreuses plantes tropicales comme <a href=\"https:\/\/www.sunnyplants.com\/fr\/shop\/monstera-deliciosa-plante-de-fromage-suisse-plantes\">Monstera<\/a>, Philodendron, Orchid\u00e9es et autres habitants de la jungle. Les particules de cette tourbe de sphaigne sont tr\u00e8s grossi\u00e8res. Vous pouvez les faire aussi bien que vous le souhaitez \u00e0 la main. Plus le mat\u00e9riau est grossier, plus le sol est a\u00e9r\u00e9. Comme le sol de la for\u00eat dans une jungle. La tourbe de sphaigne ne contient aucun \u00e9l\u00e9ment nutritif. Nous recommandons d&rsquo;utiliser un peu <a href=\"https:\/\/www.sunnyplants.com\/fr\/shop\/engrais-cactus-succulentes\">d&rsquo;engrais<\/a> de temps en temps, par exemple tous les trois arrosages.<\/p>\n","protected":false},"excerpt":{"rendered":"<p>La mousse de tourbe de sphaigne (500 ml) est parfaite pour planter et faire germer les graines des habitants de la for\u00eat et de la jungle comme <a href=\"https:\/\/www.sunnyplants.com\/fr\/shop\/monstera-deliciosa-plante-de-fromage-suisse-plantes\">Monstera<\/a> et Philodendron. Vous pouvez l&rsquo;utiliser sous forme pure ou en m\u00e9lange.<\/p>\n","protected":false},"featured_media":29061,"comment_status":"open","ping_status":"closed","template":"","meta":[],"product_brand":[],"product_cat":[1362,1365],"product_tag":[],"class_list":{"0":"post-29057","1":"product","2":"type-product","3":"status-publish","4":"has-post-thumbnail","6":"product_cat-accessoires","7":"product_cat-terreaux-nutrition","8":"product_shipping_class-soil-fr","9":"pa_quantity-500-ml-fr","11":"first","12":"outofstock","13":"taxable","14":"shipping-taxable","15":"purchasable","16":"product-type-simple"},"yoast_head":"<!-- This site is optimized with the Yoast SEO plugin v27.5 - https:\/\/yoast.com\/product\/yoast-seo-wordpress\/ -->\n<title>Tourbe de Sphaigne (500 ml) - Sunnyplants.com<\/title>\n<meta name=\"description\" content=\"La mousse de tourbe de sphaigne (500 ml) est parfaite pour planter et faire germer les graines des habitants de la for\u00eat et de la jungle comme Monstera et Philodendron. Vous pouvez l&#039;utiliser sous forme pure ou en m\u00e9lange.\" \/>\n<meta name=\"robots\" content=\"index, follow, max-snippet:-1, max-image-preview:large, max-video-preview:-1\" \/>\n<link rel=\"canonical\" href=\"https:\/\/www.sunnyplants.com\/fr\/shop\/tourbe-de-sphaigne\" \/>\n<meta property=\"og:locale\" content=\"fr_FR\" \/>\n<meta property=\"og:type\" content=\"article\" \/>\n<meta property=\"og:title\" content=\"Tourbe de Sphaigne (500 ml) - Sunnyplants.com\" \/>\n<meta property=\"og:description\" content=\"La mousse de tourbe de sphaigne (500 ml) est parfaite pour planter et faire germer les graines des habitants de la for\u00eat et de la jungle comme Monstera et Philodendron. Vous pouvez l&#039;utiliser sous forme pure ou en m\u00e9lange.\" \/>\n<meta property=\"og:url\" content=\"https:\/\/www.sunnyplants.com\/fr\/shop\/tourbe-de-sphaigne\" \/>\n<meta property=\"og:site_name\" content=\"Sunnyplants.com\" \/>\n<meta property=\"article:publisher\" content=\"https:\/\/nl-nl.facebook.com\/pages\/category\/Internet-Company\/Sunnyplantscom-1835401900058481\/\" \/>\n<meta property=\"article:modified_time\" content=\"2021-04-07T14:24:38+00:00\" \/>\n<meta property=\"og:image\" content=\"https:\/\/www.sunnyplants.com\/wp-content\/uploads\/sphagnum-peat-moss.jpg\" \/>\n\t<meta property=\"og:image:width\" content=\"900\" \/>\n\t<meta property=\"og:image:height\" content=\"900\" \/>\n\t<meta property=\"og:image:type\" content=\"image\/jpeg\" \/>\n<meta name=\"twitter:card\" content=\"summary_large_image\" \/>\n<meta name=\"twitter:label1\" content=\"Dur\u00e9e de lecture estim\u00e9e\" \/>\n\t<meta name=\"twitter:data1\" content=\"1 minute\" \/>\n<script type=\"application\/ld+json\" class=\"yoast-schema-graph\">{\"@context\":\"https:\\\/\\\/schema.org\",\"@graph\":[{\"@type\":\"WebPage\",\"@id\":\"https:\\\/\\\/www.sunnyplants.com\\\/fr\\\/shop\\\/tourbe-de-sphaigne\",\"url\":\"https:\\\/\\\/www.sunnyplants.com\\\/fr\\\/shop\\\/tourbe-de-sphaigne\",\"name\":\"Tourbe de Sphaigne (500 ml) - Sunnyplants.com\",\"isPartOf\":{\"@id\":\"https:\\\/\\\/www.sunnyplants.com\\\/fr#website\"},\"primaryImageOfPage\":{\"@id\":\"https:\\\/\\\/www.sunnyplants.com\\\/fr\\\/shop\\\/tourbe-de-sphaigne#primaryimage\"},\"image\":{\"@id\":\"https:\\\/\\\/www.sunnyplants.com\\\/fr\\\/shop\\\/tourbe-de-sphaigne#primaryimage\"},\"thumbnailUrl\":\"https:\\\/\\\/www.sunnyplants.com\\\/wp-content\\\/uploads\\\/sphagnum-peat-moss.jpg\",\"datePublished\":\"2020-10-31T07:07:56+00:00\",\"dateModified\":\"2021-04-07T14:24:38+00:00\",\"description\":\"La mousse de tourbe de sphaigne (500 ml) est parfaite pour planter et faire germer les graines des habitants de la for\u00eat et de la jungle comme Monstera et Philodendron. Vous pouvez l'utiliser sous forme pure ou en m\u00e9lange.\",\"breadcrumb\":{\"@id\":\"https:\\\/\\\/www.sunnyplants.com\\\/fr\\\/shop\\\/tourbe-de-sphaigne#breadcrumb\"},\"inLanguage\":\"fr-FR\",\"potentialAction\":[{\"@type\":\"ReadAction\",\"target\":[\"https:\\\/\\\/www.sunnyplants.com\\\/fr\\\/shop\\\/tourbe-de-sphaigne\"]}]},{\"@type\":\"ImageObject\",\"inLanguage\":\"fr-FR\",\"@id\":\"https:\\\/\\\/www.sunnyplants.com\\\/fr\\\/shop\\\/tourbe-de-sphaigne#primaryimage\",\"url\":\"https:\\\/\\\/www.sunnyplants.com\\\/wp-content\\\/uploads\\\/sphagnum-peat-moss.jpg\",\"contentUrl\":\"https:\\\/\\\/www.sunnyplants.com\\\/wp-content\\\/uploads\\\/sphagnum-peat-moss.jpg\",\"width\":900,\"height\":900},{\"@type\":\"BreadcrumbList\",\"@id\":\"https:\\\/\\\/www.sunnyplants.com\\\/fr\\\/shop\\\/tourbe-de-sphaigne#breadcrumb\",\"itemListElement\":[{\"@type\":\"ListItem\",\"position\":1,\"name\":\"Home\",\"item\":\"https:\\\/\\\/www.sunnyplants.com\\\/fr\\\/sunnyplants-fr\"},{\"@type\":\"ListItem\",\"position\":2,\"name\":\"Boutique\",\"item\":\"https:\\\/\\\/www.sunnyplants.com\\\/fr\\\/boutique\"},{\"@type\":\"ListItem\",\"position\":3,\"name\":\"Tourbe de Sphaigne (500 ml)\"}]},{\"@type\":\"WebSite\",\"@id\":\"https:\\\/\\\/www.sunnyplants.com\\\/fr#website\",\"url\":\"https:\\\/\\\/www.sunnyplants.com\\\/fr\",\"name\":\"Sunnyplants.com\",\"description\":\"Lithops, Conophytums and other Mesembs &amp; Succulents\",\"potentialAction\":[{\"@type\":\"SearchAction\",\"target\":{\"@type\":\"EntryPoint\",\"urlTemplate\":\"https:\\\/\\\/www.sunnyplants.com\\\/fr?s={search_term_string}\"},\"query-input\":{\"@type\":\"PropertyValueSpecification\",\"valueRequired\":true,\"valueName\":\"search_term_string\"}}],\"inLanguage\":\"fr-FR\"}]}<\/script>\n<!-- \/ Yoast SEO plugin. -->","yoast_head_json":{"title":"Tourbe de Sphaigne (500 ml) - Sunnyplants.com","description":"La mousse de tourbe de sphaigne (500 ml) est parfaite pour planter et faire germer les graines des habitants de la for\u00eat et de la jungle comme Monstera et Philodendron. Vous pouvez l'utiliser sous forme pure ou en m\u00e9lange.","robots":{"index":"index","follow":"follow","max-snippet":"max-snippet:-1","max-image-preview":"max-image-preview:large","max-video-preview":"max-video-preview:-1"},"canonical":"https:\/\/www.sunnyplants.com\/fr\/shop\/tourbe-de-sphaigne","og_locale":"fr_FR","og_type":"article","og_title":"Tourbe de Sphaigne (500 ml) - Sunnyplants.com","og_description":"La mousse de tourbe de sphaigne (500 ml) est parfaite pour planter et faire germer les graines des habitants de la for\u00eat et de la jungle comme Monstera et Philodendron. Vous pouvez l'utiliser sous forme pure ou en m\u00e9lange.","og_url":"https:\/\/www.sunnyplants.com\/fr\/shop\/tourbe-de-sphaigne","og_site_name":"Sunnyplants.com","article_publisher":"https:\/\/nl-nl.facebook.com\/pages\/category\/Internet-Company\/Sunnyplantscom-1835401900058481\/","article_modified_time":"2021-04-07T14:24:38+00:00","og_image":[{"width":900,"height":900,"url":"https:\/\/www.sunnyplants.com\/wp-content\/uploads\/sphagnum-peat-moss.jpg","type":"image\/jpeg"}],"twitter_card":"summary_large_image","twitter_misc":{"Dur\u00e9e de lecture estim\u00e9e":"1 minute"},"schema":{"@context":"https:\/\/schema.org","@graph":[{"@type":"WebPage","@id":"https:\/\/www.sunnyplants.com\/fr\/shop\/tourbe-de-sphaigne","url":"https:\/\/www.sunnyplants.com\/fr\/shop\/tourbe-de-sphaigne","name":"Tourbe de Sphaigne (500 ml) - Sunnyplants.com","isPartOf":{"@id":"https:\/\/www.sunnyplants.com\/fr#website"},"primaryImageOfPage":{"@id":"https:\/\/www.sunnyplants.com\/fr\/shop\/tourbe-de-sphaigne#primaryimage"},"image":{"@id":"https:\/\/www.sunnyplants.com\/fr\/shop\/tourbe-de-sphaigne#primaryimage"},"thumbnailUrl":"https:\/\/www.sunnyplants.com\/wp-content\/uploads\/sphagnum-peat-moss.jpg","datePublished":"2020-10-31T07:07:56+00:00","dateModified":"2021-04-07T14:24:38+00:00","description":"La mousse de tourbe de sphaigne (500 ml) est parfaite pour planter et faire germer les graines des habitants de la for\u00eat et de la jungle comme Monstera et Philodendron. Vous pouvez l'utiliser sous forme pure ou en m\u00e9lange.","breadcrumb":{"@id":"https:\/\/www.sunnyplants.com\/fr\/shop\/tourbe-de-sphaigne#breadcrumb"},"inLanguage":"fr-FR","potentialAction":[{"@type":"ReadAction","target":["https:\/\/www.sunnyplants.com\/fr\/shop\/tourbe-de-sphaigne"]}]},{"@type":"ImageObject","inLanguage":"fr-FR","@id":"https:\/\/www.sunnyplants.com\/fr\/shop\/tourbe-de-sphaigne#primaryimage","url":"https:\/\/www.sunnyplants.com\/wp-content\/uploads\/sphagnum-peat-moss.jpg","contentUrl":"https:\/\/www.sunnyplants.com\/wp-content\/uploads\/sphagnum-peat-moss.jpg","width":900,"height":900},{"@type":"BreadcrumbList","@id":"https:\/\/www.sunnyplants.com\/fr\/shop\/tourbe-de-sphaigne#breadcrumb","itemListElement":[{"@type":"ListItem","position":1,"name":"Home","item":"https:\/\/www.sunnyplants.com\/fr\/sunnyplants-fr"},{"@type":"ListItem","position":2,"name":"Boutique","item":"https:\/\/www.sunnyplants.com\/fr\/boutique"},{"@type":"ListItem","position":3,"name":"Tourbe de Sphaigne (500 ml)"}]},{"@type":"WebSite","@id":"https:\/\/www.sunnyplants.com\/fr#website","url":"https:\/\/www.sunnyplants.com\/fr","name":"Sunnyplants.com","description":"Lithops, Conophytums and other Mesembs &amp; Succulents","potentialAction":[{"@type":"SearchAction","target":{"@type":"EntryPoint","urlTemplate":"https:\/\/www.sunnyplants.com\/fr?s={search_term_string}"},"query-input":{"@type":"PropertyValueSpecification","valueRequired":true,"valueName":"search_term_string"}}],"inLanguage":"fr-FR"}]}},"jetpack_sharing_enabled":true,"_links":{"self":[{"href":"https:\/\/www.sunnyplants.com\/fr\/wp-json\/wp\/v2\/product\/29057","targetHints":{"allow":["GET"]}}],"collection":[{"href":"https:\/\/www.sunnyplants.com\/fr\/wp-json\/wp\/v2\/product"}],"about":[{"href":"https:\/\/www.sunnyplants.com\/fr\/wp-json\/wp\/v2\/types\/product"}],"replies":[{"embeddable":true,"href":"https:\/\/www.sunnyplants.com\/fr\/wp-json\/wp\/v2\/comments?post=29057"}],"wp:featuredmedia":[{"embeddable":true,"href":"https:\/\/www.sunnyplants.com\/fr\/wp-json\/wp\/v2\/media\/29061"}],"wp:attachment":[{"href":"https:\/\/www.sunnyplants.com\/fr\/wp-json\/wp\/v2\/media?parent=29057"}],"wp:term":[{"taxonomy":"product_brand","embeddable":true,"href":"https:\/\/www.sunnyplants.com\/fr\/wp-json\/wp\/v2\/product_brand?post=29057"},{"taxonomy":"product_cat","embeddable":true,"href":"https:\/\/www.sunnyplants.com\/fr\/wp-json\/wp\/v2\/product_cat?post=29057"},{"taxonomy":"product_tag","embeddable":true,"href":"https:\/\/www.sunnyplants.com\/fr\/wp-json\/wp\/v2\/product_tag?post=29057"}],"curies":[{"name":"wp","href":"https:\/\/api.w.org\/{rel}","templated":true}]}}