{"id":41399,"date":"2026-03-10T18:09:55","date_gmt":"2026-03-10T18:09:55","guid":{"rendered":"https:\/\/www.sunnyplants.com\/?post_type=product&#038;p=41399"},"modified":"2026-04-26T18:08:51","modified_gmt":"2026-04-26T18:08:51","slug":"pierres-precieuses-vivantes-mini-succulentes","status":"publish","type":"product","link":"https:\/\/www.sunnyplants.com\/fr\/shop\/pierres-precieuses-vivantes-mini-succulentes","title":{"rendered":"Pierres Pr\u00e9cieuses Vivantes &#8211; Mini Succulentes"},"content":{"rendered":"<p>Ces succulentes miniatures (Mesembs) ressemblent \u00e0 de jolies petites pierres pr\u00e9cieuses de 0,5 \u00e0 1 cm de diam\u00e8tre. Chaque pierre pr\u00e9cieuse vivante est cueillie \u00e0 la main par Allard, le propri\u00e9taire de Sunnyplants. vous recevrez un beau m\u00e9lange de diff\u00e9rentes mini plantes succulentes de type Lithops. Les esp\u00e8ces souvent incluses sont Lithops, Argyroderma, Gibbaeum, Pleiospilos et Titanopsis. Superbe dans une jardini\u00e8re ou des bols. Vous recevrez des plantes s\u00e9lectionn\u00e9es au hasard dans diff\u00e9rentes couleurs. Les images sont un exemple de plantes que vous pourriez obtenir. Toutes nos plantes sont exp\u00e9di\u00e9es sans terre ni contenant.<\/p>\n<p>Les racines de vos mini plantes succulentes seront coup\u00e9es courtes pour une plantation facile et pour stimuler une croissance saine et forte des racines. Il est pr\u00e9f\u00e9rable de planter vos pierres pr\u00e9cieuses vivantes dans un <a href=\"https:\/\/www.sunnyplants.com\/fr\/shop\/terreau-pour-lithops-et-mesembs\">sol Lithops<\/a> sec, disponible dans notre boutique. vous pouvez \u00e9galement utiliser n&rsquo;importe quel autre sol succulent avec de bonnes propri\u00e9t\u00e9s de drainage. Commencez \u00e0 arroser vos mini succulentes apr\u00e8s environ une semaine. N&rsquo;arrosez que lorsque le sol est compl\u00e8tement sec. Donne seulement un peu. Donnez \u00e0 vos mini-plantes une lumi\u00e8re vive pour les garder compactes et color\u00e9es. La temp\u00e9rature minimale pour ces plantes est d&rsquo;environ 5C.<\/p>\n","protected":false},"excerpt":{"rendered":"<p>Magnifique pack de tr\u00e9sors de pierres pr\u00e9cieuses vivantes cueillies \u00e0 la main\u00a0! Allard de Sunnyplants s\u00e9lectionnera de belles esp\u00e8ces de diff\u00e9rentes couleurs et tailles. Vous pouvez imm\u00e9diatement planter vos mini Succulentes lorsque vous les recevez. Ne pas arroser la premi\u00e8re semaine. Veuillez noter qu&rsquo;il s&rsquo;agit de plantes miniatures d&rsquo;environ 0,5 \u00e0 1 cm de diam\u00e8tre.<\/p>\n","protected":false},"featured_media":41390,"comment_status":"open","ping_status":"closed","template":"","meta":[],"product_brand":[],"product_cat":[290,244,1701,233,274,242],"product_tag":[1941,1940,1056,1923,806,1938,1976,803,1977,1909,1937,1939],"class_list":{"0":"post-41399","1":"product","2":"type-product","3":"status-publish","4":"has-post-thumbnail","6":"product_cat-collections-fr","7":"product_cat-lithops-pierres-vivantes","8":"product_cat-mini-succulentes","9":"product_cat-plantes","10":"product_cat-plantes-lithops","11":"product_cat-succulentes","12":"product_tag-cadeaux-de-plantes","13":"product_tag-cadeaux-de-succulentes","14":"product_tag-lithops-fr","15":"product_tag-lithops-mix-fr","16":"product_tag-mesembs-fr","17":"product_tag-petites-plantes","18":"product_tag-pierres-vivantes-fr","19":"product_tag-pierres-vivantes","20":"product_tag-plante-vivante-lithops","21":"product_tag-plantes-lithops","22":"product_tag-plantes-pierres-vivantes","23":"product_tag-succulentes-mini","24":"product_shipping_class-plants-collections-fr","25":"pa_family-mesembryanthemaceae-aizoaceae-fr","26":"pa_product-type-plantes","27":"pa_quantity-10-plantes","28":"pa_quantity-20-plantes","29":"pa_quantity-5-plantes","30":"pa_size-05-1-cm-fr","32":"first","33":"instock","34":"taxable","35":"shipping-taxable","36":"purchasable","37":"product-type-variable","38":"has-default-attributes"},"yoast_head":"<!-- This site is optimized with the Yoast SEO plugin v27.5 - https:\/\/yoast.com\/product\/yoast-seo-wordpress\/ -->\n<title>Pierres Pr\u00e9cieuses Vivantes - Mini Succulentes - Sunnyplants.com<\/title>\n<meta name=\"description\" content=\"Magnifique pack de tr\u00e9sors de pierres pr\u00e9cieuses vivantes cueillies \u00e0 la main\u00a0! Allard de Sunnyplants s\u00e9lectionnera de belles esp\u00e8ces de diff\u00e9rentes couleurs et tailles. Vous pouvez imm\u00e9diatement planter vos mini Succulentes lorsque vous les recevez. Ne pas arroser la premi\u00e8re semaine. Veuillez noter qu&#039;il s&#039;agit de plantes miniatures d&#039;environ 0,5 \u00e0 1 cm de diam\u00e8tre.\" \/>\n<meta name=\"robots\" content=\"index, follow, max-snippet:-1, max-image-preview:large, max-video-preview:-1\" \/>\n<link rel=\"canonical\" href=\"https:\/\/www.sunnyplants.com\/fr\/shop\/pierres-precieuses-vivantes-mini-succulentes\" \/>\n<meta property=\"og:locale\" content=\"fr_FR\" \/>\n<meta property=\"og:type\" content=\"article\" \/>\n<meta property=\"og:title\" content=\"Pierres Pr\u00e9cieuses Vivantes - Mini Succulentes - Sunnyplants.com\" \/>\n<meta property=\"og:description\" content=\"Magnifique pack de tr\u00e9sors de pierres pr\u00e9cieuses vivantes cueillies \u00e0 la main\u00a0! Allard de Sunnyplants s\u00e9lectionnera de belles esp\u00e8ces de diff\u00e9rentes couleurs et tailles. Vous pouvez imm\u00e9diatement planter vos mini Succulentes lorsque vous les recevez. Ne pas arroser la premi\u00e8re semaine. Veuillez noter qu&#039;il s&#039;agit de plantes miniatures d&#039;environ 0,5 \u00e0 1 cm de diam\u00e8tre.\" \/>\n<meta property=\"og:url\" content=\"https:\/\/www.sunnyplants.com\/fr\/shop\/pierres-precieuses-vivantes-mini-succulentes\" \/>\n<meta property=\"og:site_name\" content=\"Sunnyplants.com\" \/>\n<meta property=\"article:publisher\" content=\"https:\/\/nl-nl.facebook.com\/pages\/category\/Internet-Company\/Sunnyplantscom-1835401900058481\/\" \/>\n<meta property=\"article:modified_time\" content=\"2026-04-26T18:08:51+00:00\" \/>\n<meta property=\"og:image\" content=\"https:\/\/www.sunnyplants.com\/wp-content\/uploads\/living-gemstones.jpg\" \/>\n\t<meta property=\"og:image:width\" content=\"2268\" \/>\n\t<meta property=\"og:image:height\" content=\"2268\" \/>\n\t<meta property=\"og:image:type\" content=\"image\/jpeg\" \/>\n<meta name=\"twitter:card\" content=\"summary_large_image\" \/>\n<meta name=\"twitter:label1\" content=\"Dur\u00e9e de lecture estim\u00e9e\" \/>\n\t<meta name=\"twitter:data1\" content=\"1 minute\" \/>\n<script type=\"application\/ld+json\" class=\"yoast-schema-graph\">{\"@context\":\"https:\\\/\\\/schema.org\",\"@graph\":[{\"@type\":\"WebPage\",\"@id\":\"https:\\\/\\\/www.sunnyplants.com\\\/fr\\\/shop\\\/pierres-precieuses-vivantes-mini-succulentes\",\"url\":\"https:\\\/\\\/www.sunnyplants.com\\\/fr\\\/shop\\\/pierres-precieuses-vivantes-mini-succulentes\",\"name\":\"Pierres Pr\u00e9cieuses Vivantes - Mini Succulentes - Sunnyplants.com\",\"isPartOf\":{\"@id\":\"https:\\\/\\\/www.sunnyplants.com\\\/fr#website\"},\"primaryImageOfPage\":{\"@id\":\"https:\\\/\\\/www.sunnyplants.com\\\/fr\\\/shop\\\/pierres-precieuses-vivantes-mini-succulentes#primaryimage\"},\"image\":{\"@id\":\"https:\\\/\\\/www.sunnyplants.com\\\/fr\\\/shop\\\/pierres-precieuses-vivantes-mini-succulentes#primaryimage\"},\"thumbnailUrl\":\"https:\\\/\\\/www.sunnyplants.com\\\/wp-content\\\/uploads\\\/living-gemstones.jpg\",\"datePublished\":\"2026-03-10T18:09:55+00:00\",\"dateModified\":\"2026-04-26T18:08:51+00:00\",\"description\":\"Magnifique pack de tr\u00e9sors de pierres pr\u00e9cieuses vivantes cueillies \u00e0 la main\u00a0! Allard de Sunnyplants s\u00e9lectionnera de belles esp\u00e8ces de diff\u00e9rentes couleurs et tailles. Vous pouvez imm\u00e9diatement planter vos mini Succulentes lorsque vous les recevez. Ne pas arroser la premi\u00e8re semaine. Veuillez noter qu'il s'agit de plantes miniatures d'environ 0,5 \u00e0 1 cm de diam\u00e8tre.\",\"breadcrumb\":{\"@id\":\"https:\\\/\\\/www.sunnyplants.com\\\/fr\\\/shop\\\/pierres-precieuses-vivantes-mini-succulentes#breadcrumb\"},\"inLanguage\":\"fr-FR\",\"potentialAction\":[{\"@type\":\"ReadAction\",\"target\":[\"https:\\\/\\\/www.sunnyplants.com\\\/fr\\\/shop\\\/pierres-precieuses-vivantes-mini-succulentes\"]}]},{\"@type\":\"ImageObject\",\"inLanguage\":\"fr-FR\",\"@id\":\"https:\\\/\\\/www.sunnyplants.com\\\/fr\\\/shop\\\/pierres-precieuses-vivantes-mini-succulentes#primaryimage\",\"url\":\"https:\\\/\\\/www.sunnyplants.com\\\/wp-content\\\/uploads\\\/living-gemstones.jpg\",\"contentUrl\":\"https:\\\/\\\/www.sunnyplants.com\\\/wp-content\\\/uploads\\\/living-gemstones.jpg\",\"width\":2268,\"height\":2268,\"caption\":\"Pierres Pr\u00e9cieuses Vivantes - Mini Succulentes\"},{\"@type\":\"BreadcrumbList\",\"@id\":\"https:\\\/\\\/www.sunnyplants.com\\\/fr\\\/shop\\\/pierres-precieuses-vivantes-mini-succulentes#breadcrumb\",\"itemListElement\":[{\"@type\":\"ListItem\",\"position\":1,\"name\":\"Home\",\"item\":\"https:\\\/\\\/www.sunnyplants.com\\\/fr\\\/sunnyplants-fr\"},{\"@type\":\"ListItem\",\"position\":2,\"name\":\"Boutique\",\"item\":\"https:\\\/\\\/www.sunnyplants.com\\\/fr\\\/boutique\"},{\"@type\":\"ListItem\",\"position\":3,\"name\":\"Pierres Pr\u00e9cieuses Vivantes &#8211; Mini Succulentes\"}]},{\"@type\":\"WebSite\",\"@id\":\"https:\\\/\\\/www.sunnyplants.com\\\/fr#website\",\"url\":\"https:\\\/\\\/www.sunnyplants.com\\\/fr\",\"name\":\"Sunnyplants.com\",\"description\":\"Lithops, Conophytums and other Mesembs &amp; Succulents\",\"potentialAction\":[{\"@type\":\"SearchAction\",\"target\":{\"@type\":\"EntryPoint\",\"urlTemplate\":\"https:\\\/\\\/www.sunnyplants.com\\\/fr?s={search_term_string}\"},\"query-input\":{\"@type\":\"PropertyValueSpecification\",\"valueRequired\":true,\"valueName\":\"search_term_string\"}}],\"inLanguage\":\"fr-FR\"}]}<\/script>\n<!-- \/ Yoast SEO plugin. -->","yoast_head_json":{"title":"Pierres Pr\u00e9cieuses Vivantes - Mini Succulentes - Sunnyplants.com","description":"Magnifique pack de tr\u00e9sors de pierres pr\u00e9cieuses vivantes cueillies \u00e0 la main\u00a0! Allard de Sunnyplants s\u00e9lectionnera de belles esp\u00e8ces de diff\u00e9rentes couleurs et tailles. Vous pouvez imm\u00e9diatement planter vos mini Succulentes lorsque vous les recevez. Ne pas arroser la premi\u00e8re semaine. Veuillez noter qu'il s'agit de plantes miniatures d'environ 0,5 \u00e0 1 cm de diam\u00e8tre.","robots":{"index":"index","follow":"follow","max-snippet":"max-snippet:-1","max-image-preview":"max-image-preview:large","max-video-preview":"max-video-preview:-1"},"canonical":"https:\/\/www.sunnyplants.com\/fr\/shop\/pierres-precieuses-vivantes-mini-succulentes","og_locale":"fr_FR","og_type":"article","og_title":"Pierres Pr\u00e9cieuses Vivantes - Mini Succulentes - Sunnyplants.com","og_description":"Magnifique pack de tr\u00e9sors de pierres pr\u00e9cieuses vivantes cueillies \u00e0 la main\u00a0! Allard de Sunnyplants s\u00e9lectionnera de belles esp\u00e8ces de diff\u00e9rentes couleurs et tailles. Vous pouvez imm\u00e9diatement planter vos mini Succulentes lorsque vous les recevez. Ne pas arroser la premi\u00e8re semaine. Veuillez noter qu'il s'agit de plantes miniatures d'environ 0,5 \u00e0 1 cm de diam\u00e8tre.","og_url":"https:\/\/www.sunnyplants.com\/fr\/shop\/pierres-precieuses-vivantes-mini-succulentes","og_site_name":"Sunnyplants.com","article_publisher":"https:\/\/nl-nl.facebook.com\/pages\/category\/Internet-Company\/Sunnyplantscom-1835401900058481\/","article_modified_time":"2026-04-26T18:08:51+00:00","og_image":[{"width":2268,"height":2268,"url":"https:\/\/www.sunnyplants.com\/wp-content\/uploads\/living-gemstones.jpg","type":"image\/jpeg"}],"twitter_card":"summary_large_image","twitter_misc":{"Dur\u00e9e de lecture estim\u00e9e":"1 minute"},"schema":{"@context":"https:\/\/schema.org","@graph":[{"@type":"WebPage","@id":"https:\/\/www.sunnyplants.com\/fr\/shop\/pierres-precieuses-vivantes-mini-succulentes","url":"https:\/\/www.sunnyplants.com\/fr\/shop\/pierres-precieuses-vivantes-mini-succulentes","name":"Pierres Pr\u00e9cieuses Vivantes - Mini Succulentes - Sunnyplants.com","isPartOf":{"@id":"https:\/\/www.sunnyplants.com\/fr#website"},"primaryImageOfPage":{"@id":"https:\/\/www.sunnyplants.com\/fr\/shop\/pierres-precieuses-vivantes-mini-succulentes#primaryimage"},"image":{"@id":"https:\/\/www.sunnyplants.com\/fr\/shop\/pierres-precieuses-vivantes-mini-succulentes#primaryimage"},"thumbnailUrl":"https:\/\/www.sunnyplants.com\/wp-content\/uploads\/living-gemstones.jpg","datePublished":"2026-03-10T18:09:55+00:00","dateModified":"2026-04-26T18:08:51+00:00","description":"Magnifique pack de tr\u00e9sors de pierres pr\u00e9cieuses vivantes cueillies \u00e0 la main\u00a0! Allard de Sunnyplants s\u00e9lectionnera de belles esp\u00e8ces de diff\u00e9rentes couleurs et tailles. Vous pouvez imm\u00e9diatement planter vos mini Succulentes lorsque vous les recevez. Ne pas arroser la premi\u00e8re semaine. Veuillez noter qu'il s'agit de plantes miniatures d'environ 0,5 \u00e0 1 cm de diam\u00e8tre.","breadcrumb":{"@id":"https:\/\/www.sunnyplants.com\/fr\/shop\/pierres-precieuses-vivantes-mini-succulentes#breadcrumb"},"inLanguage":"fr-FR","potentialAction":[{"@type":"ReadAction","target":["https:\/\/www.sunnyplants.com\/fr\/shop\/pierres-precieuses-vivantes-mini-succulentes"]}]},{"@type":"ImageObject","inLanguage":"fr-FR","@id":"https:\/\/www.sunnyplants.com\/fr\/shop\/pierres-precieuses-vivantes-mini-succulentes#primaryimage","url":"https:\/\/www.sunnyplants.com\/wp-content\/uploads\/living-gemstones.jpg","contentUrl":"https:\/\/www.sunnyplants.com\/wp-content\/uploads\/living-gemstones.jpg","width":2268,"height":2268,"caption":"Pierres Pr\u00e9cieuses Vivantes - Mini Succulentes"},{"@type":"BreadcrumbList","@id":"https:\/\/www.sunnyplants.com\/fr\/shop\/pierres-precieuses-vivantes-mini-succulentes#breadcrumb","itemListElement":[{"@type":"ListItem","position":1,"name":"Home","item":"https:\/\/www.sunnyplants.com\/fr\/sunnyplants-fr"},{"@type":"ListItem","position":2,"name":"Boutique","item":"https:\/\/www.sunnyplants.com\/fr\/boutique"},{"@type":"ListItem","position":3,"name":"Pierres Pr\u00e9cieuses Vivantes &#8211; Mini Succulentes"}]},{"@type":"WebSite","@id":"https:\/\/www.sunnyplants.com\/fr#website","url":"https:\/\/www.sunnyplants.com\/fr","name":"Sunnyplants.com","description":"Lithops, Conophytums and other Mesembs &amp; Succulents","potentialAction":[{"@type":"SearchAction","target":{"@type":"EntryPoint","urlTemplate":"https:\/\/www.sunnyplants.com\/fr?s={search_term_string}"},"query-input":{"@type":"PropertyValueSpecification","valueRequired":true,"valueName":"search_term_string"}}],"inLanguage":"fr-FR"}]}},"jetpack_sharing_enabled":true,"_links":{"self":[{"href":"https:\/\/www.sunnyplants.com\/fr\/wp-json\/wp\/v2\/product\/41399","targetHints":{"allow":["GET"]}}],"collection":[{"href":"https:\/\/www.sunnyplants.com\/fr\/wp-json\/wp\/v2\/product"}],"about":[{"href":"https:\/\/www.sunnyplants.com\/fr\/wp-json\/wp\/v2\/types\/product"}],"replies":[{"embeddable":true,"href":"https:\/\/www.sunnyplants.com\/fr\/wp-json\/wp\/v2\/comments?post=41399"}],"wp:featuredmedia":[{"embeddable":true,"href":"https:\/\/www.sunnyplants.com\/fr\/wp-json\/wp\/v2\/media\/41390"}],"wp:attachment":[{"href":"https:\/\/www.sunnyplants.com\/fr\/wp-json\/wp\/v2\/media?parent=41399"}],"wp:term":[{"taxonomy":"product_brand","embeddable":true,"href":"https:\/\/www.sunnyplants.com\/fr\/wp-json\/wp\/v2\/product_brand?post=41399"},{"taxonomy":"product_cat","embeddable":true,"href":"https:\/\/www.sunnyplants.com\/fr\/wp-json\/wp\/v2\/product_cat?post=41399"},{"taxonomy":"product_tag","embeddable":true,"href":"https:\/\/www.sunnyplants.com\/fr\/wp-json\/wp\/v2\/product_tag?post=41399"}],"curies":[{"name":"wp","href":"https:\/\/api.w.org\/{rel}","templated":true}]}}