{"id":43946,"date":"2023-02-28T08:22:15","date_gmt":"2023-02-28T08:22:15","guid":{"rendered":"https:\/\/www.sunnyplants.com\/?post_type=product&#038;p=43946"},"modified":"2026-02-14T11:18:15","modified_gmt":"2026-02-14T11:18:15","slug":"engrais-lithops-mesembs","status":"publish","type":"product","link":"https:\/\/www.sunnyplants.com\/fr\/shop\/engrais-lithops-mesembs","title":{"rendered":"Engrais pour Lithops et M\u00e9sembs (10 Grammes)"},"content":{"rendered":"<p>Engrais professionnel Lithops &#038; Mesembs hautement concentr\u00e9. Un produit hydrosoluble \u00e9quilibr\u00e9. Il contient tous les micronutriments essentiels en plus des macronutriments Azote (N), Phosphore (P) et Potassium (K). Le rapport N:P:K dans cet engrais est de 3:1:5. Utilisez 1 cuill\u00e8re \u00e0 caf\u00e9 par 40 litres d&rsquo;eau pour les plantes adultes et utilisez la moiti\u00e9 de la concentration pour les semis et les jeunes plantes. Mettez l&rsquo;engrais dans de l&rsquo;eau ti\u00e8de et remuez bien jusqu&rsquo;\u00e0 dissolution.<\/p>\n","protected":false},"excerpt":{"rendered":"<p>Il s&rsquo;agit d&rsquo;un engrais concentr\u00e9 professionnel pour vos Lithops et autres Mesembs. Un paquet de 10 grammes suffit pour faire au moins 200 litres d&rsquo;eau avec tous les nutriments essentiels pour Lithops, autres pierres vivantes et mesembs. Avec n&rsquo;importe quel engrais liquide r\u00e9gulier pour cactus et succulentes, vous pouvez g\u00e9n\u00e9ralement cr\u00e9er beaucoup moins d&rsquo;eau fertilis\u00e9e. Vous pouvez utiliser la moiti\u00e9 de la concentration pour les semis et les jeunes plants.<\/p>\n","protected":false},"featured_media":43950,"comment_status":"open","ping_status":"closed","template":"","meta":[],"product_brand":[],"product_cat":[1362,244,1365],"product_tag":[],"class_list":{"0":"post-43946","1":"product","2":"type-product","3":"status-publish","4":"has-post-thumbnail","6":"product_cat-accessoires","7":"product_cat-lithops-pierres-vivantes","8":"product_cat-terreaux-nutrition","9":"product_shipping_class-cuttings-small-plants-fr","10":"pa_quantity-10-grammes","12":"first","13":"instock","14":"taxable","15":"shipping-taxable","16":"purchasable","17":"product-type-simple"},"yoast_head":"<!-- This site is optimized with the Yoast SEO plugin v27.5 - https:\/\/yoast.com\/product\/yoast-seo-wordpress\/ -->\n<title>Engrais pour Lithops et M\u00e9sembs (10 Grammes) - Sunnyplants.com<\/title>\n<meta name=\"description\" content=\"Il s&#039;agit d&#039;un engrais concentr\u00e9 professionnel pour vos Lithops et autres Mesembs. Un paquet de 10 grammes suffit pour faire au moins 200 litres d&#039;eau avec tous les nutriments essentiels pour Lithops, autres pierres vivantes et mesembs. Avec n&#039;importe quel engrais liquide r\u00e9gulier pour cactus et succulentes, vous pouvez g\u00e9n\u00e9ralement cr\u00e9er beaucoup moins d&#039;eau fertilis\u00e9e. Vous pouvez utiliser la moiti\u00e9 de la concentration pour les semis et les jeunes plants.\" \/>\n<meta name=\"robots\" content=\"index, follow, max-snippet:-1, max-image-preview:large, max-video-preview:-1\" \/>\n<link rel=\"canonical\" href=\"https:\/\/www.sunnyplants.com\/fr\/shop\/engrais-lithops-mesembs\" \/>\n<meta property=\"og:locale\" content=\"fr_FR\" \/>\n<meta property=\"og:type\" content=\"article\" \/>\n<meta property=\"og:title\" content=\"Engrais pour Lithops et M\u00e9sembs (10 Grammes) - Sunnyplants.com\" \/>\n<meta property=\"og:description\" content=\"Il s&#039;agit d&#039;un engrais concentr\u00e9 professionnel pour vos Lithops et autres Mesembs. Un paquet de 10 grammes suffit pour faire au moins 200 litres d&#039;eau avec tous les nutriments essentiels pour Lithops, autres pierres vivantes et mesembs. Avec n&#039;importe quel engrais liquide r\u00e9gulier pour cactus et succulentes, vous pouvez g\u00e9n\u00e9ralement cr\u00e9er beaucoup moins d&#039;eau fertilis\u00e9e. Vous pouvez utiliser la moiti\u00e9 de la concentration pour les semis et les jeunes plants.\" \/>\n<meta property=\"og:url\" content=\"https:\/\/www.sunnyplants.com\/fr\/shop\/engrais-lithops-mesembs\" \/>\n<meta property=\"og:site_name\" content=\"Sunnyplants.com\" \/>\n<meta property=\"article:publisher\" content=\"https:\/\/nl-nl.facebook.com\/pages\/category\/Internet-Company\/Sunnyplantscom-1835401900058481\/\" \/>\n<meta property=\"article:modified_time\" content=\"2026-02-14T11:18:15+00:00\" \/>\n<meta property=\"og:image\" content=\"https:\/\/www.sunnyplants.com\/wp-content\/uploads\/fert-2.jpg\" \/>\n\t<meta property=\"og:image:width\" content=\"2177\" \/>\n\t<meta property=\"og:image:height\" content=\"2177\" \/>\n\t<meta property=\"og:image:type\" content=\"image\/jpeg\" \/>\n<meta name=\"twitter:card\" content=\"summary_large_image\" \/>\n<meta name=\"twitter:label1\" content=\"Dur\u00e9e de lecture estim\u00e9e\" \/>\n\t<meta name=\"twitter:data1\" content=\"1 minute\" \/>\n<script type=\"application\/ld+json\" class=\"yoast-schema-graph\">{\"@context\":\"https:\\\/\\\/schema.org\",\"@graph\":[{\"@type\":\"WebPage\",\"@id\":\"https:\\\/\\\/www.sunnyplants.com\\\/fr\\\/shop\\\/engrais-lithops-mesembs\",\"url\":\"https:\\\/\\\/www.sunnyplants.com\\\/fr\\\/shop\\\/engrais-lithops-mesembs\",\"name\":\"Engrais pour Lithops et M\u00e9sembs (10 Grammes) - Sunnyplants.com\",\"isPartOf\":{\"@id\":\"https:\\\/\\\/www.sunnyplants.com\\\/fr#website\"},\"primaryImageOfPage\":{\"@id\":\"https:\\\/\\\/www.sunnyplants.com\\\/fr\\\/shop\\\/engrais-lithops-mesembs#primaryimage\"},\"image\":{\"@id\":\"https:\\\/\\\/www.sunnyplants.com\\\/fr\\\/shop\\\/engrais-lithops-mesembs#primaryimage\"},\"thumbnailUrl\":\"https:\\\/\\\/www.sunnyplants.com\\\/wp-content\\\/uploads\\\/fert-2.jpg\",\"datePublished\":\"2023-02-28T08:22:15+00:00\",\"dateModified\":\"2026-02-14T11:18:15+00:00\",\"description\":\"Il s'agit d'un engrais concentr\u00e9 professionnel pour vos Lithops et autres Mesembs. Un paquet de 10 grammes suffit pour faire au moins 200 litres d'eau avec tous les nutriments essentiels pour Lithops, autres pierres vivantes et mesembs. Avec n'importe quel engrais liquide r\u00e9gulier pour cactus et succulentes, vous pouvez g\u00e9n\u00e9ralement cr\u00e9er beaucoup moins d'eau fertilis\u00e9e. Vous pouvez utiliser la moiti\u00e9 de la concentration pour les semis et les jeunes plants.\",\"breadcrumb\":{\"@id\":\"https:\\\/\\\/www.sunnyplants.com\\\/fr\\\/shop\\\/engrais-lithops-mesembs#breadcrumb\"},\"inLanguage\":\"fr-FR\",\"potentialAction\":[{\"@type\":\"ReadAction\",\"target\":[\"https:\\\/\\\/www.sunnyplants.com\\\/fr\\\/shop\\\/engrais-lithops-mesembs\"]}]},{\"@type\":\"ImageObject\",\"inLanguage\":\"fr-FR\",\"@id\":\"https:\\\/\\\/www.sunnyplants.com\\\/fr\\\/shop\\\/engrais-lithops-mesembs#primaryimage\",\"url\":\"https:\\\/\\\/www.sunnyplants.com\\\/wp-content\\\/uploads\\\/fert-2.jpg\",\"contentUrl\":\"https:\\\/\\\/www.sunnyplants.com\\\/wp-content\\\/uploads\\\/fert-2.jpg\",\"width\":2177,\"height\":2177,\"caption\":\"Engrais pour Lithops et M\u00e9sembs\"},{\"@type\":\"BreadcrumbList\",\"@id\":\"https:\\\/\\\/www.sunnyplants.com\\\/fr\\\/shop\\\/engrais-lithops-mesembs#breadcrumb\",\"itemListElement\":[{\"@type\":\"ListItem\",\"position\":1,\"name\":\"Home\",\"item\":\"https:\\\/\\\/www.sunnyplants.com\\\/fr\\\/sunnyplants-fr\"},{\"@type\":\"ListItem\",\"position\":2,\"name\":\"Boutique\",\"item\":\"https:\\\/\\\/www.sunnyplants.com\\\/fr\\\/boutique\"},{\"@type\":\"ListItem\",\"position\":3,\"name\":\"Engrais pour Lithops et M\u00e9sembs (10 Grammes)\"}]},{\"@type\":\"WebSite\",\"@id\":\"https:\\\/\\\/www.sunnyplants.com\\\/fr#website\",\"url\":\"https:\\\/\\\/www.sunnyplants.com\\\/fr\",\"name\":\"Sunnyplants.com\",\"description\":\"Lithops, Conophytums and other Mesembs &amp; Succulents\",\"potentialAction\":[{\"@type\":\"SearchAction\",\"target\":{\"@type\":\"EntryPoint\",\"urlTemplate\":\"https:\\\/\\\/www.sunnyplants.com\\\/fr?s={search_term_string}\"},\"query-input\":{\"@type\":\"PropertyValueSpecification\",\"valueRequired\":true,\"valueName\":\"search_term_string\"}}],\"inLanguage\":\"fr-FR\"}]}<\/script>\n<!-- \/ Yoast SEO plugin. -->","yoast_head_json":{"title":"Engrais pour Lithops et M\u00e9sembs (10 Grammes) - Sunnyplants.com","description":"Il s'agit d'un engrais concentr\u00e9 professionnel pour vos Lithops et autres Mesembs. Un paquet de 10 grammes suffit pour faire au moins 200 litres d'eau avec tous les nutriments essentiels pour Lithops, autres pierres vivantes et mesembs. Avec n'importe quel engrais liquide r\u00e9gulier pour cactus et succulentes, vous pouvez g\u00e9n\u00e9ralement cr\u00e9er beaucoup moins d'eau fertilis\u00e9e. Vous pouvez utiliser la moiti\u00e9 de la concentration pour les semis et les jeunes plants.","robots":{"index":"index","follow":"follow","max-snippet":"max-snippet:-1","max-image-preview":"max-image-preview:large","max-video-preview":"max-video-preview:-1"},"canonical":"https:\/\/www.sunnyplants.com\/fr\/shop\/engrais-lithops-mesembs","og_locale":"fr_FR","og_type":"article","og_title":"Engrais pour Lithops et M\u00e9sembs (10 Grammes) - Sunnyplants.com","og_description":"Il s'agit d'un engrais concentr\u00e9 professionnel pour vos Lithops et autres Mesembs. Un paquet de 10 grammes suffit pour faire au moins 200 litres d'eau avec tous les nutriments essentiels pour Lithops, autres pierres vivantes et mesembs. Avec n'importe quel engrais liquide r\u00e9gulier pour cactus et succulentes, vous pouvez g\u00e9n\u00e9ralement cr\u00e9er beaucoup moins d'eau fertilis\u00e9e. Vous pouvez utiliser la moiti\u00e9 de la concentration pour les semis et les jeunes plants.","og_url":"https:\/\/www.sunnyplants.com\/fr\/shop\/engrais-lithops-mesembs","og_site_name":"Sunnyplants.com","article_publisher":"https:\/\/nl-nl.facebook.com\/pages\/category\/Internet-Company\/Sunnyplantscom-1835401900058481\/","article_modified_time":"2026-02-14T11:18:15+00:00","og_image":[{"width":2177,"height":2177,"url":"https:\/\/www.sunnyplants.com\/wp-content\/uploads\/fert-2.jpg","type":"image\/jpeg"}],"twitter_card":"summary_large_image","twitter_misc":{"Dur\u00e9e de lecture estim\u00e9e":"1 minute"},"schema":{"@context":"https:\/\/schema.org","@graph":[{"@type":"WebPage","@id":"https:\/\/www.sunnyplants.com\/fr\/shop\/engrais-lithops-mesembs","url":"https:\/\/www.sunnyplants.com\/fr\/shop\/engrais-lithops-mesembs","name":"Engrais pour Lithops et M\u00e9sembs (10 Grammes) - Sunnyplants.com","isPartOf":{"@id":"https:\/\/www.sunnyplants.com\/fr#website"},"primaryImageOfPage":{"@id":"https:\/\/www.sunnyplants.com\/fr\/shop\/engrais-lithops-mesembs#primaryimage"},"image":{"@id":"https:\/\/www.sunnyplants.com\/fr\/shop\/engrais-lithops-mesembs#primaryimage"},"thumbnailUrl":"https:\/\/www.sunnyplants.com\/wp-content\/uploads\/fert-2.jpg","datePublished":"2023-02-28T08:22:15+00:00","dateModified":"2026-02-14T11:18:15+00:00","description":"Il s'agit d'un engrais concentr\u00e9 professionnel pour vos Lithops et autres Mesembs. Un paquet de 10 grammes suffit pour faire au moins 200 litres d'eau avec tous les nutriments essentiels pour Lithops, autres pierres vivantes et mesembs. Avec n'importe quel engrais liquide r\u00e9gulier pour cactus et succulentes, vous pouvez g\u00e9n\u00e9ralement cr\u00e9er beaucoup moins d'eau fertilis\u00e9e. Vous pouvez utiliser la moiti\u00e9 de la concentration pour les semis et les jeunes plants.","breadcrumb":{"@id":"https:\/\/www.sunnyplants.com\/fr\/shop\/engrais-lithops-mesembs#breadcrumb"},"inLanguage":"fr-FR","potentialAction":[{"@type":"ReadAction","target":["https:\/\/www.sunnyplants.com\/fr\/shop\/engrais-lithops-mesembs"]}]},{"@type":"ImageObject","inLanguage":"fr-FR","@id":"https:\/\/www.sunnyplants.com\/fr\/shop\/engrais-lithops-mesembs#primaryimage","url":"https:\/\/www.sunnyplants.com\/wp-content\/uploads\/fert-2.jpg","contentUrl":"https:\/\/www.sunnyplants.com\/wp-content\/uploads\/fert-2.jpg","width":2177,"height":2177,"caption":"Engrais pour Lithops et M\u00e9sembs"},{"@type":"BreadcrumbList","@id":"https:\/\/www.sunnyplants.com\/fr\/shop\/engrais-lithops-mesembs#breadcrumb","itemListElement":[{"@type":"ListItem","position":1,"name":"Home","item":"https:\/\/www.sunnyplants.com\/fr\/sunnyplants-fr"},{"@type":"ListItem","position":2,"name":"Boutique","item":"https:\/\/www.sunnyplants.com\/fr\/boutique"},{"@type":"ListItem","position":3,"name":"Engrais pour Lithops et M\u00e9sembs (10 Grammes)"}]},{"@type":"WebSite","@id":"https:\/\/www.sunnyplants.com\/fr#website","url":"https:\/\/www.sunnyplants.com\/fr","name":"Sunnyplants.com","description":"Lithops, Conophytums and other Mesembs &amp; Succulents","potentialAction":[{"@type":"SearchAction","target":{"@type":"EntryPoint","urlTemplate":"https:\/\/www.sunnyplants.com\/fr?s={search_term_string}"},"query-input":{"@type":"PropertyValueSpecification","valueRequired":true,"valueName":"search_term_string"}}],"inLanguage":"fr-FR"}]}},"jetpack_sharing_enabled":true,"_links":{"self":[{"href":"https:\/\/www.sunnyplants.com\/fr\/wp-json\/wp\/v2\/product\/43946","targetHints":{"allow":["GET"]}}],"collection":[{"href":"https:\/\/www.sunnyplants.com\/fr\/wp-json\/wp\/v2\/product"}],"about":[{"href":"https:\/\/www.sunnyplants.com\/fr\/wp-json\/wp\/v2\/types\/product"}],"replies":[{"embeddable":true,"href":"https:\/\/www.sunnyplants.com\/fr\/wp-json\/wp\/v2\/comments?post=43946"}],"wp:featuredmedia":[{"embeddable":true,"href":"https:\/\/www.sunnyplants.com\/fr\/wp-json\/wp\/v2\/media\/43950"}],"wp:attachment":[{"href":"https:\/\/www.sunnyplants.com\/fr\/wp-json\/wp\/v2\/media?parent=43946"}],"wp:term":[{"taxonomy":"product_brand","embeddable":true,"href":"https:\/\/www.sunnyplants.com\/fr\/wp-json\/wp\/v2\/product_brand?post=43946"},{"taxonomy":"product_cat","embeddable":true,"href":"https:\/\/www.sunnyplants.com\/fr\/wp-json\/wp\/v2\/product_cat?post=43946"},{"taxonomy":"product_tag","embeddable":true,"href":"https:\/\/www.sunnyplants.com\/fr\/wp-json\/wp\/v2\/product_tag?post=43946"}],"curies":[{"name":"wp","href":"https:\/\/api.w.org\/{rel}","templated":true}]}}