{"id":4836,"date":"2016-05-02T12:57:06","date_gmt":"2016-05-02T12:57:06","guid":{"rendered":"https:\/\/www.sunnyplants.com\/shop\/cactus-succulentes-melange-de-graines\/"},"modified":"2024-03-24T09:02:15","modified_gmt":"2024-03-24T09:02:15","slug":"cactus-succulentes-melange-graines","status":"publish","type":"product","link":"https:\/\/www.sunnyplants.com\/fr\/shop\/cactus-succulentes-melange-graines","title":{"rendered":"Cactus &amp; Succulentes M\u00e9lange de Graines"},"content":{"rendered":"<p>Tr\u00e8s agr\u00e9able m\u00e9lange al\u00e9atoire de diff\u00e9rentes esp\u00e8ces de succulentes et de cactus. Veuillez noter que le temps de germination des graines individuelles peut diff\u00e9rer. Suivez nos instructions g\u00e9n\u00e9rales de germination des graines pour augmenter votre r\u00e9ussite.<\/p>\n","protected":false},"excerpt":{"rendered":"<p>Cactus &amp; Succulentes M\u00e9lange de Graines\u00a0\u00e0 vendre.<\/p>\n","protected":false},"featured_media":5502,"comment_status":"open","ping_status":"closed","template":"","meta":[],"product_brand":[],"product_cat":[291,335,339,338],"product_tag":[782,781],"class_list":{"0":"post-4836","1":"product","2":"type-product","3":"status-publish","4":"has-post-thumbnail","6":"product_cat-graines","7":"product_cat-graines-cactus","8":"product_cat-graines-succulentes","9":"product_cat-melanges-graines","10":"product_tag-graines","11":"product_tag-melange","12":"product_shipping_class-seeds-fr","13":"pa_product-type-graines","14":"pa_quantity-100-graines","16":"first","17":"outofstock","18":"featured","19":"taxable","20":"shipping-taxable","21":"purchasable","22":"product-type-variable","23":"has-default-attributes"},"yoast_head":"<!-- This site is optimized with the Yoast SEO plugin v27.5 - https:\/\/yoast.com\/product\/yoast-seo-wordpress\/ -->\n<title>Cactus &amp; Succulentes M\u00e9lange de Graines - Sunnyplants.com<\/title>\n<meta name=\"description\" content=\"Cactus &amp; Succulentes M\u00e9lange de Graines\u00a0\u00e0 vendre.\" \/>\n<meta name=\"robots\" content=\"index, follow, max-snippet:-1, max-image-preview:large, max-video-preview:-1\" \/>\n<link rel=\"canonical\" href=\"https:\/\/www.sunnyplants.com\/fr\/shop\/cactus-succulentes-melange-graines\" \/>\n<meta property=\"og:locale\" content=\"fr_FR\" \/>\n<meta property=\"og:type\" content=\"article\" \/>\n<meta property=\"og:title\" content=\"Cactus &amp; Succulentes M\u00e9lange de Graines - Sunnyplants.com\" \/>\n<meta property=\"og:description\" content=\"Cactus &amp; Succulentes M\u00e9lange de Graines\u00a0\u00e0 vendre.\" \/>\n<meta property=\"og:url\" content=\"https:\/\/www.sunnyplants.com\/fr\/shop\/cactus-succulentes-melange-graines\" \/>\n<meta property=\"og:site_name\" content=\"Sunnyplants.com\" \/>\n<meta property=\"article:publisher\" content=\"https:\/\/nl-nl.facebook.com\/pages\/category\/Internet-Company\/Sunnyplantscom-1835401900058481\/\" \/>\n<meta property=\"article:modified_time\" content=\"2024-03-24T09:02:15+00:00\" \/>\n<meta property=\"og:image\" content=\"https:\/\/www.sunnyplants.com\/wp-content\/uploads\/2016\/05\/cactus-succulent-collection.jpg\" \/>\n\t<meta property=\"og:image:width\" content=\"600\" \/>\n\t<meta property=\"og:image:height\" content=\"600\" \/>\n\t<meta property=\"og:image:type\" content=\"image\/jpeg\" \/>\n<meta name=\"twitter:card\" content=\"summary_large_image\" \/>\n<script type=\"application\/ld+json\" class=\"yoast-schema-graph\">{\"@context\":\"https:\\\/\\\/schema.org\",\"@graph\":[{\"@type\":\"WebPage\",\"@id\":\"https:\\\/\\\/www.sunnyplants.com\\\/fr\\\/shop\\\/cactus-succulentes-melange-graines\",\"url\":\"https:\\\/\\\/www.sunnyplants.com\\\/fr\\\/shop\\\/cactus-succulentes-melange-graines\",\"name\":\"Cactus &amp; Succulentes M\u00e9lange de Graines - Sunnyplants.com\",\"isPartOf\":{\"@id\":\"https:\\\/\\\/www.sunnyplants.com\\\/fr#website\"},\"primaryImageOfPage\":{\"@id\":\"https:\\\/\\\/www.sunnyplants.com\\\/fr\\\/shop\\\/cactus-succulentes-melange-graines#primaryimage\"},\"image\":{\"@id\":\"https:\\\/\\\/www.sunnyplants.com\\\/fr\\\/shop\\\/cactus-succulentes-melange-graines#primaryimage\"},\"thumbnailUrl\":\"https:\\\/\\\/www.sunnyplants.com\\\/wp-content\\\/uploads\\\/2016\\\/05\\\/cactus-succulent-collection.jpg\",\"datePublished\":\"2016-05-02T12:57:06+00:00\",\"dateModified\":\"2024-03-24T09:02:15+00:00\",\"description\":\"Cactus &amp; Succulentes M\u00e9lange de Graines\u00a0\u00e0 vendre.\",\"breadcrumb\":{\"@id\":\"https:\\\/\\\/www.sunnyplants.com\\\/fr\\\/shop\\\/cactus-succulentes-melange-graines#breadcrumb\"},\"inLanguage\":\"fr-FR\",\"potentialAction\":[{\"@type\":\"ReadAction\",\"target\":[\"https:\\\/\\\/www.sunnyplants.com\\\/fr\\\/shop\\\/cactus-succulentes-melange-graines\"]}]},{\"@type\":\"ImageObject\",\"inLanguage\":\"fr-FR\",\"@id\":\"https:\\\/\\\/www.sunnyplants.com\\\/fr\\\/shop\\\/cactus-succulentes-melange-graines#primaryimage\",\"url\":\"https:\\\/\\\/www.sunnyplants.com\\\/wp-content\\\/uploads\\\/2016\\\/05\\\/cactus-succulent-collection.jpg\",\"contentUrl\":\"https:\\\/\\\/www.sunnyplants.com\\\/wp-content\\\/uploads\\\/2016\\\/05\\\/cactus-succulent-collection.jpg\",\"width\":600,\"height\":600},{\"@type\":\"BreadcrumbList\",\"@id\":\"https:\\\/\\\/www.sunnyplants.com\\\/fr\\\/shop\\\/cactus-succulentes-melange-graines#breadcrumb\",\"itemListElement\":[{\"@type\":\"ListItem\",\"position\":1,\"name\":\"Home\",\"item\":\"https:\\\/\\\/www.sunnyplants.com\\\/fr\\\/sunnyplants-fr\"},{\"@type\":\"ListItem\",\"position\":2,\"name\":\"Boutique\",\"item\":\"https:\\\/\\\/www.sunnyplants.com\\\/fr\\\/boutique\"},{\"@type\":\"ListItem\",\"position\":3,\"name\":\"Cactus &amp; Succulentes M\u00e9lange de Graines\"}]},{\"@type\":\"WebSite\",\"@id\":\"https:\\\/\\\/www.sunnyplants.com\\\/fr#website\",\"url\":\"https:\\\/\\\/www.sunnyplants.com\\\/fr\",\"name\":\"Sunnyplants.com\",\"description\":\"Lithops, Conophytums and other Mesembs &amp; Succulents\",\"potentialAction\":[{\"@type\":\"SearchAction\",\"target\":{\"@type\":\"EntryPoint\",\"urlTemplate\":\"https:\\\/\\\/www.sunnyplants.com\\\/fr?s={search_term_string}\"},\"query-input\":{\"@type\":\"PropertyValueSpecification\",\"valueRequired\":true,\"valueName\":\"search_term_string\"}}],\"inLanguage\":\"fr-FR\"}]}<\/script>\n<!-- \/ Yoast SEO plugin. -->","yoast_head_json":{"title":"Cactus &amp; Succulentes M\u00e9lange de Graines - Sunnyplants.com","description":"Cactus &amp; Succulentes M\u00e9lange de Graines\u00a0\u00e0 vendre.","robots":{"index":"index","follow":"follow","max-snippet":"max-snippet:-1","max-image-preview":"max-image-preview:large","max-video-preview":"max-video-preview:-1"},"canonical":"https:\/\/www.sunnyplants.com\/fr\/shop\/cactus-succulentes-melange-graines","og_locale":"fr_FR","og_type":"article","og_title":"Cactus &amp; Succulentes M\u00e9lange de Graines - Sunnyplants.com","og_description":"Cactus &amp; Succulentes M\u00e9lange de Graines\u00a0\u00e0 vendre.","og_url":"https:\/\/www.sunnyplants.com\/fr\/shop\/cactus-succulentes-melange-graines","og_site_name":"Sunnyplants.com","article_publisher":"https:\/\/nl-nl.facebook.com\/pages\/category\/Internet-Company\/Sunnyplantscom-1835401900058481\/","article_modified_time":"2024-03-24T09:02:15+00:00","og_image":[{"width":600,"height":600,"url":"https:\/\/www.sunnyplants.com\/wp-content\/uploads\/2016\/05\/cactus-succulent-collection.jpg","type":"image\/jpeg"}],"twitter_card":"summary_large_image","schema":{"@context":"https:\/\/schema.org","@graph":[{"@type":"WebPage","@id":"https:\/\/www.sunnyplants.com\/fr\/shop\/cactus-succulentes-melange-graines","url":"https:\/\/www.sunnyplants.com\/fr\/shop\/cactus-succulentes-melange-graines","name":"Cactus &amp; Succulentes M\u00e9lange de Graines - Sunnyplants.com","isPartOf":{"@id":"https:\/\/www.sunnyplants.com\/fr#website"},"primaryImageOfPage":{"@id":"https:\/\/www.sunnyplants.com\/fr\/shop\/cactus-succulentes-melange-graines#primaryimage"},"image":{"@id":"https:\/\/www.sunnyplants.com\/fr\/shop\/cactus-succulentes-melange-graines#primaryimage"},"thumbnailUrl":"https:\/\/www.sunnyplants.com\/wp-content\/uploads\/2016\/05\/cactus-succulent-collection.jpg","datePublished":"2016-05-02T12:57:06+00:00","dateModified":"2024-03-24T09:02:15+00:00","description":"Cactus &amp; Succulentes M\u00e9lange de Graines\u00a0\u00e0 vendre.","breadcrumb":{"@id":"https:\/\/www.sunnyplants.com\/fr\/shop\/cactus-succulentes-melange-graines#breadcrumb"},"inLanguage":"fr-FR","potentialAction":[{"@type":"ReadAction","target":["https:\/\/www.sunnyplants.com\/fr\/shop\/cactus-succulentes-melange-graines"]}]},{"@type":"ImageObject","inLanguage":"fr-FR","@id":"https:\/\/www.sunnyplants.com\/fr\/shop\/cactus-succulentes-melange-graines#primaryimage","url":"https:\/\/www.sunnyplants.com\/wp-content\/uploads\/2016\/05\/cactus-succulent-collection.jpg","contentUrl":"https:\/\/www.sunnyplants.com\/wp-content\/uploads\/2016\/05\/cactus-succulent-collection.jpg","width":600,"height":600},{"@type":"BreadcrumbList","@id":"https:\/\/www.sunnyplants.com\/fr\/shop\/cactus-succulentes-melange-graines#breadcrumb","itemListElement":[{"@type":"ListItem","position":1,"name":"Home","item":"https:\/\/www.sunnyplants.com\/fr\/sunnyplants-fr"},{"@type":"ListItem","position":2,"name":"Boutique","item":"https:\/\/www.sunnyplants.com\/fr\/boutique"},{"@type":"ListItem","position":3,"name":"Cactus &amp; Succulentes M\u00e9lange de Graines"}]},{"@type":"WebSite","@id":"https:\/\/www.sunnyplants.com\/fr#website","url":"https:\/\/www.sunnyplants.com\/fr","name":"Sunnyplants.com","description":"Lithops, Conophytums and other Mesembs &amp; Succulents","potentialAction":[{"@type":"SearchAction","target":{"@type":"EntryPoint","urlTemplate":"https:\/\/www.sunnyplants.com\/fr?s={search_term_string}"},"query-input":{"@type":"PropertyValueSpecification","valueRequired":true,"valueName":"search_term_string"}}],"inLanguage":"fr-FR"}]}},"jetpack_sharing_enabled":true,"_links":{"self":[{"href":"https:\/\/www.sunnyplants.com\/fr\/wp-json\/wp\/v2\/product\/4836","targetHints":{"allow":["GET"]}}],"collection":[{"href":"https:\/\/www.sunnyplants.com\/fr\/wp-json\/wp\/v2\/product"}],"about":[{"href":"https:\/\/www.sunnyplants.com\/fr\/wp-json\/wp\/v2\/types\/product"}],"replies":[{"embeddable":true,"href":"https:\/\/www.sunnyplants.com\/fr\/wp-json\/wp\/v2\/comments?post=4836"}],"wp:featuredmedia":[{"embeddable":true,"href":"https:\/\/www.sunnyplants.com\/fr\/wp-json\/wp\/v2\/media\/5502"}],"wp:attachment":[{"href":"https:\/\/www.sunnyplants.com\/fr\/wp-json\/wp\/v2\/media?parent=4836"}],"wp:term":[{"taxonomy":"product_brand","embeddable":true,"href":"https:\/\/www.sunnyplants.com\/fr\/wp-json\/wp\/v2\/product_brand?post=4836"},{"taxonomy":"product_cat","embeddable":true,"href":"https:\/\/www.sunnyplants.com\/fr\/wp-json\/wp\/v2\/product_cat?post=4836"},{"taxonomy":"product_tag","embeddable":true,"href":"https:\/\/www.sunnyplants.com\/fr\/wp-json\/wp\/v2\/product_tag?post=4836"}],"curies":[{"name":"wp","href":"https:\/\/api.w.org\/{rel}","templated":true}]}}