{"id":48539,"date":"2024-08-12T08:11:27","date_gmt":"2024-08-12T08:11:27","guid":{"rendered":"https:\/\/www.sunnyplants.com\/?post_type=product&#038;p=48539"},"modified":"2026-04-14T13:10:30","modified_gmt":"2026-04-14T13:10:30","slug":"sinningia-iarae-gloxinia-bulbes-copy","status":"publish","type":"product","link":"https:\/\/www.sunnyplants.com\/fr\/shop\/sinningia-iarae-gloxinia-bulbes-copy","title":{"rendered":"Plectranthus ernstii &#8211; Bonsai Mint &#8211; Plantes"},"content":{"rendered":"<p>Plectranthus ernstii &#8211; Bonsai Mint &#8211; Plantes \u00e0 vendre. Garder au sec pour s\u00e9cher presque en hiver \u00e0 une temp\u00e9rature minimale de 10-12C. Vous pouvez utiliser un terreau r\u00e9gulier \u00e0 base de tourbe. Ajouter de la pierre ponce, du sable ou du sable grossier pour le drainage.<\/p>\n","protected":false},"excerpt":{"rendered":"<p>De beaux plantes de Plectranthus ernstii de 4-6 cm avec ou sans feuilles selon la saison. De nouvelles feuilles se forment peu apr\u00e8s l&rsquo;arrosage.<\/p>\n","protected":false},"featured_media":48989,"comment_status":"open","ping_status":"closed","template":"","meta":[],"product_brand":[],"product_cat":[250,233,2262,1834,242],"product_tag":[2089,912,832,2266],"class_list":{"0":"post-48539","1":"product","2":"type-product","3":"status-publish","4":"has-post-thumbnail","6":"product_cat-bulbes-plantes-caudex","7":"product_cat-plantes","8":"product_cat-plantes-plectranthus","9":"product_cat-plantes-tropicales","10":"product_cat-succulentes","11":"product_tag-bonsai-fr","12":"product_tag-caudex-fr","13":"product_tag-plantes-dinterieur","14":"product_tag-plectranthus-fr","15":"product_shipping_class-plants-collections-fr","16":"pa_family-lamiaceae-fr","17":"pa_product-type-plantes","18":"pa_quantity-1-plante","19":"pa_size-4-6-cm-fr","21":"first","22":"instock","23":"taxable","24":"shipping-taxable","25":"purchasable","26":"product-type-simple"},"yoast_head":"<!-- This site is optimized with the Yoast SEO plugin v27.5 - https:\/\/yoast.com\/product\/yoast-seo-wordpress\/ -->\n<title>Plectranthus ernstii - Bonsai Mint - Plantes - Sunnyplants.com<\/title>\n<meta name=\"description\" content=\"De beaux plantes de Plectranthus ernstii de 4-6 cm avec ou sans feuilles selon la saison. De nouvelles feuilles se forment peu apr\u00e8s l&#039;arrosage.\" \/>\n<meta name=\"robots\" content=\"index, follow, max-snippet:-1, max-image-preview:large, max-video-preview:-1\" \/>\n<link rel=\"canonical\" href=\"https:\/\/www.sunnyplants.com\/fr\/shop\/sinningia-iarae-gloxinia-bulbes-copy\" \/>\n<meta property=\"og:locale\" content=\"fr_FR\" \/>\n<meta property=\"og:type\" content=\"article\" \/>\n<meta property=\"og:title\" content=\"Plectranthus ernstii - Bonsai Mint - Plantes - Sunnyplants.com\" \/>\n<meta property=\"og:description\" content=\"De beaux plantes de Plectranthus ernstii de 4-6 cm avec ou sans feuilles selon la saison. De nouvelles feuilles se forment peu apr\u00e8s l&#039;arrosage.\" \/>\n<meta property=\"og:url\" content=\"https:\/\/www.sunnyplants.com\/fr\/shop\/sinningia-iarae-gloxinia-bulbes-copy\" \/>\n<meta property=\"og:site_name\" content=\"Sunnyplants.com\" \/>\n<meta property=\"article:publisher\" content=\"https:\/\/nl-nl.facebook.com\/pages\/category\/Internet-Company\/Sunnyplantscom-1835401900058481\/\" \/>\n<meta property=\"article:modified_time\" content=\"2026-04-14T13:10:30+00:00\" \/>\n<meta property=\"og:image\" content=\"https:\/\/www.sunnyplants.com\/wp-content\/uploads\/plectranthus-ernstii-7.jpg\" \/>\n\t<meta property=\"og:image:width\" content=\"2045\" \/>\n\t<meta property=\"og:image:height\" content=\"2045\" \/>\n\t<meta property=\"og:image:type\" content=\"image\/jpeg\" \/>\n<meta name=\"twitter:card\" content=\"summary_large_image\" \/>\n<script type=\"application\/ld+json\" class=\"yoast-schema-graph\">{\"@context\":\"https:\\\/\\\/schema.org\",\"@graph\":[{\"@type\":\"WebPage\",\"@id\":\"https:\\\/\\\/www.sunnyplants.com\\\/fr\\\/shop\\\/sinningia-iarae-gloxinia-bulbes-copy\",\"url\":\"https:\\\/\\\/www.sunnyplants.com\\\/fr\\\/shop\\\/sinningia-iarae-gloxinia-bulbes-copy\",\"name\":\"Plectranthus ernstii - Bonsai Mint - Plantes - Sunnyplants.com\",\"isPartOf\":{\"@id\":\"https:\\\/\\\/www.sunnyplants.com\\\/fr#website\"},\"primaryImageOfPage\":{\"@id\":\"https:\\\/\\\/www.sunnyplants.com\\\/fr\\\/shop\\\/sinningia-iarae-gloxinia-bulbes-copy#primaryimage\"},\"image\":{\"@id\":\"https:\\\/\\\/www.sunnyplants.com\\\/fr\\\/shop\\\/sinningia-iarae-gloxinia-bulbes-copy#primaryimage\"},\"thumbnailUrl\":\"https:\\\/\\\/www.sunnyplants.com\\\/wp-content\\\/uploads\\\/plectranthus-ernstii-7.jpg\",\"datePublished\":\"2024-08-12T08:11:27+00:00\",\"dateModified\":\"2026-04-14T13:10:30+00:00\",\"description\":\"De beaux plantes de Plectranthus ernstii de 4-6 cm avec ou sans feuilles selon la saison. De nouvelles feuilles se forment peu apr\u00e8s l'arrosage.\",\"breadcrumb\":{\"@id\":\"https:\\\/\\\/www.sunnyplants.com\\\/fr\\\/shop\\\/sinningia-iarae-gloxinia-bulbes-copy#breadcrumb\"},\"inLanguage\":\"fr-FR\",\"potentialAction\":[{\"@type\":\"ReadAction\",\"target\":[\"https:\\\/\\\/www.sunnyplants.com\\\/fr\\\/shop\\\/sinningia-iarae-gloxinia-bulbes-copy\"]}]},{\"@type\":\"ImageObject\",\"inLanguage\":\"fr-FR\",\"@id\":\"https:\\\/\\\/www.sunnyplants.com\\\/fr\\\/shop\\\/sinningia-iarae-gloxinia-bulbes-copy#primaryimage\",\"url\":\"https:\\\/\\\/www.sunnyplants.com\\\/wp-content\\\/uploads\\\/plectranthus-ernstii-7.jpg\",\"contentUrl\":\"https:\\\/\\\/www.sunnyplants.com\\\/wp-content\\\/uploads\\\/plectranthus-ernstii-7.jpg\",\"width\":2045,\"height\":2045,\"caption\":\"Plectranthus ernstii - Bonsai Mint - Plants\"},{\"@type\":\"BreadcrumbList\",\"@id\":\"https:\\\/\\\/www.sunnyplants.com\\\/fr\\\/shop\\\/sinningia-iarae-gloxinia-bulbes-copy#breadcrumb\",\"itemListElement\":[{\"@type\":\"ListItem\",\"position\":1,\"name\":\"Home\",\"item\":\"https:\\\/\\\/www.sunnyplants.com\\\/fr\\\/sunnyplants-fr\"},{\"@type\":\"ListItem\",\"position\":2,\"name\":\"Boutique\",\"item\":\"https:\\\/\\\/www.sunnyplants.com\\\/fr\\\/boutique\"},{\"@type\":\"ListItem\",\"position\":3,\"name\":\"Plectranthus ernstii &#8211; Bonsai Mint &#8211; Plantes\"}]},{\"@type\":\"WebSite\",\"@id\":\"https:\\\/\\\/www.sunnyplants.com\\\/fr#website\",\"url\":\"https:\\\/\\\/www.sunnyplants.com\\\/fr\",\"name\":\"Sunnyplants.com\",\"description\":\"Lithops, Conophytums and other Mesembs &amp; Succulents\",\"potentialAction\":[{\"@type\":\"SearchAction\",\"target\":{\"@type\":\"EntryPoint\",\"urlTemplate\":\"https:\\\/\\\/www.sunnyplants.com\\\/fr?s={search_term_string}\"},\"query-input\":{\"@type\":\"PropertyValueSpecification\",\"valueRequired\":true,\"valueName\":\"search_term_string\"}}],\"inLanguage\":\"fr-FR\"}]}<\/script>\n<!-- \/ Yoast SEO plugin. -->","yoast_head_json":{"title":"Plectranthus ernstii - Bonsai Mint - Plantes - Sunnyplants.com","description":"De beaux plantes de Plectranthus ernstii de 4-6 cm avec ou sans feuilles selon la saison. De nouvelles feuilles se forment peu apr\u00e8s l'arrosage.","robots":{"index":"index","follow":"follow","max-snippet":"max-snippet:-1","max-image-preview":"max-image-preview:large","max-video-preview":"max-video-preview:-1"},"canonical":"https:\/\/www.sunnyplants.com\/fr\/shop\/sinningia-iarae-gloxinia-bulbes-copy","og_locale":"fr_FR","og_type":"article","og_title":"Plectranthus ernstii - Bonsai Mint - Plantes - Sunnyplants.com","og_description":"De beaux plantes de Plectranthus ernstii de 4-6 cm avec ou sans feuilles selon la saison. De nouvelles feuilles se forment peu apr\u00e8s l'arrosage.","og_url":"https:\/\/www.sunnyplants.com\/fr\/shop\/sinningia-iarae-gloxinia-bulbes-copy","og_site_name":"Sunnyplants.com","article_publisher":"https:\/\/nl-nl.facebook.com\/pages\/category\/Internet-Company\/Sunnyplantscom-1835401900058481\/","article_modified_time":"2026-04-14T13:10:30+00:00","og_image":[{"width":2045,"height":2045,"url":"https:\/\/www.sunnyplants.com\/wp-content\/uploads\/plectranthus-ernstii-7.jpg","type":"image\/jpeg"}],"twitter_card":"summary_large_image","schema":{"@context":"https:\/\/schema.org","@graph":[{"@type":"WebPage","@id":"https:\/\/www.sunnyplants.com\/fr\/shop\/sinningia-iarae-gloxinia-bulbes-copy","url":"https:\/\/www.sunnyplants.com\/fr\/shop\/sinningia-iarae-gloxinia-bulbes-copy","name":"Plectranthus ernstii - Bonsai Mint - Plantes - Sunnyplants.com","isPartOf":{"@id":"https:\/\/www.sunnyplants.com\/fr#website"},"primaryImageOfPage":{"@id":"https:\/\/www.sunnyplants.com\/fr\/shop\/sinningia-iarae-gloxinia-bulbes-copy#primaryimage"},"image":{"@id":"https:\/\/www.sunnyplants.com\/fr\/shop\/sinningia-iarae-gloxinia-bulbes-copy#primaryimage"},"thumbnailUrl":"https:\/\/www.sunnyplants.com\/wp-content\/uploads\/plectranthus-ernstii-7.jpg","datePublished":"2024-08-12T08:11:27+00:00","dateModified":"2026-04-14T13:10:30+00:00","description":"De beaux plantes de Plectranthus ernstii de 4-6 cm avec ou sans feuilles selon la saison. De nouvelles feuilles se forment peu apr\u00e8s l'arrosage.","breadcrumb":{"@id":"https:\/\/www.sunnyplants.com\/fr\/shop\/sinningia-iarae-gloxinia-bulbes-copy#breadcrumb"},"inLanguage":"fr-FR","potentialAction":[{"@type":"ReadAction","target":["https:\/\/www.sunnyplants.com\/fr\/shop\/sinningia-iarae-gloxinia-bulbes-copy"]}]},{"@type":"ImageObject","inLanguage":"fr-FR","@id":"https:\/\/www.sunnyplants.com\/fr\/shop\/sinningia-iarae-gloxinia-bulbes-copy#primaryimage","url":"https:\/\/www.sunnyplants.com\/wp-content\/uploads\/plectranthus-ernstii-7.jpg","contentUrl":"https:\/\/www.sunnyplants.com\/wp-content\/uploads\/plectranthus-ernstii-7.jpg","width":2045,"height":2045,"caption":"Plectranthus ernstii - Bonsai Mint - Plants"},{"@type":"BreadcrumbList","@id":"https:\/\/www.sunnyplants.com\/fr\/shop\/sinningia-iarae-gloxinia-bulbes-copy#breadcrumb","itemListElement":[{"@type":"ListItem","position":1,"name":"Home","item":"https:\/\/www.sunnyplants.com\/fr\/sunnyplants-fr"},{"@type":"ListItem","position":2,"name":"Boutique","item":"https:\/\/www.sunnyplants.com\/fr\/boutique"},{"@type":"ListItem","position":3,"name":"Plectranthus ernstii &#8211; Bonsai Mint &#8211; Plantes"}]},{"@type":"WebSite","@id":"https:\/\/www.sunnyplants.com\/fr#website","url":"https:\/\/www.sunnyplants.com\/fr","name":"Sunnyplants.com","description":"Lithops, Conophytums and other Mesembs &amp; Succulents","potentialAction":[{"@type":"SearchAction","target":{"@type":"EntryPoint","urlTemplate":"https:\/\/www.sunnyplants.com\/fr?s={search_term_string}"},"query-input":{"@type":"PropertyValueSpecification","valueRequired":true,"valueName":"search_term_string"}}],"inLanguage":"fr-FR"}]}},"jetpack_sharing_enabled":true,"_links":{"self":[{"href":"https:\/\/www.sunnyplants.com\/fr\/wp-json\/wp\/v2\/product\/48539","targetHints":{"allow":["GET"]}}],"collection":[{"href":"https:\/\/www.sunnyplants.com\/fr\/wp-json\/wp\/v2\/product"}],"about":[{"href":"https:\/\/www.sunnyplants.com\/fr\/wp-json\/wp\/v2\/types\/product"}],"replies":[{"embeddable":true,"href":"https:\/\/www.sunnyplants.com\/fr\/wp-json\/wp\/v2\/comments?post=48539"}],"wp:featuredmedia":[{"embeddable":true,"href":"https:\/\/www.sunnyplants.com\/fr\/wp-json\/wp\/v2\/media\/48989"}],"wp:attachment":[{"href":"https:\/\/www.sunnyplants.com\/fr\/wp-json\/wp\/v2\/media?parent=48539"}],"wp:term":[{"taxonomy":"product_brand","embeddable":true,"href":"https:\/\/www.sunnyplants.com\/fr\/wp-json\/wp\/v2\/product_brand?post=48539"},{"taxonomy":"product_cat","embeddable":true,"href":"https:\/\/www.sunnyplants.com\/fr\/wp-json\/wp\/v2\/product_cat?post=48539"},{"taxonomy":"product_tag","embeddable":true,"href":"https:\/\/www.sunnyplants.com\/fr\/wp-json\/wp\/v2\/product_tag?post=48539"}],"curies":[{"name":"wp","href":"https:\/\/api.w.org\/{rel}","templated":true}]}}