{"id":4869,"date":"2020-06-20T14:54:04","date_gmt":"2016-11-29T14:54:04","guid":{"rendered":"https:\/\/www.sunnyplants.com\/fr\/shop\/dionaea-muscipula-la-dionee-attrape-mouche-graines-copy\/"},"modified":"2026-04-29T04:55:35","modified_gmt":"2026-04-29T04:55:35","slug":"lithops-melange-graines-pierres-vivantes-graines","status":"publish","type":"product","link":"https:\/\/www.sunnyplants.com\/fr\/shop\/lithops-melange-graines-pierres-vivantes-graines","title":{"rendered":"Lithops M\u00e9lange de Graines &#8211; Pierres Vivantes &#8211; Graines"},"content":{"rendered":"<p>M\u00e9lange de graines al\u00e9atoires de diff\u00e9rentes esp\u00e8ces de Lithops de diff\u00e9rentes couleurs. Si vous aimez faire germer des graines et que vous souhaitez commencer une collection Lithops \u00e0 partir de vos propres graines de Lithops, c&rsquo;est une excellente fa\u00e7on de commencer.<\/p>\n<h2>Comment faire germer des graines de Lithops<\/h2>\n<p>Les graines de Lithops sont tr\u00e8s petites. Pour de meilleurs r\u00e9sultats, utilisez une couche sup\u00e9rieure de 1 cm de pierre <a href=\"https:\/\/www.sunnyplants.com\/fr\/shop\/pierre-ponce-bims\">ponce (Bims)<\/a> sur votre sol en cours de germination. Puis r\u00e9partissez uniform\u00e9ment les graines sur la pierre ponce. Arrosez d\u00e9licatement le bac \u00e0 graines ou le pot et lavez les graines entre les pierres ponces. Couvrez le plateau avec un couvercle transparent ou placez-le dans un sac en plastique transparent. Donnez une lumi\u00e8re vive mais \u00e9vitez le soleil direct. Les graines devraient germer dans 10 \u00e0 14 jours \u00e0 des temp\u00e9ratures voisines de 20 \u00e0 24 \u00b0 C. Diminuez lentement l&rsquo;humidit\u00e9 de l&rsquo;air lorsque la plupart de vos graines ont germ\u00e9.<\/p>\n<p>Les jeunes plants de Lithops sont tr\u00e8s vuln\u00e9rables les 6 premiers mois. Il est pr\u00e9f\u00e9rable de garder le bac \u00e0 graines l\u00e9g\u00e8rement humide en tout temps pendant cette p\u00e9riode. Quand ils sont un peu plus gros, vous pouvez laisser le sol s&rsquo;ass\u00e9cher entre les arrosages. La transplantation des Lithops n&rsquo;est n\u00e9cessaire que lorsque les plantes commencent \u00e0 trop se pousser.<\/p>\n","protected":false},"excerpt":{"rendered":"<p>Lithops M\u00e9lange de Graines \u00e0 vendre. Toutes nos graines sont accompagn\u00e9es d&rsquo;instructions g\u00e9n\u00e9rales de germination. Pour de meilleurs r\u00e9sultats, utilisez notre <a href=\"https:\/\/www.sunnyplants.com\/fr\/shop\/terreau-pour-lithops-et-mesembs\">m\u00e9lange de sol Lithops et Mesembs<\/a>.<\/p>\n","protected":false},"featured_media":21010,"comment_status":"open","ping_status":"closed","template":"","meta":[],"product_brand":[],"product_cat":[291,342,337,339,338,1701],"product_tag":[782,1924,1056,1923,806,803],"class_list":{"0":"post-4869","1":"product","2":"type-product","3":"status-publish","4":"has-post-thumbnail","6":"product_cat-graines","7":"product_cat-graines-lithops","8":"product_cat-graines-lithops-pierres-vivantes","9":"product_cat-graines-succulentes","10":"product_cat-melanges-graines","11":"product_cat-mini-succulentes","12":"product_tag-graines","13":"product_tag-graines-lithops","14":"product_tag-lithops-fr","15":"product_tag-lithops-mix-fr","16":"product_tag-mesembs-fr","17":"product_tag-pierres-vivantes","18":"product_shipping_class-seeds-fr","19":"pa_family-mesembryanthemaceae-aizoaceae-fr","20":"pa_product-type-graines","21":"pa_quantity-1-000-graines","22":"pa_quantity-100-graines","23":"pa_quantity-20-graines","25":"first","26":"instock","27":"featured","28":"taxable","29":"shipping-taxable","30":"purchasable","31":"product-type-variable","32":"has-default-attributes"},"yoast_head":"<!-- This site is optimized with the Yoast SEO plugin v27.5 - https:\/\/yoast.com\/product\/yoast-seo-wordpress\/ -->\n<title>Lithops M\u00e9lange de Graines - Pierres Vivantes - Graines - Sunnyplants.com<\/title>\n<meta name=\"description\" content=\"Lithops M\u00e9lange de Graines \u00e0 vendre. Toutes nos graines sont accompagn\u00e9es d&#039;instructions g\u00e9n\u00e9rales de germination. Pour de meilleurs r\u00e9sultats, utilisez notre m\u00e9lange de sol Lithops et Mesembs.\" \/>\n<meta name=\"robots\" content=\"index, follow, max-snippet:-1, max-image-preview:large, max-video-preview:-1\" \/>\n<link rel=\"canonical\" href=\"https:\/\/www.sunnyplants.com\/fr\/shop\/lithops-melange-graines-pierres-vivantes-graines\" \/>\n<meta property=\"og:locale\" content=\"fr_FR\" \/>\n<meta property=\"og:type\" content=\"article\" \/>\n<meta property=\"og:title\" content=\"Lithops M\u00e9lange de Graines - Pierres Vivantes - Graines - Sunnyplants.com\" \/>\n<meta property=\"og:description\" content=\"Lithops M\u00e9lange de Graines \u00e0 vendre. Toutes nos graines sont accompagn\u00e9es d&#039;instructions g\u00e9n\u00e9rales de germination. Pour de meilleurs r\u00e9sultats, utilisez notre m\u00e9lange de sol Lithops et Mesembs.\" \/>\n<meta property=\"og:url\" content=\"https:\/\/www.sunnyplants.com\/fr\/shop\/lithops-melange-graines-pierres-vivantes-graines\" \/>\n<meta property=\"og:site_name\" content=\"Sunnyplants.com\" \/>\n<meta property=\"article:publisher\" content=\"https:\/\/nl-nl.facebook.com\/pages\/category\/Internet-Company\/Sunnyplantscom-1835401900058481\/\" \/>\n<meta property=\"article:modified_time\" content=\"2026-04-29T04:55:35+00:00\" \/>\n<meta property=\"og:image\" content=\"https:\/\/www.sunnyplants.com\/wp-content\/uploads\/lithops-collection-1.jpg\" \/>\n\t<meta property=\"og:image:width\" content=\"900\" \/>\n\t<meta property=\"og:image:height\" content=\"900\" \/>\n\t<meta property=\"og:image:type\" content=\"image\/jpeg\" \/>\n<meta name=\"twitter:card\" content=\"summary_large_image\" \/>\n<meta name=\"twitter:label1\" content=\"Dur\u00e9e de lecture estim\u00e9e\" \/>\n\t<meta name=\"twitter:data1\" content=\"1 minute\" \/>\n<script type=\"application\/ld+json\" class=\"yoast-schema-graph\">{\"@context\":\"https:\\\/\\\/schema.org\",\"@graph\":[{\"@type\":\"WebPage\",\"@id\":\"https:\\\/\\\/www.sunnyplants.com\\\/fr\\\/shop\\\/lithops-melange-graines-pierres-vivantes-graines\",\"url\":\"https:\\\/\\\/www.sunnyplants.com\\\/fr\\\/shop\\\/lithops-melange-graines-pierres-vivantes-graines\",\"name\":\"Lithops M\u00e9lange de Graines - Pierres Vivantes - Graines - Sunnyplants.com\",\"isPartOf\":{\"@id\":\"https:\\\/\\\/www.sunnyplants.com\\\/fr#website\"},\"primaryImageOfPage\":{\"@id\":\"https:\\\/\\\/www.sunnyplants.com\\\/fr\\\/shop\\\/lithops-melange-graines-pierres-vivantes-graines#primaryimage\"},\"image\":{\"@id\":\"https:\\\/\\\/www.sunnyplants.com\\\/fr\\\/shop\\\/lithops-melange-graines-pierres-vivantes-graines#primaryimage\"},\"thumbnailUrl\":\"https:\\\/\\\/www.sunnyplants.com\\\/wp-content\\\/uploads\\\/lithops-collection-1.jpg\",\"datePublished\":\"2016-11-29T14:54:04+00:00\",\"dateModified\":\"2026-04-29T04:55:35+00:00\",\"description\":\"Lithops M\u00e9lange de Graines \u00e0 vendre. Toutes nos graines sont accompagn\u00e9es d'instructions g\u00e9n\u00e9rales de germination. Pour de meilleurs r\u00e9sultats, utilisez notre m\u00e9lange de sol Lithops et Mesembs.\",\"breadcrumb\":{\"@id\":\"https:\\\/\\\/www.sunnyplants.com\\\/fr\\\/shop\\\/lithops-melange-graines-pierres-vivantes-graines#breadcrumb\"},\"inLanguage\":\"fr-FR\",\"potentialAction\":[{\"@type\":\"ReadAction\",\"target\":[\"https:\\\/\\\/www.sunnyplants.com\\\/fr\\\/shop\\\/lithops-melange-graines-pierres-vivantes-graines\"]}]},{\"@type\":\"ImageObject\",\"inLanguage\":\"fr-FR\",\"@id\":\"https:\\\/\\\/www.sunnyplants.com\\\/fr\\\/shop\\\/lithops-melange-graines-pierres-vivantes-graines#primaryimage\",\"url\":\"https:\\\/\\\/www.sunnyplants.com\\\/wp-content\\\/uploads\\\/lithops-collection-1.jpg\",\"contentUrl\":\"https:\\\/\\\/www.sunnyplants.com\\\/wp-content\\\/uploads\\\/lithops-collection-1.jpg\",\"width\":900,\"height\":900,\"caption\":\"Lithops mixed plants in pot\"},{\"@type\":\"BreadcrumbList\",\"@id\":\"https:\\\/\\\/www.sunnyplants.com\\\/fr\\\/shop\\\/lithops-melange-graines-pierres-vivantes-graines#breadcrumb\",\"itemListElement\":[{\"@type\":\"ListItem\",\"position\":1,\"name\":\"Home\",\"item\":\"https:\\\/\\\/www.sunnyplants.com\\\/fr\\\/sunnyplants-fr\"},{\"@type\":\"ListItem\",\"position\":2,\"name\":\"Boutique\",\"item\":\"https:\\\/\\\/www.sunnyplants.com\\\/fr\\\/boutique\"},{\"@type\":\"ListItem\",\"position\":3,\"name\":\"Lithops M\u00e9lange de Graines &#8211; Pierres Vivantes &#8211; Graines\"}]},{\"@type\":\"WebSite\",\"@id\":\"https:\\\/\\\/www.sunnyplants.com\\\/fr#website\",\"url\":\"https:\\\/\\\/www.sunnyplants.com\\\/fr\",\"name\":\"Sunnyplants.com\",\"description\":\"Lithops, Conophytums and other Mesembs &amp; Succulents\",\"potentialAction\":[{\"@type\":\"SearchAction\",\"target\":{\"@type\":\"EntryPoint\",\"urlTemplate\":\"https:\\\/\\\/www.sunnyplants.com\\\/fr?s={search_term_string}\"},\"query-input\":{\"@type\":\"PropertyValueSpecification\",\"valueRequired\":true,\"valueName\":\"search_term_string\"}}],\"inLanguage\":\"fr-FR\"}]}<\/script>\n<!-- \/ Yoast SEO plugin. -->","yoast_head_json":{"title":"Lithops M\u00e9lange de Graines - Pierres Vivantes - Graines - Sunnyplants.com","description":"Lithops M\u00e9lange de Graines \u00e0 vendre. Toutes nos graines sont accompagn\u00e9es d'instructions g\u00e9n\u00e9rales de germination. Pour de meilleurs r\u00e9sultats, utilisez notre m\u00e9lange de sol Lithops et Mesembs.","robots":{"index":"index","follow":"follow","max-snippet":"max-snippet:-1","max-image-preview":"max-image-preview:large","max-video-preview":"max-video-preview:-1"},"canonical":"https:\/\/www.sunnyplants.com\/fr\/shop\/lithops-melange-graines-pierres-vivantes-graines","og_locale":"fr_FR","og_type":"article","og_title":"Lithops M\u00e9lange de Graines - Pierres Vivantes - Graines - Sunnyplants.com","og_description":"Lithops M\u00e9lange de Graines \u00e0 vendre. Toutes nos graines sont accompagn\u00e9es d'instructions g\u00e9n\u00e9rales de germination. Pour de meilleurs r\u00e9sultats, utilisez notre m\u00e9lange de sol Lithops et Mesembs.","og_url":"https:\/\/www.sunnyplants.com\/fr\/shop\/lithops-melange-graines-pierres-vivantes-graines","og_site_name":"Sunnyplants.com","article_publisher":"https:\/\/nl-nl.facebook.com\/pages\/category\/Internet-Company\/Sunnyplantscom-1835401900058481\/","article_modified_time":"2026-04-29T04:55:35+00:00","og_image":[{"width":900,"height":900,"url":"https:\/\/www.sunnyplants.com\/wp-content\/uploads\/lithops-collection-1.jpg","type":"image\/jpeg"}],"twitter_card":"summary_large_image","twitter_misc":{"Dur\u00e9e de lecture estim\u00e9e":"1 minute"},"schema":{"@context":"https:\/\/schema.org","@graph":[{"@type":"WebPage","@id":"https:\/\/www.sunnyplants.com\/fr\/shop\/lithops-melange-graines-pierres-vivantes-graines","url":"https:\/\/www.sunnyplants.com\/fr\/shop\/lithops-melange-graines-pierres-vivantes-graines","name":"Lithops M\u00e9lange de Graines - Pierres Vivantes - Graines - Sunnyplants.com","isPartOf":{"@id":"https:\/\/www.sunnyplants.com\/fr#website"},"primaryImageOfPage":{"@id":"https:\/\/www.sunnyplants.com\/fr\/shop\/lithops-melange-graines-pierres-vivantes-graines#primaryimage"},"image":{"@id":"https:\/\/www.sunnyplants.com\/fr\/shop\/lithops-melange-graines-pierres-vivantes-graines#primaryimage"},"thumbnailUrl":"https:\/\/www.sunnyplants.com\/wp-content\/uploads\/lithops-collection-1.jpg","datePublished":"2016-11-29T14:54:04+00:00","dateModified":"2026-04-29T04:55:35+00:00","description":"Lithops M\u00e9lange de Graines \u00e0 vendre. Toutes nos graines sont accompagn\u00e9es d'instructions g\u00e9n\u00e9rales de germination. Pour de meilleurs r\u00e9sultats, utilisez notre m\u00e9lange de sol Lithops et Mesembs.","breadcrumb":{"@id":"https:\/\/www.sunnyplants.com\/fr\/shop\/lithops-melange-graines-pierres-vivantes-graines#breadcrumb"},"inLanguage":"fr-FR","potentialAction":[{"@type":"ReadAction","target":["https:\/\/www.sunnyplants.com\/fr\/shop\/lithops-melange-graines-pierres-vivantes-graines"]}]},{"@type":"ImageObject","inLanguage":"fr-FR","@id":"https:\/\/www.sunnyplants.com\/fr\/shop\/lithops-melange-graines-pierres-vivantes-graines#primaryimage","url":"https:\/\/www.sunnyplants.com\/wp-content\/uploads\/lithops-collection-1.jpg","contentUrl":"https:\/\/www.sunnyplants.com\/wp-content\/uploads\/lithops-collection-1.jpg","width":900,"height":900,"caption":"Lithops mixed plants in pot"},{"@type":"BreadcrumbList","@id":"https:\/\/www.sunnyplants.com\/fr\/shop\/lithops-melange-graines-pierres-vivantes-graines#breadcrumb","itemListElement":[{"@type":"ListItem","position":1,"name":"Home","item":"https:\/\/www.sunnyplants.com\/fr\/sunnyplants-fr"},{"@type":"ListItem","position":2,"name":"Boutique","item":"https:\/\/www.sunnyplants.com\/fr\/boutique"},{"@type":"ListItem","position":3,"name":"Lithops M\u00e9lange de Graines &#8211; Pierres Vivantes &#8211; Graines"}]},{"@type":"WebSite","@id":"https:\/\/www.sunnyplants.com\/fr#website","url":"https:\/\/www.sunnyplants.com\/fr","name":"Sunnyplants.com","description":"Lithops, Conophytums and other Mesembs &amp; Succulents","potentialAction":[{"@type":"SearchAction","target":{"@type":"EntryPoint","urlTemplate":"https:\/\/www.sunnyplants.com\/fr?s={search_term_string}"},"query-input":{"@type":"PropertyValueSpecification","valueRequired":true,"valueName":"search_term_string"}}],"inLanguage":"fr-FR"}]}},"jetpack_sharing_enabled":true,"_links":{"self":[{"href":"https:\/\/www.sunnyplants.com\/fr\/wp-json\/wp\/v2\/product\/4869","targetHints":{"allow":["GET"]}}],"collection":[{"href":"https:\/\/www.sunnyplants.com\/fr\/wp-json\/wp\/v2\/product"}],"about":[{"href":"https:\/\/www.sunnyplants.com\/fr\/wp-json\/wp\/v2\/types\/product"}],"replies":[{"embeddable":true,"href":"https:\/\/www.sunnyplants.com\/fr\/wp-json\/wp\/v2\/comments?post=4869"}],"wp:featuredmedia":[{"embeddable":true,"href":"https:\/\/www.sunnyplants.com\/fr\/wp-json\/wp\/v2\/media\/21010"}],"wp:attachment":[{"href":"https:\/\/www.sunnyplants.com\/fr\/wp-json\/wp\/v2\/media?parent=4869"}],"wp:term":[{"taxonomy":"product_brand","embeddable":true,"href":"https:\/\/www.sunnyplants.com\/fr\/wp-json\/wp\/v2\/product_brand?post=4869"},{"taxonomy":"product_cat","embeddable":true,"href":"https:\/\/www.sunnyplants.com\/fr\/wp-json\/wp\/v2\/product_cat?post=4869"},{"taxonomy":"product_tag","embeddable":true,"href":"https:\/\/www.sunnyplants.com\/fr\/wp-json\/wp\/v2\/product_tag?post=4869"}],"curies":[{"name":"wp","href":"https:\/\/api.w.org\/{rel}","templated":true}]}}