{"id":6094,"date":"2016-12-25T12:58:56","date_gmt":"2016-12-25T12:58:57","guid":{"rendered":"https:\/\/www.sunnyplants.com\/fr\/shop\/echeveria-black-prince-boutures-copy\/"},"modified":"2025-03-05T18:18:48","modified_gmt":"2025-03-05T18:18:48","slug":"pachyveria-opalina-boutures","status":"publish","type":"product","link":"https:\/\/www.sunnyplants.com\/fr\/shop\/pachyveria-opalina-boutures","title":{"rendered":"Pachyveria Opalina &#8211; Boutures"},"content":{"rendered":"<p>Bel hybride entre Echeveria et Pachyphytum. Lorsque vous donnez beaucoup de lumi\u00e8re \u00e0 Pachyveria Opalina, les couleurs bleu rose se d\u00e9tachent vraiment. indispensable pour votre collection succulente.<\/p>\n<h2>Entretien des boutures de Pachyveria Opalina<\/h2>\n<p>Les boutures commencent g\u00e9n\u00e9ralement \u00e0 former des racines apr\u00e8s 3-4 semaines. Selon la p\u00e9riode de l&rsquo;ann\u00e9e. Donnez un peu d&rsquo;ombre aux boutures. Pachyveria Opalina pr\u00e9f\u00e8re des temp\u00e9ratures de 18 \u00e0 24 \u00b0 C. Les plantes se reposent quand les temp\u00e9ratures sont plus hautes ou plus basses. R\u00e9duisez les arrosages lorsque la plante est en repos.<\/p>\n","protected":false},"excerpt":{"rendered":"<p>Boutures de Pachyveria Opalina saines \u00e0 vendre. Chaque coupe est soigneusement emball\u00e9e dans du papier et est fournie avec une \u00e9tiquette et des instructions de croissance g\u00e9n\u00e9rales.<\/p>\n","protected":false},"featured_media":6100,"comment_status":"open","ping_status":"closed","template":"","meta":[],"product_brand":[],"product_cat":[279,332,329],"product_tag":[842,848,871,832,943],"class_list":{"0":"post-6094","1":"product","2":"type-product","3":"status-publish","4":"has-post-thumbnail","6":"product_cat-boutures","7":"product_cat-boutures-pachyveria","8":"product_cat-boutures-succulentes","9":"product_tag-boutures","10":"product_tag-boutures-de-feuilles","11":"product_tag-echeveria-fr","12":"product_tag-plantes-dinterieur","13":"product_tag-succulentes","14":"product_shipping_class-cuttings-small-plants-fr","15":"pa_family-crassulaceae-fr","16":"pa_leaf-color-blanc","17":"pa_leaf-color-bleu","18":"pa_product-type-boutures-de-tiges","19":"pa_quantity-1-bouture","20":"pa_size-3-4-cm-fr","22":"first","23":"outofstock","24":"taxable","25":"shipping-taxable","26":"purchasable","27":"product-type-simple"},"yoast_head":"<!-- This site is optimized with the Yoast SEO plugin v27.5 - https:\/\/yoast.com\/product\/yoast-seo-wordpress\/ -->\n<title>Boutures de Pachyveria Opalina \u00e0 Vendre - Sunnyplants.com<\/title>\n<meta name=\"description\" content=\"Achetez des boutures Pachyveria Opalina sur Sunnyplants.com. Si possible, nous vous enverrons une bouture avec des racines ou un petit b\u00e9b\u00e9 plante succulente.\" \/>\n<meta name=\"robots\" content=\"index, follow, max-snippet:-1, max-image-preview:large, max-video-preview:-1\" \/>\n<link rel=\"canonical\" href=\"https:\/\/www.sunnyplants.com\/fr\/shop\/pachyveria-opalina-boutures\" \/>\n<meta property=\"og:locale\" content=\"fr_FR\" \/>\n<meta property=\"og:type\" content=\"article\" \/>\n<meta property=\"og:title\" content=\"Boutures de Pachyveria Opalina \u00e0 Vendre - Sunnyplants.com\" \/>\n<meta property=\"og:description\" content=\"Achetez des boutures Pachyveria Opalina sur Sunnyplants.com. Si possible, nous vous enverrons une bouture avec des racines ou un petit b\u00e9b\u00e9 plante succulente.\" \/>\n<meta property=\"og:url\" content=\"https:\/\/www.sunnyplants.com\/fr\/shop\/pachyveria-opalina-boutures\" \/>\n<meta property=\"og:site_name\" content=\"Sunnyplants.com\" \/>\n<meta property=\"article:publisher\" content=\"https:\/\/nl-nl.facebook.com\/pages\/category\/Internet-Company\/Sunnyplantscom-1835401900058481\/\" \/>\n<meta property=\"article:modified_time\" content=\"2025-03-05T18:18:48+00:00\" \/>\n<meta property=\"og:image\" content=\"https:\/\/www.sunnyplants.com\/wp-content\/uploads\/2016\/12\/pachyveria-opalina.jpg\" \/>\n\t<meta property=\"og:image:width\" content=\"900\" \/>\n\t<meta property=\"og:image:height\" content=\"900\" \/>\n\t<meta property=\"og:image:type\" content=\"image\/jpeg\" \/>\n<meta name=\"twitter:card\" content=\"summary_large_image\" \/>\n<script type=\"application\/ld+json\" class=\"yoast-schema-graph\">{\"@context\":\"https:\\\/\\\/schema.org\",\"@graph\":[{\"@type\":\"WebPage\",\"@id\":\"https:\\\/\\\/www.sunnyplants.com\\\/fr\\\/shop\\\/pachyveria-opalina-boutures\",\"url\":\"https:\\\/\\\/www.sunnyplants.com\\\/fr\\\/shop\\\/pachyveria-opalina-boutures\",\"name\":\"Boutures de Pachyveria Opalina \u00e0 Vendre - Sunnyplants.com\",\"isPartOf\":{\"@id\":\"https:\\\/\\\/www.sunnyplants.com\\\/fr#website\"},\"primaryImageOfPage\":{\"@id\":\"https:\\\/\\\/www.sunnyplants.com\\\/fr\\\/shop\\\/pachyveria-opalina-boutures#primaryimage\"},\"image\":{\"@id\":\"https:\\\/\\\/www.sunnyplants.com\\\/fr\\\/shop\\\/pachyveria-opalina-boutures#primaryimage\"},\"thumbnailUrl\":\"https:\\\/\\\/www.sunnyplants.com\\\/wp-content\\\/uploads\\\/2016\\\/12\\\/pachyveria-opalina.jpg\",\"datePublished\":\"2016-12-25T12:58:57+00:00\",\"dateModified\":\"2025-03-05T18:18:48+00:00\",\"description\":\"Achetez des boutures Pachyveria Opalina sur Sunnyplants.com. Si possible, nous vous enverrons une bouture avec des racines ou un petit b\u00e9b\u00e9 plante succulente.\",\"breadcrumb\":{\"@id\":\"https:\\\/\\\/www.sunnyplants.com\\\/fr\\\/shop\\\/pachyveria-opalina-boutures#breadcrumb\"},\"inLanguage\":\"fr-FR\",\"potentialAction\":[{\"@type\":\"ReadAction\",\"target\":[\"https:\\\/\\\/www.sunnyplants.com\\\/fr\\\/shop\\\/pachyveria-opalina-boutures\"]}]},{\"@type\":\"ImageObject\",\"inLanguage\":\"fr-FR\",\"@id\":\"https:\\\/\\\/www.sunnyplants.com\\\/fr\\\/shop\\\/pachyveria-opalina-boutures#primaryimage\",\"url\":\"https:\\\/\\\/www.sunnyplants.com\\\/wp-content\\\/uploads\\\/2016\\\/12\\\/pachyveria-opalina.jpg\",\"contentUrl\":\"https:\\\/\\\/www.sunnyplants.com\\\/wp-content\\\/uploads\\\/2016\\\/12\\\/pachyveria-opalina.jpg\",\"width\":900,\"height\":900},{\"@type\":\"BreadcrumbList\",\"@id\":\"https:\\\/\\\/www.sunnyplants.com\\\/fr\\\/shop\\\/pachyveria-opalina-boutures#breadcrumb\",\"itemListElement\":[{\"@type\":\"ListItem\",\"position\":1,\"name\":\"Home\",\"item\":\"https:\\\/\\\/www.sunnyplants.com\\\/fr\\\/sunnyplants-fr\"},{\"@type\":\"ListItem\",\"position\":2,\"name\":\"Boutique\",\"item\":\"https:\\\/\\\/www.sunnyplants.com\\\/fr\\\/boutique\"},{\"@type\":\"ListItem\",\"position\":3,\"name\":\"Pachyveria Opalina &#8211; Boutures\"}]},{\"@type\":\"WebSite\",\"@id\":\"https:\\\/\\\/www.sunnyplants.com\\\/fr#website\",\"url\":\"https:\\\/\\\/www.sunnyplants.com\\\/fr\",\"name\":\"Sunnyplants.com\",\"description\":\"Lithops, Conophytums and other Mesembs &amp; Succulents\",\"potentialAction\":[{\"@type\":\"SearchAction\",\"target\":{\"@type\":\"EntryPoint\",\"urlTemplate\":\"https:\\\/\\\/www.sunnyplants.com\\\/fr?s={search_term_string}\"},\"query-input\":{\"@type\":\"PropertyValueSpecification\",\"valueRequired\":true,\"valueName\":\"search_term_string\"}}],\"inLanguage\":\"fr-FR\"}]}<\/script>\n<!-- \/ Yoast SEO plugin. -->","yoast_head_json":{"title":"Boutures de Pachyveria Opalina \u00e0 Vendre - Sunnyplants.com","description":"Achetez des boutures Pachyveria Opalina sur Sunnyplants.com. Si possible, nous vous enverrons une bouture avec des racines ou un petit b\u00e9b\u00e9 plante succulente.","robots":{"index":"index","follow":"follow","max-snippet":"max-snippet:-1","max-image-preview":"max-image-preview:large","max-video-preview":"max-video-preview:-1"},"canonical":"https:\/\/www.sunnyplants.com\/fr\/shop\/pachyveria-opalina-boutures","og_locale":"fr_FR","og_type":"article","og_title":"Boutures de Pachyveria Opalina \u00e0 Vendre - Sunnyplants.com","og_description":"Achetez des boutures Pachyveria Opalina sur Sunnyplants.com. Si possible, nous vous enverrons une bouture avec des racines ou un petit b\u00e9b\u00e9 plante succulente.","og_url":"https:\/\/www.sunnyplants.com\/fr\/shop\/pachyveria-opalina-boutures","og_site_name":"Sunnyplants.com","article_publisher":"https:\/\/nl-nl.facebook.com\/pages\/category\/Internet-Company\/Sunnyplantscom-1835401900058481\/","article_modified_time":"2025-03-05T18:18:48+00:00","og_image":[{"width":900,"height":900,"url":"https:\/\/www.sunnyplants.com\/wp-content\/uploads\/2016\/12\/pachyveria-opalina.jpg","type":"image\/jpeg"}],"twitter_card":"summary_large_image","schema":{"@context":"https:\/\/schema.org","@graph":[{"@type":"WebPage","@id":"https:\/\/www.sunnyplants.com\/fr\/shop\/pachyveria-opalina-boutures","url":"https:\/\/www.sunnyplants.com\/fr\/shop\/pachyveria-opalina-boutures","name":"Boutures de Pachyveria Opalina \u00e0 Vendre - Sunnyplants.com","isPartOf":{"@id":"https:\/\/www.sunnyplants.com\/fr#website"},"primaryImageOfPage":{"@id":"https:\/\/www.sunnyplants.com\/fr\/shop\/pachyveria-opalina-boutures#primaryimage"},"image":{"@id":"https:\/\/www.sunnyplants.com\/fr\/shop\/pachyveria-opalina-boutures#primaryimage"},"thumbnailUrl":"https:\/\/www.sunnyplants.com\/wp-content\/uploads\/2016\/12\/pachyveria-opalina.jpg","datePublished":"2016-12-25T12:58:57+00:00","dateModified":"2025-03-05T18:18:48+00:00","description":"Achetez des boutures Pachyveria Opalina sur Sunnyplants.com. Si possible, nous vous enverrons une bouture avec des racines ou un petit b\u00e9b\u00e9 plante succulente.","breadcrumb":{"@id":"https:\/\/www.sunnyplants.com\/fr\/shop\/pachyveria-opalina-boutures#breadcrumb"},"inLanguage":"fr-FR","potentialAction":[{"@type":"ReadAction","target":["https:\/\/www.sunnyplants.com\/fr\/shop\/pachyveria-opalina-boutures"]}]},{"@type":"ImageObject","inLanguage":"fr-FR","@id":"https:\/\/www.sunnyplants.com\/fr\/shop\/pachyveria-opalina-boutures#primaryimage","url":"https:\/\/www.sunnyplants.com\/wp-content\/uploads\/2016\/12\/pachyveria-opalina.jpg","contentUrl":"https:\/\/www.sunnyplants.com\/wp-content\/uploads\/2016\/12\/pachyveria-opalina.jpg","width":900,"height":900},{"@type":"BreadcrumbList","@id":"https:\/\/www.sunnyplants.com\/fr\/shop\/pachyveria-opalina-boutures#breadcrumb","itemListElement":[{"@type":"ListItem","position":1,"name":"Home","item":"https:\/\/www.sunnyplants.com\/fr\/sunnyplants-fr"},{"@type":"ListItem","position":2,"name":"Boutique","item":"https:\/\/www.sunnyplants.com\/fr\/boutique"},{"@type":"ListItem","position":3,"name":"Pachyveria Opalina &#8211; Boutures"}]},{"@type":"WebSite","@id":"https:\/\/www.sunnyplants.com\/fr#website","url":"https:\/\/www.sunnyplants.com\/fr","name":"Sunnyplants.com","description":"Lithops, Conophytums and other Mesembs &amp; Succulents","potentialAction":[{"@type":"SearchAction","target":{"@type":"EntryPoint","urlTemplate":"https:\/\/www.sunnyplants.com\/fr?s={search_term_string}"},"query-input":{"@type":"PropertyValueSpecification","valueRequired":true,"valueName":"search_term_string"}}],"inLanguage":"fr-FR"}]}},"jetpack_sharing_enabled":true,"_links":{"self":[{"href":"https:\/\/www.sunnyplants.com\/fr\/wp-json\/wp\/v2\/product\/6094","targetHints":{"allow":["GET"]}}],"collection":[{"href":"https:\/\/www.sunnyplants.com\/fr\/wp-json\/wp\/v2\/product"}],"about":[{"href":"https:\/\/www.sunnyplants.com\/fr\/wp-json\/wp\/v2\/types\/product"}],"replies":[{"embeddable":true,"href":"https:\/\/www.sunnyplants.com\/fr\/wp-json\/wp\/v2\/comments?post=6094"}],"wp:featuredmedia":[{"embeddable":true,"href":"https:\/\/www.sunnyplants.com\/fr\/wp-json\/wp\/v2\/media\/6100"}],"wp:attachment":[{"href":"https:\/\/www.sunnyplants.com\/fr\/wp-json\/wp\/v2\/media?parent=6094"}],"wp:term":[{"taxonomy":"product_brand","embeddable":true,"href":"https:\/\/www.sunnyplants.com\/fr\/wp-json\/wp\/v2\/product_brand?post=6094"},{"taxonomy":"product_cat","embeddable":true,"href":"https:\/\/www.sunnyplants.com\/fr\/wp-json\/wp\/v2\/product_cat?post=6094"},{"taxonomy":"product_tag","embeddable":true,"href":"https:\/\/www.sunnyplants.com\/fr\/wp-json\/wp\/v2\/product_tag?post=6094"}],"curies":[{"name":"wp","href":"https:\/\/api.w.org\/{rel}","templated":true}]}}