{"id":6271,"date":"2016-12-26T13:05:06","date_gmt":"2016-12-26T13:05:06","guid":{"rendered":"https:\/\/www.sunnyplants.com\/fr\/shop\/lepismium-bolivianum-boutures-copy\/"},"modified":"2023-02-22T07:42:38","modified_gmt":"2023-02-22T07:42:38","slug":"ceropegia-woodii-chaine-coeurs-bulbes","status":"publish","type":"product","link":"https:\/\/www.sunnyplants.com\/fr\/shop\/ceropegia-woodii-chaine-coeurs-bulbes","title":{"rendered":"Ceropegia woodii &#8211; Cha\u00eene des Coeurs &#8211; Bulbes"},"content":{"rendered":"<p>Ceropegia woodii &#8211; Cha\u00eene des Coeurs &#8211; Bulbes \u00e0 vendre.<\/p>\n","protected":false},"excerpt":{"rendered":"<p>Ceropegia woodii &#8211; Cha\u00eene des Coeurs &#8211; Bulbes<\/p>\n","protected":false},"featured_media":6277,"comment_status":"open","ping_status":"closed","template":"","meta":[],"product_brand":[],"product_cat":[250,233,1011],"product_tag":[912,832],"class_list":{"0":"post-6271","1":"product","2":"type-product","3":"status-publish","4":"has-post-thumbnail","6":"product_cat-bulbes-plantes-caudex","7":"product_cat-plantes","8":"product_cat-plantes-ceropegia","9":"product_tag-caudex-fr","10":"product_tag-plantes-dinterieur","11":"product_shipping_class-cuttings-small-plants-fr","12":"pa_family-apocynaceae-fr","13":"pa_flower-color-rose","14":"pa_product-type-bulbes","15":"pa_quantity-1-bulbe","16":"pa_size-1-2-cm-fr","18":"first","19":"outofstock","20":"taxable","21":"shipping-taxable","22":"purchasable","23":"product-type-simple"},"yoast_head":"<!-- This site is optimized with the Yoast SEO plugin v27.6 - https:\/\/yoast.com\/product\/yoast-seo-wordpress\/ -->\n<title>Ceropegia woodii - Cha\u00eene des Coeurs - Bulbes - Sunnyplants.com<\/title>\n<meta name=\"description\" content=\"Ceropegia woodii - Cha\u00eene des Coeurs - Bulbes\" \/>\n<meta name=\"robots\" content=\"index, follow, max-snippet:-1, max-image-preview:large, max-video-preview:-1\" \/>\n<link rel=\"canonical\" href=\"https:\/\/www.sunnyplants.com\/fr\/shop\/ceropegia-woodii-chaine-coeurs-bulbes\" \/>\n<meta property=\"og:locale\" content=\"fr_FR\" \/>\n<meta property=\"og:type\" content=\"article\" \/>\n<meta property=\"og:title\" content=\"Ceropegia woodii - Cha\u00eene des Coeurs - Bulbes - Sunnyplants.com\" \/>\n<meta property=\"og:description\" content=\"Ceropegia woodii - Cha\u00eene des Coeurs - Bulbes\" \/>\n<meta property=\"og:url\" content=\"https:\/\/www.sunnyplants.com\/fr\/shop\/ceropegia-woodii-chaine-coeurs-bulbes\" \/>\n<meta property=\"og:site_name\" content=\"Sunnyplants.com\" \/>\n<meta property=\"article:publisher\" content=\"https:\/\/nl-nl.facebook.com\/pages\/category\/Internet-Company\/Sunnyplantscom-1835401900058481\/\" \/>\n<meta property=\"article:modified_time\" content=\"2023-02-22T07:42:38+00:00\" \/>\n<meta property=\"og:image\" content=\"https:\/\/www.sunnyplants.com\/wp-content\/uploads\/2016\/12\/Ceropegia-woodii-bulb.jpg\" \/>\n\t<meta property=\"og:image:width\" content=\"600\" \/>\n\t<meta property=\"og:image:height\" content=\"600\" \/>\n\t<meta property=\"og:image:type\" content=\"image\/jpeg\" \/>\n<meta name=\"twitter:card\" content=\"summary_large_image\" \/>\n<script type=\"application\/ld+json\" class=\"yoast-schema-graph\">{\"@context\":\"https:\\\/\\\/schema.org\",\"@graph\":[{\"@type\":\"WebPage\",\"@id\":\"https:\\\/\\\/www.sunnyplants.com\\\/fr\\\/shop\\\/ceropegia-woodii-chaine-coeurs-bulbes\",\"url\":\"https:\\\/\\\/www.sunnyplants.com\\\/fr\\\/shop\\\/ceropegia-woodii-chaine-coeurs-bulbes\",\"name\":\"Ceropegia woodii - Cha\u00eene des Coeurs - Bulbes - Sunnyplants.com\",\"isPartOf\":{\"@id\":\"https:\\\/\\\/www.sunnyplants.com\\\/fr#website\"},\"primaryImageOfPage\":{\"@id\":\"https:\\\/\\\/www.sunnyplants.com\\\/fr\\\/shop\\\/ceropegia-woodii-chaine-coeurs-bulbes#primaryimage\"},\"image\":{\"@id\":\"https:\\\/\\\/www.sunnyplants.com\\\/fr\\\/shop\\\/ceropegia-woodii-chaine-coeurs-bulbes#primaryimage\"},\"thumbnailUrl\":\"https:\\\/\\\/www.sunnyplants.com\\\/wp-content\\\/uploads\\\/2016\\\/12\\\/Ceropegia-woodii-bulb.jpg\",\"datePublished\":\"2016-12-26T13:05:06+00:00\",\"dateModified\":\"2023-02-22T07:42:38+00:00\",\"description\":\"Ceropegia woodii - Cha\u00eene des Coeurs - Bulbes\",\"breadcrumb\":{\"@id\":\"https:\\\/\\\/www.sunnyplants.com\\\/fr\\\/shop\\\/ceropegia-woodii-chaine-coeurs-bulbes#breadcrumb\"},\"inLanguage\":\"fr-FR\",\"potentialAction\":[{\"@type\":\"ReadAction\",\"target\":[\"https:\\\/\\\/www.sunnyplants.com\\\/fr\\\/shop\\\/ceropegia-woodii-chaine-coeurs-bulbes\"]}]},{\"@type\":\"ImageObject\",\"inLanguage\":\"fr-FR\",\"@id\":\"https:\\\/\\\/www.sunnyplants.com\\\/fr\\\/shop\\\/ceropegia-woodii-chaine-coeurs-bulbes#primaryimage\",\"url\":\"https:\\\/\\\/www.sunnyplants.com\\\/wp-content\\\/uploads\\\/2016\\\/12\\\/Ceropegia-woodii-bulb.jpg\",\"contentUrl\":\"https:\\\/\\\/www.sunnyplants.com\\\/wp-content\\\/uploads\\\/2016\\\/12\\\/Ceropegia-woodii-bulb.jpg\",\"width\":600,\"height\":600},{\"@type\":\"BreadcrumbList\",\"@id\":\"https:\\\/\\\/www.sunnyplants.com\\\/fr\\\/shop\\\/ceropegia-woodii-chaine-coeurs-bulbes#breadcrumb\",\"itemListElement\":[{\"@type\":\"ListItem\",\"position\":1,\"name\":\"Home\",\"item\":\"https:\\\/\\\/www.sunnyplants.com\\\/fr\\\/sunnyplants-fr\"},{\"@type\":\"ListItem\",\"position\":2,\"name\":\"Boutique\",\"item\":\"https:\\\/\\\/www.sunnyplants.com\\\/fr\\\/boutique\"},{\"@type\":\"ListItem\",\"position\":3,\"name\":\"Ceropegia woodii &#8211; Cha\u00eene des Coeurs &#8211; Bulbes\"}]},{\"@type\":\"WebSite\",\"@id\":\"https:\\\/\\\/www.sunnyplants.com\\\/fr#website\",\"url\":\"https:\\\/\\\/www.sunnyplants.com\\\/fr\",\"name\":\"Sunnyplants.com\",\"description\":\"Lithops, Conophytums and other Mesembs &amp; Succulents\",\"potentialAction\":[{\"@type\":\"SearchAction\",\"target\":{\"@type\":\"EntryPoint\",\"urlTemplate\":\"https:\\\/\\\/www.sunnyplants.com\\\/fr?s={search_term_string}\"},\"query-input\":{\"@type\":\"PropertyValueSpecification\",\"valueRequired\":true,\"valueName\":\"search_term_string\"}}],\"inLanguage\":\"fr-FR\"}]}<\/script>\n<!-- \/ Yoast SEO plugin. -->","yoast_head_json":{"title":"Ceropegia woodii - Cha\u00eene des Coeurs - Bulbes - Sunnyplants.com","description":"Ceropegia woodii - Cha\u00eene des Coeurs - Bulbes","robots":{"index":"index","follow":"follow","max-snippet":"max-snippet:-1","max-image-preview":"max-image-preview:large","max-video-preview":"max-video-preview:-1"},"canonical":"https:\/\/www.sunnyplants.com\/fr\/shop\/ceropegia-woodii-chaine-coeurs-bulbes","og_locale":"fr_FR","og_type":"article","og_title":"Ceropegia woodii - Cha\u00eene des Coeurs - Bulbes - Sunnyplants.com","og_description":"Ceropegia woodii - Cha\u00eene des Coeurs - Bulbes","og_url":"https:\/\/www.sunnyplants.com\/fr\/shop\/ceropegia-woodii-chaine-coeurs-bulbes","og_site_name":"Sunnyplants.com","article_publisher":"https:\/\/nl-nl.facebook.com\/pages\/category\/Internet-Company\/Sunnyplantscom-1835401900058481\/","article_modified_time":"2023-02-22T07:42:38+00:00","og_image":[{"width":600,"height":600,"url":"https:\/\/www.sunnyplants.com\/wp-content\/uploads\/2016\/12\/Ceropegia-woodii-bulb.jpg","type":"image\/jpeg"}],"twitter_card":"summary_large_image","schema":{"@context":"https:\/\/schema.org","@graph":[{"@type":"WebPage","@id":"https:\/\/www.sunnyplants.com\/fr\/shop\/ceropegia-woodii-chaine-coeurs-bulbes","url":"https:\/\/www.sunnyplants.com\/fr\/shop\/ceropegia-woodii-chaine-coeurs-bulbes","name":"Ceropegia woodii - Cha\u00eene des Coeurs - Bulbes - Sunnyplants.com","isPartOf":{"@id":"https:\/\/www.sunnyplants.com\/fr#website"},"primaryImageOfPage":{"@id":"https:\/\/www.sunnyplants.com\/fr\/shop\/ceropegia-woodii-chaine-coeurs-bulbes#primaryimage"},"image":{"@id":"https:\/\/www.sunnyplants.com\/fr\/shop\/ceropegia-woodii-chaine-coeurs-bulbes#primaryimage"},"thumbnailUrl":"https:\/\/www.sunnyplants.com\/wp-content\/uploads\/2016\/12\/Ceropegia-woodii-bulb.jpg","datePublished":"2016-12-26T13:05:06+00:00","dateModified":"2023-02-22T07:42:38+00:00","description":"Ceropegia woodii - Cha\u00eene des Coeurs - Bulbes","breadcrumb":{"@id":"https:\/\/www.sunnyplants.com\/fr\/shop\/ceropegia-woodii-chaine-coeurs-bulbes#breadcrumb"},"inLanguage":"fr-FR","potentialAction":[{"@type":"ReadAction","target":["https:\/\/www.sunnyplants.com\/fr\/shop\/ceropegia-woodii-chaine-coeurs-bulbes"]}]},{"@type":"ImageObject","inLanguage":"fr-FR","@id":"https:\/\/www.sunnyplants.com\/fr\/shop\/ceropegia-woodii-chaine-coeurs-bulbes#primaryimage","url":"https:\/\/www.sunnyplants.com\/wp-content\/uploads\/2016\/12\/Ceropegia-woodii-bulb.jpg","contentUrl":"https:\/\/www.sunnyplants.com\/wp-content\/uploads\/2016\/12\/Ceropegia-woodii-bulb.jpg","width":600,"height":600},{"@type":"BreadcrumbList","@id":"https:\/\/www.sunnyplants.com\/fr\/shop\/ceropegia-woodii-chaine-coeurs-bulbes#breadcrumb","itemListElement":[{"@type":"ListItem","position":1,"name":"Home","item":"https:\/\/www.sunnyplants.com\/fr\/sunnyplants-fr"},{"@type":"ListItem","position":2,"name":"Boutique","item":"https:\/\/www.sunnyplants.com\/fr\/boutique"},{"@type":"ListItem","position":3,"name":"Ceropegia woodii &#8211; Cha\u00eene des Coeurs &#8211; Bulbes"}]},{"@type":"WebSite","@id":"https:\/\/www.sunnyplants.com\/fr#website","url":"https:\/\/www.sunnyplants.com\/fr","name":"Sunnyplants.com","description":"Lithops, Conophytums and other Mesembs &amp; Succulents","potentialAction":[{"@type":"SearchAction","target":{"@type":"EntryPoint","urlTemplate":"https:\/\/www.sunnyplants.com\/fr?s={search_term_string}"},"query-input":{"@type":"PropertyValueSpecification","valueRequired":true,"valueName":"search_term_string"}}],"inLanguage":"fr-FR"}]}},"jetpack_sharing_enabled":true,"_links":{"self":[{"href":"https:\/\/www.sunnyplants.com\/fr\/wp-json\/wp\/v2\/product\/6271","targetHints":{"allow":["GET"]}}],"collection":[{"href":"https:\/\/www.sunnyplants.com\/fr\/wp-json\/wp\/v2\/product"}],"about":[{"href":"https:\/\/www.sunnyplants.com\/fr\/wp-json\/wp\/v2\/types\/product"}],"replies":[{"embeddable":true,"href":"https:\/\/www.sunnyplants.com\/fr\/wp-json\/wp\/v2\/comments?post=6271"}],"wp:featuredmedia":[{"embeddable":true,"href":"https:\/\/www.sunnyplants.com\/fr\/wp-json\/wp\/v2\/media\/6277"}],"wp:attachment":[{"href":"https:\/\/www.sunnyplants.com\/fr\/wp-json\/wp\/v2\/media?parent=6271"}],"wp:term":[{"taxonomy":"product_brand","embeddable":true,"href":"https:\/\/www.sunnyplants.com\/fr\/wp-json\/wp\/v2\/product_brand?post=6271"},{"taxonomy":"product_cat","embeddable":true,"href":"https:\/\/www.sunnyplants.com\/fr\/wp-json\/wp\/v2\/product_cat?post=6271"},{"taxonomy":"product_tag","embeddable":true,"href":"https:\/\/www.sunnyplants.com\/fr\/wp-json\/wp\/v2\/product_tag?post=6271"}],"curies":[{"name":"wp","href":"https:\/\/api.w.org\/{rel}","templated":true}]}}