{"id":6470,"date":"2026-03-10T12:54:28","date_gmt":"2026-03-10T12:54:28","guid":{"rendered":"https:\/\/www.sunnyplants.com\/fr\/shop\/collection-plantes-succulentes-5-plantes-copy\/"},"modified":"2026-03-19T18:46:13","modified_gmt":"2026-03-19T18:46:13","slug":"crassula-buddhas-temple-plantes","status":"publish","type":"product","link":"https:\/\/www.sunnyplants.com\/fr\/shop\/crassula-buddhas-temple-plantes","title":{"rendered":"Crassula Buddha\u2019s Temple &#8211; Plantes"},"content":{"rendered":"<p>Crassula Buddha&rsquo;s Temple est un magnifique hybride crois\u00e9 entre Crassula falcata et Crassula pyramidalis. Le cultivar a \u00e9t\u00e9 cr\u00e9\u00e9 par Myron Kimnach en 1959.<\/p>\n<h2>Entretien de Crassula Buddha&rsquo;s Temple<\/h2>\n<p>LCrassula Buddha&rsquo;s Temple pousse mieux \u00e0 des temp\u00e9ratures de 18 \u00e0 24 \u00b0 C. Comme la plupart des Crassulac\u00e9es, elle est plus active au printemps et en automne. C&rsquo;est le meilleur moment pour faire de nouvelles boutures. Les plantes doivent \u00eatre arros\u00e9es plus souvent pendant cette p\u00e9riode. Gardez le temple du Bouddha de Crassula plus sec en \u00e9t\u00e9 quand il fait tr\u00e8s chaud. Donnez de l&rsquo;ombre \u00e0 la lumi\u00e8re directe et intense du soleil. Veuillez noter que ce Crassula a tendance \u00e0 d\u00e9velopper la pourriture de la tige \u00e0 une humidit\u00e9 de l&rsquo;air \u00e9lev\u00e9e avec des temp\u00e9ratures plus \u00e9lev\u00e9es. Une bonne circulation de l&rsquo;air est tr\u00e8s importante.<\/p>\n","protected":false},"excerpt":{"rendered":"<p>Belles plantes enracin\u00e9es du Crassula Buddha&rsquo;s Temple. Parfois difficile d&rsquo;obtenir cette esp\u00e8ce mais un Crassula magnifique \u00e0 avoir dans votre collection de succulentes.<\/p>\n","protected":false},"featured_media":6216,"comment_status":"open","ping_status":"closed","template":"","meta":[],"product_brand":[],"product_cat":[279,330,329,233,266,242],"product_tag":[943],"class_list":{"0":"post-6470","1":"product","2":"type-product","3":"status-publish","4":"has-post-thumbnail","6":"product_cat-boutures","7":"product_cat-boutures-crassula","8":"product_cat-boutures-succulentes","9":"product_cat-plantes","10":"product_cat-plantes-crassula","11":"product_cat-succulentes","12":"product_tag-succulentes","13":"product_shipping_class-plants-collections-fr","14":"pa_family-crassulaceae-fr","15":"pa_product-type-plantes","16":"pa_quantity-1-plante","17":"pa_size-2-3-cm-fr","19":"first","20":"instock","21":"taxable","22":"shipping-taxable","23":"purchasable","24":"product-type-simple"},"yoast_head":"<!-- This site is optimized with the Yoast SEO plugin v27.3 - https:\/\/yoast.com\/product\/yoast-seo-wordpress\/ -->\n<title>Crassula Buddha\u2019s Temple - Plantes - Sunnyplants.com<\/title>\n<meta name=\"description\" content=\"Belles plantes enracin\u00e9es du Crassula Buddha&#039;s Temple. Parfois difficile d&#039;obtenir cette esp\u00e8ce mais un Crassula magnifique \u00e0 avoir dans votre collection de succulentes.\" \/>\n<meta name=\"robots\" content=\"index, follow, max-snippet:-1, max-image-preview:large, max-video-preview:-1\" \/>\n<link rel=\"canonical\" href=\"https:\/\/www.sunnyplants.com\/fr\/shop\/crassula-buddhas-temple-plantes\" \/>\n<meta property=\"og:locale\" content=\"fr_FR\" \/>\n<meta property=\"og:type\" content=\"article\" \/>\n<meta property=\"og:title\" content=\"Crassula Buddha\u2019s Temple - Plantes - Sunnyplants.com\" \/>\n<meta property=\"og:description\" content=\"Belles plantes enracin\u00e9es du Crassula Buddha&#039;s Temple. Parfois difficile d&#039;obtenir cette esp\u00e8ce mais un Crassula magnifique \u00e0 avoir dans votre collection de succulentes.\" \/>\n<meta property=\"og:url\" content=\"https:\/\/www.sunnyplants.com\/fr\/shop\/crassula-buddhas-temple-plantes\" \/>\n<meta property=\"og:site_name\" content=\"Sunnyplants.com\" \/>\n<meta property=\"article:publisher\" content=\"https:\/\/nl-nl.facebook.com\/pages\/category\/Internet-Company\/Sunnyplantscom-1835401900058481\/\" \/>\n<meta property=\"article:modified_time\" content=\"2026-03-19T18:46:13+00:00\" \/>\n<meta property=\"og:image\" content=\"https:\/\/www.sunnyplants.com\/wp-content\/uploads\/2016\/12\/crassula-buddha-temple-flowers.jpg\" \/>\n\t<meta property=\"og:image:width\" content=\"400\" \/>\n\t<meta property=\"og:image:height\" content=\"400\" \/>\n\t<meta property=\"og:image:type\" content=\"image\/jpeg\" \/>\n<meta name=\"twitter:card\" content=\"summary_large_image\" \/>\n<meta name=\"twitter:label1\" content=\"Dur\u00e9e de lecture estim\u00e9e\" \/>\n\t<meta name=\"twitter:data1\" content=\"1 minute\" \/>\n<script type=\"application\/ld+json\" class=\"yoast-schema-graph\">{\"@context\":\"https:\\\/\\\/schema.org\",\"@graph\":[{\"@type\":\"WebPage\",\"@id\":\"https:\\\/\\\/www.sunnyplants.com\\\/fr\\\/shop\\\/crassula-buddhas-temple-plantes\",\"url\":\"https:\\\/\\\/www.sunnyplants.com\\\/fr\\\/shop\\\/crassula-buddhas-temple-plantes\",\"name\":\"Crassula Buddha\u2019s Temple - Plantes - Sunnyplants.com\",\"isPartOf\":{\"@id\":\"https:\\\/\\\/www.sunnyplants.com\\\/fr#website\"},\"primaryImageOfPage\":{\"@id\":\"https:\\\/\\\/www.sunnyplants.com\\\/fr\\\/shop\\\/crassula-buddhas-temple-plantes#primaryimage\"},\"image\":{\"@id\":\"https:\\\/\\\/www.sunnyplants.com\\\/fr\\\/shop\\\/crassula-buddhas-temple-plantes#primaryimage\"},\"thumbnailUrl\":\"https:\\\/\\\/www.sunnyplants.com\\\/wp-content\\\/uploads\\\/2016\\\/12\\\/crassula-buddha-temple-flowers.jpg\",\"datePublished\":\"2026-03-10T12:54:28+00:00\",\"dateModified\":\"2026-03-19T18:46:13+00:00\",\"description\":\"Belles plantes enracin\u00e9es du Crassula Buddha's Temple. Parfois difficile d'obtenir cette esp\u00e8ce mais un Crassula magnifique \u00e0 avoir dans votre collection de succulentes.\",\"breadcrumb\":{\"@id\":\"https:\\\/\\\/www.sunnyplants.com\\\/fr\\\/shop\\\/crassula-buddhas-temple-plantes#breadcrumb\"},\"inLanguage\":\"fr-FR\",\"potentialAction\":[{\"@type\":\"ReadAction\",\"target\":[\"https:\\\/\\\/www.sunnyplants.com\\\/fr\\\/shop\\\/crassula-buddhas-temple-plantes\"]}]},{\"@type\":\"ImageObject\",\"inLanguage\":\"fr-FR\",\"@id\":\"https:\\\/\\\/www.sunnyplants.com\\\/fr\\\/shop\\\/crassula-buddhas-temple-plantes#primaryimage\",\"url\":\"https:\\\/\\\/www.sunnyplants.com\\\/wp-content\\\/uploads\\\/2016\\\/12\\\/crassula-buddha-temple-flowers.jpg\",\"contentUrl\":\"https:\\\/\\\/www.sunnyplants.com\\\/wp-content\\\/uploads\\\/2016\\\/12\\\/crassula-buddha-temple-flowers.jpg\",\"width\":400,\"height\":400},{\"@type\":\"BreadcrumbList\",\"@id\":\"https:\\\/\\\/www.sunnyplants.com\\\/fr\\\/shop\\\/crassula-buddhas-temple-plantes#breadcrumb\",\"itemListElement\":[{\"@type\":\"ListItem\",\"position\":1,\"name\":\"Home\",\"item\":\"https:\\\/\\\/www.sunnyplants.com\\\/fr\\\/sunnyplants-fr\"},{\"@type\":\"ListItem\",\"position\":2,\"name\":\"Boutique\",\"item\":\"https:\\\/\\\/www.sunnyplants.com\\\/fr\\\/boutique\"},{\"@type\":\"ListItem\",\"position\":3,\"name\":\"Crassula Buddha\u2019s Temple &#8211; Plantes\"}]},{\"@type\":\"WebSite\",\"@id\":\"https:\\\/\\\/www.sunnyplants.com\\\/fr#website\",\"url\":\"https:\\\/\\\/www.sunnyplants.com\\\/fr\",\"name\":\"Sunnyplants.com\",\"description\":\"Lithops, Conophytums and other Mesembs &amp; Succulents\",\"potentialAction\":[{\"@type\":\"SearchAction\",\"target\":{\"@type\":\"EntryPoint\",\"urlTemplate\":\"https:\\\/\\\/www.sunnyplants.com\\\/fr?s={search_term_string}\"},\"query-input\":{\"@type\":\"PropertyValueSpecification\",\"valueRequired\":true,\"valueName\":\"search_term_string\"}}],\"inLanguage\":\"fr-FR\"}]}<\/script>\n<!-- \/ Yoast SEO plugin. -->","yoast_head_json":{"title":"Crassula Buddha\u2019s Temple - Plantes - Sunnyplants.com","description":"Belles plantes enracin\u00e9es du Crassula Buddha's Temple. Parfois difficile d'obtenir cette esp\u00e8ce mais un Crassula magnifique \u00e0 avoir dans votre collection de succulentes.","robots":{"index":"index","follow":"follow","max-snippet":"max-snippet:-1","max-image-preview":"max-image-preview:large","max-video-preview":"max-video-preview:-1"},"canonical":"https:\/\/www.sunnyplants.com\/fr\/shop\/crassula-buddhas-temple-plantes","og_locale":"fr_FR","og_type":"article","og_title":"Crassula Buddha\u2019s Temple - Plantes - Sunnyplants.com","og_description":"Belles plantes enracin\u00e9es du Crassula Buddha's Temple. Parfois difficile d'obtenir cette esp\u00e8ce mais un Crassula magnifique \u00e0 avoir dans votre collection de succulentes.","og_url":"https:\/\/www.sunnyplants.com\/fr\/shop\/crassula-buddhas-temple-plantes","og_site_name":"Sunnyplants.com","article_publisher":"https:\/\/nl-nl.facebook.com\/pages\/category\/Internet-Company\/Sunnyplantscom-1835401900058481\/","article_modified_time":"2026-03-19T18:46:13+00:00","og_image":[{"width":400,"height":400,"url":"https:\/\/www.sunnyplants.com\/wp-content\/uploads\/2016\/12\/crassula-buddha-temple-flowers.jpg","type":"image\/jpeg"}],"twitter_card":"summary_large_image","twitter_misc":{"Dur\u00e9e de lecture estim\u00e9e":"1 minute"},"schema":{"@context":"https:\/\/schema.org","@graph":[{"@type":"WebPage","@id":"https:\/\/www.sunnyplants.com\/fr\/shop\/crassula-buddhas-temple-plantes","url":"https:\/\/www.sunnyplants.com\/fr\/shop\/crassula-buddhas-temple-plantes","name":"Crassula Buddha\u2019s Temple - Plantes - Sunnyplants.com","isPartOf":{"@id":"https:\/\/www.sunnyplants.com\/fr#website"},"primaryImageOfPage":{"@id":"https:\/\/www.sunnyplants.com\/fr\/shop\/crassula-buddhas-temple-plantes#primaryimage"},"image":{"@id":"https:\/\/www.sunnyplants.com\/fr\/shop\/crassula-buddhas-temple-plantes#primaryimage"},"thumbnailUrl":"https:\/\/www.sunnyplants.com\/wp-content\/uploads\/2016\/12\/crassula-buddha-temple-flowers.jpg","datePublished":"2026-03-10T12:54:28+00:00","dateModified":"2026-03-19T18:46:13+00:00","description":"Belles plantes enracin\u00e9es du Crassula Buddha's Temple. Parfois difficile d'obtenir cette esp\u00e8ce mais un Crassula magnifique \u00e0 avoir dans votre collection de succulentes.","breadcrumb":{"@id":"https:\/\/www.sunnyplants.com\/fr\/shop\/crassula-buddhas-temple-plantes#breadcrumb"},"inLanguage":"fr-FR","potentialAction":[{"@type":"ReadAction","target":["https:\/\/www.sunnyplants.com\/fr\/shop\/crassula-buddhas-temple-plantes"]}]},{"@type":"ImageObject","inLanguage":"fr-FR","@id":"https:\/\/www.sunnyplants.com\/fr\/shop\/crassula-buddhas-temple-plantes#primaryimage","url":"https:\/\/www.sunnyplants.com\/wp-content\/uploads\/2016\/12\/crassula-buddha-temple-flowers.jpg","contentUrl":"https:\/\/www.sunnyplants.com\/wp-content\/uploads\/2016\/12\/crassula-buddha-temple-flowers.jpg","width":400,"height":400},{"@type":"BreadcrumbList","@id":"https:\/\/www.sunnyplants.com\/fr\/shop\/crassula-buddhas-temple-plantes#breadcrumb","itemListElement":[{"@type":"ListItem","position":1,"name":"Home","item":"https:\/\/www.sunnyplants.com\/fr\/sunnyplants-fr"},{"@type":"ListItem","position":2,"name":"Boutique","item":"https:\/\/www.sunnyplants.com\/fr\/boutique"},{"@type":"ListItem","position":3,"name":"Crassula Buddha\u2019s Temple &#8211; Plantes"}]},{"@type":"WebSite","@id":"https:\/\/www.sunnyplants.com\/fr#website","url":"https:\/\/www.sunnyplants.com\/fr","name":"Sunnyplants.com","description":"Lithops, Conophytums and other Mesembs &amp; Succulents","potentialAction":[{"@type":"SearchAction","target":{"@type":"EntryPoint","urlTemplate":"https:\/\/www.sunnyplants.com\/fr?s={search_term_string}"},"query-input":{"@type":"PropertyValueSpecification","valueRequired":true,"valueName":"search_term_string"}}],"inLanguage":"fr-FR"}]}},"jetpack_sharing_enabled":true,"_links":{"self":[{"href":"https:\/\/www.sunnyplants.com\/fr\/wp-json\/wp\/v2\/product\/6470","targetHints":{"allow":["GET"]}}],"collection":[{"href":"https:\/\/www.sunnyplants.com\/fr\/wp-json\/wp\/v2\/product"}],"about":[{"href":"https:\/\/www.sunnyplants.com\/fr\/wp-json\/wp\/v2\/types\/product"}],"replies":[{"embeddable":true,"href":"https:\/\/www.sunnyplants.com\/fr\/wp-json\/wp\/v2\/comments?post=6470"}],"wp:featuredmedia":[{"embeddable":true,"href":"https:\/\/www.sunnyplants.com\/fr\/wp-json\/wp\/v2\/media\/6216"}],"wp:attachment":[{"href":"https:\/\/www.sunnyplants.com\/fr\/wp-json\/wp\/v2\/media?parent=6470"}],"wp:term":[{"taxonomy":"product_brand","embeddable":true,"href":"https:\/\/www.sunnyplants.com\/fr\/wp-json\/wp\/v2\/product_brand?post=6470"},{"taxonomy":"product_cat","embeddable":true,"href":"https:\/\/www.sunnyplants.com\/fr\/wp-json\/wp\/v2\/product_cat?post=6470"},{"taxonomy":"product_tag","embeddable":true,"href":"https:\/\/www.sunnyplants.com\/fr\/wp-json\/wp\/v2\/product_tag?post=6470"}],"curies":[{"name":"wp","href":"https:\/\/api.w.org\/{rel}","templated":true}]}}