{"id":6500,"date":"2020-12-06T14:18:04","date_gmt":"2016-12-29T14:18:04","guid":{"rendered":"https:\/\/www.sunnyplants.com\/fr\/shop\/beaucarnea-recurvata-pied-delephant-graines-copy\/"},"modified":"2024-03-24T08:59:54","modified_gmt":"2024-03-24T08:59:54","slug":"sinningia-leucotricha-rechsteineria-graines","status":"publish","type":"product","link":"https:\/\/www.sunnyplants.com\/fr\/shop\/sinningia-leucotricha-rechsteineria-graines","title":{"rendered":"Sinningia leucotricha &#8211; Rechsteineria &#8211; Graines"},"content":{"rendered":"<div>Sinningia (Rechsteineria) leucotricha est une plante formant bulbe \/ caudex d&rsquo;Am\u00e9rique du Sud. Il appartient \u00e0 la famille Gesneriad (Gloxinia, African Violets). Le caudex est un v\u00e9ritable accroche-regard. Les fleurs sont roses.<\/div>\n<div><\/div>\n<h2>Germination des graines de Sinningia<\/h2>\n<div>Les graines de Sinningia germent en 2-3 semaines \u00e0 environ 24-25 \u00b0 C. Ils ont besoin d&rsquo;une lumi\u00e8re vive mais indirecte. Une bonne ampoule fluorescente ou deux est parfaite. Utilisez une terre fine et propre. Pr\u00e9-humidifier le sol mais ne pas le rendre trop humide. \u00c9talez les graines sur un papier blanc puis r\u00e9partissez-les sur le sol. Pour Sinningia, j&rsquo;utilise des plateaux en plastique sans trous de drainage et avec un couvercle transparent. Les plants sont minuscules (comme les graines), alors soyez tr\u00e8s prudent avec les changements d&rsquo;humidit\u00e9 de l&rsquo;air et du sol.<\/div>\n","protected":false},"excerpt":{"rendered":"<p>Sinningia leucotricha (Rechsteineria) est un beau membre de la famille Gesneriad avec des feuilles argent\u00e9es. Les graines sont minuscules et germent mieux dans un sol de germination fine. Ne couvrez pas les graines de terre.<\/p>\n","protected":false},"featured_media":6514,"comment_status":"open","ping_status":"closed","template":"","meta":[],"product_brand":[],"product_cat":[291,334,1038,339],"product_tag":[912,782],"class_list":{"0":"post-6500","1":"product","2":"type-product","3":"status-publish","4":"has-post-thumbnail","6":"product_cat-graines","7":"product_cat-graines-bulbes-plantes-caudex","8":"product_cat-graines-sinningia","9":"product_cat-graines-succulentes","10":"product_tag-caudex-fr","11":"product_tag-graines","12":"product_shipping_class-seeds-fr","13":"pa_family-gesneriaceae-fr","14":"pa_flower-color-orange-fr","15":"pa_product-type-graines","16":"pa_quantity-100-graines","17":"pa_quantity-20-graines","19":"first","20":"outofstock","21":"featured","22":"taxable","23":"shipping-taxable","24":"purchasable","25":"product-type-variable","26":"has-default-attributes"},"yoast_head":"<!-- This site is optimized with the Yoast SEO plugin v27.5 - https:\/\/yoast.com\/product\/yoast-seo-wordpress\/ -->\n<title>Sinningia leucotricha - Rechsteineria - Graines - Sunnyplants.com<\/title>\n<meta name=\"description\" content=\"Sinningia leucotricha (Rechsteineria) est un beau membre de la famille Gesneriad avec des feuilles argent\u00e9es. Les graines sont minuscules et germent mieux dans un sol de germination fine. Ne couvrez pas les graines de terre.\" \/>\n<meta name=\"robots\" content=\"index, follow, max-snippet:-1, max-image-preview:large, max-video-preview:-1\" \/>\n<link rel=\"canonical\" href=\"https:\/\/www.sunnyplants.com\/fr\/shop\/sinningia-leucotricha-rechsteineria-graines\" \/>\n<meta property=\"og:locale\" content=\"fr_FR\" \/>\n<meta property=\"og:type\" content=\"article\" \/>\n<meta property=\"og:title\" content=\"Sinningia leucotricha - Rechsteineria - Graines - Sunnyplants.com\" \/>\n<meta property=\"og:description\" content=\"Sinningia leucotricha (Rechsteineria) est un beau membre de la famille Gesneriad avec des feuilles argent\u00e9es. Les graines sont minuscules et germent mieux dans un sol de germination fine. Ne couvrez pas les graines de terre.\" \/>\n<meta property=\"og:url\" content=\"https:\/\/www.sunnyplants.com\/fr\/shop\/sinningia-leucotricha-rechsteineria-graines\" \/>\n<meta property=\"og:site_name\" content=\"Sunnyplants.com\" \/>\n<meta property=\"article:publisher\" content=\"https:\/\/nl-nl.facebook.com\/pages\/category\/Internet-Company\/Sunnyplantscom-1835401900058481\/\" \/>\n<meta property=\"article:modified_time\" content=\"2024-03-24T08:59:54+00:00\" \/>\n<meta property=\"og:image\" content=\"https:\/\/www.sunnyplants.com\/wp-content\/uploads\/2016\/12\/sinningia-rechsteineria-leucotricha_1.jpg\" \/>\n\t<meta property=\"og:image:width\" content=\"700\" \/>\n\t<meta property=\"og:image:height\" content=\"645\" \/>\n\t<meta property=\"og:image:type\" content=\"image\/jpeg\" \/>\n<meta name=\"twitter:card\" content=\"summary_large_image\" \/>\n<meta name=\"twitter:label1\" content=\"Dur\u00e9e de lecture estim\u00e9e\" \/>\n\t<meta name=\"twitter:data1\" content=\"1 minute\" \/>\n<script type=\"application\/ld+json\" class=\"yoast-schema-graph\">{\"@context\":\"https:\\\/\\\/schema.org\",\"@graph\":[{\"@type\":\"WebPage\",\"@id\":\"https:\\\/\\\/www.sunnyplants.com\\\/fr\\\/shop\\\/sinningia-leucotricha-rechsteineria-graines\",\"url\":\"https:\\\/\\\/www.sunnyplants.com\\\/fr\\\/shop\\\/sinningia-leucotricha-rechsteineria-graines\",\"name\":\"Sinningia leucotricha - Rechsteineria - Graines - Sunnyplants.com\",\"isPartOf\":{\"@id\":\"https:\\\/\\\/www.sunnyplants.com\\\/fr#website\"},\"primaryImageOfPage\":{\"@id\":\"https:\\\/\\\/www.sunnyplants.com\\\/fr\\\/shop\\\/sinningia-leucotricha-rechsteineria-graines#primaryimage\"},\"image\":{\"@id\":\"https:\\\/\\\/www.sunnyplants.com\\\/fr\\\/shop\\\/sinningia-leucotricha-rechsteineria-graines#primaryimage\"},\"thumbnailUrl\":\"https:\\\/\\\/www.sunnyplants.com\\\/wp-content\\\/uploads\\\/2016\\\/12\\\/sinningia-rechsteineria-leucotricha_1.jpg\",\"datePublished\":\"2016-12-29T14:18:04+00:00\",\"dateModified\":\"2024-03-24T08:59:54+00:00\",\"description\":\"Sinningia leucotricha (Rechsteineria) est un beau membre de la famille Gesneriad avec des feuilles argent\u00e9es. Les graines sont minuscules et germent mieux dans un sol de germination fine. Ne couvrez pas les graines de terre.\",\"breadcrumb\":{\"@id\":\"https:\\\/\\\/www.sunnyplants.com\\\/fr\\\/shop\\\/sinningia-leucotricha-rechsteineria-graines#breadcrumb\"},\"inLanguage\":\"fr-FR\",\"potentialAction\":[{\"@type\":\"ReadAction\",\"target\":[\"https:\\\/\\\/www.sunnyplants.com\\\/fr\\\/shop\\\/sinningia-leucotricha-rechsteineria-graines\"]}]},{\"@type\":\"ImageObject\",\"inLanguage\":\"fr-FR\",\"@id\":\"https:\\\/\\\/www.sunnyplants.com\\\/fr\\\/shop\\\/sinningia-leucotricha-rechsteineria-graines#primaryimage\",\"url\":\"https:\\\/\\\/www.sunnyplants.com\\\/wp-content\\\/uploads\\\/2016\\\/12\\\/sinningia-rechsteineria-leucotricha_1.jpg\",\"contentUrl\":\"https:\\\/\\\/www.sunnyplants.com\\\/wp-content\\\/uploads\\\/2016\\\/12\\\/sinningia-rechsteineria-leucotricha_1.jpg\",\"width\":700,\"height\":645},{\"@type\":\"BreadcrumbList\",\"@id\":\"https:\\\/\\\/www.sunnyplants.com\\\/fr\\\/shop\\\/sinningia-leucotricha-rechsteineria-graines#breadcrumb\",\"itemListElement\":[{\"@type\":\"ListItem\",\"position\":1,\"name\":\"Home\",\"item\":\"https:\\\/\\\/www.sunnyplants.com\\\/fr\\\/sunnyplants-fr\"},{\"@type\":\"ListItem\",\"position\":2,\"name\":\"Boutique\",\"item\":\"https:\\\/\\\/www.sunnyplants.com\\\/fr\\\/boutique\"},{\"@type\":\"ListItem\",\"position\":3,\"name\":\"Sinningia leucotricha &#8211; Rechsteineria &#8211; Graines\"}]},{\"@type\":\"WebSite\",\"@id\":\"https:\\\/\\\/www.sunnyplants.com\\\/fr#website\",\"url\":\"https:\\\/\\\/www.sunnyplants.com\\\/fr\",\"name\":\"Sunnyplants.com\",\"description\":\"Lithops, Conophytums and other Mesembs &amp; Succulents\",\"potentialAction\":[{\"@type\":\"SearchAction\",\"target\":{\"@type\":\"EntryPoint\",\"urlTemplate\":\"https:\\\/\\\/www.sunnyplants.com\\\/fr?s={search_term_string}\"},\"query-input\":{\"@type\":\"PropertyValueSpecification\",\"valueRequired\":true,\"valueName\":\"search_term_string\"}}],\"inLanguage\":\"fr-FR\"}]}<\/script>\n<!-- \/ Yoast SEO plugin. -->","yoast_head_json":{"title":"Sinningia leucotricha - Rechsteineria - Graines - Sunnyplants.com","description":"Sinningia leucotricha (Rechsteineria) est un beau membre de la famille Gesneriad avec des feuilles argent\u00e9es. Les graines sont minuscules et germent mieux dans un sol de germination fine. Ne couvrez pas les graines de terre.","robots":{"index":"index","follow":"follow","max-snippet":"max-snippet:-1","max-image-preview":"max-image-preview:large","max-video-preview":"max-video-preview:-1"},"canonical":"https:\/\/www.sunnyplants.com\/fr\/shop\/sinningia-leucotricha-rechsteineria-graines","og_locale":"fr_FR","og_type":"article","og_title":"Sinningia leucotricha - Rechsteineria - Graines - Sunnyplants.com","og_description":"Sinningia leucotricha (Rechsteineria) est un beau membre de la famille Gesneriad avec des feuilles argent\u00e9es. Les graines sont minuscules et germent mieux dans un sol de germination fine. Ne couvrez pas les graines de terre.","og_url":"https:\/\/www.sunnyplants.com\/fr\/shop\/sinningia-leucotricha-rechsteineria-graines","og_site_name":"Sunnyplants.com","article_publisher":"https:\/\/nl-nl.facebook.com\/pages\/category\/Internet-Company\/Sunnyplantscom-1835401900058481\/","article_modified_time":"2024-03-24T08:59:54+00:00","og_image":[{"width":700,"height":645,"url":"https:\/\/www.sunnyplants.com\/wp-content\/uploads\/2016\/12\/sinningia-rechsteineria-leucotricha_1.jpg","type":"image\/jpeg"}],"twitter_card":"summary_large_image","twitter_misc":{"Dur\u00e9e de lecture estim\u00e9e":"1 minute"},"schema":{"@context":"https:\/\/schema.org","@graph":[{"@type":"WebPage","@id":"https:\/\/www.sunnyplants.com\/fr\/shop\/sinningia-leucotricha-rechsteineria-graines","url":"https:\/\/www.sunnyplants.com\/fr\/shop\/sinningia-leucotricha-rechsteineria-graines","name":"Sinningia leucotricha - Rechsteineria - Graines - Sunnyplants.com","isPartOf":{"@id":"https:\/\/www.sunnyplants.com\/fr#website"},"primaryImageOfPage":{"@id":"https:\/\/www.sunnyplants.com\/fr\/shop\/sinningia-leucotricha-rechsteineria-graines#primaryimage"},"image":{"@id":"https:\/\/www.sunnyplants.com\/fr\/shop\/sinningia-leucotricha-rechsteineria-graines#primaryimage"},"thumbnailUrl":"https:\/\/www.sunnyplants.com\/wp-content\/uploads\/2016\/12\/sinningia-rechsteineria-leucotricha_1.jpg","datePublished":"2016-12-29T14:18:04+00:00","dateModified":"2024-03-24T08:59:54+00:00","description":"Sinningia leucotricha (Rechsteineria) est un beau membre de la famille Gesneriad avec des feuilles argent\u00e9es. Les graines sont minuscules et germent mieux dans un sol de germination fine. Ne couvrez pas les graines de terre.","breadcrumb":{"@id":"https:\/\/www.sunnyplants.com\/fr\/shop\/sinningia-leucotricha-rechsteineria-graines#breadcrumb"},"inLanguage":"fr-FR","potentialAction":[{"@type":"ReadAction","target":["https:\/\/www.sunnyplants.com\/fr\/shop\/sinningia-leucotricha-rechsteineria-graines"]}]},{"@type":"ImageObject","inLanguage":"fr-FR","@id":"https:\/\/www.sunnyplants.com\/fr\/shop\/sinningia-leucotricha-rechsteineria-graines#primaryimage","url":"https:\/\/www.sunnyplants.com\/wp-content\/uploads\/2016\/12\/sinningia-rechsteineria-leucotricha_1.jpg","contentUrl":"https:\/\/www.sunnyplants.com\/wp-content\/uploads\/2016\/12\/sinningia-rechsteineria-leucotricha_1.jpg","width":700,"height":645},{"@type":"BreadcrumbList","@id":"https:\/\/www.sunnyplants.com\/fr\/shop\/sinningia-leucotricha-rechsteineria-graines#breadcrumb","itemListElement":[{"@type":"ListItem","position":1,"name":"Home","item":"https:\/\/www.sunnyplants.com\/fr\/sunnyplants-fr"},{"@type":"ListItem","position":2,"name":"Boutique","item":"https:\/\/www.sunnyplants.com\/fr\/boutique"},{"@type":"ListItem","position":3,"name":"Sinningia leucotricha &#8211; Rechsteineria &#8211; Graines"}]},{"@type":"WebSite","@id":"https:\/\/www.sunnyplants.com\/fr#website","url":"https:\/\/www.sunnyplants.com\/fr","name":"Sunnyplants.com","description":"Lithops, Conophytums and other Mesembs &amp; Succulents","potentialAction":[{"@type":"SearchAction","target":{"@type":"EntryPoint","urlTemplate":"https:\/\/www.sunnyplants.com\/fr?s={search_term_string}"},"query-input":{"@type":"PropertyValueSpecification","valueRequired":true,"valueName":"search_term_string"}}],"inLanguage":"fr-FR"}]}},"jetpack_sharing_enabled":true,"_links":{"self":[{"href":"https:\/\/www.sunnyplants.com\/fr\/wp-json\/wp\/v2\/product\/6500","targetHints":{"allow":["GET"]}}],"collection":[{"href":"https:\/\/www.sunnyplants.com\/fr\/wp-json\/wp\/v2\/product"}],"about":[{"href":"https:\/\/www.sunnyplants.com\/fr\/wp-json\/wp\/v2\/types\/product"}],"replies":[{"embeddable":true,"href":"https:\/\/www.sunnyplants.com\/fr\/wp-json\/wp\/v2\/comments?post=6500"}],"wp:featuredmedia":[{"embeddable":true,"href":"https:\/\/www.sunnyplants.com\/fr\/wp-json\/wp\/v2\/media\/6514"}],"wp:attachment":[{"href":"https:\/\/www.sunnyplants.com\/fr\/wp-json\/wp\/v2\/media?parent=6500"}],"wp:term":[{"taxonomy":"product_brand","embeddable":true,"href":"https:\/\/www.sunnyplants.com\/fr\/wp-json\/wp\/v2\/product_brand?post=6500"},{"taxonomy":"product_cat","embeddable":true,"href":"https:\/\/www.sunnyplants.com\/fr\/wp-json\/wp\/v2\/product_cat?post=6500"},{"taxonomy":"product_tag","embeddable":true,"href":"https:\/\/www.sunnyplants.com\/fr\/wp-json\/wp\/v2\/product_tag?post=6500"}],"curies":[{"name":"wp","href":"https:\/\/api.w.org\/{rel}","templated":true}]}}