{"id":6586,"date":"2026-05-01T13:24:10","date_gmt":"2026-05-01T13:24:10","guid":{"rendered":"https:\/\/www.sunnyplants.com\/fr\/shop\/crassula-buddhas-temple-plantes-copy\/"},"modified":"2026-05-02T08:49:18","modified_gmt":"2026-05-02T08:49:18","slug":"titanopsis-hugo-schlechteri-pierres-vivantes-plantes","status":"publish","type":"product","link":"https:\/\/www.sunnyplants.com\/fr\/shop\/titanopsis-hugo-schlechteri-pierres-vivantes-plantes","title":{"rendered":"Titanopsis hugo-schlechteri &#8211; Pierres Vivantes &#8211; Plantes"},"content":{"rendered":"<p>Titanopsis hugo-schlechteri &#8211; Pierres Vivantes &#8211; Plantes\u00a0\u00e0 vendre.<\/p>\n<h3>Pots Succulentes pour vos Titanopsis hugo-schlechteri<\/h3>\n<p>Il y a tellement de pots de Succulentes disponibles en ligne qui pourraient convenir \u00e0 vos Titanopsis hugo-schlechteri. Pots Titanopsis hugo-schlechteri en C\u00e9ramique, pots Titanopsis en Pierre, pots en B\u00e9ton, pots Titanopsis en Verre et pots en Bois. Il existe une grande s\u00e9lection de toutes sortes de <strong><a href=\"https:\/\/amzn.to\/38LwqLI\" target=\"_blank\" rel=\"noopener\">Pots Succulentes sur Amazon.fr<\/a><\/strong>.<\/p>\n<h3>Lampes de Culture Succulentes pour vos plantes Titanopsis hugo-schlechteri<\/h3>\n<p>Toutes les Succulentes ont besoin d&rsquo;une lumi\u00e8re vive pour bien pousser. Ils resteront plus compacts et obtiendront des couleurs plus vives. Un bon \u00e9clairage est \u00e9galement important pour la sant\u00e9 des plantes et pour la photosynth\u00e8se. Dans une serre ou sur un rebord de fen\u00eatre orient\u00e9 au sud, ce n&rsquo;est g\u00e9n\u00e9ralement pas un probl\u00e8me. Si vous ne pouvez pas offrir une lumi\u00e8re vive pour votre collection de plantes Titanopsis hugo-schlechteri, nous vous recommandons d&rsquo;utiliser des lampes de culture Succulentes. Il existe une grande s\u00e9lection de diff\u00e9rents types de <strong><a href=\"https:\/\/amzn.to\/3vTyBVu\" target=\"_blank\" rel=\"noopener\">Lampes de Culture Succulentes sur Amazon.fr<\/a><\/strong>.<\/p>\n","protected":false},"excerpt":{"rendered":"<p>Titanopsis hugo-schlechteri &#8211; Pierres Vivantes &#8211; Plantes<\/p>\n","protected":false},"featured_media":51476,"comment_status":"open","ping_status":"closed","template":"","meta":[],"product_brand":[],"product_cat":[244,233,1051,242],"product_tag":[1056,806,803,943],"class_list":{"0":"post-6586","1":"product","2":"type-product","3":"status-publish","4":"has-post-thumbnail","6":"product_cat-lithops-pierres-vivantes","7":"product_cat-plantes","8":"product_cat-plantes-titanopsis","9":"product_cat-succulentes","10":"product_tag-lithops-fr","11":"product_tag-mesembs-fr","12":"product_tag-pierres-vivantes","13":"product_tag-succulentes","14":"product_shipping_class-plants-collections-fr","15":"pa_family-mesembryanthemaceae-aizoaceae-fr","16":"pa_flower-color-jaune","17":"pa_product-type-plantes","18":"pa_quantity-1-plante","19":"pa_size-3-4-cm-fr","21":"first","22":"instock","23":"taxable","24":"shipping-taxable","25":"purchasable","26":"product-type-simple"},"yoast_head":"<!-- This site is optimized with the Yoast SEO plugin v27.5 - https:\/\/yoast.com\/product\/yoast-seo-wordpress\/ -->\n<title>Titanopsis hugo-schlechteri - Pierres Vivantes - Plantes - Sunnyplants.com<\/title>\n<meta name=\"description\" content=\"Titanopsis hugo-schlechteri - Pierres Vivantes - Plantes\" \/>\n<meta name=\"robots\" content=\"index, follow, max-snippet:-1, max-image-preview:large, max-video-preview:-1\" \/>\n<link rel=\"canonical\" href=\"https:\/\/www.sunnyplants.com\/fr\/shop\/titanopsis-hugo-schlechteri-pierres-vivantes-plantes\" \/>\n<meta property=\"og:locale\" content=\"fr_FR\" \/>\n<meta property=\"og:type\" content=\"article\" \/>\n<meta property=\"og:title\" content=\"Titanopsis hugo-schlechteri - Pierres Vivantes - Plantes - Sunnyplants.com\" \/>\n<meta property=\"og:description\" content=\"Titanopsis hugo-schlechteri - Pierres Vivantes - Plantes\" \/>\n<meta property=\"og:url\" content=\"https:\/\/www.sunnyplants.com\/fr\/shop\/titanopsis-hugo-schlechteri-pierres-vivantes-plantes\" \/>\n<meta property=\"og:site_name\" content=\"Sunnyplants.com\" \/>\n<meta property=\"article:publisher\" content=\"https:\/\/nl-nl.facebook.com\/pages\/category\/Internet-Company\/Sunnyplantscom-1835401900058481\/\" \/>\n<meta property=\"article:modified_time\" content=\"2026-05-02T08:49:18+00:00\" \/>\n<meta property=\"og:image\" content=\"https:\/\/www.sunnyplants.com\/wp-content\/uploads\/2016\/12\/titanopsis_hugo_schlecteri.jpg\" \/>\n\t<meta property=\"og:image:width\" content=\"600\" \/>\n\t<meta property=\"og:image:height\" content=\"600\" \/>\n\t<meta property=\"og:image:type\" content=\"image\/jpeg\" \/>\n<meta name=\"twitter:card\" content=\"summary_large_image\" \/>\n<meta name=\"twitter:label1\" content=\"Dur\u00e9e de lecture estim\u00e9e\" \/>\n\t<meta name=\"twitter:data1\" content=\"1 minute\" \/>\n<script type=\"application\/ld+json\" class=\"yoast-schema-graph\">{\"@context\":\"https:\\\/\\\/schema.org\",\"@graph\":[{\"@type\":\"WebPage\",\"@id\":\"https:\\\/\\\/www.sunnyplants.com\\\/fr\\\/shop\\\/titanopsis-hugo-schlechteri-pierres-vivantes-plantes\",\"url\":\"https:\\\/\\\/www.sunnyplants.com\\\/fr\\\/shop\\\/titanopsis-hugo-schlechteri-pierres-vivantes-plantes\",\"name\":\"Titanopsis hugo-schlechteri - Pierres Vivantes - Plantes - Sunnyplants.com\",\"isPartOf\":{\"@id\":\"https:\\\/\\\/www.sunnyplants.com\\\/fr#website\"},\"primaryImageOfPage\":{\"@id\":\"https:\\\/\\\/www.sunnyplants.com\\\/fr\\\/shop\\\/titanopsis-hugo-schlechteri-pierres-vivantes-plantes#primaryimage\"},\"image\":{\"@id\":\"https:\\\/\\\/www.sunnyplants.com\\\/fr\\\/shop\\\/titanopsis-hugo-schlechteri-pierres-vivantes-plantes#primaryimage\"},\"thumbnailUrl\":\"https:\\\/\\\/www.sunnyplants.com\\\/wp-content\\\/uploads\\\/titanopsis-hugo-schlechteri-3.jpg\",\"datePublished\":\"2026-05-01T13:24:10+00:00\",\"dateModified\":\"2026-05-02T08:49:18+00:00\",\"description\":\"Titanopsis hugo-schlechteri - Pierres Vivantes - Plantes\",\"breadcrumb\":{\"@id\":\"https:\\\/\\\/www.sunnyplants.com\\\/fr\\\/shop\\\/titanopsis-hugo-schlechteri-pierres-vivantes-plantes#breadcrumb\"},\"inLanguage\":\"fr-FR\",\"potentialAction\":[{\"@type\":\"ReadAction\",\"target\":[\"https:\\\/\\\/www.sunnyplants.com\\\/fr\\\/shop\\\/titanopsis-hugo-schlechteri-pierres-vivantes-plantes\"]}]},{\"@type\":\"ImageObject\",\"inLanguage\":\"fr-FR\",\"@id\":\"https:\\\/\\\/www.sunnyplants.com\\\/fr\\\/shop\\\/titanopsis-hugo-schlechteri-pierres-vivantes-plantes#primaryimage\",\"url\":\"https:\\\/\\\/www.sunnyplants.com\\\/wp-content\\\/uploads\\\/titanopsis-hugo-schlechteri-3.jpg\",\"contentUrl\":\"https:\\\/\\\/www.sunnyplants.com\\\/wp-content\\\/uploads\\\/titanopsis-hugo-schlechteri-3.jpg\",\"width\":900,\"height\":900,\"caption\":\"Titanopsis hugo-schlechteri \u2013 Living Stones \u2013 Plants\"},{\"@type\":\"BreadcrumbList\",\"@id\":\"https:\\\/\\\/www.sunnyplants.com\\\/fr\\\/shop\\\/titanopsis-hugo-schlechteri-pierres-vivantes-plantes#breadcrumb\",\"itemListElement\":[{\"@type\":\"ListItem\",\"position\":1,\"name\":\"Home\",\"item\":\"https:\\\/\\\/www.sunnyplants.com\\\/fr\\\/sunnyplants-fr\"},{\"@type\":\"ListItem\",\"position\":2,\"name\":\"Boutique\",\"item\":\"https:\\\/\\\/www.sunnyplants.com\\\/fr\\\/boutique\"},{\"@type\":\"ListItem\",\"position\":3,\"name\":\"Titanopsis hugo-schlechteri &#8211; Pierres Vivantes &#8211; Plantes\"}]},{\"@type\":\"WebSite\",\"@id\":\"https:\\\/\\\/www.sunnyplants.com\\\/fr#website\",\"url\":\"https:\\\/\\\/www.sunnyplants.com\\\/fr\",\"name\":\"Sunnyplants.com\",\"description\":\"Lithops, Conophytums and other Mesembs &amp; Succulents\",\"potentialAction\":[{\"@type\":\"SearchAction\",\"target\":{\"@type\":\"EntryPoint\",\"urlTemplate\":\"https:\\\/\\\/www.sunnyplants.com\\\/fr?s={search_term_string}\"},\"query-input\":{\"@type\":\"PropertyValueSpecification\",\"valueRequired\":true,\"valueName\":\"search_term_string\"}}],\"inLanguage\":\"fr-FR\"}]}<\/script>\n<!-- \/ Yoast SEO plugin. -->","yoast_head_json":{"title":"Titanopsis hugo-schlechteri - Pierres Vivantes - Plantes - Sunnyplants.com","description":"Titanopsis hugo-schlechteri - Pierres Vivantes - Plantes","robots":{"index":"index","follow":"follow","max-snippet":"max-snippet:-1","max-image-preview":"max-image-preview:large","max-video-preview":"max-video-preview:-1"},"canonical":"https:\/\/www.sunnyplants.com\/fr\/shop\/titanopsis-hugo-schlechteri-pierres-vivantes-plantes","og_locale":"fr_FR","og_type":"article","og_title":"Titanopsis hugo-schlechteri - Pierres Vivantes - Plantes - Sunnyplants.com","og_description":"Titanopsis hugo-schlechteri - Pierres Vivantes - Plantes","og_url":"https:\/\/www.sunnyplants.com\/fr\/shop\/titanopsis-hugo-schlechteri-pierres-vivantes-plantes","og_site_name":"Sunnyplants.com","article_publisher":"https:\/\/nl-nl.facebook.com\/pages\/category\/Internet-Company\/Sunnyplantscom-1835401900058481\/","article_modified_time":"2026-05-02T08:49:18+00:00","og_image":[{"width":600,"height":600,"url":"https:\/\/www.sunnyplants.com\/wp-content\/uploads\/2016\/12\/titanopsis_hugo_schlecteri.jpg","type":"image\/jpeg"}],"twitter_card":"summary_large_image","twitter_misc":{"Dur\u00e9e de lecture estim\u00e9e":"1 minute"},"schema":{"@context":"https:\/\/schema.org","@graph":[{"@type":"WebPage","@id":"https:\/\/www.sunnyplants.com\/fr\/shop\/titanopsis-hugo-schlechteri-pierres-vivantes-plantes","url":"https:\/\/www.sunnyplants.com\/fr\/shop\/titanopsis-hugo-schlechteri-pierres-vivantes-plantes","name":"Titanopsis hugo-schlechteri - Pierres Vivantes - Plantes - Sunnyplants.com","isPartOf":{"@id":"https:\/\/www.sunnyplants.com\/fr#website"},"primaryImageOfPage":{"@id":"https:\/\/www.sunnyplants.com\/fr\/shop\/titanopsis-hugo-schlechteri-pierres-vivantes-plantes#primaryimage"},"image":{"@id":"https:\/\/www.sunnyplants.com\/fr\/shop\/titanopsis-hugo-schlechteri-pierres-vivantes-plantes#primaryimage"},"thumbnailUrl":"https:\/\/www.sunnyplants.com\/wp-content\/uploads\/titanopsis-hugo-schlechteri-3.jpg","datePublished":"2026-05-01T13:24:10+00:00","dateModified":"2026-05-02T08:49:18+00:00","description":"Titanopsis hugo-schlechteri - Pierres Vivantes - Plantes","breadcrumb":{"@id":"https:\/\/www.sunnyplants.com\/fr\/shop\/titanopsis-hugo-schlechteri-pierres-vivantes-plantes#breadcrumb"},"inLanguage":"fr-FR","potentialAction":[{"@type":"ReadAction","target":["https:\/\/www.sunnyplants.com\/fr\/shop\/titanopsis-hugo-schlechteri-pierres-vivantes-plantes"]}]},{"@type":"ImageObject","inLanguage":"fr-FR","@id":"https:\/\/www.sunnyplants.com\/fr\/shop\/titanopsis-hugo-schlechteri-pierres-vivantes-plantes#primaryimage","url":"https:\/\/www.sunnyplants.com\/wp-content\/uploads\/titanopsis-hugo-schlechteri-3.jpg","contentUrl":"https:\/\/www.sunnyplants.com\/wp-content\/uploads\/titanopsis-hugo-schlechteri-3.jpg","width":900,"height":900,"caption":"Titanopsis hugo-schlechteri \u2013 Living Stones \u2013 Plants"},{"@type":"BreadcrumbList","@id":"https:\/\/www.sunnyplants.com\/fr\/shop\/titanopsis-hugo-schlechteri-pierres-vivantes-plantes#breadcrumb","itemListElement":[{"@type":"ListItem","position":1,"name":"Home","item":"https:\/\/www.sunnyplants.com\/fr\/sunnyplants-fr"},{"@type":"ListItem","position":2,"name":"Boutique","item":"https:\/\/www.sunnyplants.com\/fr\/boutique"},{"@type":"ListItem","position":3,"name":"Titanopsis hugo-schlechteri &#8211; Pierres Vivantes &#8211; Plantes"}]},{"@type":"WebSite","@id":"https:\/\/www.sunnyplants.com\/fr#website","url":"https:\/\/www.sunnyplants.com\/fr","name":"Sunnyplants.com","description":"Lithops, Conophytums and other Mesembs &amp; Succulents","potentialAction":[{"@type":"SearchAction","target":{"@type":"EntryPoint","urlTemplate":"https:\/\/www.sunnyplants.com\/fr?s={search_term_string}"},"query-input":{"@type":"PropertyValueSpecification","valueRequired":true,"valueName":"search_term_string"}}],"inLanguage":"fr-FR"}]}},"jetpack_sharing_enabled":true,"_links":{"self":[{"href":"https:\/\/www.sunnyplants.com\/fr\/wp-json\/wp\/v2\/product\/6586","targetHints":{"allow":["GET"]}}],"collection":[{"href":"https:\/\/www.sunnyplants.com\/fr\/wp-json\/wp\/v2\/product"}],"about":[{"href":"https:\/\/www.sunnyplants.com\/fr\/wp-json\/wp\/v2\/types\/product"}],"replies":[{"embeddable":true,"href":"https:\/\/www.sunnyplants.com\/fr\/wp-json\/wp\/v2\/comments?post=6586"}],"wp:featuredmedia":[{"embeddable":true,"href":"https:\/\/www.sunnyplants.com\/fr\/wp-json\/wp\/v2\/media\/51476"}],"wp:attachment":[{"href":"https:\/\/www.sunnyplants.com\/fr\/wp-json\/wp\/v2\/media?parent=6586"}],"wp:term":[{"taxonomy":"product_brand","embeddable":true,"href":"https:\/\/www.sunnyplants.com\/fr\/wp-json\/wp\/v2\/product_brand?post=6586"},{"taxonomy":"product_cat","embeddable":true,"href":"https:\/\/www.sunnyplants.com\/fr\/wp-json\/wp\/v2\/product_cat?post=6586"},{"taxonomy":"product_tag","embeddable":true,"href":"https:\/\/www.sunnyplants.com\/fr\/wp-json\/wp\/v2\/product_tag?post=6586"}],"curies":[{"name":"wp","href":"https:\/\/api.w.org\/{rel}","templated":true}]}}