{"id":6724,"date":"2024-07-03T15:48:05","date_gmt":"2016-12-30T15:48:05","guid":{"rendered":"https:\/\/www.sunnyplants.com\/fr\/shop\/senecio-stapeliiformis-boutures-copy\/"},"modified":"2026-02-04T18:36:45","modified_gmt":"2026-02-04T18:36:45","slug":"sedum-morganianum-burrito-orpin-de-morgane-boutures","status":"publish","type":"product","link":"https:\/\/www.sunnyplants.com\/fr\/shop\/sedum-morganianum-burrito-orpin-de-morgane-boutures","title":{"rendered":"Sedum morganianum Burrito &#8211; Orpin de Morgane &#8211; Boutures"},"content":{"rendered":"<p>Sedum morganianum Burrito, \u00e9galement appel\u00e9 Burro&rsquo;s Tail, est un beau cultivar. Les feuilles sont plus courtes et plus compactes que l&rsquo;esp\u00e8ce naturelle Sedum morganianum. Sedum morganianum est originaire du Mexique et du Honduras. Ce sedum est tr\u00e8s ornemental et convient aux pots et r\u00e9cipients suspendus.<\/p>\n<h2>Entretien de Sedum morganianum Burrito<\/h2>\n<p>C&rsquo;est une succulente facile. Il a besoin d&rsquo;autant de lumi\u00e8re que possible pour maintenir la couleur bleu-vert et la forme compacte. Arrosez la plante lorsque le sol est compl\u00e8tement sec. Vous pouvez utiliser un peu d&rsquo;engrais\u00a0au printemps et en automne. Utilisez de pr\u00e9f\u00e9rence un bon <a href=\"https:\/\/www.sunnyplants.com\/fr\/shop\/terreau-pour-cactus-et-plantes-succulentes\">sol succulent<\/a> avec des capacit\u00e9s de drainage parfaites. Vous pouvez cultiver Sedum morganianum Burrito \u00e0 l&rsquo;ext\u00e9rieur de la mi-mai \u00e0 septembre. Ajustez-vous lentement \u00e0 une lumi\u00e8re accrue ou donnez de l&rsquo;ombre au soleil intense si possible. Nous gardons toutes nos plantes Sedum compl\u00e8tement s\u00e8ches en hiver dans la serre \u00e0 une temp\u00e9rature minimale de 5-10C.<\/p>\n<h2>Propagation de Sedum morganianum Burrito<\/h2>\n<p>La plupart des Sedums, en particulier les cultivars, sont cultiv\u00e9s \u00e0 partir de boutures. Sedum morganianum Burrito peut \u00eatre propag\u00e9 \u00e0 partir de boutures de feuilles ou de boutures de tiges.<\/p>\n<h3>Sedum morganianum Burrito de boutures de feuilles<\/h3>\n<p>Avec la propagation par bouture de feuilles, il faut environ 3-4 ans pour obtenir une plante de 5 cm. Vous pouvez obtenir de nombreuses plantes de cette fa\u00e7on. Prenez simplement les petites feuilles soigneusement et intactes et \u00e9talez-les sur un sol succulent. Utilisez de pr\u00e9f\u00e9rence un plateau peu profond pour vous assurer que le sol ne reste pas humide trop longtemps. Couvrez l\u00e9g\u00e8rement les boutures de feuilles avec du <a href=\"https:\/\/www.sunnyplants.com\/fr\/shop\/lave\">gravier de lave<\/a> ou de la <a href=\"https:\/\/www.sunnyplants.com\/fr\/shop\/pierre-ponce-bims\">pierre ponce<\/a> fine.<\/p>\n<h3>Sedum morganianum Burrito de boutures de tiges<\/h3>\n<p>Cultiver Sedum Burrito \u00e0 partir de boutures de tiges va beaucoup plus vite, mais vous obtenez un approvisionnement limit\u00e9 en nouvelles plantes. Coupez un morceau de 5-10 cm de la tige de Sedum. Les boutures de la section sup\u00e9rieure et de la section m\u00e9diane fonctionnent tr\u00e8s bien. Retirez les feuilles inf\u00e9rieures et laissez s\u00e9cher la plaie de coupe pendant 3 \u00e0 4 jours avant de planter dans le sol. Les boutures de tige de Sedum morganianum Burrito forment g\u00e9n\u00e9ralement des racines en 3-4 semaines, selon la temp\u00e9rature. Ne pas arroser avant la formation des racines.<\/p>\n<h3>Pots Succulentes pour vos plantes Sedum<\/h3>\n<p>Il y a tellement de pots de Succulentes disponibles en ligne qui pourraient convenir \u00e0 vos Sedum. Pots en C\u00e9ramique, pots en Pierre, pots en B\u00e9ton, pots Sedum en Verre et pots en Bois. Il existe une grande s\u00e9lection de toutes sortes de <strong><a href=\"https:\/\/amzn.to\/38LwqLI\" target=\"_blank\" rel=\"noopener\">Pots Succulentes sur Amazon.fr<\/a><\/strong>.<\/p>\n<h3>Lampes de Culture Succulentes pour vos Sedum morganianum Burrito<\/h3>\n<p>Toutes les Succulentes ont besoin d&rsquo;une lumi\u00e8re vive pour bien pousser. Ils resteront plus compacts et obtiendront des couleurs plus vives. Un bon \u00e9clairage est \u00e9galement important pour la sant\u00e9 des plantes et pour la photosynth\u00e8se. Dans une serre ou sur un rebord de fen\u00eatre orient\u00e9 au sud, ce n&rsquo;est g\u00e9n\u00e9ralement pas un probl\u00e8me. Si vous ne pouvez pas offrir une lumi\u00e8re vive pour votre plantes Sedum, nous vous recommandons d&rsquo;utiliser des lampes de culture Succulentes. Il existe une grande s\u00e9lection de diff\u00e9rents types de <strong><a href=\"https:\/\/amzn.to\/3vTyBVu\" target=\"_blank\" rel=\"noopener\">Lampes de Culture Succulentes sur Amazon.fr<\/a><\/strong>.<\/p>\n","protected":false},"excerpt":{"rendered":"<p>Belles boutures compactes de Sedum morganianum Burrito (queue de Burro). Vous obtiendrez 1 ou 2 boutures. Plantez Sedum morganianum Burrito dans un <a href=\"https:\/\/www.sunnyplants.com\/fr\/shop\/terreau-pour-cactus-et-plantes-succulentes\">sol succulent<\/a> et donnez un peu d&rsquo;<a href=\"https:\/\/www.sunnyplants.com\/fr\/shop\/engrais-cactus-succulentes\">engrais<\/a> au printemps et en automne quand ils montrent le plus de croissance. Ils aiment beaucoup de lumi\u00e8re mais ajustent lentement la succulente \u00e0 un \u00e9clairage accru.<\/p>\n","protected":false},"featured_media":4977,"comment_status":"open","ping_status":"closed","template":"","meta":[],"product_brand":[],"product_cat":[279,333,329],"product_tag":[842,855,832,833],"class_list":{"0":"post-6724","1":"product","2":"type-product","3":"status-publish","4":"has-post-thumbnail","6":"product_cat-boutures","7":"product_cat-boutures-sedum","8":"product_cat-boutures-succulentes","9":"product_tag-boutures","10":"product_tag-boutures-de-tiges","11":"product_tag-plantes-dinterieur","12":"product_tag-plantes-de-jungle","13":"product_shipping_class-cuttings-small-plants-fr","14":"pa_family-crassulaceae-fr","15":"pa_flower-color-rose","16":"pa_leaf-color-bleu","17":"pa_leaf-color-vert","18":"pa_product-type-boutures-de-tiges","19":"pa_quantity-1-bouture","20":"pa_size-4-6-cm-fr","22":"first","23":"instock","24":"taxable","25":"shipping-taxable","26":"purchasable","27":"product-type-simple"},"yoast_head":"<!-- This site is optimized with the Yoast SEO plugin v27.4 - https:\/\/yoast.com\/product\/yoast-seo-wordpress\/ -->\n<title>Sedum morganianum Burrito - Orpin de Morgane - Boutures - Sunnyplants.com<\/title>\n<meta name=\"description\" content=\"Belles boutures compactes de Sedum morganianum Burrito (queue de Burro). Vous obtiendrez 1 ou 2 boutures. Plantez Sedum morganianum Burrito dans un sol succulent et donnez un peu d&#039;engrais au printemps et en automne quand ils montrent le plus de croissance. Ils aiment beaucoup de lumi\u00e8re mais ajustent lentement la succulente \u00e0 un \u00e9clairage accru.\" \/>\n<meta name=\"robots\" content=\"index, follow, max-snippet:-1, max-image-preview:large, max-video-preview:-1\" \/>\n<link rel=\"canonical\" href=\"https:\/\/www.sunnyplants.com\/fr\/shop\/sedum-morganianum-burrito-orpin-de-morgane-boutures\" \/>\n<meta property=\"og:locale\" content=\"fr_FR\" \/>\n<meta property=\"og:type\" content=\"article\" \/>\n<meta property=\"og:title\" content=\"Sedum morganianum Burrito - Orpin de Morgane - Boutures - Sunnyplants.com\" \/>\n<meta property=\"og:description\" content=\"Belles boutures compactes de Sedum morganianum Burrito (queue de Burro). Vous obtiendrez 1 ou 2 boutures. Plantez Sedum morganianum Burrito dans un sol succulent et donnez un peu d&#039;engrais au printemps et en automne quand ils montrent le plus de croissance. Ils aiment beaucoup de lumi\u00e8re mais ajustent lentement la succulente \u00e0 un \u00e9clairage accru.\" \/>\n<meta property=\"og:url\" content=\"https:\/\/www.sunnyplants.com\/fr\/shop\/sedum-morganianum-burrito-orpin-de-morgane-boutures\" \/>\n<meta property=\"og:site_name\" content=\"Sunnyplants.com\" \/>\n<meta property=\"article:publisher\" content=\"https:\/\/nl-nl.facebook.com\/pages\/category\/Internet-Company\/Sunnyplantscom-1835401900058481\/\" \/>\n<meta property=\"article:modified_time\" content=\"2026-02-04T18:36:45+00:00\" \/>\n<meta property=\"og:image\" content=\"https:\/\/www.sunnyplants.com\/wp-content\/uploads\/2016\/12\/sedum-morganianum-burrito.jpg\" \/>\n\t<meta property=\"og:image:width\" content=\"600\" \/>\n\t<meta property=\"og:image:height\" content=\"600\" \/>\n\t<meta property=\"og:image:type\" content=\"image\/jpeg\" \/>\n<meta name=\"twitter:card\" content=\"summary_large_image\" \/>\n<meta name=\"twitter:label1\" content=\"Dur\u00e9e de lecture estim\u00e9e\" \/>\n\t<meta name=\"twitter:data1\" content=\"3 minutes\" \/>\n<script type=\"application\/ld+json\" class=\"yoast-schema-graph\">{\"@context\":\"https:\\\/\\\/schema.org\",\"@graph\":[{\"@type\":\"WebPage\",\"@id\":\"https:\\\/\\\/www.sunnyplants.com\\\/fr\\\/shop\\\/sedum-morganianum-burrito-orpin-de-morgane-boutures\",\"url\":\"https:\\\/\\\/www.sunnyplants.com\\\/fr\\\/shop\\\/sedum-morganianum-burrito-orpin-de-morgane-boutures\",\"name\":\"Sedum morganianum Burrito - Orpin de Morgane - Boutures - Sunnyplants.com\",\"isPartOf\":{\"@id\":\"https:\\\/\\\/www.sunnyplants.com\\\/fr#website\"},\"primaryImageOfPage\":{\"@id\":\"https:\\\/\\\/www.sunnyplants.com\\\/fr\\\/shop\\\/sedum-morganianum-burrito-orpin-de-morgane-boutures#primaryimage\"},\"image\":{\"@id\":\"https:\\\/\\\/www.sunnyplants.com\\\/fr\\\/shop\\\/sedum-morganianum-burrito-orpin-de-morgane-boutures#primaryimage\"},\"thumbnailUrl\":\"https:\\\/\\\/www.sunnyplants.com\\\/wp-content\\\/uploads\\\/2016\\\/12\\\/sedum-morganianum-burrito.jpg\",\"datePublished\":\"2016-12-30T15:48:05+00:00\",\"dateModified\":\"2026-02-04T18:36:45+00:00\",\"description\":\"Belles boutures compactes de Sedum morganianum Burrito (queue de Burro). Vous obtiendrez 1 ou 2 boutures. Plantez Sedum morganianum Burrito dans un sol succulent et donnez un peu d'engrais au printemps et en automne quand ils montrent le plus de croissance. Ils aiment beaucoup de lumi\u00e8re mais ajustent lentement la succulente \u00e0 un \u00e9clairage accru.\",\"breadcrumb\":{\"@id\":\"https:\\\/\\\/www.sunnyplants.com\\\/fr\\\/shop\\\/sedum-morganianum-burrito-orpin-de-morgane-boutures#breadcrumb\"},\"inLanguage\":\"fr-FR\",\"potentialAction\":[{\"@type\":\"ReadAction\",\"target\":[\"https:\\\/\\\/www.sunnyplants.com\\\/fr\\\/shop\\\/sedum-morganianum-burrito-orpin-de-morgane-boutures\"]}]},{\"@type\":\"ImageObject\",\"inLanguage\":\"fr-FR\",\"@id\":\"https:\\\/\\\/www.sunnyplants.com\\\/fr\\\/shop\\\/sedum-morganianum-burrito-orpin-de-morgane-boutures#primaryimage\",\"url\":\"https:\\\/\\\/www.sunnyplants.com\\\/wp-content\\\/uploads\\\/2016\\\/12\\\/sedum-morganianum-burrito.jpg\",\"contentUrl\":\"https:\\\/\\\/www.sunnyplants.com\\\/wp-content\\\/uploads\\\/2016\\\/12\\\/sedum-morganianum-burrito.jpg\",\"width\":600,\"height\":600,\"caption\":\"Sedum morganianum Burrito - Burro\u2019s Tail - Cuttings\"},{\"@type\":\"BreadcrumbList\",\"@id\":\"https:\\\/\\\/www.sunnyplants.com\\\/fr\\\/shop\\\/sedum-morganianum-burrito-orpin-de-morgane-boutures#breadcrumb\",\"itemListElement\":[{\"@type\":\"ListItem\",\"position\":1,\"name\":\"Home\",\"item\":\"https:\\\/\\\/www.sunnyplants.com\\\/fr\\\/sunnyplants-fr\"},{\"@type\":\"ListItem\",\"position\":2,\"name\":\"Boutique\",\"item\":\"https:\\\/\\\/www.sunnyplants.com\\\/fr\\\/boutique\"},{\"@type\":\"ListItem\",\"position\":3,\"name\":\"Sedum morganianum Burrito &#8211; Orpin de Morgane &#8211; Boutures\"}]},{\"@type\":\"WebSite\",\"@id\":\"https:\\\/\\\/www.sunnyplants.com\\\/fr#website\",\"url\":\"https:\\\/\\\/www.sunnyplants.com\\\/fr\",\"name\":\"Sunnyplants.com\",\"description\":\"Lithops, Conophytums and other Mesembs &amp; Succulents\",\"potentialAction\":[{\"@type\":\"SearchAction\",\"target\":{\"@type\":\"EntryPoint\",\"urlTemplate\":\"https:\\\/\\\/www.sunnyplants.com\\\/fr?s={search_term_string}\"},\"query-input\":{\"@type\":\"PropertyValueSpecification\",\"valueRequired\":true,\"valueName\":\"search_term_string\"}}],\"inLanguage\":\"fr-FR\"}]}<\/script>\n<!-- \/ Yoast SEO plugin. -->","yoast_head_json":{"title":"Sedum morganianum Burrito - Orpin de Morgane - Boutures - Sunnyplants.com","description":"Belles boutures compactes de Sedum morganianum Burrito (queue de Burro). Vous obtiendrez 1 ou 2 boutures. Plantez Sedum morganianum Burrito dans un sol succulent et donnez un peu d'engrais au printemps et en automne quand ils montrent le plus de croissance. Ils aiment beaucoup de lumi\u00e8re mais ajustent lentement la succulente \u00e0 un \u00e9clairage accru.","robots":{"index":"index","follow":"follow","max-snippet":"max-snippet:-1","max-image-preview":"max-image-preview:large","max-video-preview":"max-video-preview:-1"},"canonical":"https:\/\/www.sunnyplants.com\/fr\/shop\/sedum-morganianum-burrito-orpin-de-morgane-boutures","og_locale":"fr_FR","og_type":"article","og_title":"Sedum morganianum Burrito - Orpin de Morgane - Boutures - Sunnyplants.com","og_description":"Belles boutures compactes de Sedum morganianum Burrito (queue de Burro). Vous obtiendrez 1 ou 2 boutures. Plantez Sedum morganianum Burrito dans un sol succulent et donnez un peu d'engrais au printemps et en automne quand ils montrent le plus de croissance. Ils aiment beaucoup de lumi\u00e8re mais ajustent lentement la succulente \u00e0 un \u00e9clairage accru.","og_url":"https:\/\/www.sunnyplants.com\/fr\/shop\/sedum-morganianum-burrito-orpin-de-morgane-boutures","og_site_name":"Sunnyplants.com","article_publisher":"https:\/\/nl-nl.facebook.com\/pages\/category\/Internet-Company\/Sunnyplantscom-1835401900058481\/","article_modified_time":"2026-02-04T18:36:45+00:00","og_image":[{"width":600,"height":600,"url":"https:\/\/www.sunnyplants.com\/wp-content\/uploads\/2016\/12\/sedum-morganianum-burrito.jpg","type":"image\/jpeg"}],"twitter_card":"summary_large_image","twitter_misc":{"Dur\u00e9e de lecture estim\u00e9e":"3 minutes"},"schema":{"@context":"https:\/\/schema.org","@graph":[{"@type":"WebPage","@id":"https:\/\/www.sunnyplants.com\/fr\/shop\/sedum-morganianum-burrito-orpin-de-morgane-boutures","url":"https:\/\/www.sunnyplants.com\/fr\/shop\/sedum-morganianum-burrito-orpin-de-morgane-boutures","name":"Sedum morganianum Burrito - Orpin de Morgane - Boutures - Sunnyplants.com","isPartOf":{"@id":"https:\/\/www.sunnyplants.com\/fr#website"},"primaryImageOfPage":{"@id":"https:\/\/www.sunnyplants.com\/fr\/shop\/sedum-morganianum-burrito-orpin-de-morgane-boutures#primaryimage"},"image":{"@id":"https:\/\/www.sunnyplants.com\/fr\/shop\/sedum-morganianum-burrito-orpin-de-morgane-boutures#primaryimage"},"thumbnailUrl":"https:\/\/www.sunnyplants.com\/wp-content\/uploads\/2016\/12\/sedum-morganianum-burrito.jpg","datePublished":"2016-12-30T15:48:05+00:00","dateModified":"2026-02-04T18:36:45+00:00","description":"Belles boutures compactes de Sedum morganianum Burrito (queue de Burro). Vous obtiendrez 1 ou 2 boutures. Plantez Sedum morganianum Burrito dans un sol succulent et donnez un peu d'engrais au printemps et en automne quand ils montrent le plus de croissance. Ils aiment beaucoup de lumi\u00e8re mais ajustent lentement la succulente \u00e0 un \u00e9clairage accru.","breadcrumb":{"@id":"https:\/\/www.sunnyplants.com\/fr\/shop\/sedum-morganianum-burrito-orpin-de-morgane-boutures#breadcrumb"},"inLanguage":"fr-FR","potentialAction":[{"@type":"ReadAction","target":["https:\/\/www.sunnyplants.com\/fr\/shop\/sedum-morganianum-burrito-orpin-de-morgane-boutures"]}]},{"@type":"ImageObject","inLanguage":"fr-FR","@id":"https:\/\/www.sunnyplants.com\/fr\/shop\/sedum-morganianum-burrito-orpin-de-morgane-boutures#primaryimage","url":"https:\/\/www.sunnyplants.com\/wp-content\/uploads\/2016\/12\/sedum-morganianum-burrito.jpg","contentUrl":"https:\/\/www.sunnyplants.com\/wp-content\/uploads\/2016\/12\/sedum-morganianum-burrito.jpg","width":600,"height":600,"caption":"Sedum morganianum Burrito - Burro\u2019s Tail - Cuttings"},{"@type":"BreadcrumbList","@id":"https:\/\/www.sunnyplants.com\/fr\/shop\/sedum-morganianum-burrito-orpin-de-morgane-boutures#breadcrumb","itemListElement":[{"@type":"ListItem","position":1,"name":"Home","item":"https:\/\/www.sunnyplants.com\/fr\/sunnyplants-fr"},{"@type":"ListItem","position":2,"name":"Boutique","item":"https:\/\/www.sunnyplants.com\/fr\/boutique"},{"@type":"ListItem","position":3,"name":"Sedum morganianum Burrito &#8211; Orpin de Morgane &#8211; Boutures"}]},{"@type":"WebSite","@id":"https:\/\/www.sunnyplants.com\/fr#website","url":"https:\/\/www.sunnyplants.com\/fr","name":"Sunnyplants.com","description":"Lithops, Conophytums and other Mesembs &amp; Succulents","potentialAction":[{"@type":"SearchAction","target":{"@type":"EntryPoint","urlTemplate":"https:\/\/www.sunnyplants.com\/fr?s={search_term_string}"},"query-input":{"@type":"PropertyValueSpecification","valueRequired":true,"valueName":"search_term_string"}}],"inLanguage":"fr-FR"}]}},"jetpack_sharing_enabled":true,"_links":{"self":[{"href":"https:\/\/www.sunnyplants.com\/fr\/wp-json\/wp\/v2\/product\/6724","targetHints":{"allow":["GET"]}}],"collection":[{"href":"https:\/\/www.sunnyplants.com\/fr\/wp-json\/wp\/v2\/product"}],"about":[{"href":"https:\/\/www.sunnyplants.com\/fr\/wp-json\/wp\/v2\/types\/product"}],"replies":[{"embeddable":true,"href":"https:\/\/www.sunnyplants.com\/fr\/wp-json\/wp\/v2\/comments?post=6724"}],"wp:featuredmedia":[{"embeddable":true,"href":"https:\/\/www.sunnyplants.com\/fr\/wp-json\/wp\/v2\/media\/4977"}],"wp:attachment":[{"href":"https:\/\/www.sunnyplants.com\/fr\/wp-json\/wp\/v2\/media?parent=6724"}],"wp:term":[{"taxonomy":"product_brand","embeddable":true,"href":"https:\/\/www.sunnyplants.com\/fr\/wp-json\/wp\/v2\/product_brand?post=6724"},{"taxonomy":"product_cat","embeddable":true,"href":"https:\/\/www.sunnyplants.com\/fr\/wp-json\/wp\/v2\/product_cat?post=6724"},{"taxonomy":"product_tag","embeddable":true,"href":"https:\/\/www.sunnyplants.com\/fr\/wp-json\/wp\/v2\/product_tag?post=6724"}],"curies":[{"name":"wp","href":"https:\/\/api.w.org\/{rel}","templated":true}]}}