{"id":6736,"date":"2025-03-28T16:04:03","date_gmt":"2025-03-28T16:04:03","guid":{"rendered":"https:\/\/www.sunnyplants.com\/fr\/shop\/sedum-morganianum-burrito-orpin-de-morgane-boutures-copy\/"},"modified":"2026-03-10T17:24:48","modified_gmt":"2026-03-10T17:24:48","slug":"sedum-rubrotinctum-aurora-jelly-beans-boutures","status":"publish","type":"product","link":"https:\/\/www.sunnyplants.com\/fr\/shop\/sedum-rubrotinctum-aurora-jelly-beans-boutures","title":{"rendered":"Sedum rubrotinctum Aurora &#8211; Jelly Beans &#8211; Boutures"},"content":{"rendered":"<p>Sedum rubrotinctum Aurora &#8211; Jelly Beans &#8211; Boutures \u00e0 vendre.<\/p>\n","protected":false},"excerpt":{"rendered":"<p>Sedum rubrotinctum Aurora est une variante \u00e9tonnante du Sedum rubrotinctum, plus rouge et vert. Les couleurs peuvent changer un peu au cours de l&rsquo;ann\u00e9e en fonction de la temp\u00e9rature, des conditions de l&rsquo;eau et de l&rsquo;intensit\u00e9 de la lumi\u00e8re. Sedum rubrotinctum Aurora a g\u00e9n\u00e9ralement les meilleures couleurs roses en automne, en hiver et au d\u00e9but du printemps.<\/p>\n","protected":false},"featured_media":8485,"comment_status":"open","ping_status":"closed","template":"","meta":[],"product_brand":[],"product_cat":[279,333,329],"product_tag":[842,855,832,833],"class_list":{"0":"post-6736","1":"product","2":"type-product","3":"status-publish","4":"has-post-thumbnail","6":"product_cat-boutures","7":"product_cat-boutures-sedum","8":"product_cat-boutures-succulentes","9":"product_tag-boutures","10":"product_tag-boutures-de-tiges","11":"product_tag-plantes-dinterieur","12":"product_tag-plantes-de-jungle","13":"product_shipping_class-plants-collections-fr","14":"pa_family-crassulaceae-fr","15":"pa_leaf-color-rose","16":"pa_product-type-boutures-de-tiges","17":"pa_quantity-1-bouture-avec-racines","18":"pa_size-4-6-cm-fr","20":"first","21":"instock","22":"taxable","23":"shipping-taxable","24":"purchasable","25":"product-type-simple"},"yoast_head":"<!-- This site is optimized with the Yoast SEO plugin v27.6 - https:\/\/yoast.com\/product\/yoast-seo-wordpress\/ -->\n<title>Sedum rubrotinctum Aurora - Jelly Beans - Boutures - Sunnyplants.com<\/title>\n<meta name=\"description\" content=\"Sedum rubrotinctum Aurora est une variante \u00e9tonnante du Sedum rubrotinctum, plus rouge et vert. Les couleurs peuvent changer un peu au cours de l&#039;ann\u00e9e en fonction de la temp\u00e9rature, des conditions de l&#039;eau et de l&#039;intensit\u00e9 de la lumi\u00e8re. Sedum rubrotinctum Aurora a g\u00e9n\u00e9ralement les meilleures couleurs roses en automne, en hiver et au d\u00e9but du printemps.\" \/>\n<meta name=\"robots\" content=\"index, follow, max-snippet:-1, max-image-preview:large, max-video-preview:-1\" \/>\n<link rel=\"canonical\" href=\"https:\/\/www.sunnyplants.com\/fr\/shop\/sedum-rubrotinctum-aurora-jelly-beans-boutures\" \/>\n<meta property=\"og:locale\" content=\"fr_FR\" \/>\n<meta property=\"og:type\" content=\"article\" \/>\n<meta property=\"og:title\" content=\"Sedum rubrotinctum Aurora - Jelly Beans - Boutures - Sunnyplants.com\" \/>\n<meta property=\"og:description\" content=\"Sedum rubrotinctum Aurora est une variante \u00e9tonnante du Sedum rubrotinctum, plus rouge et vert. Les couleurs peuvent changer un peu au cours de l&#039;ann\u00e9e en fonction de la temp\u00e9rature, des conditions de l&#039;eau et de l&#039;intensit\u00e9 de la lumi\u00e8re. Sedum rubrotinctum Aurora a g\u00e9n\u00e9ralement les meilleures couleurs roses en automne, en hiver et au d\u00e9but du printemps.\" \/>\n<meta property=\"og:url\" content=\"https:\/\/www.sunnyplants.com\/fr\/shop\/sedum-rubrotinctum-aurora-jelly-beans-boutures\" \/>\n<meta property=\"og:site_name\" content=\"Sunnyplants.com\" \/>\n<meta property=\"article:publisher\" content=\"https:\/\/nl-nl.facebook.com\/pages\/category\/Internet-Company\/Sunnyplantscom-1835401900058481\/\" \/>\n<meta property=\"article:modified_time\" content=\"2026-03-10T17:24:48+00:00\" \/>\n<meta property=\"og:image\" content=\"https:\/\/www.sunnyplants.com\/wp-content\/uploads\/sedum-rubrotinctum-2.jpg\" \/>\n\t<meta property=\"og:image:width\" content=\"900\" \/>\n\t<meta property=\"og:image:height\" content=\"900\" \/>\n\t<meta property=\"og:image:type\" content=\"image\/jpeg\" \/>\n<meta name=\"twitter:card\" content=\"summary_large_image\" \/>\n<script type=\"application\/ld+json\" class=\"yoast-schema-graph\">{\"@context\":\"https:\\\/\\\/schema.org\",\"@graph\":[{\"@type\":\"WebPage\",\"@id\":\"https:\\\/\\\/www.sunnyplants.com\\\/fr\\\/shop\\\/sedum-rubrotinctum-aurora-jelly-beans-boutures\",\"url\":\"https:\\\/\\\/www.sunnyplants.com\\\/fr\\\/shop\\\/sedum-rubrotinctum-aurora-jelly-beans-boutures\",\"name\":\"Sedum rubrotinctum Aurora - Jelly Beans - Boutures - Sunnyplants.com\",\"isPartOf\":{\"@id\":\"https:\\\/\\\/www.sunnyplants.com\\\/fr#website\"},\"primaryImageOfPage\":{\"@id\":\"https:\\\/\\\/www.sunnyplants.com\\\/fr\\\/shop\\\/sedum-rubrotinctum-aurora-jelly-beans-boutures#primaryimage\"},\"image\":{\"@id\":\"https:\\\/\\\/www.sunnyplants.com\\\/fr\\\/shop\\\/sedum-rubrotinctum-aurora-jelly-beans-boutures#primaryimage\"},\"thumbnailUrl\":\"https:\\\/\\\/www.sunnyplants.com\\\/wp-content\\\/uploads\\\/sedum-rubrotinctum-2.jpg\",\"datePublished\":\"2025-03-28T16:04:03+00:00\",\"dateModified\":\"2026-03-10T17:24:48+00:00\",\"description\":\"Sedum rubrotinctum Aurora est une variante \u00e9tonnante du Sedum rubrotinctum, plus rouge et vert. Les couleurs peuvent changer un peu au cours de l'ann\u00e9e en fonction de la temp\u00e9rature, des conditions de l'eau et de l'intensit\u00e9 de la lumi\u00e8re. Sedum rubrotinctum Aurora a g\u00e9n\u00e9ralement les meilleures couleurs roses en automne, en hiver et au d\u00e9but du printemps.\",\"breadcrumb\":{\"@id\":\"https:\\\/\\\/www.sunnyplants.com\\\/fr\\\/shop\\\/sedum-rubrotinctum-aurora-jelly-beans-boutures#breadcrumb\"},\"inLanguage\":\"fr-FR\",\"potentialAction\":[{\"@type\":\"ReadAction\",\"target\":[\"https:\\\/\\\/www.sunnyplants.com\\\/fr\\\/shop\\\/sedum-rubrotinctum-aurora-jelly-beans-boutures\"]}]},{\"@type\":\"ImageObject\",\"inLanguage\":\"fr-FR\",\"@id\":\"https:\\\/\\\/www.sunnyplants.com\\\/fr\\\/shop\\\/sedum-rubrotinctum-aurora-jelly-beans-boutures#primaryimage\",\"url\":\"https:\\\/\\\/www.sunnyplants.com\\\/wp-content\\\/uploads\\\/sedum-rubrotinctum-2.jpg\",\"contentUrl\":\"https:\\\/\\\/www.sunnyplants.com\\\/wp-content\\\/uploads\\\/sedum-rubrotinctum-2.jpg\",\"width\":900,\"height\":900},{\"@type\":\"BreadcrumbList\",\"@id\":\"https:\\\/\\\/www.sunnyplants.com\\\/fr\\\/shop\\\/sedum-rubrotinctum-aurora-jelly-beans-boutures#breadcrumb\",\"itemListElement\":[{\"@type\":\"ListItem\",\"position\":1,\"name\":\"Home\",\"item\":\"https:\\\/\\\/www.sunnyplants.com\\\/fr\\\/sunnyplants-fr\"},{\"@type\":\"ListItem\",\"position\":2,\"name\":\"Boutique\",\"item\":\"https:\\\/\\\/www.sunnyplants.com\\\/fr\\\/boutique\"},{\"@type\":\"ListItem\",\"position\":3,\"name\":\"Sedum rubrotinctum Aurora &#8211; Jelly Beans &#8211; Boutures\"}]},{\"@type\":\"WebSite\",\"@id\":\"https:\\\/\\\/www.sunnyplants.com\\\/fr#website\",\"url\":\"https:\\\/\\\/www.sunnyplants.com\\\/fr\",\"name\":\"Sunnyplants.com\",\"description\":\"Lithops, Conophytums and other Mesembs &amp; Succulents\",\"potentialAction\":[{\"@type\":\"SearchAction\",\"target\":{\"@type\":\"EntryPoint\",\"urlTemplate\":\"https:\\\/\\\/www.sunnyplants.com\\\/fr?s={search_term_string}\"},\"query-input\":{\"@type\":\"PropertyValueSpecification\",\"valueRequired\":true,\"valueName\":\"search_term_string\"}}],\"inLanguage\":\"fr-FR\"}]}<\/script>\n<!-- \/ Yoast SEO plugin. -->","yoast_head_json":{"title":"Sedum rubrotinctum Aurora - Jelly Beans - Boutures - Sunnyplants.com","description":"Sedum rubrotinctum Aurora est une variante \u00e9tonnante du Sedum rubrotinctum, plus rouge et vert. Les couleurs peuvent changer un peu au cours de l'ann\u00e9e en fonction de la temp\u00e9rature, des conditions de l'eau et de l'intensit\u00e9 de la lumi\u00e8re. Sedum rubrotinctum Aurora a g\u00e9n\u00e9ralement les meilleures couleurs roses en automne, en hiver et au d\u00e9but du printemps.","robots":{"index":"index","follow":"follow","max-snippet":"max-snippet:-1","max-image-preview":"max-image-preview:large","max-video-preview":"max-video-preview:-1"},"canonical":"https:\/\/www.sunnyplants.com\/fr\/shop\/sedum-rubrotinctum-aurora-jelly-beans-boutures","og_locale":"fr_FR","og_type":"article","og_title":"Sedum rubrotinctum Aurora - Jelly Beans - Boutures - Sunnyplants.com","og_description":"Sedum rubrotinctum Aurora est une variante \u00e9tonnante du Sedum rubrotinctum, plus rouge et vert. Les couleurs peuvent changer un peu au cours de l'ann\u00e9e en fonction de la temp\u00e9rature, des conditions de l'eau et de l'intensit\u00e9 de la lumi\u00e8re. Sedum rubrotinctum Aurora a g\u00e9n\u00e9ralement les meilleures couleurs roses en automne, en hiver et au d\u00e9but du printemps.","og_url":"https:\/\/www.sunnyplants.com\/fr\/shop\/sedum-rubrotinctum-aurora-jelly-beans-boutures","og_site_name":"Sunnyplants.com","article_publisher":"https:\/\/nl-nl.facebook.com\/pages\/category\/Internet-Company\/Sunnyplantscom-1835401900058481\/","article_modified_time":"2026-03-10T17:24:48+00:00","og_image":[{"width":900,"height":900,"url":"https:\/\/www.sunnyplants.com\/wp-content\/uploads\/sedum-rubrotinctum-2.jpg","type":"image\/jpeg"}],"twitter_card":"summary_large_image","schema":{"@context":"https:\/\/schema.org","@graph":[{"@type":"WebPage","@id":"https:\/\/www.sunnyplants.com\/fr\/shop\/sedum-rubrotinctum-aurora-jelly-beans-boutures","url":"https:\/\/www.sunnyplants.com\/fr\/shop\/sedum-rubrotinctum-aurora-jelly-beans-boutures","name":"Sedum rubrotinctum Aurora - Jelly Beans - Boutures - Sunnyplants.com","isPartOf":{"@id":"https:\/\/www.sunnyplants.com\/fr#website"},"primaryImageOfPage":{"@id":"https:\/\/www.sunnyplants.com\/fr\/shop\/sedum-rubrotinctum-aurora-jelly-beans-boutures#primaryimage"},"image":{"@id":"https:\/\/www.sunnyplants.com\/fr\/shop\/sedum-rubrotinctum-aurora-jelly-beans-boutures#primaryimage"},"thumbnailUrl":"https:\/\/www.sunnyplants.com\/wp-content\/uploads\/sedum-rubrotinctum-2.jpg","datePublished":"2025-03-28T16:04:03+00:00","dateModified":"2026-03-10T17:24:48+00:00","description":"Sedum rubrotinctum Aurora est une variante \u00e9tonnante du Sedum rubrotinctum, plus rouge et vert. Les couleurs peuvent changer un peu au cours de l'ann\u00e9e en fonction de la temp\u00e9rature, des conditions de l'eau et de l'intensit\u00e9 de la lumi\u00e8re. Sedum rubrotinctum Aurora a g\u00e9n\u00e9ralement les meilleures couleurs roses en automne, en hiver et au d\u00e9but du printemps.","breadcrumb":{"@id":"https:\/\/www.sunnyplants.com\/fr\/shop\/sedum-rubrotinctum-aurora-jelly-beans-boutures#breadcrumb"},"inLanguage":"fr-FR","potentialAction":[{"@type":"ReadAction","target":["https:\/\/www.sunnyplants.com\/fr\/shop\/sedum-rubrotinctum-aurora-jelly-beans-boutures"]}]},{"@type":"ImageObject","inLanguage":"fr-FR","@id":"https:\/\/www.sunnyplants.com\/fr\/shop\/sedum-rubrotinctum-aurora-jelly-beans-boutures#primaryimage","url":"https:\/\/www.sunnyplants.com\/wp-content\/uploads\/sedum-rubrotinctum-2.jpg","contentUrl":"https:\/\/www.sunnyplants.com\/wp-content\/uploads\/sedum-rubrotinctum-2.jpg","width":900,"height":900},{"@type":"BreadcrumbList","@id":"https:\/\/www.sunnyplants.com\/fr\/shop\/sedum-rubrotinctum-aurora-jelly-beans-boutures#breadcrumb","itemListElement":[{"@type":"ListItem","position":1,"name":"Home","item":"https:\/\/www.sunnyplants.com\/fr\/sunnyplants-fr"},{"@type":"ListItem","position":2,"name":"Boutique","item":"https:\/\/www.sunnyplants.com\/fr\/boutique"},{"@type":"ListItem","position":3,"name":"Sedum rubrotinctum Aurora &#8211; Jelly Beans &#8211; Boutures"}]},{"@type":"WebSite","@id":"https:\/\/www.sunnyplants.com\/fr#website","url":"https:\/\/www.sunnyplants.com\/fr","name":"Sunnyplants.com","description":"Lithops, Conophytums and other Mesembs &amp; Succulents","potentialAction":[{"@type":"SearchAction","target":{"@type":"EntryPoint","urlTemplate":"https:\/\/www.sunnyplants.com\/fr?s={search_term_string}"},"query-input":{"@type":"PropertyValueSpecification","valueRequired":true,"valueName":"search_term_string"}}],"inLanguage":"fr-FR"}]}},"jetpack_sharing_enabled":true,"_links":{"self":[{"href":"https:\/\/www.sunnyplants.com\/fr\/wp-json\/wp\/v2\/product\/6736","targetHints":{"allow":["GET"]}}],"collection":[{"href":"https:\/\/www.sunnyplants.com\/fr\/wp-json\/wp\/v2\/product"}],"about":[{"href":"https:\/\/www.sunnyplants.com\/fr\/wp-json\/wp\/v2\/types\/product"}],"replies":[{"embeddable":true,"href":"https:\/\/www.sunnyplants.com\/fr\/wp-json\/wp\/v2\/comments?post=6736"}],"wp:featuredmedia":[{"embeddable":true,"href":"https:\/\/www.sunnyplants.com\/fr\/wp-json\/wp\/v2\/media\/8485"}],"wp:attachment":[{"href":"https:\/\/www.sunnyplants.com\/fr\/wp-json\/wp\/v2\/media?parent=6736"}],"wp:term":[{"taxonomy":"product_brand","embeddable":true,"href":"https:\/\/www.sunnyplants.com\/fr\/wp-json\/wp\/v2\/product_brand?post=6736"},{"taxonomy":"product_cat","embeddable":true,"href":"https:\/\/www.sunnyplants.com\/fr\/wp-json\/wp\/v2\/product_cat?post=6736"},{"taxonomy":"product_tag","embeddable":true,"href":"https:\/\/www.sunnyplants.com\/fr\/wp-json\/wp\/v2\/product_tag?post=6736"}],"curies":[{"name":"wp","href":"https:\/\/api.w.org\/{rel}","templated":true}]}}