{"id":6918,"date":"2022-05-13T12:42:25","date_gmt":"2022-05-13T12:42:25","guid":{"rendered":"https:\/\/www.sunnyplants.com\/fr\/shop\/sedum-pachyphyllum-jelly-beans-boutures-copy\/"},"modified":"2026-03-10T17:24:48","modified_gmt":"2026-03-10T17:24:48","slug":"crassula-capitella-red-pagoda-boutures","status":"publish","type":"product","link":"https:\/\/www.sunnyplants.com\/fr\/shop\/crassula-capitella-red-pagoda-boutures","title":{"rendered":"Crassula capitella Red Pagoda &#8211; Boutures"},"content":{"rendered":"<p>Crassula Red pagoda, \u00e9galement appel\u00e9e Crassula capitella Red Pagoda, est une Crassula cool et color\u00e9e. Ses couleurs peuvent changer au cours de l&rsquo;ann\u00e9e du rouge vif au vert. La coloration d\u00e9pend fortement de l&rsquo;intensit\u00e9 de la lumi\u00e8re, de la temp\u00e9rature et des conditions de l&rsquo;eau. C&rsquo;est beau de voir tous ces changements au cours de l&rsquo;ann\u00e9e.<\/p>\n<h2>Entretien de Crassula capitella Red Pagoda<\/h2>\n<p>Crassula capitella Red Pagoda pousse mieux \u00e0 des temp\u00e9ratures de 18 \u00e0 24 \u00b0 C. Comme la plupart des Crassulaceae, il est surtout actif au printemps et \u00e0 l&rsquo;automne. C&rsquo;est le meilleur moment pour faire de nouvelles coupes. Les plantes doivent \u00eatre arros\u00e9es plus souvent durant cette p\u00e9riode. Gardez la pagode rouge de Crassula plus s\u00e8che en \u00e9t\u00e9, lorsqu&rsquo;il fait tr\u00e8s chaud. Cette succulente a besoin de beaucoup de lumi\u00e8re pour se d\u00e9velopper et pour obtenir les couleurs rouges. Il peut aussi pousser avec moins de lumi\u00e8re, mais les couleurs deviennent plus vertes et les feuilles plus minces et plus longues. Les boutures de feuilles de la pagode rouge Crassula capitella forment tr\u00e8s rapidement de nouveaux succulents. Vous devez utiliser une feuille intacte. Il ne poussera pas de nouvelles plantes succulentes lorsque la base de la feuille est endommag\u00e9e.<\/p>\n<h3>Pots Succulentes pour vos plantes Crassula<\/h3>\n<p>Il y a tellement de pots de Succulentes disponibles en ligne qui pourraient convenir \u00e0 vos Crassula. Pots en C\u00e9ramique, pots en Pierre, pots en B\u00e9ton, pots Crassula Red Pagoda en Verre et pots en Bois. Il existe une grande s\u00e9lection de toutes sortes de <strong><a href=\"https:\/\/amzn.to\/38LwqLI\" target=\"_blank\" rel=\"noopener\">Pots Succulentes sur Amazon.fr<\/a><\/strong>.<\/p>\n<h3>Lampes de Culture Succulentes pour vos Plantes Crassula capitella Red Pagoda<\/h3>\n<p>Toutes les Succulentes ont besoin d&rsquo;une lumi\u00e8re vive pour bien pousser. Ils resteront plus compacts et obtiendront des couleurs plus vives. Un bon \u00e9clairage est \u00e9galement important pour la sant\u00e9 des plantes et pour la photosynth\u00e8se. Dans une serre ou sur un rebord de fen\u00eatre orient\u00e9 au sud, ce n&rsquo;est g\u00e9n\u00e9ralement pas un probl\u00e8me. Si vous ne pouvez pas offrir une lumi\u00e8re vive pour votre plantes Crassula capitella Red Pagoda, nous vous recommandons d&rsquo;utiliser des lampes de culture Succulentes. Il existe une grande s\u00e9lection de diff\u00e9rents types de <strong><a href=\"https:\/\/amzn.to\/3vTyBVu\" target=\"_blank\" rel=\"noopener\">Lampes de Culture Succulentes sur Amazon.fr<\/a><\/strong>.<\/p>\n","protected":false},"excerpt":{"rendered":"<p>Boutures de Crassula capitella Red Pagoda \u00e0 vendre. Chaque coupe est soigneusement emball\u00e9e dans papier et est accompagn\u00e9e d\u2019une \u00e9tiquette et des instructions g\u00e9n\u00e9rales d\u2019entretien. Lorsque disponibles, nous essaierons toujours de vous envoyer des boutures ayant d\u00e9j\u00e0 des racines. Veuillez noter que la pagode rouge de Crassula capitella <strong>change de couleur tout au long de l&rsquo;ann\u00e9e du vert au rouge<\/strong>. Cela d\u00e9pend de l&rsquo;intensit\u00e9 lumineuse, de la temp\u00e9rature et de l&rsquo;eau.<\/p>\n","protected":false},"featured_media":27145,"comment_status":"open","ping_status":"closed","template":"","meta":[],"product_brand":[],"product_cat":[279,330,329],"product_tag":[842,848,832,833],"class_list":{"0":"post-6918","1":"product","2":"type-product","3":"status-publish","4":"has-post-thumbnail","6":"product_cat-boutures","7":"product_cat-boutures-crassula","8":"product_cat-boutures-succulentes","9":"product_tag-boutures","10":"product_tag-boutures-de-feuilles","11":"product_tag-plantes-dinterieur","12":"product_tag-plantes-de-jungle","13":"product_shipping_class-cuttings-small-plants-fr","14":"pa_family-crassulaceae-fr","15":"pa_leaf-color-rouge","16":"pa_leaf-color-vert","17":"pa_product-type-boutures-de-tiges","18":"pa_quantity-1-bouture-avec-racines","19":"pa_size-4-6-cm-fr","21":"first","22":"instock","23":"taxable","24":"shipping-taxable","25":"purchasable","26":"product-type-simple"},"yoast_head":"<!-- This site is optimized with the Yoast SEO plugin v27.3 - https:\/\/yoast.com\/product\/yoast-seo-wordpress\/ -->\n<title>Crassula capitella Red Pagoda - Boutures - Sunnyplants.com<\/title>\n<meta name=\"description\" content=\"Boutures de Crassula capitella Red Pagoda \u00e0 vendre. Chaque coupe est soigneusement emball\u00e9e dans papier et est accompagn\u00e9e d\u2019une \u00e9tiquette et des instructions g\u00e9n\u00e9rales d\u2019entretien. Lorsque disponibles, nous essaierons toujours de vous envoyer des boutures ayant d\u00e9j\u00e0 des racines. Veuillez noter que la pagode rouge de Crassula capitella change de couleur tout au long de l&#039;ann\u00e9e du vert au rouge. Cela d\u00e9pend de l&#039;intensit\u00e9 lumineuse, de la temp\u00e9rature et de l&#039;eau.\" \/>\n<meta name=\"robots\" content=\"index, follow, max-snippet:-1, max-image-preview:large, max-video-preview:-1\" \/>\n<link rel=\"canonical\" href=\"https:\/\/www.sunnyplants.com\/fr\/shop\/crassula-capitella-red-pagoda-boutures\" \/>\n<meta property=\"og:locale\" content=\"fr_FR\" \/>\n<meta property=\"og:type\" content=\"article\" \/>\n<meta property=\"og:title\" content=\"Crassula capitella Red Pagoda - Boutures - Sunnyplants.com\" \/>\n<meta property=\"og:description\" content=\"Boutures de Crassula capitella Red Pagoda \u00e0 vendre. Chaque coupe est soigneusement emball\u00e9e dans papier et est accompagn\u00e9e d\u2019une \u00e9tiquette et des instructions g\u00e9n\u00e9rales d\u2019entretien. Lorsque disponibles, nous essaierons toujours de vous envoyer des boutures ayant d\u00e9j\u00e0 des racines. Veuillez noter que la pagode rouge de Crassula capitella change de couleur tout au long de l&#039;ann\u00e9e du vert au rouge. Cela d\u00e9pend de l&#039;intensit\u00e9 lumineuse, de la temp\u00e9rature et de l&#039;eau.\" \/>\n<meta property=\"og:url\" content=\"https:\/\/www.sunnyplants.com\/fr\/shop\/crassula-capitella-red-pagoda-boutures\" \/>\n<meta property=\"og:site_name\" content=\"Sunnyplants.com\" \/>\n<meta property=\"article:publisher\" content=\"https:\/\/nl-nl.facebook.com\/pages\/category\/Internet-Company\/Sunnyplantscom-1835401900058481\/\" \/>\n<meta property=\"article:modified_time\" content=\"2026-03-10T17:24:48+00:00\" \/>\n<meta property=\"og:image\" content=\"https:\/\/www.sunnyplants.com\/wp-content\/uploads\/crassula-capitella-red-pagoda-2.jpg\" \/>\n\t<meta property=\"og:image:width\" content=\"900\" \/>\n\t<meta property=\"og:image:height\" content=\"900\" \/>\n\t<meta property=\"og:image:type\" content=\"image\/jpeg\" \/>\n<meta name=\"twitter:card\" content=\"summary_large_image\" \/>\n<meta name=\"twitter:label1\" content=\"Dur\u00e9e de lecture estim\u00e9e\" \/>\n\t<meta name=\"twitter:data1\" content=\"2 minutes\" \/>\n<script type=\"application\/ld+json\" class=\"yoast-schema-graph\">{\"@context\":\"https:\\\/\\\/schema.org\",\"@graph\":[{\"@type\":\"WebPage\",\"@id\":\"https:\\\/\\\/www.sunnyplants.com\\\/fr\\\/shop\\\/crassula-capitella-red-pagoda-boutures\",\"url\":\"https:\\\/\\\/www.sunnyplants.com\\\/fr\\\/shop\\\/crassula-capitella-red-pagoda-boutures\",\"name\":\"Crassula capitella Red Pagoda - Boutures - Sunnyplants.com\",\"isPartOf\":{\"@id\":\"https:\\\/\\\/www.sunnyplants.com\\\/fr#website\"},\"primaryImageOfPage\":{\"@id\":\"https:\\\/\\\/www.sunnyplants.com\\\/fr\\\/shop\\\/crassula-capitella-red-pagoda-boutures#primaryimage\"},\"image\":{\"@id\":\"https:\\\/\\\/www.sunnyplants.com\\\/fr\\\/shop\\\/crassula-capitella-red-pagoda-boutures#primaryimage\"},\"thumbnailUrl\":\"https:\\\/\\\/www.sunnyplants.com\\\/wp-content\\\/uploads\\\/crassula-capitella-red-pagoda-2.jpg\",\"datePublished\":\"2022-05-13T12:42:25+00:00\",\"dateModified\":\"2026-03-10T17:24:48+00:00\",\"description\":\"Boutures de Crassula capitella Red Pagoda \u00e0 vendre. Chaque coupe est soigneusement emball\u00e9e dans papier et est accompagn\u00e9e d\u2019une \u00e9tiquette et des instructions g\u00e9n\u00e9rales d\u2019entretien. Lorsque disponibles, nous essaierons toujours de vous envoyer des boutures ayant d\u00e9j\u00e0 des racines. Veuillez noter que la pagode rouge de Crassula capitella change de couleur tout au long de l'ann\u00e9e du vert au rouge. Cela d\u00e9pend de l'intensit\u00e9 lumineuse, de la temp\u00e9rature et de l'eau.\",\"breadcrumb\":{\"@id\":\"https:\\\/\\\/www.sunnyplants.com\\\/fr\\\/shop\\\/crassula-capitella-red-pagoda-boutures#breadcrumb\"},\"inLanguage\":\"fr-FR\",\"potentialAction\":[{\"@type\":\"ReadAction\",\"target\":[\"https:\\\/\\\/www.sunnyplants.com\\\/fr\\\/shop\\\/crassula-capitella-red-pagoda-boutures\"]}]},{\"@type\":\"ImageObject\",\"inLanguage\":\"fr-FR\",\"@id\":\"https:\\\/\\\/www.sunnyplants.com\\\/fr\\\/shop\\\/crassula-capitella-red-pagoda-boutures#primaryimage\",\"url\":\"https:\\\/\\\/www.sunnyplants.com\\\/wp-content\\\/uploads\\\/crassula-capitella-red-pagoda-2.jpg\",\"contentUrl\":\"https:\\\/\\\/www.sunnyplants.com\\\/wp-content\\\/uploads\\\/crassula-capitella-red-pagoda-2.jpg\",\"width\":900,\"height\":900,\"caption\":\"crassula capitella red pagoda\"},{\"@type\":\"BreadcrumbList\",\"@id\":\"https:\\\/\\\/www.sunnyplants.com\\\/fr\\\/shop\\\/crassula-capitella-red-pagoda-boutures#breadcrumb\",\"itemListElement\":[{\"@type\":\"ListItem\",\"position\":1,\"name\":\"Home\",\"item\":\"https:\\\/\\\/www.sunnyplants.com\\\/fr\\\/sunnyplants-fr\"},{\"@type\":\"ListItem\",\"position\":2,\"name\":\"Boutique\",\"item\":\"https:\\\/\\\/www.sunnyplants.com\\\/fr\\\/boutique\"},{\"@type\":\"ListItem\",\"position\":3,\"name\":\"Crassula capitella Red Pagoda &#8211; Boutures\"}]},{\"@type\":\"WebSite\",\"@id\":\"https:\\\/\\\/www.sunnyplants.com\\\/fr#website\",\"url\":\"https:\\\/\\\/www.sunnyplants.com\\\/fr\",\"name\":\"Sunnyplants.com\",\"description\":\"Lithops, Conophytums and other Mesembs &amp; Succulents\",\"potentialAction\":[{\"@type\":\"SearchAction\",\"target\":{\"@type\":\"EntryPoint\",\"urlTemplate\":\"https:\\\/\\\/www.sunnyplants.com\\\/fr?s={search_term_string}\"},\"query-input\":{\"@type\":\"PropertyValueSpecification\",\"valueRequired\":true,\"valueName\":\"search_term_string\"}}],\"inLanguage\":\"fr-FR\"}]}<\/script>\n<!-- \/ Yoast SEO plugin. -->","yoast_head_json":{"title":"Crassula capitella Red Pagoda - Boutures - Sunnyplants.com","description":"Boutures de Crassula capitella Red Pagoda \u00e0 vendre. Chaque coupe est soigneusement emball\u00e9e dans papier et est accompagn\u00e9e d\u2019une \u00e9tiquette et des instructions g\u00e9n\u00e9rales d\u2019entretien. Lorsque disponibles, nous essaierons toujours de vous envoyer des boutures ayant d\u00e9j\u00e0 des racines. Veuillez noter que la pagode rouge de Crassula capitella change de couleur tout au long de l'ann\u00e9e du vert au rouge. Cela d\u00e9pend de l'intensit\u00e9 lumineuse, de la temp\u00e9rature et de l'eau.","robots":{"index":"index","follow":"follow","max-snippet":"max-snippet:-1","max-image-preview":"max-image-preview:large","max-video-preview":"max-video-preview:-1"},"canonical":"https:\/\/www.sunnyplants.com\/fr\/shop\/crassula-capitella-red-pagoda-boutures","og_locale":"fr_FR","og_type":"article","og_title":"Crassula capitella Red Pagoda - Boutures - Sunnyplants.com","og_description":"Boutures de Crassula capitella Red Pagoda \u00e0 vendre. Chaque coupe est soigneusement emball\u00e9e dans papier et est accompagn\u00e9e d\u2019une \u00e9tiquette et des instructions g\u00e9n\u00e9rales d\u2019entretien. Lorsque disponibles, nous essaierons toujours de vous envoyer des boutures ayant d\u00e9j\u00e0 des racines. Veuillez noter que la pagode rouge de Crassula capitella change de couleur tout au long de l'ann\u00e9e du vert au rouge. Cela d\u00e9pend de l'intensit\u00e9 lumineuse, de la temp\u00e9rature et de l'eau.","og_url":"https:\/\/www.sunnyplants.com\/fr\/shop\/crassula-capitella-red-pagoda-boutures","og_site_name":"Sunnyplants.com","article_publisher":"https:\/\/nl-nl.facebook.com\/pages\/category\/Internet-Company\/Sunnyplantscom-1835401900058481\/","article_modified_time":"2026-03-10T17:24:48+00:00","og_image":[{"width":900,"height":900,"url":"https:\/\/www.sunnyplants.com\/wp-content\/uploads\/crassula-capitella-red-pagoda-2.jpg","type":"image\/jpeg"}],"twitter_card":"summary_large_image","twitter_misc":{"Dur\u00e9e de lecture estim\u00e9e":"2 minutes"},"schema":{"@context":"https:\/\/schema.org","@graph":[{"@type":"WebPage","@id":"https:\/\/www.sunnyplants.com\/fr\/shop\/crassula-capitella-red-pagoda-boutures","url":"https:\/\/www.sunnyplants.com\/fr\/shop\/crassula-capitella-red-pagoda-boutures","name":"Crassula capitella Red Pagoda - Boutures - Sunnyplants.com","isPartOf":{"@id":"https:\/\/www.sunnyplants.com\/fr#website"},"primaryImageOfPage":{"@id":"https:\/\/www.sunnyplants.com\/fr\/shop\/crassula-capitella-red-pagoda-boutures#primaryimage"},"image":{"@id":"https:\/\/www.sunnyplants.com\/fr\/shop\/crassula-capitella-red-pagoda-boutures#primaryimage"},"thumbnailUrl":"https:\/\/www.sunnyplants.com\/wp-content\/uploads\/crassula-capitella-red-pagoda-2.jpg","datePublished":"2022-05-13T12:42:25+00:00","dateModified":"2026-03-10T17:24:48+00:00","description":"Boutures de Crassula capitella Red Pagoda \u00e0 vendre. Chaque coupe est soigneusement emball\u00e9e dans papier et est accompagn\u00e9e d\u2019une \u00e9tiquette et des instructions g\u00e9n\u00e9rales d\u2019entretien. Lorsque disponibles, nous essaierons toujours de vous envoyer des boutures ayant d\u00e9j\u00e0 des racines. Veuillez noter que la pagode rouge de Crassula capitella change de couleur tout au long de l'ann\u00e9e du vert au rouge. Cela d\u00e9pend de l'intensit\u00e9 lumineuse, de la temp\u00e9rature et de l'eau.","breadcrumb":{"@id":"https:\/\/www.sunnyplants.com\/fr\/shop\/crassula-capitella-red-pagoda-boutures#breadcrumb"},"inLanguage":"fr-FR","potentialAction":[{"@type":"ReadAction","target":["https:\/\/www.sunnyplants.com\/fr\/shop\/crassula-capitella-red-pagoda-boutures"]}]},{"@type":"ImageObject","inLanguage":"fr-FR","@id":"https:\/\/www.sunnyplants.com\/fr\/shop\/crassula-capitella-red-pagoda-boutures#primaryimage","url":"https:\/\/www.sunnyplants.com\/wp-content\/uploads\/crassula-capitella-red-pagoda-2.jpg","contentUrl":"https:\/\/www.sunnyplants.com\/wp-content\/uploads\/crassula-capitella-red-pagoda-2.jpg","width":900,"height":900,"caption":"crassula capitella red pagoda"},{"@type":"BreadcrumbList","@id":"https:\/\/www.sunnyplants.com\/fr\/shop\/crassula-capitella-red-pagoda-boutures#breadcrumb","itemListElement":[{"@type":"ListItem","position":1,"name":"Home","item":"https:\/\/www.sunnyplants.com\/fr\/sunnyplants-fr"},{"@type":"ListItem","position":2,"name":"Boutique","item":"https:\/\/www.sunnyplants.com\/fr\/boutique"},{"@type":"ListItem","position":3,"name":"Crassula capitella Red Pagoda &#8211; Boutures"}]},{"@type":"WebSite","@id":"https:\/\/www.sunnyplants.com\/fr#website","url":"https:\/\/www.sunnyplants.com\/fr","name":"Sunnyplants.com","description":"Lithops, Conophytums and other Mesembs &amp; Succulents","potentialAction":[{"@type":"SearchAction","target":{"@type":"EntryPoint","urlTemplate":"https:\/\/www.sunnyplants.com\/fr?s={search_term_string}"},"query-input":{"@type":"PropertyValueSpecification","valueRequired":true,"valueName":"search_term_string"}}],"inLanguage":"fr-FR"}]}},"jetpack_sharing_enabled":true,"_links":{"self":[{"href":"https:\/\/www.sunnyplants.com\/fr\/wp-json\/wp\/v2\/product\/6918","targetHints":{"allow":["GET"]}}],"collection":[{"href":"https:\/\/www.sunnyplants.com\/fr\/wp-json\/wp\/v2\/product"}],"about":[{"href":"https:\/\/www.sunnyplants.com\/fr\/wp-json\/wp\/v2\/types\/product"}],"replies":[{"embeddable":true,"href":"https:\/\/www.sunnyplants.com\/fr\/wp-json\/wp\/v2\/comments?post=6918"}],"wp:featuredmedia":[{"embeddable":true,"href":"https:\/\/www.sunnyplants.com\/fr\/wp-json\/wp\/v2\/media\/27145"}],"wp:attachment":[{"href":"https:\/\/www.sunnyplants.com\/fr\/wp-json\/wp\/v2\/media?parent=6918"}],"wp:term":[{"taxonomy":"product_brand","embeddable":true,"href":"https:\/\/www.sunnyplants.com\/fr\/wp-json\/wp\/v2\/product_brand?post=6918"},{"taxonomy":"product_cat","embeddable":true,"href":"https:\/\/www.sunnyplants.com\/fr\/wp-json\/wp\/v2\/product_cat?post=6918"},{"taxonomy":"product_tag","embeddable":true,"href":"https:\/\/www.sunnyplants.com\/fr\/wp-json\/wp\/v2\/product_tag?post=6918"}],"curies":[{"name":"wp","href":"https:\/\/api.w.org\/{rel}","templated":true}]}}