{"id":8514,"date":"2022-03-05T08:41:28","date_gmt":"2017-04-07T08:41:28","guid":{"rendered":"https:\/\/www.sunnyplants.com\/fr\/shop\/collection-lithops-pierres-vivantes-10-plantes-copy"},"modified":"2026-02-24T19:55:50","modified_gmt":"2026-02-24T19:55:50","slug":"collection-lithops-mesembs-pierres-vivantes-plantes","status":"publish","type":"product","link":"https:\/\/www.sunnyplants.com\/fr\/shop\/collection-lithops-mesembs-pierres-vivantes-plantes","title":{"rendered":"Collection Lithops &#038; Mesembs &#8211; Pierres Vivantes"},"content":{"rendered":"<p>Collection Lithops &amp; Mesembs &#8211; Pierres Vivantes &#8211; Plantes \u00e0 vendre. Vous recevrez des plantes s\u00e9lectionn\u00e9es au hasard. Les images sont un exemple de plantes que vous pourriez obtenir. Toutes nos plantes sont envoy\u00e9es sans substrat et sans pot.<\/p>\n","protected":false},"excerpt":{"rendered":"<p>Collection Lithops &amp; Mesembs &#8211; Pierres Vivantes &#8211; Plantes<\/p>\n","protected":false},"featured_media":39333,"comment_status":"open","ping_status":"closed","template":"","meta":[],"product_brand":[],"product_cat":[290,244,233,274,242],"product_tag":[806,803],"class_list":{"0":"post-8514","1":"product","2":"type-product","3":"status-publish","4":"has-post-thumbnail","6":"product_cat-collections-fr","7":"product_cat-lithops-pierres-vivantes","8":"product_cat-plantes","9":"product_cat-plantes-lithops","10":"product_cat-succulentes","11":"product_tag-mesembs-fr","12":"product_tag-pierres-vivantes","13":"product_shipping_class-plants-collections-fr","14":"pa_family-mesembryanthemaceae-aizoaceae-fr","15":"pa_product-type-plantes","16":"pa_quantity-10-plantes","17":"pa_quantity-20-plantes","18":"pa_quantity-5-plantes","19":"pa_size-1-2-cm-fr","21":"first","22":"instock","23":"taxable","24":"shipping-taxable","25":"purchasable","26":"product-type-variable","27":"has-default-attributes"},"yoast_head":"<!-- This site is optimized with the Yoast SEO plugin v27.3 - https:\/\/yoast.com\/product\/yoast-seo-wordpress\/ -->\n<title>Collection Lithops &amp; Mesembs - Pierres Vivantes - Sunnyplants.com<\/title>\n<meta name=\"description\" content=\"Collection Lithops &amp; Mesembs - Pierres Vivantes - Plantes\" \/>\n<meta name=\"robots\" content=\"index, follow, max-snippet:-1, max-image-preview:large, max-video-preview:-1\" \/>\n<link rel=\"canonical\" href=\"https:\/\/www.sunnyplants.com\/fr\/shop\/collection-lithops-mesembs-pierres-vivantes-plantes\" \/>\n<meta property=\"og:locale\" content=\"fr_FR\" \/>\n<meta property=\"og:type\" content=\"article\" \/>\n<meta property=\"og:title\" content=\"Collection Lithops &amp; Mesembs - Pierres Vivantes - Sunnyplants.com\" \/>\n<meta property=\"og:description\" content=\"Collection Lithops &amp; Mesembs - Pierres Vivantes - Plantes\" \/>\n<meta property=\"og:url\" content=\"https:\/\/www.sunnyplants.com\/fr\/shop\/collection-lithops-mesembs-pierres-vivantes-plantes\" \/>\n<meta property=\"og:site_name\" content=\"Sunnyplants.com\" \/>\n<meta property=\"article:publisher\" content=\"https:\/\/nl-nl.facebook.com\/pages\/category\/Internet-Company\/Sunnyplantscom-1835401900058481\/\" \/>\n<meta property=\"article:modified_time\" content=\"2026-02-24T19:55:50+00:00\" \/>\n<meta property=\"og:image\" content=\"https:\/\/www.sunnyplants.com\/wp-content\/uploads\/lithops-mesembs-collection-2-scaled.jpg\" \/>\n\t<meta property=\"og:image:width\" content=\"2560\" \/>\n\t<meta property=\"og:image:height\" content=\"2560\" \/>\n\t<meta property=\"og:image:type\" content=\"image\/jpeg\" \/>\n<meta name=\"twitter:card\" content=\"summary_large_image\" \/>\n<script type=\"application\/ld+json\" class=\"yoast-schema-graph\">{\"@context\":\"https:\\\/\\\/schema.org\",\"@graph\":[{\"@type\":\"WebPage\",\"@id\":\"https:\\\/\\\/www.sunnyplants.com\\\/fr\\\/shop\\\/collection-lithops-mesembs-pierres-vivantes-plantes\",\"url\":\"https:\\\/\\\/www.sunnyplants.com\\\/fr\\\/shop\\\/collection-lithops-mesembs-pierres-vivantes-plantes\",\"name\":\"Collection Lithops & Mesembs - Pierres Vivantes - Sunnyplants.com\",\"isPartOf\":{\"@id\":\"https:\\\/\\\/www.sunnyplants.com\\\/fr#website\"},\"primaryImageOfPage\":{\"@id\":\"https:\\\/\\\/www.sunnyplants.com\\\/fr\\\/shop\\\/collection-lithops-mesembs-pierres-vivantes-plantes#primaryimage\"},\"image\":{\"@id\":\"https:\\\/\\\/www.sunnyplants.com\\\/fr\\\/shop\\\/collection-lithops-mesembs-pierres-vivantes-plantes#primaryimage\"},\"thumbnailUrl\":\"https:\\\/\\\/www.sunnyplants.com\\\/wp-content\\\/uploads\\\/lithops-mesembs-collection-2-scaled.jpg\",\"datePublished\":\"2017-04-07T08:41:28+00:00\",\"dateModified\":\"2026-02-24T19:55:50+00:00\",\"description\":\"Collection Lithops &amp; Mesembs - Pierres Vivantes - Plantes\",\"breadcrumb\":{\"@id\":\"https:\\\/\\\/www.sunnyplants.com\\\/fr\\\/shop\\\/collection-lithops-mesembs-pierres-vivantes-plantes#breadcrumb\"},\"inLanguage\":\"fr-FR\",\"potentialAction\":[{\"@type\":\"ReadAction\",\"target\":[\"https:\\\/\\\/www.sunnyplants.com\\\/fr\\\/shop\\\/collection-lithops-mesembs-pierres-vivantes-plantes\"]}]},{\"@type\":\"ImageObject\",\"inLanguage\":\"fr-FR\",\"@id\":\"https:\\\/\\\/www.sunnyplants.com\\\/fr\\\/shop\\\/collection-lithops-mesembs-pierres-vivantes-plantes#primaryimage\",\"url\":\"https:\\\/\\\/www.sunnyplants.com\\\/wp-content\\\/uploads\\\/lithops-mesembs-collection-2-scaled.jpg\",\"contentUrl\":\"https:\\\/\\\/www.sunnyplants.com\\\/wp-content\\\/uploads\\\/lithops-mesembs-collection-2-scaled.jpg\",\"width\":2560,\"height\":2560,\"caption\":\"Mesembs Mixed Seeds - Living Stones - Seeds\"},{\"@type\":\"BreadcrumbList\",\"@id\":\"https:\\\/\\\/www.sunnyplants.com\\\/fr\\\/shop\\\/collection-lithops-mesembs-pierres-vivantes-plantes#breadcrumb\",\"itemListElement\":[{\"@type\":\"ListItem\",\"position\":1,\"name\":\"Home\",\"item\":\"https:\\\/\\\/www.sunnyplants.com\\\/fr\\\/sunnyplants-fr\"},{\"@type\":\"ListItem\",\"position\":2,\"name\":\"Boutique\",\"item\":\"https:\\\/\\\/www.sunnyplants.com\\\/fr\\\/boutique\"},{\"@type\":\"ListItem\",\"position\":3,\"name\":\"Collection Lithops &#038; Mesembs &#8211; Pierres Vivantes\"}]},{\"@type\":\"WebSite\",\"@id\":\"https:\\\/\\\/www.sunnyplants.com\\\/fr#website\",\"url\":\"https:\\\/\\\/www.sunnyplants.com\\\/fr\",\"name\":\"Sunnyplants.com\",\"description\":\"Lithops, Conophytums and other Mesembs &amp; Succulents\",\"potentialAction\":[{\"@type\":\"SearchAction\",\"target\":{\"@type\":\"EntryPoint\",\"urlTemplate\":\"https:\\\/\\\/www.sunnyplants.com\\\/fr?s={search_term_string}\"},\"query-input\":{\"@type\":\"PropertyValueSpecification\",\"valueRequired\":true,\"valueName\":\"search_term_string\"}}],\"inLanguage\":\"fr-FR\"}]}<\/script>\n<!-- \/ Yoast SEO plugin. -->","yoast_head_json":{"title":"Collection Lithops & Mesembs - Pierres Vivantes - Sunnyplants.com","description":"Collection Lithops &amp; Mesembs - Pierres Vivantes - Plantes","robots":{"index":"index","follow":"follow","max-snippet":"max-snippet:-1","max-image-preview":"max-image-preview:large","max-video-preview":"max-video-preview:-1"},"canonical":"https:\/\/www.sunnyplants.com\/fr\/shop\/collection-lithops-mesembs-pierres-vivantes-plantes","og_locale":"fr_FR","og_type":"article","og_title":"Collection Lithops & Mesembs - Pierres Vivantes - Sunnyplants.com","og_description":"Collection Lithops &amp; Mesembs - Pierres Vivantes - Plantes","og_url":"https:\/\/www.sunnyplants.com\/fr\/shop\/collection-lithops-mesembs-pierres-vivantes-plantes","og_site_name":"Sunnyplants.com","article_publisher":"https:\/\/nl-nl.facebook.com\/pages\/category\/Internet-Company\/Sunnyplantscom-1835401900058481\/","article_modified_time":"2026-02-24T19:55:50+00:00","og_image":[{"width":2560,"height":2560,"url":"https:\/\/www.sunnyplants.com\/wp-content\/uploads\/lithops-mesembs-collection-2-scaled.jpg","type":"image\/jpeg"}],"twitter_card":"summary_large_image","schema":{"@context":"https:\/\/schema.org","@graph":[{"@type":"WebPage","@id":"https:\/\/www.sunnyplants.com\/fr\/shop\/collection-lithops-mesembs-pierres-vivantes-plantes","url":"https:\/\/www.sunnyplants.com\/fr\/shop\/collection-lithops-mesembs-pierres-vivantes-plantes","name":"Collection Lithops & Mesembs - Pierres Vivantes - Sunnyplants.com","isPartOf":{"@id":"https:\/\/www.sunnyplants.com\/fr#website"},"primaryImageOfPage":{"@id":"https:\/\/www.sunnyplants.com\/fr\/shop\/collection-lithops-mesembs-pierres-vivantes-plantes#primaryimage"},"image":{"@id":"https:\/\/www.sunnyplants.com\/fr\/shop\/collection-lithops-mesembs-pierres-vivantes-plantes#primaryimage"},"thumbnailUrl":"https:\/\/www.sunnyplants.com\/wp-content\/uploads\/lithops-mesembs-collection-2-scaled.jpg","datePublished":"2017-04-07T08:41:28+00:00","dateModified":"2026-02-24T19:55:50+00:00","description":"Collection Lithops &amp; Mesembs - Pierres Vivantes - Plantes","breadcrumb":{"@id":"https:\/\/www.sunnyplants.com\/fr\/shop\/collection-lithops-mesembs-pierres-vivantes-plantes#breadcrumb"},"inLanguage":"fr-FR","potentialAction":[{"@type":"ReadAction","target":["https:\/\/www.sunnyplants.com\/fr\/shop\/collection-lithops-mesembs-pierres-vivantes-plantes"]}]},{"@type":"ImageObject","inLanguage":"fr-FR","@id":"https:\/\/www.sunnyplants.com\/fr\/shop\/collection-lithops-mesembs-pierres-vivantes-plantes#primaryimage","url":"https:\/\/www.sunnyplants.com\/wp-content\/uploads\/lithops-mesembs-collection-2-scaled.jpg","contentUrl":"https:\/\/www.sunnyplants.com\/wp-content\/uploads\/lithops-mesembs-collection-2-scaled.jpg","width":2560,"height":2560,"caption":"Mesembs Mixed Seeds - Living Stones - Seeds"},{"@type":"BreadcrumbList","@id":"https:\/\/www.sunnyplants.com\/fr\/shop\/collection-lithops-mesembs-pierres-vivantes-plantes#breadcrumb","itemListElement":[{"@type":"ListItem","position":1,"name":"Home","item":"https:\/\/www.sunnyplants.com\/fr\/sunnyplants-fr"},{"@type":"ListItem","position":2,"name":"Boutique","item":"https:\/\/www.sunnyplants.com\/fr\/boutique"},{"@type":"ListItem","position":3,"name":"Collection Lithops &#038; Mesembs &#8211; Pierres Vivantes"}]},{"@type":"WebSite","@id":"https:\/\/www.sunnyplants.com\/fr#website","url":"https:\/\/www.sunnyplants.com\/fr","name":"Sunnyplants.com","description":"Lithops, Conophytums and other Mesembs &amp; Succulents","potentialAction":[{"@type":"SearchAction","target":{"@type":"EntryPoint","urlTemplate":"https:\/\/www.sunnyplants.com\/fr?s={search_term_string}"},"query-input":{"@type":"PropertyValueSpecification","valueRequired":true,"valueName":"search_term_string"}}],"inLanguage":"fr-FR"}]}},"jetpack_sharing_enabled":true,"_links":{"self":[{"href":"https:\/\/www.sunnyplants.com\/fr\/wp-json\/wp\/v2\/product\/8514","targetHints":{"allow":["GET"]}}],"collection":[{"href":"https:\/\/www.sunnyplants.com\/fr\/wp-json\/wp\/v2\/product"}],"about":[{"href":"https:\/\/www.sunnyplants.com\/fr\/wp-json\/wp\/v2\/types\/product"}],"replies":[{"embeddable":true,"href":"https:\/\/www.sunnyplants.com\/fr\/wp-json\/wp\/v2\/comments?post=8514"}],"wp:featuredmedia":[{"embeddable":true,"href":"https:\/\/www.sunnyplants.com\/fr\/wp-json\/wp\/v2\/media\/39333"}],"wp:attachment":[{"href":"https:\/\/www.sunnyplants.com\/fr\/wp-json\/wp\/v2\/media?parent=8514"}],"wp:term":[{"taxonomy":"product_brand","embeddable":true,"href":"https:\/\/www.sunnyplants.com\/fr\/wp-json\/wp\/v2\/product_brand?post=8514"},{"taxonomy":"product_cat","embeddable":true,"href":"https:\/\/www.sunnyplants.com\/fr\/wp-json\/wp\/v2\/product_cat?post=8514"},{"taxonomy":"product_tag","embeddable":true,"href":"https:\/\/www.sunnyplants.com\/fr\/wp-json\/wp\/v2\/product_tag?post=8514"}],"curies":[{"name":"wp","href":"https:\/\/api.w.org\/{rel}","templated":true}]}}