{"id":43947,"date":"2023-02-28T08:22:15","date_gmt":"2023-02-28T08:22:15","guid":{"rendered":"https:\/\/www.sunnyplants.com\/?post_type=product&#038;p=43947"},"modified":"2026-02-14T11:17:47","modified_gmt":"2026-02-14T11:17:47","slug":"lithops-mesems-mest","status":"publish","type":"product","link":"https:\/\/www.sunnyplants.com\/nl\/shop\/lithops-mesems-mest","title":{"rendered":"Lithops en Mesems Mest (10 Gram)"},"content":{"rendered":"<p>Geconcentreerde professionele Lithops &#038; Mesembs Meststof. Een uitgebalanceerd wateroplosbaar product. Het bevat naast de macronutri\u00ebnten Stikstof (N), Fosfor (P) en Kalium (K) alle essenti\u00eble micronutri\u00ebnten. De N:P:K-verhouding in deze meststof is 3:1:5. Gebruik 1 theelepel per 40 liter water voor volwassen planten en gebruik de helft van de concentratie voor zaailingen en jonge planten. Doe de meststof in handwarm water en roer goed tot het is opgelost.<\/p>\n","protected":false},"excerpt":{"rendered":"<p>Dit is een professionele geconcentreerde meststof voor Lithops en andere Mesems. Een verpakking van 10 Gram is voldoende om minimaal 200 liter water te maken met alle essenti\u00eble voedingsstoffen voor Lithops, andere Levende Steentjes en Mesems. Met normale vloeibare Cactus &#038; Succulenten mest kun je meestal veel minder bemest water maken. Gebruik de helft van de concentratie voor zaailingen en jonge planten.<\/p>\n","protected":false},"featured_media":43949,"comment_status":"open","ping_status":"closed","template":"","meta":[],"product_brand":[],"product_cat":[1363,1360,245],"product_tag":[],"class_list":{"0":"post-43947","1":"product","2":"type-product","3":"status-publish","4":"has-post-thumbnail","6":"product_cat-grond-voeding","7":"product_cat-kweekbenodigdheden","8":"product_cat-lithops-levende-steentjes","9":"product_shipping_class-cuttings-small-plants-nl","10":"pa_quantity-10-gram-nl","12":"first","13":"instock","14":"taxable","15":"shipping-taxable","16":"purchasable","17":"product-type-simple"},"yoast_head":"<!-- This site is optimized with the Yoast SEO plugin v27.5 - https:\/\/yoast.com\/product\/yoast-seo-wordpress\/ -->\n<title>Lithops en Mesems Mest (10 Gram) - Sunnyplants.com<\/title>\n<meta name=\"description\" content=\"Dit is een professionele geconcentreerde meststof voor Lithops en andere Mesems. Een verpakking van 10 Gram is voldoende om minimaal 200 liter water te maken met alle essenti\u00eble voedingsstoffen voor Lithops, andere Levende Steentjes en Mesems. Met normale vloeibare Cactus &amp; Succulenten mest kun je meestal veel minder bemest water maken. Gebruik de helft van de concentratie voor zaailingen en jonge planten.\" \/>\n<meta name=\"robots\" content=\"index, follow, max-snippet:-1, max-image-preview:large, max-video-preview:-1\" \/>\n<link rel=\"canonical\" href=\"https:\/\/www.sunnyplants.com\/nl\/shop\/lithops-mesems-mest\" \/>\n<meta property=\"og:locale\" content=\"nl_NL\" \/>\n<meta property=\"og:type\" content=\"article\" \/>\n<meta property=\"og:title\" content=\"Lithops en Mesems Mest (10 Gram) - Sunnyplants.com\" \/>\n<meta property=\"og:description\" content=\"Dit is een professionele geconcentreerde meststof voor Lithops en andere Mesems. Een verpakking van 10 Gram is voldoende om minimaal 200 liter water te maken met alle essenti\u00eble voedingsstoffen voor Lithops, andere Levende Steentjes en Mesems. Met normale vloeibare Cactus &amp; Succulenten mest kun je meestal veel minder bemest water maken. Gebruik de helft van de concentratie voor zaailingen en jonge planten.\" \/>\n<meta property=\"og:url\" content=\"https:\/\/www.sunnyplants.com\/nl\/shop\/lithops-mesems-mest\" \/>\n<meta property=\"og:site_name\" content=\"Sunnyplants.com\" \/>\n<meta property=\"article:publisher\" content=\"https:\/\/nl-nl.facebook.com\/pages\/category\/Internet-Company\/Sunnyplantscom-1835401900058481\/\" \/>\n<meta property=\"article:modified_time\" content=\"2026-02-14T11:17:47+00:00\" \/>\n<meta property=\"og:image\" content=\"https:\/\/www.sunnyplants.com\/wp-content\/uploads\/fert-2.jpg\" \/>\n\t<meta property=\"og:image:width\" content=\"2177\" \/>\n\t<meta property=\"og:image:height\" content=\"2177\" \/>\n\t<meta property=\"og:image:type\" content=\"image\/jpeg\" \/>\n<meta name=\"twitter:card\" content=\"summary_large_image\" \/>\n<meta name=\"twitter:label1\" content=\"Geschatte leestijd\" \/>\n\t<meta name=\"twitter:data1\" content=\"1 minute\" \/>\n<script type=\"application\/ld+json\" class=\"yoast-schema-graph\">{\"@context\":\"https:\\\/\\\/schema.org\",\"@graph\":[{\"@type\":\"WebPage\",\"@id\":\"https:\\\/\\\/www.sunnyplants.com\\\/nl\\\/shop\\\/lithops-mesems-mest\",\"url\":\"https:\\\/\\\/www.sunnyplants.com\\\/nl\\\/shop\\\/lithops-mesems-mest\",\"name\":\"Lithops en Mesems Mest (10 Gram) - Sunnyplants.com\",\"isPartOf\":{\"@id\":\"https:\\\/\\\/www.sunnyplants.com\\\/nl#website\"},\"primaryImageOfPage\":{\"@id\":\"https:\\\/\\\/www.sunnyplants.com\\\/nl\\\/shop\\\/lithops-mesems-mest#primaryimage\"},\"image\":{\"@id\":\"https:\\\/\\\/www.sunnyplants.com\\\/nl\\\/shop\\\/lithops-mesems-mest#primaryimage\"},\"thumbnailUrl\":\"https:\\\/\\\/www.sunnyplants.com\\\/wp-content\\\/uploads\\\/fert-2.jpg\",\"datePublished\":\"2023-02-28T08:22:15+00:00\",\"dateModified\":\"2026-02-14T11:17:47+00:00\",\"description\":\"Dit is een professionele geconcentreerde meststof voor Lithops en andere Mesems. Een verpakking van 10 Gram is voldoende om minimaal 200 liter water te maken met alle essenti\u00eble voedingsstoffen voor Lithops, andere Levende Steentjes en Mesems. Met normale vloeibare Cactus & Succulenten mest kun je meestal veel minder bemest water maken. Gebruik de helft van de concentratie voor zaailingen en jonge planten.\",\"breadcrumb\":{\"@id\":\"https:\\\/\\\/www.sunnyplants.com\\\/nl\\\/shop\\\/lithops-mesems-mest#breadcrumb\"},\"inLanguage\":\"nl\",\"potentialAction\":[{\"@type\":\"ReadAction\",\"target\":[\"https:\\\/\\\/www.sunnyplants.com\\\/nl\\\/shop\\\/lithops-mesems-mest\"]}]},{\"@type\":\"ImageObject\",\"inLanguage\":\"nl\",\"@id\":\"https:\\\/\\\/www.sunnyplants.com\\\/nl\\\/shop\\\/lithops-mesems-mest#primaryimage\",\"url\":\"https:\\\/\\\/www.sunnyplants.com\\\/wp-content\\\/uploads\\\/fert-2.jpg\",\"contentUrl\":\"https:\\\/\\\/www.sunnyplants.com\\\/wp-content\\\/uploads\\\/fert-2.jpg\",\"width\":2177,\"height\":2177,\"caption\":\"Lithops en Mesems Mest\"},{\"@type\":\"BreadcrumbList\",\"@id\":\"https:\\\/\\\/www.sunnyplants.com\\\/nl\\\/shop\\\/lithops-mesems-mest#breadcrumb\",\"itemListElement\":[{\"@type\":\"ListItem\",\"position\":1,\"name\":\"Home\",\"item\":\"https:\\\/\\\/www.sunnyplants.com\\\/nl\\\/sunnyplants-nl\"},{\"@type\":\"ListItem\",\"position\":2,\"name\":\"Winkel\",\"item\":\"https:\\\/\\\/www.sunnyplants.com\\\/nl\\\/winkel\"},{\"@type\":\"ListItem\",\"position\":3,\"name\":\"Lithops en Mesems Mest (10 Gram)\"}]},{\"@type\":\"WebSite\",\"@id\":\"https:\\\/\\\/www.sunnyplants.com\\\/nl#website\",\"url\":\"https:\\\/\\\/www.sunnyplants.com\\\/nl\",\"name\":\"Sunnyplants.com\",\"description\":\"Lithops, Conophytums and other Mesembs &amp; Succulents\",\"potentialAction\":[{\"@type\":\"SearchAction\",\"target\":{\"@type\":\"EntryPoint\",\"urlTemplate\":\"https:\\\/\\\/www.sunnyplants.com\\\/nl?s={search_term_string}\"},\"query-input\":{\"@type\":\"PropertyValueSpecification\",\"valueRequired\":true,\"valueName\":\"search_term_string\"}}],\"inLanguage\":\"nl\"}]}<\/script>\n<!-- \/ Yoast SEO plugin. -->","yoast_head_json":{"title":"Lithops en Mesems Mest (10 Gram) - Sunnyplants.com","description":"Dit is een professionele geconcentreerde meststof voor Lithops en andere Mesems. Een verpakking van 10 Gram is voldoende om minimaal 200 liter water te maken met alle essenti\u00eble voedingsstoffen voor Lithops, andere Levende Steentjes en Mesems. Met normale vloeibare Cactus & Succulenten mest kun je meestal veel minder bemest water maken. Gebruik de helft van de concentratie voor zaailingen en jonge planten.","robots":{"index":"index","follow":"follow","max-snippet":"max-snippet:-1","max-image-preview":"max-image-preview:large","max-video-preview":"max-video-preview:-1"},"canonical":"https:\/\/www.sunnyplants.com\/nl\/shop\/lithops-mesems-mest","og_locale":"nl_NL","og_type":"article","og_title":"Lithops en Mesems Mest (10 Gram) - Sunnyplants.com","og_description":"Dit is een professionele geconcentreerde meststof voor Lithops en andere Mesems. Een verpakking van 10 Gram is voldoende om minimaal 200 liter water te maken met alle essenti\u00eble voedingsstoffen voor Lithops, andere Levende Steentjes en Mesems. Met normale vloeibare Cactus & Succulenten mest kun je meestal veel minder bemest water maken. Gebruik de helft van de concentratie voor zaailingen en jonge planten.","og_url":"https:\/\/www.sunnyplants.com\/nl\/shop\/lithops-mesems-mest","og_site_name":"Sunnyplants.com","article_publisher":"https:\/\/nl-nl.facebook.com\/pages\/category\/Internet-Company\/Sunnyplantscom-1835401900058481\/","article_modified_time":"2026-02-14T11:17:47+00:00","og_image":[{"width":2177,"height":2177,"url":"https:\/\/www.sunnyplants.com\/wp-content\/uploads\/fert-2.jpg","type":"image\/jpeg"}],"twitter_card":"summary_large_image","twitter_misc":{"Geschatte leestijd":"1 minute"},"schema":{"@context":"https:\/\/schema.org","@graph":[{"@type":"WebPage","@id":"https:\/\/www.sunnyplants.com\/nl\/shop\/lithops-mesems-mest","url":"https:\/\/www.sunnyplants.com\/nl\/shop\/lithops-mesems-mest","name":"Lithops en Mesems Mest (10 Gram) - Sunnyplants.com","isPartOf":{"@id":"https:\/\/www.sunnyplants.com\/nl#website"},"primaryImageOfPage":{"@id":"https:\/\/www.sunnyplants.com\/nl\/shop\/lithops-mesems-mest#primaryimage"},"image":{"@id":"https:\/\/www.sunnyplants.com\/nl\/shop\/lithops-mesems-mest#primaryimage"},"thumbnailUrl":"https:\/\/www.sunnyplants.com\/wp-content\/uploads\/fert-2.jpg","datePublished":"2023-02-28T08:22:15+00:00","dateModified":"2026-02-14T11:17:47+00:00","description":"Dit is een professionele geconcentreerde meststof voor Lithops en andere Mesems. Een verpakking van 10 Gram is voldoende om minimaal 200 liter water te maken met alle essenti\u00eble voedingsstoffen voor Lithops, andere Levende Steentjes en Mesems. Met normale vloeibare Cactus & Succulenten mest kun je meestal veel minder bemest water maken. Gebruik de helft van de concentratie voor zaailingen en jonge planten.","breadcrumb":{"@id":"https:\/\/www.sunnyplants.com\/nl\/shop\/lithops-mesems-mest#breadcrumb"},"inLanguage":"nl","potentialAction":[{"@type":"ReadAction","target":["https:\/\/www.sunnyplants.com\/nl\/shop\/lithops-mesems-mest"]}]},{"@type":"ImageObject","inLanguage":"nl","@id":"https:\/\/www.sunnyplants.com\/nl\/shop\/lithops-mesems-mest#primaryimage","url":"https:\/\/www.sunnyplants.com\/wp-content\/uploads\/fert-2.jpg","contentUrl":"https:\/\/www.sunnyplants.com\/wp-content\/uploads\/fert-2.jpg","width":2177,"height":2177,"caption":"Lithops en Mesems Mest"},{"@type":"BreadcrumbList","@id":"https:\/\/www.sunnyplants.com\/nl\/shop\/lithops-mesems-mest#breadcrumb","itemListElement":[{"@type":"ListItem","position":1,"name":"Home","item":"https:\/\/www.sunnyplants.com\/nl\/sunnyplants-nl"},{"@type":"ListItem","position":2,"name":"Winkel","item":"https:\/\/www.sunnyplants.com\/nl\/winkel"},{"@type":"ListItem","position":3,"name":"Lithops en Mesems Mest (10 Gram)"}]},{"@type":"WebSite","@id":"https:\/\/www.sunnyplants.com\/nl#website","url":"https:\/\/www.sunnyplants.com\/nl","name":"Sunnyplants.com","description":"Lithops, Conophytums and other Mesembs &amp; Succulents","potentialAction":[{"@type":"SearchAction","target":{"@type":"EntryPoint","urlTemplate":"https:\/\/www.sunnyplants.com\/nl?s={search_term_string}"},"query-input":{"@type":"PropertyValueSpecification","valueRequired":true,"valueName":"search_term_string"}}],"inLanguage":"nl"}]}},"jetpack_sharing_enabled":true,"_links":{"self":[{"href":"https:\/\/www.sunnyplants.com\/nl\/wp-json\/wp\/v2\/product\/43947","targetHints":{"allow":["GET"]}}],"collection":[{"href":"https:\/\/www.sunnyplants.com\/nl\/wp-json\/wp\/v2\/product"}],"about":[{"href":"https:\/\/www.sunnyplants.com\/nl\/wp-json\/wp\/v2\/types\/product"}],"replies":[{"embeddable":true,"href":"https:\/\/www.sunnyplants.com\/nl\/wp-json\/wp\/v2\/comments?post=43947"}],"wp:featuredmedia":[{"embeddable":true,"href":"https:\/\/www.sunnyplants.com\/nl\/wp-json\/wp\/v2\/media\/43949"}],"wp:attachment":[{"href":"https:\/\/www.sunnyplants.com\/nl\/wp-json\/wp\/v2\/media?parent=43947"}],"wp:term":[{"taxonomy":"product_brand","embeddable":true,"href":"https:\/\/www.sunnyplants.com\/nl\/wp-json\/wp\/v2\/product_brand?post=43947"},{"taxonomy":"product_cat","embeddable":true,"href":"https:\/\/www.sunnyplants.com\/nl\/wp-json\/wp\/v2\/product_cat?post=43947"},{"taxonomy":"product_tag","embeddable":true,"href":"https:\/\/www.sunnyplants.com\/nl\/wp-json\/wp\/v2\/product_tag?post=43947"}],"curies":[{"name":"wp","href":"https:\/\/api.w.org\/{rel}","templated":true}]}}